{"id":3121,"date":"2026-05-05T03:17:48","date_gmt":"2026-05-05T03:17:48","guid":{"rendered":"https:\/\/www.zkprintpack.com\/?post_type=product&#038;p=3121"},"modified":"2026-05-05T03:17:50","modified_gmt":"2026-05-05T03:17:50","slug":"custom-milk-packaging-pouch-wholesale","status":"publish","type":"product","link":"https:\/\/www.zkprintpack.com\/fr\/product\/custom-milk-packaging-pouch-wholesale\/","title":{"rendered":"Fourniture de pochettes d'emballage de lait sur mesure - Vente en gros de pochettes \u00e0 bec pour produits laitiers"},"content":{"rendered":"<div class=\"wp-block-columns is-layout-flex wp-container-core-columns-is-layout-9d6595d7 wp-block-columns-is-layout-flex\">\n<div class=\"wp-block-column is-layout-flow wp-block-column-is-layout-flow\">\n<h2 class=\"wp-block-heading\">Caract\u00e9ristiques du sachet d'emballage de lait personnalis\u00e9<\/h2>\n\n\n\n<ul class=\"wp-block-list\">\n<li><strong>Technologie de bec hygi\u00e9nique :<\/strong> Chaque sachet est dot\u00e9 d'un bec de haute qualit\u00e9 \u00e0 fermeture s\u00e9curis\u00e9e qui emp\u00eache les fuites et la contamination, garantissant ainsi la fra\u00eecheur et la s\u00e9curit\u00e9 de vos produits laitiers pour l'utilisateur final.<\/li>\n\n\n\n<li><strong>Pr\u00e9sentation stable du commerce de d\u00e9tail :<\/strong> Le design \"stand-up\" permet aux sachets de se tenir fermement sur les \u00e9tag\u00e8res, maximisant la visibilit\u00e9 de la marque et cr\u00e9ant une esth\u00e9tique propre et moderne pour la pr\u00e9sentation au d\u00e9tail.<\/li>\n\n\n\n<li><strong>Mat\u00e9riaux barri\u00e8res de premi\u00e8re qualit\u00e9 :<\/strong> Fabriqu\u00e9s \u00e0 partir de films lamin\u00e9s multicouches de qualit\u00e9 alimentaire, ils constituent une excellente barri\u00e8re contre l'humidit\u00e9 et l'oxyg\u00e8ne, prolongeant ainsi efficacement la dur\u00e9e de conservation de vos produits laitiers.<\/li>\n\n\n\n<li><strong>Personnalisation OEM\/ODM \u00e9tendue :<\/strong> Nous offrons un contr\u00f4le total sur votre marque, y compris des conceptions d'impression personnalis\u00e9es, des tailles de sachets vari\u00e9es et des structures de film sp\u00e9cialis\u00e9es pour r\u00e9pondre aux exigences uniques de votre produit.<\/li>\n<\/ul>\n<\/div>\n\n\n\n<div class=\"wp-block-column is-layout-flow wp-block-column-is-layout-flow\">\n<figure class=\"wp-block-image size-full\"><img decoding=\"async\" width=\"800\" height=\"800\" src=\"https:\/\/www.zkprintpack.com\/wp-content\/uploads\/2026\/04\/custom-milk-packaging-pouch-wholesale.webp\" alt=\"sachet d&#039;emballage de lait personnalis\u00e9 en gros\" class=\"wp-image-3122\" srcset=\"https:\/\/www.zkprintpack.com\/wp-content\/uploads\/2026\/04\/custom-milk-packaging-pouch-wholesale.webp 800w, https:\/\/www.zkprintpack.com\/wp-content\/uploads\/2026\/04\/custom-milk-packaging-pouch-wholesale-150x150.webp 150w, https:\/\/www.zkprintpack.com\/wp-content\/uploads\/2026\/04\/custom-milk-packaging-pouch-wholesale-768x768.webp 768w, https:\/\/www.zkprintpack.com\/wp-content\/uploads\/2026\/04\/custom-milk-packaging-pouch-wholesale-12x12.webp 12w, https:\/\/www.zkprintpack.com\/wp-content\/uploads\/2026\/04\/custom-milk-packaging-pouch-wholesale-600x600.webp 600w, https:\/\/www.zkprintpack.com\/wp-content\/uploads\/2026\/04\/custom-milk-packaging-pouch-wholesale-300x300.webp 300w, https:\/\/www.zkprintpack.com\/wp-content\/uploads\/2026\/04\/custom-milk-packaging-pouch-wholesale-100x100.webp 100w\" sizes=\"(max-width: 800px) 100vw, 800px\" \/><\/figure>\n<\/div>\n<\/div>\n\n\n\n<p><\/p>","protected":false},"excerpt":{"rendered":"<p>Moderniser les produits laitiers gr\u00e2ce \u00e0 notre sachet d'emballage de lait sur mesure qui concilie s\u00e9curit\u00e9, dur\u00e9e de conservation et commodit\u00e9 pour le consommateur. Nos sachets \u00e0 bec personnalis\u00e9s sont con\u00e7us sp\u00e9cifiquement pour les applications laiti\u00e8res liquides, offrant une alternative fiable et moderne aux bouteilles rigides ou aux cartons traditionnels. Obtenez des \u00e9chantillons gratuits et des devis \u00e0 un prix d'usine.<\/p>\n<h2>Param\u00e8tres du sachet d'emballage de lait sur mesure<\/h2>\n<ul>\n<li><strong>Mat\u00e9riau :<\/strong>\u00a0PET\/PE, PET\/NY\/PE, PET\/AL\/NY\/PE, etc.<\/li>\n<li><strong>Type de sac<\/strong>: <a href=\"https:\/\/www.zkprintpack.com\/fr\/custom-spout-pouch\/\"><strong>Pochette \u00e0 bec<\/strong><\/a><\/li>\n<li><strong>Taille<\/strong>: Sur mesure<\/li>\n<li><strong>Commande personnalis\u00e9e<\/strong>: Acceptation des OEM et ODM<\/li>\n<li><strong>\u00c9chantillon gratuit<\/strong>: Support<\/li>\n<li><strong>Utilisation<\/strong>: Lait, jus et autres<\/li>\n<li><strong>Couleur<\/strong>: Peut \u00eatre personnalis\u00e9<\/li>\n<li><strong>March\u00e9s cibles<\/strong>: Partout dans le monde<\/li>\n<\/ul>","protected":false},"featured_media":3122,"comment_status":"closed","ping_status":"closed","template":"","meta":{"_acf_changed":false},"market":[],"product_brand":[],"product_cat":[56],"product_tag":[],"class_list":{"0":"post-3121","1":"product","2":"type-product","3":"status-publish","4":"has-post-thumbnail","6":"product_cat-custom-spout-pouches-supplier","8":"first","9":"instock","10":"shipping-taxable","11":"product-type-simple"},"acf":[],"_links":{"self":[{"href":"https:\/\/www.zkprintpack.com\/fr\/wp-json\/wp\/v2\/product\/3121","targetHints":{"allow":["GET"]}}],"collection":[{"href":"https:\/\/www.zkprintpack.com\/fr\/wp-json\/wp\/v2\/product"}],"about":[{"href":"https:\/\/www.zkprintpack.com\/fr\/wp-json\/wp\/v2\/types\/product"}],"replies":[{"embeddable":true,"href":"https:\/\/www.zkprintpack.com\/fr\/wp-json\/wp\/v2\/comments?post=3121"}],"wp:featuredmedia":[{"embeddable":true,"href":"https:\/\/www.zkprintpack.com\/fr\/wp-json\/wp\/v2\/media\/3122"}],"wp:attachment":[{"href":"https:\/\/www.zkprintpack.com\/fr\/wp-json\/wp\/v2\/media?parent=3121"}],"wp:term":[{"taxonomy":"market","embeddable":true,"href":"https:\/\/www.zkprintpack.com\/fr\/wp-json\/wp\/v2\/market?post=3121"},{"taxonomy":"product_brand","embeddable":true,"href":"https:\/\/www.zkprintpack.com\/fr\/wp-json\/wp\/v2\/product_brand?post=3121"},{"taxonomy":"product_cat","embeddable":true,"href":"https:\/\/www.zkprintpack.com\/fr\/wp-json\/wp\/v2\/product_cat?post=3121"},{"taxonomy":"product_tag","embeddable":true,"href":"https:\/\/www.zkprintpack.com\/fr\/wp-json\/wp\/v2\/product_tag?post=3121"}],"curies":[{"name":"wp","href":"https:\/\/api.w.org\/{rel}","templated":true}]}}