{"id":3072,"date":"2026-04-23T08:02:57","date_gmt":"2026-04-23T08:02:57","guid":{"rendered":"https:\/\/www.zkprintpack.com\/?post_type=product&#038;p=3072"},"modified":"2026-04-23T08:09:55","modified_gmt":"2026-04-23T08:09:55","slug":"custom-back-seal-bag-for-noodles","status":"publish","type":"product","link":"https:\/\/www.zkprintpack.com\/fr\/product\/custom-back-seal-bag-for-noodles\/","title":{"rendered":"Sac \u00e0 dos imprim\u00e9 personnalis\u00e9 pour nouilles, fournisseur de sacs d'emballage alimentaire"},"content":{"rendered":"<div class=\"wp-block-columns is-layout-flex wp-container-core-columns-is-layout-9d6595d7 wp-block-columns-is-layout-flex\">\n<div class=\"wp-block-column is-layout-flow wp-block-column-is-layout-flow\">\n<h2 class=\"wp-block-heading\">Sac \u00e0 fermeture arri\u00e8re personnalis\u00e9 pour nouilles Caract\u00e9ristiques :<\/h2>\n\n\n\n<ul class=\"wp-block-list\">\n<li><strong>Solution d'emballage rentable et efficace<\/strong><br>Notre <strong>sac \u00e0 fermeture arri\u00e8re personnalis\u00e9 pour nouilles<\/strong> est con\u00e7u avec une structure de joint centrale-arri\u00e8re simple, r\u00e9duisant l'utilisation de mat\u00e9riaux tout en maintenant une forte performance d'\u00e9tanch\u00e9it\u00e9 - id\u00e9al pour la production en grande quantit\u00e9 et le contr\u00f4le des co\u00fbts. <\/li>\n\n\n\n<li><strong>Parfait pour l'emballage automatique \u00e0 grande vitesse<\/strong><br>Con\u00e7u pour fonctionner en douceur sur les machines de formage-remplissage-scellage verticales (VFFS), cette <strong>sac \u00e0 fermeture arri\u00e8re personnalis\u00e9 pour nouilles<\/strong> garantit une alimentation stable, un scellement pr\u00e9cis et une efficacit\u00e9 accrue de l'emballage. <\/li>\n\n\n\n<li><strong>Une barri\u00e8re de protection solide pour la fra\u00eecheur<\/strong><br>Les films lamin\u00e9s multicouches offrent une excellente r\u00e9sistance \u00e0 l'humidit\u00e9, \u00e0 l'oxyg\u00e8ne et aux graisses, ce qui permet de pr\u00e9server la qualit\u00e9, la saveur et la dur\u00e9e de conservation des nouilles. <\/li>\n\n\n\n<li><strong>Impression personnalis\u00e9e de haute qualit\u00e9<\/strong><br>L'impression en h\u00e9liogravure avanc\u00e9e permet d'obtenir des couleurs vives et des graphiques nets, ce qui permet \u00e0 votre marque de se d\u00e9marquer dans les rayons des magasins et d'attirer davantage de consommateurs. <\/li>\n\n\n\n<li><strong>\u00c9tanch\u00e9it\u00e9 et durabilit\u00e9 fiables<\/strong><br>La conception du joint arri\u00e8re assure une fermeture \u00e9tanche, r\u00e9duisant le risque de fuite, de contamination ou de dommage pendant le stockage et le transport. <\/li>\n\n\n\n<li><strong>Options de mat\u00e9riaux flexibles<\/strong><br>Disponibles dans diff\u00e9rentes structures mat\u00e9rielles telles que BOPP\/CPP, PET\/PE, PET\/AL\/PE, adapt\u00e9es aux diff\u00e9rents besoins en mati\u00e8re d'emballage et aux caract\u00e9ristiques des produits. <\/li>\n\n\n\n<li><strong>Dimensions et \u00e9paisseurs sur mesure<\/strong><br>Dimensions et \u00e9paisseur du film enti\u00e8rement personnalisables pour s'adapter aux diff\u00e9rents types de nouilles, y compris les nouilles instantan\u00e9es, les nouilles s\u00e8ches et les nouilles \u00e0 grignoter. <\/li>\n\n\n\n<li><strong>Qualit\u00e9 alimentaire et norme d'exportation<\/strong><br>Fabriqu\u00e9s avec des mat\u00e9riaux certifi\u00e9s s\u00fbrs pour les aliments, conformes aux normes internationales d'emballage pour les march\u00e9s mondiaux.<\/li>\n<\/ul>\n<\/div>\n\n\n\n<div class=\"wp-block-column is-layout-flow wp-block-column-is-layout-flow\">\n<figure class=\"wp-block-image size-full\"><img decoding=\"async\" width=\"800\" height=\"800\" src=\"https:\/\/www.zkprintpack.com\/wp-content\/uploads\/2026\/04\/Custom-Back-Seal-Bag-for-Noodles.webp\" alt=\"Sac \u00e0 sceller arri\u00e8re personnalis\u00e9 pour nouilles\" class=\"wp-image-3071\" srcset=\"https:\/\/www.zkprintpack.com\/wp-content\/uploads\/2026\/04\/Custom-Back-Seal-Bag-for-Noodles.webp 800w, https:\/\/www.zkprintpack.com\/wp-content\/uploads\/2026\/04\/Custom-Back-Seal-Bag-for-Noodles-150x150.webp 150w, https:\/\/www.zkprintpack.com\/wp-content\/uploads\/2026\/04\/Custom-Back-Seal-Bag-for-Noodles-768x768.webp 768w, https:\/\/www.zkprintpack.com\/wp-content\/uploads\/2026\/04\/Custom-Back-Seal-Bag-for-Noodles-12x12.webp 12w, https:\/\/www.zkprintpack.com\/wp-content\/uploads\/2026\/04\/Custom-Back-Seal-Bag-for-Noodles-600x600.webp 600w, https:\/\/www.zkprintpack.com\/wp-content\/uploads\/2026\/04\/Custom-Back-Seal-Bag-for-Noodles-300x300.webp 300w, https:\/\/www.zkprintpack.com\/wp-content\/uploads\/2026\/04\/Custom-Back-Seal-Bag-for-Noodles-100x100.webp 100w\" sizes=\"(max-width: 800px) 100vw, 800px\" \/><\/figure>\n<\/div>\n<\/div>\n\n\n\n<p><\/p>","protected":false},"excerpt":{"rendered":"<p>Sachet de nouilles \u00e0 soudure arri\u00e8re personnalis\u00e9 en gros avec une forte soudure et une compatibilit\u00e9 avec les machines \u00e0 grande vitesse. Mat\u00e9riaux de qualit\u00e9 alimentaire, impression personnalis\u00e9e et fourniture directe \u00e0 l'usine. Demandez un devis maintenant !<\/p>\n<h2>Sac \u00e0 fermeture arri\u00e8re pour nouilles Param\u00e8tres :<\/h2>\n<ul>\n<li><strong>Fabricant :\u00a0<a href=\"https:\/\/www.zkprintpack.com\/fr\/\">Zhongjia Packaging<\/a><\/strong><\/li>\n<li><strong>Mat\u00e9riau :<\/strong> PET\/PE, PET\/NY\/PE, etc.<\/li>\n<li><strong>Type de sac<\/strong>: Sac \u00e0 sceller au dos<\/li>\n<li><strong>Taille<\/strong>: Sur mesure<\/li>\n<li><strong>Commande personnalis\u00e9e<\/strong>: Acceptation des OEM et ODM<\/li>\n<li><strong>\u00c9chantillon gratuit<\/strong>: Support<\/li>\n<li><strong>Utilisation<\/strong>: Produits laitiers, produits en poudre, snacks, etc.<\/li>\n<li><strong>Manipulation de surface<\/strong>: Impression en h\u00e9liogravure<\/li>\n<li><strong>Couleur<\/strong>: Peut \u00eatre personnalis\u00e9<\/li>\n<li><strong>March\u00e9s cibles<\/strong>: Partout dans le monde<\/li>\n<\/ul>","protected":false},"featured_media":3071,"comment_status":"closed","ping_status":"closed","template":"","meta":{"_acf_changed":false},"market":[],"product_brand":[],"product_cat":[54],"product_tag":[],"class_list":{"0":"post-3072","1":"product","2":"type-product","3":"status-publish","4":"has-post-thumbnail","6":"product_cat-quad-seal-pouch-supplier","8":"first","9":"instock","10":"shipping-taxable","11":"product-type-simple"},"acf":[],"_links":{"self":[{"href":"https:\/\/www.zkprintpack.com\/fr\/wp-json\/wp\/v2\/product\/3072","targetHints":{"allow":["GET"]}}],"collection":[{"href":"https:\/\/www.zkprintpack.com\/fr\/wp-json\/wp\/v2\/product"}],"about":[{"href":"https:\/\/www.zkprintpack.com\/fr\/wp-json\/wp\/v2\/types\/product"}],"replies":[{"embeddable":true,"href":"https:\/\/www.zkprintpack.com\/fr\/wp-json\/wp\/v2\/comments?post=3072"}],"wp:featuredmedia":[{"embeddable":true,"href":"https:\/\/www.zkprintpack.com\/fr\/wp-json\/wp\/v2\/media\/3071"}],"wp:attachment":[{"href":"https:\/\/www.zkprintpack.com\/fr\/wp-json\/wp\/v2\/media?parent=3072"}],"wp:term":[{"taxonomy":"market","embeddable":true,"href":"https:\/\/www.zkprintpack.com\/fr\/wp-json\/wp\/v2\/market?post=3072"},{"taxonomy":"product_brand","embeddable":true,"href":"https:\/\/www.zkprintpack.com\/fr\/wp-json\/wp\/v2\/product_brand?post=3072"},{"taxonomy":"product_cat","embeddable":true,"href":"https:\/\/www.zkprintpack.com\/fr\/wp-json\/wp\/v2\/product_cat?post=3072"},{"taxonomy":"product_tag","embeddable":true,"href":"https:\/\/www.zkprintpack.com\/fr\/wp-json\/wp\/v2\/product_tag?post=3072"}],"curies":[{"name":"wp","href":"https:\/\/api.w.org\/{rel}","templated":true}]}}