{"id":3068,"date":"2026-04-23T07:28:22","date_gmt":"2026-04-23T07:28:22","guid":{"rendered":"https:\/\/www.zkprintpack.com\/?post_type=product&#038;p=3068"},"modified":"2026-04-23T08:02:45","modified_gmt":"2026-04-23T08:02:45","slug":"custom-printed-gusset-pouch-packaging","status":"publish","type":"product","link":"https:\/\/www.zkprintpack.com\/fr\/product\/custom-printed-gusset-pouch-packaging\/","title":{"rendered":"Pochette \u00e0 soufflet imprim\u00e9e sur mesure pour l'emballage de nouilles, fabricant de sacs souples alimentaires"},"content":{"rendered":"<div class=\"wp-block-columns is-layout-flex wp-container-core-columns-is-layout-9d6595d7 wp-block-columns-is-layout-flex\">\n<div class=\"wp-block-column is-layout-flow wp-block-column-is-layout-flow\">\n<h2 class=\"wp-block-heading\">Pochette \u00e0 soufflet imprim\u00e9e sur mesure Caract\u00e9ristiques :<\/h2>\n\n\n\n<ul class=\"wp-block-list\">\n<li><strong>Une meilleure pr\u00e9sence en rayon gr\u00e2ce \u00e0 un marquage personnalis\u00e9<\/strong><br>Notre <strong>pochette \u00e0 soufflet imprim\u00e9e sur mesure<\/strong> offre un attrait visuel \u00e0 fort impact gr\u00e2ce \u00e0 une impression en h\u00e9liogravure avanc\u00e9e, permettant \u00e0 vos produits de nouilles de se d\u00e9marquer par des couleurs vives et des d\u00e9tails pr\u00e9cis.<\/li>\n\n\n\n<li><strong>Soufflet extensible pour plus de capacit\u00e9<\/strong><br>La structure du soufflet lat\u00e9ral s'agrandit pour accueillir des volumes plus importants, ce qui fait de ce produit un outil de travail efficace. <strong>pochette \u00e0 soufflet imprim\u00e9e sur mesure<\/strong> Id\u00e9al pour emballer efficacement les nouilles instantan\u00e9es, les nouilles s\u00e9ch\u00e9es et les produits alimentaires en vrac.<\/li>\n\n\n\n<li><strong>Excellente performance en mati\u00e8re de barri\u00e8re<\/strong><br>Les mat\u00e9riaux lamin\u00e9s multicouches offrent une protection solide contre l'humidit\u00e9, l'oxyg\u00e8ne et la lumi\u00e8re, garantissant une dur\u00e9e de conservation prolong\u00e9e et pr\u00e9servant la fra\u00eecheur du produit.<\/li>\n\n\n\n<li><strong>Structure durable et r\u00e9sistante \u00e0 la d\u00e9chirure<\/strong><br>Con\u00e7ue pour \u00eatre solide, la pochette offre une grande r\u00e9sistance \u00e0 la perforation et une fermeture fiable, \u00e9vitant les fuites ou les dommages pendant le stockage et le transport.<\/li>\n\n\n\n<li><strong>Compatible avec les lignes de remplissage automatique<\/strong><br>Con\u00e7us pour \u00eatre efficaces, ces sachets peuvent \u00eatre int\u00e9gr\u00e9s \u00e0 des machines d'emballage automatiques ou semi-automatiques, ce qui permet d'am\u00e9liorer la vitesse de production et de r\u00e9duire les co\u00fbts de main-d'\u0153uvre.<\/li>\n\n\n\n<li><strong>Mat\u00e9riaux et tailles personnalisables<\/strong><br>Choisissez parmi diverses combinaisons de mat\u00e9riaux (BOPP\/CPP, PET\/PE, PET\/AL\/PE, etc.) et de tailles adapt\u00e9es \u00e0 vos produits sp\u00e9cifiques et aux exigences du march\u00e9.<\/li>\n\n\n\n<li><strong>Fonctionnalit\u00e9s optionnelles<\/strong><br>Ajoutez de la valeur avec des options conviviales telles que des fermetures \u00e0 glissi\u00e8re refermables, des encoches de d\u00e9chirement, des trous en euro et des fen\u00eatres transparentes pour am\u00e9liorer la commodit\u00e9 du consommateur.<\/li>\n\n\n\n<li><strong>Qualit\u00e9 alimentaire et certifi\u00e9e<\/strong><br>Fabriqu\u00e9s avec des mat\u00e9riaux s\u00fbrs et de qualit\u00e9 alimentaire conformes aux normes internationales, ils conviennent au contact direct avec les aliments et aux march\u00e9s d'exportation mondiaux.<\/li>\n<\/ul>\n<\/div>\n\n\n\n<div class=\"wp-block-column is-layout-flow wp-block-column-is-layout-flow\">\n<figure class=\"wp-block-image size-full\"><img decoding=\"async\" width=\"800\" height=\"800\" src=\"https:\/\/www.zkprintpack.com\/wp-content\/uploads\/2026\/04\/Custom-Printed-Gusset-Pouch-for-Noodles-Packaging.webp\" alt=\"Pochette \u00e0 soufflet imprim\u00e9e sur mesure pour l&#039;emballage des nouilles\" class=\"wp-image-3069\" srcset=\"https:\/\/www.zkprintpack.com\/wp-content\/uploads\/2026\/04\/Custom-Printed-Gusset-Pouch-for-Noodles-Packaging.webp 800w, https:\/\/www.zkprintpack.com\/wp-content\/uploads\/2026\/04\/Custom-Printed-Gusset-Pouch-for-Noodles-Packaging-150x150.webp 150w, https:\/\/www.zkprintpack.com\/wp-content\/uploads\/2026\/04\/Custom-Printed-Gusset-Pouch-for-Noodles-Packaging-768x768.webp 768w, https:\/\/www.zkprintpack.com\/wp-content\/uploads\/2026\/04\/Custom-Printed-Gusset-Pouch-for-Noodles-Packaging-12x12.webp 12w, https:\/\/www.zkprintpack.com\/wp-content\/uploads\/2026\/04\/Custom-Printed-Gusset-Pouch-for-Noodles-Packaging-600x600.webp 600w, https:\/\/www.zkprintpack.com\/wp-content\/uploads\/2026\/04\/Custom-Printed-Gusset-Pouch-for-Noodles-Packaging-300x300.webp 300w, https:\/\/www.zkprintpack.com\/wp-content\/uploads\/2026\/04\/Custom-Printed-Gusset-Pouch-for-Noodles-Packaging-100x100.webp 100w\" sizes=\"(max-width: 800px) 100vw, 800px\" \/><\/figure>\n<\/div>\n<\/div>\n\n\n\n<p><\/p>","protected":false},"excerpt":{"rendered":"<p>Pochette \u00e0 soufflet imprim\u00e9e personnalis\u00e9e de haute qualit\u00e9 pour l'emballage des nouilles. Extensible, durable et de qualit\u00e9 alimentaire avec des options d'impression personnalis\u00e9es - fabricant d'emballages flexibles de confiance. Demandez un devis d\u00e8s aujourd'hui !<\/p>\n<h2>Pochette \u00e0 soufflet imprim\u00e9e sur mesure Param\u00e8tres :<\/h2>\n<ul>\n<li><strong>Fabricant :\u00a0<a href=\"https:\/\/www.zkprintpack.com\/fr\/\">Zhongjia Packaging<\/a><\/strong><\/li>\n<li><strong>Mat\u00e9riau :<\/strong> PET\/PE, PET\/NY\/PE, etc.<\/li>\n<li><strong>Type de sac<\/strong>: \u00a0<a href=\"https:\/\/www.zkprintpack.com\/fr\/custom-gusset-pouch-manufacturer\/\"><strong>Pochette Guesst<\/strong><\/a><\/li>\n<li><strong>Taille<\/strong>: Sur mesure<\/li>\n<li><strong>Commande personnalis\u00e9e<\/strong>: Acceptation des OEM et ODM<\/li>\n<li><strong>\u00c9chantillon gratuit<\/strong>: Support<\/li>\n<li><strong>Utilisation<\/strong>: Produits laitiers, produits en poudre, snacks, etc.<\/li>\n<li><strong>Manipulation de surface<\/strong>: Impression en h\u00e9liogravure<\/li>\n<li><strong>Couleur<\/strong>: Peut \u00eatre personnalis\u00e9<\/li>\n<li><strong>March\u00e9s cibles<\/strong>: Partout dans le monde<\/li>\n<\/ul>","protected":false},"featured_media":3069,"comment_status":"closed","ping_status":"closed","template":"","meta":{"_acf_changed":false},"market":[61],"product_brand":[],"product_cat":[54],"product_tag":[],"class_list":{"0":"post-3068","1":"product","2":"type-product","3":"status-publish","4":"has-post-thumbnail","6":"market-snack-packaging-supplier","7":"product_cat-quad-seal-pouch-supplier","9":"first","10":"instock","11":"shipping-taxable","12":"product-type-simple"},"acf":[],"_links":{"self":[{"href":"https:\/\/www.zkprintpack.com\/fr\/wp-json\/wp\/v2\/product\/3068","targetHints":{"allow":["GET"]}}],"collection":[{"href":"https:\/\/www.zkprintpack.com\/fr\/wp-json\/wp\/v2\/product"}],"about":[{"href":"https:\/\/www.zkprintpack.com\/fr\/wp-json\/wp\/v2\/types\/product"}],"replies":[{"embeddable":true,"href":"https:\/\/www.zkprintpack.com\/fr\/wp-json\/wp\/v2\/comments?post=3068"}],"wp:featuredmedia":[{"embeddable":true,"href":"https:\/\/www.zkprintpack.com\/fr\/wp-json\/wp\/v2\/media\/3069"}],"wp:attachment":[{"href":"https:\/\/www.zkprintpack.com\/fr\/wp-json\/wp\/v2\/media?parent=3068"}],"wp:term":[{"taxonomy":"market","embeddable":true,"href":"https:\/\/www.zkprintpack.com\/fr\/wp-json\/wp\/v2\/market?post=3068"},{"taxonomy":"product_brand","embeddable":true,"href":"https:\/\/www.zkprintpack.com\/fr\/wp-json\/wp\/v2\/product_brand?post=3068"},{"taxonomy":"product_cat","embeddable":true,"href":"https:\/\/www.zkprintpack.com\/fr\/wp-json\/wp\/v2\/product_cat?post=3068"},{"taxonomy":"product_tag","embeddable":true,"href":"https:\/\/www.zkprintpack.com\/fr\/wp-json\/wp\/v2\/product_tag?post=3068"}],"curies":[{"name":"wp","href":"https:\/\/api.w.org\/{rel}","templated":true}]}}