{"id":3059,"date":"2026-04-23T06:12:31","date_gmt":"2026-04-23T06:12:31","guid":{"rendered":"https:\/\/www.zkprintpack.com\/?post_type=product&#038;p=3059"},"modified":"2026-04-23T06:12:33","modified_gmt":"2026-04-23T06:12:33","slug":"custom-laundry-detergent-pouch-supply","status":"publish","type":"product","link":"https:\/\/www.zkprintpack.com\/fr\/product\/custom-laundry-detergent-pouch-supply\/","title":{"rendered":"Pochette de d\u00e9tergent \u00e0 lessive pour b\u00e9b\u00e9 personnalis\u00e9e, vente en gros de sacs \u00e0 dos"},"content":{"rendered":"<div class=\"wp-block-columns is-layout-flex wp-container-core-columns-is-layout-9d6595d7 wp-block-columns-is-layout-flex\">\n<div class=\"wp-block-column is-layout-flow wp-block-column-is-layout-flow\">\n<h2 class=\"wp-block-heading\">Caract\u00e9ristiques du sachet de lessive personnalis\u00e9<\/h2>\n\n\n\n<ul class=\"wp-block-list\">\n<li><strong>Autonome Stabilit\u00e9 :<\/strong> Le soufflet de fond renforc\u00e9 assure une meilleure pr\u00e9sence en rayon, permettant \u00e0 la pochette de se tenir debout de mani\u00e8re ind\u00e9pendante pour une visibilit\u00e9 maximale dans le commerce de d\u00e9tail.<\/li>\n\n\n\n<li><strong>Ing\u00e9nierie anti-fuite :<\/strong> Con\u00e7us pour des applications liquides, ces sachets sont dot\u00e9s de joints d'\u00e9tanch\u00e9it\u00e9 de haute int\u00e9grit\u00e9 qui emp\u00eachent les fuites et garantissent le transport en toute s\u00e9curit\u00e9 des produits de d\u00e9tergence pour le linge.<\/li>\n\n\n\n<li><strong>Personnalisation de la marque Premium :<\/strong> En tant que fabricant direct, nous proposons des services OEM\/ODM complets pour les sachets de d\u00e9tergent \u00e0 lessive, ce qui vous permet d'adapter la conception, la taille et la composition des mat\u00e9riaux pour r\u00e9pondre \u00e0 vos exigences sp\u00e9cifiques en mati\u00e8re de marquage de la vente en gros.<\/li>\n\n\n\n<li><strong>Profil de stockage efficace :<\/strong> Par rapport aux bouteilles rigides traditionnelles, nos sachets tiennent tr\u00e8s peu de place, ce qui r\u00e9duit consid\u00e9rablement les co\u00fbts de logistique et de stockage pour la distribution en vrac.<\/li>\n<\/ul>\n<\/div>\n\n\n\n<div class=\"wp-block-column is-layout-flow wp-block-column-is-layout-flow\">\n<figure class=\"wp-block-image size-full\"><img decoding=\"async\" width=\"800\" height=\"800\" src=\"https:\/\/www.zkprintpack.com\/wp-content\/uploads\/2026\/04\/Custom-Laundry-Detergent-Pouch-Stand-Up-Bag-Packaging.webp\" alt=\"Emballage personnalis\u00e9 de sachets de d\u00e9tergent pour la lessive\" class=\"wp-image-3060\" srcset=\"https:\/\/www.zkprintpack.com\/wp-content\/uploads\/2026\/04\/Custom-Laundry-Detergent-Pouch-Stand-Up-Bag-Packaging.webp 800w, https:\/\/www.zkprintpack.com\/wp-content\/uploads\/2026\/04\/Custom-Laundry-Detergent-Pouch-Stand-Up-Bag-Packaging-150x150.webp 150w, https:\/\/www.zkprintpack.com\/wp-content\/uploads\/2026\/04\/Custom-Laundry-Detergent-Pouch-Stand-Up-Bag-Packaging-768x768.webp 768w, https:\/\/www.zkprintpack.com\/wp-content\/uploads\/2026\/04\/Custom-Laundry-Detergent-Pouch-Stand-Up-Bag-Packaging-12x12.webp 12w, https:\/\/www.zkprintpack.com\/wp-content\/uploads\/2026\/04\/Custom-Laundry-Detergent-Pouch-Stand-Up-Bag-Packaging-600x600.webp 600w, https:\/\/www.zkprintpack.com\/wp-content\/uploads\/2026\/04\/Custom-Laundry-Detergent-Pouch-Stand-Up-Bag-Packaging-300x300.webp 300w, https:\/\/www.zkprintpack.com\/wp-content\/uploads\/2026\/04\/Custom-Laundry-Detergent-Pouch-Stand-Up-Bag-Packaging-100x100.webp 100w\" sizes=\"(max-width: 800px) 100vw, 800px\" \/><\/figure>\n<\/div>\n<\/div>","protected":false},"excerpt":{"rendered":"<p>Zhongjia Printing propose en gros des sachets de d\u00e9tergent \u00e0 lessive personnalis\u00e9s pour les marques. Con\u00e7us dans un souci d'esth\u00e9tique et d'utilit\u00e9, nos emballages pr\u00e9sentent une finition lisse et mate, parfaite pour un marquage de qualit\u00e9. N'h\u00e9sitez pas \u00e0 nous contacter !<\/p>\n<h2>Param\u00e8tres du sachet de d\u00e9tergent \u00e0 lessive sur mesure<\/h2>\n<ul>\n<li><strong>Fabricant :<\/strong>\u00a0<a href=\"https:\/\/www.zkprintpack.com\/fr\/\">Zhongjia Packaging<\/a><\/li>\n<li><strong>Mat\u00e9riau :<\/strong>\u00a0PET\/PE, PET\/NY\/PE, PET\/AL\/NY\/PE, etc.<\/li>\n<li><strong>Type de sac<\/strong>: <strong>Pochette Stand Up<\/strong><\/li>\n<li><strong>Taille<\/strong>: Sur mesure<\/li>\n<li><strong>Commande personnalis\u00e9e<\/strong>: Acceptation des OEM et ODM<\/li>\n<li><strong>\u00c9chantillon gratuit<\/strong>: Support<\/li>\n<li><strong>Utilisation<\/strong>: D\u00e9tergents, shampooings, liquides de soins personnels et autres<\/li>\n<li><strong>Couleur<\/strong>: Peut \u00eatre personnalis\u00e9<\/li>\n<li><strong>March\u00e9s cibles<\/strong>: Partout dans le monde<\/li>\n<\/ul>","protected":false},"featured_media":3060,"comment_status":"closed","ping_status":"closed","template":"","meta":{"_acf_changed":false},"market":[51],"product_brand":[],"product_cat":[50],"product_tag":[],"class_list":{"0":"post-3059","1":"product","2":"type-product","3":"status-publish","4":"has-post-thumbnail","6":"market-personal-care-and-cosmetic","7":"product_cat-stand-up-pouches-wholesale","9":"first","10":"instock","11":"shipping-taxable","12":"product-type-simple"},"acf":[],"_links":{"self":[{"href":"https:\/\/www.zkprintpack.com\/fr\/wp-json\/wp\/v2\/product\/3059","targetHints":{"allow":["GET"]}}],"collection":[{"href":"https:\/\/www.zkprintpack.com\/fr\/wp-json\/wp\/v2\/product"}],"about":[{"href":"https:\/\/www.zkprintpack.com\/fr\/wp-json\/wp\/v2\/types\/product"}],"replies":[{"embeddable":true,"href":"https:\/\/www.zkprintpack.com\/fr\/wp-json\/wp\/v2\/comments?post=3059"}],"wp:featuredmedia":[{"embeddable":true,"href":"https:\/\/www.zkprintpack.com\/fr\/wp-json\/wp\/v2\/media\/3060"}],"wp:attachment":[{"href":"https:\/\/www.zkprintpack.com\/fr\/wp-json\/wp\/v2\/media?parent=3059"}],"wp:term":[{"taxonomy":"market","embeddable":true,"href":"https:\/\/www.zkprintpack.com\/fr\/wp-json\/wp\/v2\/market?post=3059"},{"taxonomy":"product_brand","embeddable":true,"href":"https:\/\/www.zkprintpack.com\/fr\/wp-json\/wp\/v2\/product_brand?post=3059"},{"taxonomy":"product_cat","embeddable":true,"href":"https:\/\/www.zkprintpack.com\/fr\/wp-json\/wp\/v2\/product_cat?post=3059"},{"taxonomy":"product_tag","embeddable":true,"href":"https:\/\/www.zkprintpack.com\/fr\/wp-json\/wp\/v2\/product_tag?post=3059"}],"curies":[{"name":"wp","href":"https:\/\/api.w.org\/{rel}","templated":true}]}}