{"id":3053,"date":"2026-04-23T06:44:22","date_gmt":"2026-04-23T06:44:22","guid":{"rendered":"https:\/\/www.zkprintpack.com\/?post_type=product&#038;p=3053"},"modified":"2026-04-23T06:44:24","modified_gmt":"2026-04-23T06:44:24","slug":"custom-bread-packaging-bag-pouch","status":"publish","type":"product","link":"https:\/\/www.zkprintpack.com\/fr\/product\/custom-bread-packaging-bag-pouch\/","title":{"rendered":"Sac d'emballage de pain sur mesure Stand Up Pouch Supply Factory"},"content":{"rendered":"<div class=\"wp-block-columns is-layout-flex wp-container-core-columns-is-layout-9d6595d7 wp-block-columns-is-layout-flex\">\n<div class=\"wp-block-column is-layout-flow wp-block-column-is-layout-flow\">\n<h2 class=\"wp-block-heading\">Caract\u00e9ristiques du sac d'emballage de pain personnalis\u00e9<\/h2>\n\n\n\n<ul class=\"wp-block-list\">\n<li><strong>Protection Premium Barrier :<\/strong> Fabriqu\u00e9s \u00e0 partir de mat\u00e9riaux alimentaires, ces sachets offrent une barri\u00e8re solide contre l'humidit\u00e9 et l'air, ce qui est essentiel pour maintenir la fra\u00eecheur des produits de boulangerie.<\/li>\n\n\n\n<li><strong>Une image de marque \u00e0 haute d\u00e9finition :<\/strong> Nos capacit\u00e9s d'impression avanc\u00e9es permettent d'obtenir des graphiques personnalis\u00e9s vifs et en haute r\u00e9solution qui communiquent efficacement la qualit\u00e9 de votre marque aux consommateurs.<\/li>\n\n\n\n<li><strong>Personnalisation flexible (OEM\/ODM) :<\/strong> Nous proposons des services OEM\/ODM de bout en bout, y compris des tailles et des compositions de mat\u00e9riaux sur mesure, adapt\u00e9s \u00e0 vos besoins sp\u00e9cifiques de vente en gros.<\/li>\n\n\n\n<li><strong>Efficacit\u00e9 de l'approvisionnement en vrac :<\/strong> En tant que fournisseur exp\u00e9riment\u00e9 d'emballages souples, nous sommes \u00e9quip\u00e9s pour traiter des commandes \u00e0 grande \u00e9chelle avec un contr\u00f4le de qualit\u00e9 coh\u00e9rent et des d\u00e9lais de livraison fiables pour votre r\u00e9seau de distribution.<\/li>\n<\/ul>\n<\/div>\n\n\n\n<div class=\"wp-block-column is-layout-flow wp-block-column-is-layout-flow\">\n<figure class=\"wp-block-image size-full\"><img decoding=\"async\" width=\"800\" height=\"800\" src=\"https:\/\/www.zkprintpack.com\/wp-content\/uploads\/2026\/04\/Custom-Bread-Packaging-Bag-Stand-Up-Pouch-Supplier.webp\" alt=\"Sac d&#039;emballage de pain sur mesure Pochette debout Fournisseur\" class=\"wp-image-3054\" srcset=\"https:\/\/www.zkprintpack.com\/wp-content\/uploads\/2026\/04\/Custom-Bread-Packaging-Bag-Stand-Up-Pouch-Supplier.webp 800w, https:\/\/www.zkprintpack.com\/wp-content\/uploads\/2026\/04\/Custom-Bread-Packaging-Bag-Stand-Up-Pouch-Supplier-150x150.webp 150w, https:\/\/www.zkprintpack.com\/wp-content\/uploads\/2026\/04\/Custom-Bread-Packaging-Bag-Stand-Up-Pouch-Supplier-768x768.webp 768w, https:\/\/www.zkprintpack.com\/wp-content\/uploads\/2026\/04\/Custom-Bread-Packaging-Bag-Stand-Up-Pouch-Supplier-12x12.webp 12w, https:\/\/www.zkprintpack.com\/wp-content\/uploads\/2026\/04\/Custom-Bread-Packaging-Bag-Stand-Up-Pouch-Supplier-600x600.webp 600w, https:\/\/www.zkprintpack.com\/wp-content\/uploads\/2026\/04\/Custom-Bread-Packaging-Bag-Stand-Up-Pouch-Supplier-300x300.webp 300w, https:\/\/www.zkprintpack.com\/wp-content\/uploads\/2026\/04\/Custom-Bread-Packaging-Bag-Stand-Up-Pouch-Supplier-100x100.webp 100w\" sizes=\"(max-width: 800px) 100vw, 800px\" \/><\/figure>\n<\/div>\n<\/div>","protected":false},"excerpt":{"rendered":"<p>Sac d'emballage de pain personnalis\u00e9 en gros. Nos sachets sont fabriqu\u00e9s \u00e0 partir de mat\u00e9riaux s\u00fbrs pour l'alimentation et \u00e0 haute barri\u00e8re qui prot\u00e8gent contre l'humidit\u00e9 et les contaminants environnementaux, ce qui est essentiel pour maintenir la texture et la qualit\u00e9 du pain et des produits de boulangerie. Contactez nous maintenant !<\/p>\n<h2>Param\u00e8tres des sacs d'emballage de pain sur mesure<\/h2>\n<ul>\n<li><strong>Fabricant :<\/strong>\u00a0<a href=\"https:\/\/www.zkprintpack.com\/fr\/\">Zhongjia Packaging<\/a><\/li>\n<li><strong>Mat\u00e9riau :<\/strong>\u00a0PET\/PE, PET\/NY\/PE, PET\/AL\/NY\/PE, etc.<\/li>\n<li><strong>Type de sac<\/strong>: <strong>Pochette Stand Up<\/strong><\/li>\n<li><strong>Taille<\/strong>: Sur mesure<\/li>\n<li><strong>Commande personnalis\u00e9e<\/strong>: Acceptation des OEM et ODM<\/li>\n<li><strong>\u00c9chantillon gratuit<\/strong>: Support<\/li>\n<li><strong>Utilisation<\/strong>: Pain, snacks et autres<\/li>\n<li><strong>Couleur<\/strong>: Peut \u00eatre personnalis\u00e9<\/li>\n<li><strong>March\u00e9s cibles<\/strong>: Partout dans le monde<\/li>\n<\/ul>","protected":false},"featured_media":3054,"comment_status":"closed","ping_status":"closed","template":"","meta":{"_acf_changed":false},"market":[61],"product_brand":[],"product_cat":[50],"product_tag":[],"class_list":{"0":"post-3053","1":"product","2":"type-product","3":"status-publish","4":"has-post-thumbnail","6":"market-snack-packaging-supplier","7":"product_cat-stand-up-pouches-wholesale","9":"first","10":"instock","11":"shipping-taxable","12":"product-type-simple"},"acf":[],"_links":{"self":[{"href":"https:\/\/www.zkprintpack.com\/fr\/wp-json\/wp\/v2\/product\/3053","targetHints":{"allow":["GET"]}}],"collection":[{"href":"https:\/\/www.zkprintpack.com\/fr\/wp-json\/wp\/v2\/product"}],"about":[{"href":"https:\/\/www.zkprintpack.com\/fr\/wp-json\/wp\/v2\/types\/product"}],"replies":[{"embeddable":true,"href":"https:\/\/www.zkprintpack.com\/fr\/wp-json\/wp\/v2\/comments?post=3053"}],"wp:featuredmedia":[{"embeddable":true,"href":"https:\/\/www.zkprintpack.com\/fr\/wp-json\/wp\/v2\/media\/3054"}],"wp:attachment":[{"href":"https:\/\/www.zkprintpack.com\/fr\/wp-json\/wp\/v2\/media?parent=3053"}],"wp:term":[{"taxonomy":"market","embeddable":true,"href":"https:\/\/www.zkprintpack.com\/fr\/wp-json\/wp\/v2\/market?post=3053"},{"taxonomy":"product_brand","embeddable":true,"href":"https:\/\/www.zkprintpack.com\/fr\/wp-json\/wp\/v2\/product_brand?post=3053"},{"taxonomy":"product_cat","embeddable":true,"href":"https:\/\/www.zkprintpack.com\/fr\/wp-json\/wp\/v2\/product_cat?post=3053"},{"taxonomy":"product_tag","embeddable":true,"href":"https:\/\/www.zkprintpack.com\/fr\/wp-json\/wp\/v2\/product_tag?post=3053"}],"curies":[{"name":"wp","href":"https:\/\/api.w.org\/{rel}","templated":true}]}}