{"id":3046,"date":"2026-04-23T06:48:08","date_gmt":"2026-04-23T06:48:08","guid":{"rendered":"https:\/\/www.zkprintpack.com\/?post_type=product&#038;p=3046"},"modified":"2026-04-23T06:48:10","modified_gmt":"2026-04-23T06:48:10","slug":"custom-shampoo-sachet-roll-stock","status":"publish","type":"product","link":"https:\/\/www.zkprintpack.com\/fr\/product\/custom-shampoo-sachet-roll-stock\/","title":{"rendered":"Film en rouleau personnalis\u00e9 pour l'emballage de liquides de soins personnels pour sachets de shampoing"},"content":{"rendered":"<div class=\"wp-block-columns is-layout-flex wp-container-core-columns-is-layout-9d6595d7 wp-block-columns-is-layout-flex\">\n<div class=\"wp-block-column is-layout-flow wp-block-column-is-layout-flow\">\n<h2 class=\"wp-block-heading\">Rouleau de sachets de shampoing personnalis\u00e9 Caract\u00e9ristiques du stock<\/h2>\n\n\n\n<ul class=\"wp-block-list\">\n<li><strong>Optimis\u00e9 pour l'automatisation :<\/strong> Notre film en bobine pour les soins personnels est sp\u00e9cialement con\u00e7u pour les machines de formage-remplissage-scellage automatis\u00e9es \u00e0 grande vitesse, ce qui garantit une int\u00e9gration transparente dans vos lignes de production existantes.<\/li>\n\n\n\n<li><strong>Qualit\u00e9 d'impression sup\u00e9rieure :<\/strong> Nous utilisons des technologies d'impression avanc\u00e9es pour produire des graphiques \u00e9clatants et de haute d\u00e9finition qui renforcent la reconnaissance de la marque et l'attrait des rayons pour les consommateurs.<\/li>\n\n\n\n<li><strong>Protection exceptionnelle de la barri\u00e8re :<\/strong> Chaque film est con\u00e7u pour constituer une barri\u00e8re fiable contre l'humidit\u00e9 et l'air, pr\u00e9servant ainsi l'int\u00e9grit\u00e9 de la formulation et la dur\u00e9e de conservation du contenu liquide.<\/li>\n\n\n\n<li><strong>Personnalisation compl\u00e8te (OEM\/ODM) :<\/strong> En tant que fabricant de films en bobine, nous offrons un service complet de personnalisation de la largeur et de l'\u00e9paisseur des bobines, ainsi que des conceptions graphiques personnalis\u00e9es pour r\u00e9pondre \u00e0 vos besoins op\u00e9rationnels sp\u00e9cifiques.<\/li>\n<\/ul>\n<\/div>\n\n\n\n<div class=\"wp-block-column is-layout-flow wp-block-column-is-layout-flow\">\n<figure class=\"wp-block-image size-full\"><img decoding=\"async\" width=\"800\" height=\"800\" src=\"https:\/\/www.zkprintpack.com\/wp-content\/uploads\/2026\/04\/Custom-Shampoo-Sachet-Roll-Stock-Film-3.webp\" alt=\"Film en rouleau pour sachets de shampoing personnalis\u00e9s (3)\" class=\"wp-image-3052\" srcset=\"https:\/\/www.zkprintpack.com\/wp-content\/uploads\/2026\/04\/Custom-Shampoo-Sachet-Roll-Stock-Film-3.webp 800w, https:\/\/www.zkprintpack.com\/wp-content\/uploads\/2026\/04\/Custom-Shampoo-Sachet-Roll-Stock-Film-3-150x150.webp 150w, https:\/\/www.zkprintpack.com\/wp-content\/uploads\/2026\/04\/Custom-Shampoo-Sachet-Roll-Stock-Film-3-768x768.webp 768w, https:\/\/www.zkprintpack.com\/wp-content\/uploads\/2026\/04\/Custom-Shampoo-Sachet-Roll-Stock-Film-3-12x12.webp 12w, https:\/\/www.zkprintpack.com\/wp-content\/uploads\/2026\/04\/Custom-Shampoo-Sachet-Roll-Stock-Film-3-600x600.webp 600w, https:\/\/www.zkprintpack.com\/wp-content\/uploads\/2026\/04\/Custom-Shampoo-Sachet-Roll-Stock-Film-3-300x300.webp 300w, https:\/\/www.zkprintpack.com\/wp-content\/uploads\/2026\/04\/Custom-Shampoo-Sachet-Roll-Stock-Film-3-100x100.webp 100w\" sizes=\"(max-width: 800px) 100vw, 800px\" \/><\/figure>\n<\/div>\n<\/div>\n\n\n\n<p><\/p>","protected":false},"excerpt":{"rendered":"<p>Stock de rouleaux de sachets de shampoing personnalis\u00e9s en gros. Cette solution est id\u00e9ale pour les shampooings, les apr\u00e8s-shampooings et autres produits de beaut\u00e9 liquides. Elle est con\u00e7ue sp\u00e9cifiquement pour les machines de remplissage de sachets automatis\u00e9es \u00e0 grande vitesse. Contactez nous d\u00e8s maintenant !<\/p>\n<h2>Param\u00e8tres du stock de rouleaux de sachets de shampoing personnalis\u00e9s<\/h2>\n<ul>\n<li><strong>Fabricant :\u00a0<a href=\"https:\/\/www.zkprintpack.com\/fr\/\">Zhongjia Packaging<\/a><\/strong><\/li>\n<li><strong>Mat\u00e9riau :<\/strong>\u00a0PET\/PE, PET\/NY\/PE, PET\/AL\/NY\/PE, etc.<\/li>\n<li><strong>Type de sac<\/strong>: <strong>Film en rouleau<\/strong><\/li>\n<li><strong>Taille<\/strong>: Sur mesure<\/li>\n<li><strong>Commande personnalis\u00e9e<\/strong>: Acceptation des OEM et ODM<\/li>\n<li><strong>\u00c9chantillon gratuit<\/strong>: Support<\/li>\n<li><strong>Utilisation<\/strong>: Shampoing, liquides de soins personnels et autres produits<\/li>\n<li><strong>Couleur<\/strong>: Peut \u00eatre personnalis\u00e9<\/li>\n<li><strong>March\u00e9s cibles<\/strong>: Partout dans le monde<\/li>\n<\/ul>","protected":false},"featured_media":3050,"comment_status":"closed","ping_status":"closed","template":"","meta":{"_acf_changed":false},"market":[51],"product_brand":[],"product_cat":[57],"product_tag":[],"class_list":{"0":"post-3046","1":"product","2":"type-product","3":"status-publish","4":"has-post-thumbnail","6":"market-personal-care-and-cosmetic","7":"product_cat-rollstock-film-supplier","9":"first","10":"instock","11":"shipping-taxable","12":"product-type-simple"},"acf":[],"_links":{"self":[{"href":"https:\/\/www.zkprintpack.com\/fr\/wp-json\/wp\/v2\/product\/3046","targetHints":{"allow":["GET"]}}],"collection":[{"href":"https:\/\/www.zkprintpack.com\/fr\/wp-json\/wp\/v2\/product"}],"about":[{"href":"https:\/\/www.zkprintpack.com\/fr\/wp-json\/wp\/v2\/types\/product"}],"replies":[{"embeddable":true,"href":"https:\/\/www.zkprintpack.com\/fr\/wp-json\/wp\/v2\/comments?post=3046"}],"wp:featuredmedia":[{"embeddable":true,"href":"https:\/\/www.zkprintpack.com\/fr\/wp-json\/wp\/v2\/media\/3050"}],"wp:attachment":[{"href":"https:\/\/www.zkprintpack.com\/fr\/wp-json\/wp\/v2\/media?parent=3046"}],"wp:term":[{"taxonomy":"market","embeddable":true,"href":"https:\/\/www.zkprintpack.com\/fr\/wp-json\/wp\/v2\/market?post=3046"},{"taxonomy":"product_brand","embeddable":true,"href":"https:\/\/www.zkprintpack.com\/fr\/wp-json\/wp\/v2\/product_brand?post=3046"},{"taxonomy":"product_cat","embeddable":true,"href":"https:\/\/www.zkprintpack.com\/fr\/wp-json\/wp\/v2\/product_cat?post=3046"},{"taxonomy":"product_tag","embeddable":true,"href":"https:\/\/www.zkprintpack.com\/fr\/wp-json\/wp\/v2\/product_tag?post=3046"}],"curies":[{"name":"wp","href":"https:\/\/api.w.org\/{rel}","templated":true}]}}