{"id":3044,"date":"2026-04-23T03:56:45","date_gmt":"2026-04-23T03:56:45","guid":{"rendered":"https:\/\/www.zkprintpack.com\/?post_type=product&#038;p=3044"},"modified":"2026-04-23T03:56:47","modified_gmt":"2026-04-23T03:56:47","slug":"custom-printed-flat-pouch-wholesale","status":"publish","type":"product","link":"https:\/\/www.zkprintpack.com\/fr\/product\/custom-printed-flat-pouch-wholesale\/","title":{"rendered":"Pochette plate imprim\u00e9e sur mesure Wholesale, Supply Food Pouch with Transparent Window"},"content":{"rendered":"<div class=\"wp-block-columns is-layout-flex wp-container-core-columns-is-layout-9d6595d7 wp-block-columns-is-layout-flex\">\n<div class=\"wp-block-column is-layout-flow wp-block-column-is-layout-flow\">\n<h2 class=\"wp-block-heading\">Caract\u00e9ristiques de la pochette plate imprim\u00e9e sur mesure<\/h2>\n\n\n\n<ul class=\"wp-block-list\">\n<li><strong>Impression personnalis\u00e9e \u00e0 fort impact :<\/strong> Nos capacit\u00e9s d'impression avanc\u00e9es \u00e0 base d'encre \u00e0 base d'eau permettent d'obtenir des graphiques nets et \u00e9clatants qui attirent efficacement l'attention des consommateurs et renforcent l'identit\u00e9 de votre marque dans les rayons des magasins.<\/li>\n\n\n\n<li><strong>Conception efficace de l'espace :<\/strong> Le profil du sachet plat est con\u00e7u pour optimiser l'efficacit\u00e9 du stockage et du transport, r\u00e9duisant ainsi les co\u00fbts d'exp\u00e9dition pour la distribution en gros.<\/li>\n\n\n\n<li><strong>Application alimentaire polyvalente :<\/strong> Ces sachets offrent un environnement s\u00fbr et sans danger pour les aliments, id\u00e9al pour l'emballage d'une large gamme de produits secs, d'en-cas sp\u00e9cialis\u00e9s et de produits alimentaires en poudre.<\/li>\n\n\n\n<li><strong>Personnalisation compl\u00e8te (OEM\/ODM) :<\/strong> En tant que fournisseur exp\u00e9riment\u00e9 de pochettes plates imprim\u00e9es sur mesure, nous fournissons des services de personnalisation de bout en bout, y compris le dimensionnement sur mesure, la s\u00e9lection des mat\u00e9riaux et l'int\u00e9gration d'un design unique pour votre marque.<\/li>\n<\/ul>\n<\/div>\n\n\n\n<div class=\"wp-block-column is-layout-flow wp-block-column-is-layout-flow\">\n<figure class=\"wp-block-image size-full\"><img decoding=\"async\" width=\"800\" height=\"800\" src=\"https:\/\/www.zkprintpack.com\/wp-content\/uploads\/2026\/04\/custom-printed-flat-pouch-for-food.webp\" alt=\"pochette plate imprim\u00e9e sur mesure pour aliments\" class=\"wp-image-3045\" srcset=\"https:\/\/www.zkprintpack.com\/wp-content\/uploads\/2026\/04\/custom-printed-flat-pouch-for-food.webp 800w, https:\/\/www.zkprintpack.com\/wp-content\/uploads\/2026\/04\/custom-printed-flat-pouch-for-food-150x150.webp 150w, https:\/\/www.zkprintpack.com\/wp-content\/uploads\/2026\/04\/custom-printed-flat-pouch-for-food-768x768.webp 768w, https:\/\/www.zkprintpack.com\/wp-content\/uploads\/2026\/04\/custom-printed-flat-pouch-for-food-12x12.webp 12w, https:\/\/www.zkprintpack.com\/wp-content\/uploads\/2026\/04\/custom-printed-flat-pouch-for-food-600x600.webp 600w, https:\/\/www.zkprintpack.com\/wp-content\/uploads\/2026\/04\/custom-printed-flat-pouch-for-food-300x300.webp 300w, https:\/\/www.zkprintpack.com\/wp-content\/uploads\/2026\/04\/custom-printed-flat-pouch-for-food-100x100.webp 100w\" sizes=\"(max-width: 800px) 100vw, 800px\" \/><\/figure>\n<\/div>\n<\/div>\n\n\n\n<p><\/p>","protected":false},"excerpt":{"rendered":"<p>Pochette plate imprim\u00e9e en gros et personnalis\u00e9e. Con\u00e7us pour \u00eatre polyvalents et pr\u00eats \u00e0 \u00eatre mis en rayon, ces sachets offrent une esth\u00e9tique propre et professionnelle qui aide votre marque \u00e0 se d\u00e9marquer dans un environnement de vente au d\u00e9tail concurrentiel. Contactez nous d\u00e8s maintenant !<\/p>\n<h2>Param\u00e8tres de la pochette plate imprim\u00e9e sur mesure<\/h2>\n<ul>\n<li><strong>Fabricant : <span style=\"color: #ff0000;\"><a style=\"color: #ff0000;\" href=\"https:\/\/www.zkprintpack.com\/fr\/\">Zhongjia Packaging<\/a><\/span><\/strong><\/li>\n<li><strong>Mat\u00e9riau :<\/strong>\u00a0PET\/PE, PET\/NY\/PE, PET\/AL\/NY\/PE, etc.<\/li>\n<li><strong>Type de sac<\/strong>: <strong>Pochette plate<\/strong><\/li>\n<li><strong>Taille<\/strong>: Sur mesure<\/li>\n<li><strong>Commande personnalis\u00e9e<\/strong>: Acceptation des OEM et ODM<\/li>\n<li><strong>\u00c9chantillon gratuit<\/strong>: Support<\/li>\n<li><strong>Utilisation<\/strong>Les produits de la mer : aliments, cuisine m\u00e9dicinale et autres<\/li>\n<li><strong>Couleur<\/strong>: Peut \u00eatre personnalis\u00e9<\/li>\n<li><strong>March\u00e9s cibles<\/strong>: Partout dans le monde<\/li>\n<\/ul>","protected":false},"featured_media":3045,"comment_status":"closed","ping_status":"closed","template":"","meta":{"_acf_changed":false},"market":[61],"product_brand":[],"product_cat":[67,53],"product_tag":[],"class_list":{"0":"post-3044","1":"product","2":"type-product","3":"status-publish","4":"has-post-thumbnail","6":"market-snack-packaging-supplier","7":"product_cat-custom-flat-pouch","8":"product_cat-three-side-seal-pouch-wholesale","10":"first","11":"instock","12":"shipping-taxable","13":"product-type-simple"},"acf":[],"_links":{"self":[{"href":"https:\/\/www.zkprintpack.com\/fr\/wp-json\/wp\/v2\/product\/3044","targetHints":{"allow":["GET"]}}],"collection":[{"href":"https:\/\/www.zkprintpack.com\/fr\/wp-json\/wp\/v2\/product"}],"about":[{"href":"https:\/\/www.zkprintpack.com\/fr\/wp-json\/wp\/v2\/types\/product"}],"replies":[{"embeddable":true,"href":"https:\/\/www.zkprintpack.com\/fr\/wp-json\/wp\/v2\/comments?post=3044"}],"wp:featuredmedia":[{"embeddable":true,"href":"https:\/\/www.zkprintpack.com\/fr\/wp-json\/wp\/v2\/media\/3045"}],"wp:attachment":[{"href":"https:\/\/www.zkprintpack.com\/fr\/wp-json\/wp\/v2\/media?parent=3044"}],"wp:term":[{"taxonomy":"market","embeddable":true,"href":"https:\/\/www.zkprintpack.com\/fr\/wp-json\/wp\/v2\/market?post=3044"},{"taxonomy":"product_brand","embeddable":true,"href":"https:\/\/www.zkprintpack.com\/fr\/wp-json\/wp\/v2\/product_brand?post=3044"},{"taxonomy":"product_cat","embeddable":true,"href":"https:\/\/www.zkprintpack.com\/fr\/wp-json\/wp\/v2\/product_cat?post=3044"},{"taxonomy":"product_tag","embeddable":true,"href":"https:\/\/www.zkprintpack.com\/fr\/wp-json\/wp\/v2\/product_tag?post=3044"}],"curies":[{"name":"wp","href":"https:\/\/api.w.org\/{rel}","templated":true}]}}