{"id":3017,"date":"2026-04-17T03:22:54","date_gmt":"2026-04-17T03:22:54","guid":{"rendered":"https:\/\/www.zkprintpack.com\/?post_type=product&#038;p=3017"},"modified":"2026-04-17T03:22:56","modified_gmt":"2026-04-17T03:22:56","slug":"custom-condom-packaging-film-supply","status":"publish","type":"product","link":"https:\/\/www.zkprintpack.com\/fr\/product\/custom-condom-packaging-film-supply\/","title":{"rendered":"Film d'emballage pour pr\u00e9servatifs en gros - Haute barri\u00e8re, qualit\u00e9 m\u00e9dicale"},"content":{"rendered":"<div class=\"wp-block-columns is-layout-flex wp-container-core-columns-is-layout-9d6595d7 wp-block-columns-is-layout-flex\">\n<div class=\"wp-block-column is-layout-flow wp-block-column-is-layout-flow\">\n<h2 class=\"wp-block-heading\">Film d'emballage de pr\u00e9servatifs sur mesure Caract\u00e9ristiques<\/h2>\n\n\n\n<ul class=\"wp-block-list\">\n<li><strong>Protection absolue de la barri\u00e8re d'\u00e9tanch\u00e9it\u00e9 \u00e0 l'air : <\/strong>L'emballage offre une fermeture herm\u00e9tique 100% pour bloquer l'oxyg\u00e8ne, l'humidit\u00e9 et la contamination microbienne. Ceci est essentiel pour maintenir la stabilit\u00e9 du latex, l'int\u00e9grit\u00e9 du lubrifiant et la s\u00e9curit\u00e9 g\u00e9n\u00e9rale du produit tout au long de sa dur\u00e9e de conservation.<\/li>\n\n\n\n<li><strong>Compatibilit\u00e9 avec les mat\u00e9riaux de qualit\u00e9 m\u00e9dicale : <\/strong>Toutes les couches de l'emballage sont con\u00e7ues pour une compatibilit\u00e9 totale avec le latex, l'huile de silicone et les additifs fonctionnels. Elles garantissent l'absence de migration ou d'interaction nocive susceptible de compromettre les performances du produit ou la s\u00e9curit\u00e9 de l'utilisateur.<\/li>\n\n\n\n<li><strong>R\u00e9sistance \u00e9lev\u00e9e \u00e0 la perforation pour une protection r\u00e9elle : <\/strong>La structure est renforc\u00e9e pour r\u00e9sister \u00e0 la perforation et \u00e0 l'abrasion dues \u00e0 des objets ext\u00e9rieurs tels que des cl\u00e9s ou des pi\u00e8ces de monnaie. Cela garantit l'int\u00e9grit\u00e9 du produit pendant le transport, le stockage et le transport quotidien.<\/li>\n\n\n\n<li><strong>Personnalisation compl\u00e8te OEM\/ODM pour l'identit\u00e9 de la marque :<\/strong> Les acheteurs B2B peuvent adapter les dimensions du film, les effets m\u00e9talliques et la composition du mat\u00e9riau pour r\u00e9pondre aux demandes sp\u00e9cifiques du march\u00e9 et aux exigences du mat\u00e9riel technique.<\/li>\n<\/ul>\n<\/div>\n\n\n\n<div class=\"wp-block-column is-layout-flow wp-block-column-is-layout-flow\">\n<figure class=\"wp-block-image size-full\"><img decoding=\"async\" width=\"800\" height=\"800\" src=\"https:\/\/www.zkprintpack.com\/wp-content\/uploads\/2026\/04\/Custom-Condom-Packaging-Film-1.webp\" alt=\"Film d&#039;emballage de pr\u00e9servatifs sur mesure (1)\" class=\"wp-image-3018\" srcset=\"https:\/\/www.zkprintpack.com\/wp-content\/uploads\/2026\/04\/Custom-Condom-Packaging-Film-1.webp 800w, https:\/\/www.zkprintpack.com\/wp-content\/uploads\/2026\/04\/Custom-Condom-Packaging-Film-1-150x150.webp 150w, https:\/\/www.zkprintpack.com\/wp-content\/uploads\/2026\/04\/Custom-Condom-Packaging-Film-1-768x768.webp 768w, https:\/\/www.zkprintpack.com\/wp-content\/uploads\/2026\/04\/Custom-Condom-Packaging-Film-1-12x12.webp 12w, https:\/\/www.zkprintpack.com\/wp-content\/uploads\/2026\/04\/Custom-Condom-Packaging-Film-1-600x600.webp 600w, https:\/\/www.zkprintpack.com\/wp-content\/uploads\/2026\/04\/Custom-Condom-Packaging-Film-1-300x300.webp 300w, https:\/\/www.zkprintpack.com\/wp-content\/uploads\/2026\/04\/Custom-Condom-Packaging-Film-1-100x100.webp 100w\" sizes=\"(max-width: 800px) 100vw, 800px\" \/><\/figure>\n<\/div>\n<\/div>\n\n\n\n<p><\/p>","protected":false},"excerpt":{"rendered":"<p>Fourniture en gros de films d'emballage de pr\u00e9servatifs personnalis\u00e9s. Nos rouleaux de film sont sp\u00e9cialement con\u00e7us pour les lignes d'emballage automatis\u00e9es \u00e0 grande vitesse avec scellage sur quatre c\u00f4t\u00e9s, ce qui garantit un d\u00e9bit et une efficacit\u00e9 op\u00e9rationnelle maximums. Obtenez votre devis maintenant !<\/p>\n<h2>Param\u00e8tres du film d'emballage de pr\u00e9servatifs sur mesure<\/h2>\n<ul>\n<li><strong>Mat\u00e9riau :<\/strong>\u00a0PET\/PE, PET\/NY\/PE, PET\/AL\/NY\/PE, etc.<\/li>\n<li><strong>Type de sac<\/strong>: <strong>Film en rouleau<\/strong><\/li>\n<li><strong>Taille<\/strong>: Sur mesure<\/li>\n<li><strong>Commande personnalis\u00e9e<\/strong>: Acceptation des OEM et ODM<\/li>\n<li><strong>\u00c9chantillon gratuit<\/strong>: Support<\/li>\n<li><strong>Utilisation<\/strong>: Pr\u00e9servatifs et autres<\/li>\n<li><strong>Couleur<\/strong>: Peut \u00eatre personnalis\u00e9<\/li>\n<li><strong>March\u00e9s cibles<\/strong>: Partout dans le monde<\/li>\n<\/ul>","protected":false},"featured_media":3018,"comment_status":"closed","ping_status":"closed","template":"","meta":{"_acf_changed":false},"market":[51],"product_brand":[],"product_cat":[57],"product_tag":[],"class_list":{"0":"post-3017","1":"product","2":"type-product","3":"status-publish","4":"has-post-thumbnail","6":"market-personal-care-and-cosmetic","7":"product_cat-rollstock-film-supplier","9":"first","10":"instock","11":"shipping-taxable","12":"product-type-simple"},"acf":[],"_links":{"self":[{"href":"https:\/\/www.zkprintpack.com\/fr\/wp-json\/wp\/v2\/product\/3017","targetHints":{"allow":["GET"]}}],"collection":[{"href":"https:\/\/www.zkprintpack.com\/fr\/wp-json\/wp\/v2\/product"}],"about":[{"href":"https:\/\/www.zkprintpack.com\/fr\/wp-json\/wp\/v2\/types\/product"}],"replies":[{"embeddable":true,"href":"https:\/\/www.zkprintpack.com\/fr\/wp-json\/wp\/v2\/comments?post=3017"}],"wp:featuredmedia":[{"embeddable":true,"href":"https:\/\/www.zkprintpack.com\/fr\/wp-json\/wp\/v2\/media\/3018"}],"wp:attachment":[{"href":"https:\/\/www.zkprintpack.com\/fr\/wp-json\/wp\/v2\/media?parent=3017"}],"wp:term":[{"taxonomy":"market","embeddable":true,"href":"https:\/\/www.zkprintpack.com\/fr\/wp-json\/wp\/v2\/market?post=3017"},{"taxonomy":"product_brand","embeddable":true,"href":"https:\/\/www.zkprintpack.com\/fr\/wp-json\/wp\/v2\/product_brand?post=3017"},{"taxonomy":"product_cat","embeddable":true,"href":"https:\/\/www.zkprintpack.com\/fr\/wp-json\/wp\/v2\/product_cat?post=3017"},{"taxonomy":"product_tag","embeddable":true,"href":"https:\/\/www.zkprintpack.com\/fr\/wp-json\/wp\/v2\/product_tag?post=3017"}],"curies":[{"name":"wp","href":"https:\/\/api.w.org\/{rel}","templated":true}]}}