{"id":3014,"date":"2026-04-17T03:27:55","date_gmt":"2026-04-17T03:27:55","guid":{"rendered":"https:\/\/www.zkprintpack.com\/?post_type=product&#038;p=3014"},"modified":"2026-04-17T03:27:57","modified_gmt":"2026-04-17T03:27:57","slug":"custom-condom-foil-laminate-film","status":"publish","type":"product","link":"https:\/\/www.zkprintpack.com\/fr\/product\/custom-condom-foil-laminate-film\/","title":{"rendered":"Film lamin\u00e9 pour pr\u00e9servatif imprim\u00e9 sur mesure Livraison en gros - Rollstock Film Manufacturer Supply"},"content":{"rendered":"<div class=\"wp-block-columns is-layout-flex wp-container-core-columns-is-layout-9d6595d7 wp-block-columns-is-layout-flex\">\n<div class=\"wp-block-column is-layout-flow wp-block-column-is-layout-flow\">\n<h2 class=\"wp-block-heading\">Film de pelliculage pour pr\u00e9servatif imprim\u00e9 sur mesure Caract\u00e9ristiques<\/h2>\n\n\n\n<ul class=\"wp-block-list\">\n<li><strong>Contr\u00f4le de qualit\u00e9 et fiabilit\u00e9 de niveau m\u00e9dical :<\/strong> En tant que fabricant de rouleaux de film direct, nous adh\u00e9rons \u00e0 des protocoles de production stricts afin de garantir que chaque rouleau r\u00e9pond aux normes d'hygi\u00e8ne et de durabilit\u00e9 requises pour les produits de soins personnels sensibles.<\/li>\n\n\n\n<li><strong>Pelliculage haute barri\u00e8re pour une protection maximale :<\/strong> La structure multicouche de notre feuille d'aluminium constitue une barri\u00e8re absolue contre la lumi\u00e8re, l'humidit\u00e9 et l'oxyg\u00e8ne afin de garantir la s\u00e9curit\u00e9 du produit et la stabilit\u00e9 de sa dur\u00e9e de conservation.<\/li>\n\n\n\n<li><strong>Optimis\u00e9 pour les machines automatis\u00e9es \u00e0 grande vitesse :<\/strong> Ces rouleaux de film sont con\u00e7us pour offrir d'excellentes propri\u00e9t\u00e9s de glissement et un scellage \u00e0 chaud constant, ce qui permet une production \u00e0 haut rendement sur les lignes automatis\u00e9es de scellage sur quatre c\u00f4t\u00e9s.<\/li>\n\n\n\n<li><strong>Personnalisation compl\u00e8te OEM\/ODM pour l'identit\u00e9 de la marque :<\/strong> Les acheteurs B2B peuvent adapter les dimensions du film, les effets m\u00e9talliques et la composition du mat\u00e9riau pour r\u00e9pondre aux demandes sp\u00e9cifiques du march\u00e9 et aux exigences du mat\u00e9riel technique.<\/li>\n<\/ul>\n<\/div>\n\n\n\n<div class=\"wp-block-column is-layout-flow wp-block-column-is-layout-flow\">\n<figure class=\"wp-block-image size-full\"><img decoding=\"async\" width=\"800\" height=\"800\" src=\"https:\/\/www.zkprintpack.com\/wp-content\/uploads\/2026\/04\/Custom-Condom-Foil-Laminate-Film-2.webp\" alt=\"Film lamin\u00e9 pour pr\u00e9servatif personnalis\u00e9 (2)\" class=\"wp-image-3016\" srcset=\"https:\/\/www.zkprintpack.com\/wp-content\/uploads\/2026\/04\/Custom-Condom-Foil-Laminate-Film-2.webp 800w, https:\/\/www.zkprintpack.com\/wp-content\/uploads\/2026\/04\/Custom-Condom-Foil-Laminate-Film-2-150x150.webp 150w, https:\/\/www.zkprintpack.com\/wp-content\/uploads\/2026\/04\/Custom-Condom-Foil-Laminate-Film-2-768x768.webp 768w, https:\/\/www.zkprintpack.com\/wp-content\/uploads\/2026\/04\/Custom-Condom-Foil-Laminate-Film-2-12x12.webp 12w, https:\/\/www.zkprintpack.com\/wp-content\/uploads\/2026\/04\/Custom-Condom-Foil-Laminate-Film-2-600x600.webp 600w, https:\/\/www.zkprintpack.com\/wp-content\/uploads\/2026\/04\/Custom-Condom-Foil-Laminate-Film-2-300x300.webp 300w, https:\/\/www.zkprintpack.com\/wp-content\/uploads\/2026\/04\/Custom-Condom-Foil-Laminate-Film-2-100x100.webp 100w\" sizes=\"(max-width: 800px) 100vw, 800px\" \/><\/figure>\n<\/div>\n<\/div>\n\n\n\n<p><\/p>","protected":false},"excerpt":{"rendered":"<p>Zhongjia fournit des films lamin\u00e9s imprim\u00e9s sur mesure pour les pr\u00e9servatifs, qui sont con\u00e7us pour r\u00e9pondre aux normes les plus strictes en mati\u00e8re de s\u00e9curit\u00e9 et d'int\u00e9grit\u00e9 des barri\u00e8res. Ceci est essentiel pour maintenir la stabilit\u00e9 des lubrifiants et assurer l'int\u00e9grit\u00e9 \u00e0 long terme du produit. Obtenez votre devis maintenant !<\/p>\n<h2>Param\u00e8tres du film lamin\u00e9 imprim\u00e9 sur mesure pour pr\u00e9servatifs<\/h2>\n<ul>\n<li><strong>Mat\u00e9riau :<\/strong>\u00a0PET\/PE, PET\/NY\/PE, PET\/AL\/NY\/PE, etc.<\/li>\n<li><strong>Type de sac<\/strong>: <strong>Film en rouleau<\/strong><\/li>\n<li><strong>Taille<\/strong>: Sur mesure<\/li>\n<li><strong>Commande personnalis\u00e9e<\/strong>: Acceptation des OEM et ODM<\/li>\n<li><strong>\u00c9chantillon gratuit<\/strong>: Support<\/li>\n<li><strong>Utilisation<\/strong>: Pr\u00e9servatifs et autres<\/li>\n<li><strong>Couleur<\/strong>: Peut \u00eatre personnalis\u00e9<\/li>\n<li><strong>March\u00e9s cibles<\/strong>: Partout dans le monde<\/li>\n<\/ul>","protected":false},"featured_media":3016,"comment_status":"closed","ping_status":"closed","template":"","meta":{"_acf_changed":false},"market":[51],"product_brand":[],"product_cat":[57],"product_tag":[],"class_list":{"0":"post-3014","1":"product","2":"type-product","3":"status-publish","4":"has-post-thumbnail","6":"market-personal-care-and-cosmetic","7":"product_cat-rollstock-film-supplier","9":"first","10":"instock","11":"shipping-taxable","12":"product-type-simple"},"acf":[],"_links":{"self":[{"href":"https:\/\/www.zkprintpack.com\/fr\/wp-json\/wp\/v2\/product\/3014","targetHints":{"allow":["GET"]}}],"collection":[{"href":"https:\/\/www.zkprintpack.com\/fr\/wp-json\/wp\/v2\/product"}],"about":[{"href":"https:\/\/www.zkprintpack.com\/fr\/wp-json\/wp\/v2\/types\/product"}],"replies":[{"embeddable":true,"href":"https:\/\/www.zkprintpack.com\/fr\/wp-json\/wp\/v2\/comments?post=3014"}],"wp:featuredmedia":[{"embeddable":true,"href":"https:\/\/www.zkprintpack.com\/fr\/wp-json\/wp\/v2\/media\/3016"}],"wp:attachment":[{"href":"https:\/\/www.zkprintpack.com\/fr\/wp-json\/wp\/v2\/media?parent=3014"}],"wp:term":[{"taxonomy":"market","embeddable":true,"href":"https:\/\/www.zkprintpack.com\/fr\/wp-json\/wp\/v2\/market?post=3014"},{"taxonomy":"product_brand","embeddable":true,"href":"https:\/\/www.zkprintpack.com\/fr\/wp-json\/wp\/v2\/product_brand?post=3014"},{"taxonomy":"product_cat","embeddable":true,"href":"https:\/\/www.zkprintpack.com\/fr\/wp-json\/wp\/v2\/product_cat?post=3014"},{"taxonomy":"product_tag","embeddable":true,"href":"https:\/\/www.zkprintpack.com\/fr\/wp-json\/wp\/v2\/product_tag?post=3014"}],"curies":[{"name":"wp","href":"https:\/\/api.w.org\/{rel}","templated":true}]}}