{"id":3011,"date":"2026-04-17T03:32:17","date_gmt":"2026-04-17T03:32:17","guid":{"rendered":"https:\/\/www.zkprintpack.com\/?post_type=product&#038;p=3011"},"modified":"2026-04-17T03:32:19","modified_gmt":"2026-04-17T03:32:19","slug":"oem-printed-toy-packaging-film-roll","status":"publish","type":"product","link":"https:\/\/www.zkprintpack.com\/fr\/product\/oem-printed-toy-packaging-film-roll\/","title":{"rendered":"Rouleau de film d'emballage de jouets imprim\u00e9 OEM - Enti\u00e8rement personnalisable, d\u00e9lai de livraison rapide"},"content":{"rendered":"<div class=\"wp-block-columns is-layout-flex wp-container-core-columns-is-layout-9d6595d7 wp-block-columns-is-layout-flex\">\n<div class=\"wp-block-column is-layout-flow wp-block-column-is-layout-flow\">\n<h2 class=\"wp-block-heading\">Rouleau de film d'emballage de jouets imprim\u00e9 OEM Caract\u00e9ristiques<\/h2>\n\n\n\n<ul class=\"wp-block-list\">\n<li><strong>Une impression vivante pour un impact sur le commerce de d\u00e9tail :<\/strong> Notre usine fournit une impression haute d\u00e9finition et multicolore qui donne vie \u00e0 des dessins de caract\u00e8res complexes avec des d\u00e9tails pr\u00e9cis et des couleurs vives qui attirent l'attention du public.<\/li>\n\n\n\n<li><strong>Barri\u00e8re robuste et r\u00e9sistance \u00e0 la perforation :<\/strong> La structure lamin\u00e9e multicouche offre une protection sup\u00e9rieure contre l'humidit\u00e9 et la poussi\u00e8re, ce qui permet de prot\u00e9ger les jouets et les articles de papeterie sensibles, quel que soit le climat.<\/li>\n\n\n\n<li><strong>Enti\u00e8rement personnalisable OEM\/ODM Sp\u00e9cifications :<\/strong> Nous offrons aux acheteurs B2B un contr\u00f4le total sur les dimensions des rouleaux, les tailles des mandrins et les m\u00e9langes de mat\u00e9riaux afin de garantir une compatibilit\u00e9 parfaite avec le mat\u00e9riel d'emballage sp\u00e9cifique.<\/li>\n\n\n\n<li><strong>Solution de logistique en vrac rentable :<\/strong> L'approvisionnement en emballages sous forme de rouleaux permet de r\u00e9duire le volume de stockage et les co\u00fbts de transport international, ce qui repr\u00e9sente un avantage financier important pour les distributeurs de gros volumes.<\/li>\n<\/ul>\n<\/div>\n\n\n\n<div class=\"wp-block-column is-layout-flow wp-block-column-is-layout-flow\">\n<figure class=\"wp-block-image size-full\"><img decoding=\"async\" width=\"800\" height=\"800\" src=\"https:\/\/www.zkprintpack.com\/wp-content\/uploads\/2026\/04\/OEM-printed-toy-packaging-film-roll-2.webp\" alt=\"Rouleau de film d&#039;emballage de jouets imprim\u00e9 OEM 2\" class=\"wp-image-3013\" srcset=\"https:\/\/www.zkprintpack.com\/wp-content\/uploads\/2026\/04\/OEM-printed-toy-packaging-film-roll-2.webp 800w, https:\/\/www.zkprintpack.com\/wp-content\/uploads\/2026\/04\/OEM-printed-toy-packaging-film-roll-2-150x150.webp 150w, https:\/\/www.zkprintpack.com\/wp-content\/uploads\/2026\/04\/OEM-printed-toy-packaging-film-roll-2-768x768.webp 768w, https:\/\/www.zkprintpack.com\/wp-content\/uploads\/2026\/04\/OEM-printed-toy-packaging-film-roll-2-12x12.webp 12w, https:\/\/www.zkprintpack.com\/wp-content\/uploads\/2026\/04\/OEM-printed-toy-packaging-film-roll-2-600x600.webp 600w, https:\/\/www.zkprintpack.com\/wp-content\/uploads\/2026\/04\/OEM-printed-toy-packaging-film-roll-2-300x300.webp 300w, https:\/\/www.zkprintpack.com\/wp-content\/uploads\/2026\/04\/OEM-printed-toy-packaging-film-roll-2-100x100.webp 100w\" sizes=\"(max-width: 800px) 100vw, 800px\" \/><\/figure>\n<\/div>\n<\/div>\n\n\n\n<p><\/p>","protected":false},"excerpt":{"rendered":"<p>Rouleau d'emballage de jouets imprim\u00e9 OEM. En tant que fabricant d'emballages souples, nous fournissons \u00e0 nos clients B2B - y compris les distributeurs de jouets, les importateurs de papeterie et les grossistes mondiaux - des mat\u00e9riaux d'emballage souples qui allient une esth\u00e9tique vibrante \u00e0 une durabilit\u00e9 de qualit\u00e9 industrielle. En vous approvisionnant directement aupr\u00e8s de nos installations, vous b\u00e9n\u00e9ficiez d'une cha\u00eene d'approvisionnement fiable, d'un assortiment de couleurs coh\u00e9rent et de prix comp\u00e9titifs en usine pour maximiser vos marges commerciales. Contactez nous d\u00e8s maintenant !<\/p>\n<h2>Param\u00e8tres du rouleau de film d'emballage de jouets imprim\u00e9 OEM<\/h2>\n<ul>\n<li><strong>Mat\u00e9riau :<\/strong>\u00a0PET\/PE, PET\/NY\/PE, PET\/AL\/NY\/PE, etc.<\/li>\n<li><strong>Type de sac<\/strong>: <strong>Film en rouleau<\/strong><\/li>\n<li><strong>Taille<\/strong>: Sur mesure<\/li>\n<li><strong>Commande personnalis\u00e9e<\/strong>: Acceptation des OEM et ODM<\/li>\n<li><strong>\u00c9chantillon gratuit<\/strong>: Support<\/li>\n<li><strong>Utilisation<\/strong>: Carte-jouet, gidget et autres<\/li>\n<li><strong>Couleur<\/strong>: Peut \u00eatre personnalis\u00e9<\/li>\n<li><strong>March\u00e9s cibles<\/strong>: Partout dans le monde<\/li>\n<\/ul>","protected":false},"featured_media":3012,"comment_status":"closed","ping_status":"closed","template":"","meta":{"_acf_changed":false},"market":[69],"product_brand":[],"product_cat":[57],"product_tag":[],"class_list":{"0":"post-3011","1":"product","2":"type-product","3":"status-publish","4":"has-post-thumbnail","6":"market-custom-toy-packaging-supplier","7":"product_cat-rollstock-film-supplier","9":"first","10":"instock","11":"shipping-taxable","12":"product-type-simple"},"acf":[],"_links":{"self":[{"href":"https:\/\/www.zkprintpack.com\/fr\/wp-json\/wp\/v2\/product\/3011","targetHints":{"allow":["GET"]}}],"collection":[{"href":"https:\/\/www.zkprintpack.com\/fr\/wp-json\/wp\/v2\/product"}],"about":[{"href":"https:\/\/www.zkprintpack.com\/fr\/wp-json\/wp\/v2\/types\/product"}],"replies":[{"embeddable":true,"href":"https:\/\/www.zkprintpack.com\/fr\/wp-json\/wp\/v2\/comments?post=3011"}],"wp:featuredmedia":[{"embeddable":true,"href":"https:\/\/www.zkprintpack.com\/fr\/wp-json\/wp\/v2\/media\/3012"}],"wp:attachment":[{"href":"https:\/\/www.zkprintpack.com\/fr\/wp-json\/wp\/v2\/media?parent=3011"}],"wp:term":[{"taxonomy":"market","embeddable":true,"href":"https:\/\/www.zkprintpack.com\/fr\/wp-json\/wp\/v2\/market?post=3011"},{"taxonomy":"product_brand","embeddable":true,"href":"https:\/\/www.zkprintpack.com\/fr\/wp-json\/wp\/v2\/product_brand?post=3011"},{"taxonomy":"product_cat","embeddable":true,"href":"https:\/\/www.zkprintpack.com\/fr\/wp-json\/wp\/v2\/product_cat?post=3011"},{"taxonomy":"product_tag","embeddable":true,"href":"https:\/\/www.zkprintpack.com\/fr\/wp-json\/wp\/v2\/product_tag?post=3011"}],"curies":[{"name":"wp","href":"https:\/\/api.w.org\/{rel}","templated":true}]}}