{"id":3007,"date":"2026-04-17T03:35:41","date_gmt":"2026-04-17T03:35:41","guid":{"rendered":"https:\/\/www.zkprintpack.com\/?post_type=product&#038;p=3007"},"modified":"2026-04-17T03:35:42","modified_gmt":"2026-04-17T03:35:42","slug":"custom-plastic-packaging-film-for-toy","status":"publish","type":"product","link":"https:\/\/www.zkprintpack.com\/fr\/product\/custom-plastic-packaging-film-for-toy\/","title":{"rendered":"Film d'emballage plastique personnalis\u00e9 pour jouets et gadgets - Roll Film Factory Supply"},"content":{"rendered":"<div class=\"wp-block-columns is-layout-flex wp-container-core-columns-is-layout-9d6595d7 wp-block-columns-is-layout-flex\">\n<div class=\"wp-block-column is-layout-flow wp-block-column-is-layout-flow\">\n<h2 class=\"wp-block-heading\">Film d'emballage plastique personnalis\u00e9 pour jouets<\/h2>\n\n\n\n<ul class=\"wp-block-list\">\n<li><strong>Compatibilit\u00e9 automatis\u00e9e \u00e0 grande vitesse :<\/strong> Notre film d'emballage est con\u00e7u pour fonctionner avec peu de frottement sur les lignes automatis\u00e9es \u00e0 grande vitesse, ce qui garantit un suivi r\u00e9gulier et un scellage constant pour la production \u00e0 grande \u00e9chelle.<\/li>\n\n\n\n<li><strong>Impression haute d\u00e9finition \u00e9clatante :<\/strong> Nous utilisons une technologie d'impression \u00e0 base d'encre \u00e0 base d'eau pour produire des graphiques nets et \u00e9clatants tout en r\u00e9duisant les \u00e9missions.<\/li>\n\n\n\n<li><strong>Propri\u00e9t\u00e9s de barri\u00e8re protectrice robuste :<\/strong> Le plastique lamin\u00e9 multicouche offre une r\u00e9sistance sup\u00e9rieure \u00e0 la perforation et une protection contre l'humidit\u00e9, ce qui permet de conserver les jouets et les objets de collection sensibles dans un \u00e9tat impeccable tout au long de la cha\u00eene d'approvisionnement.<\/li>\n\n\n\n<li><strong>Personnalisation \u00e9volutive directe de l'usine :<\/strong> Nous offrons un support OEM\/ODM complet, vous permettant d'adapter les sp\u00e9cifications du film, les dimensions de la bobine et les finitions pour r\u00e9pondre aux besoins uniques de votre marque et de votre \u00e9quipement d'emballage.<\/li>\n<\/ul>\n<\/div>\n\n\n\n<div class=\"wp-block-column is-layout-flow wp-block-column-is-layout-flow\">\n<figure class=\"wp-block-image size-full\"><img decoding=\"async\" width=\"800\" height=\"800\" src=\"https:\/\/www.zkprintpack.com\/wp-content\/uploads\/2026\/04\/custom-plastic-packaging-film-for-toy-3.webp\" alt=\"Film d&#039;emballage plastique personnalis\u00e9 pour jouets 3\" class=\"wp-image-3010\" srcset=\"https:\/\/www.zkprintpack.com\/wp-content\/uploads\/2026\/04\/custom-plastic-packaging-film-for-toy-3.webp 800w, https:\/\/www.zkprintpack.com\/wp-content\/uploads\/2026\/04\/custom-plastic-packaging-film-for-toy-3-150x150.webp 150w, https:\/\/www.zkprintpack.com\/wp-content\/uploads\/2026\/04\/custom-plastic-packaging-film-for-toy-3-768x768.webp 768w, https:\/\/www.zkprintpack.com\/wp-content\/uploads\/2026\/04\/custom-plastic-packaging-film-for-toy-3-12x12.webp 12w, https:\/\/www.zkprintpack.com\/wp-content\/uploads\/2026\/04\/custom-plastic-packaging-film-for-toy-3-600x600.webp 600w, https:\/\/www.zkprintpack.com\/wp-content\/uploads\/2026\/04\/custom-plastic-packaging-film-for-toy-3-300x300.webp 300w, https:\/\/www.zkprintpack.com\/wp-content\/uploads\/2026\/04\/custom-plastic-packaging-film-for-toy-3-100x100.webp 100w\" sizes=\"(max-width: 800px) 100vw, 800px\" \/><\/figure>\n<\/div>\n<\/div>\n\n\n\n<p><\/p>","protected":false},"excerpt":{"rendered":"<p>Zhongjia Printing propose un film d'emballage plastique personnalis\u00e9 pour les jouets. Cette solution est id\u00e9ale pour les acheteurs B2B, y compris les distributeurs de jouets, les importateurs de papeterie et les grossistes mondiaux qui cherchent \u00e0 optimiser la vitesse de production sans compromettre l'attrait esth\u00e9tique. Contactez nous d\u00e8s maintenant !<\/p>\n<h2>Param\u00e8tres du film d'emballage plastique personnalis\u00e9 pour jouets<\/h2>\n<ul>\n<li><strong>Mat\u00e9riau :<\/strong>\u00a0PET\/PE, PET\/NY\/PE, PET\/AL\/NY\/PE, etc.<\/li>\n<li><strong>Type de sac<\/strong>: <strong>Film en rouleau<\/strong><\/li>\n<li><strong>Taille<\/strong>: Sur mesure<\/li>\n<li><strong>Commande personnalis\u00e9e<\/strong>: Acceptation des OEM et ODM<\/li>\n<li><strong>\u00c9chantillon gratuit<\/strong>: Support<\/li>\n<li><strong>Utilisation<\/strong>: Carte-jouet, gidget et autres<\/li>\n<li><strong>Couleur<\/strong>: Peut \u00eatre personnalis\u00e9<\/li>\n<li><strong>March\u00e9s cibles<\/strong>: Partout dans le monde<\/li>\n<\/ul>","protected":false},"featured_media":3010,"comment_status":"closed","ping_status":"closed","template":"","meta":{"_acf_changed":false},"market":[69],"product_brand":[],"product_cat":[57],"product_tag":[],"class_list":{"0":"post-3007","1":"product","2":"type-product","3":"status-publish","4":"has-post-thumbnail","6":"market-custom-toy-packaging-supplier","7":"product_cat-rollstock-film-supplier","9":"first","10":"instock","11":"shipping-taxable","12":"product-type-simple"},"acf":[],"_links":{"self":[{"href":"https:\/\/www.zkprintpack.com\/fr\/wp-json\/wp\/v2\/product\/3007","targetHints":{"allow":["GET"]}}],"collection":[{"href":"https:\/\/www.zkprintpack.com\/fr\/wp-json\/wp\/v2\/product"}],"about":[{"href":"https:\/\/www.zkprintpack.com\/fr\/wp-json\/wp\/v2\/types\/product"}],"replies":[{"embeddable":true,"href":"https:\/\/www.zkprintpack.com\/fr\/wp-json\/wp\/v2\/comments?post=3007"}],"wp:featuredmedia":[{"embeddable":true,"href":"https:\/\/www.zkprintpack.com\/fr\/wp-json\/wp\/v2\/media\/3010"}],"wp:attachment":[{"href":"https:\/\/www.zkprintpack.com\/fr\/wp-json\/wp\/v2\/media?parent=3007"}],"wp:term":[{"taxonomy":"market","embeddable":true,"href":"https:\/\/www.zkprintpack.com\/fr\/wp-json\/wp\/v2\/market?post=3007"},{"taxonomy":"product_brand","embeddable":true,"href":"https:\/\/www.zkprintpack.com\/fr\/wp-json\/wp\/v2\/product_brand?post=3007"},{"taxonomy":"product_cat","embeddable":true,"href":"https:\/\/www.zkprintpack.com\/fr\/wp-json\/wp\/v2\/product_cat?post=3007"},{"taxonomy":"product_tag","embeddable":true,"href":"https:\/\/www.zkprintpack.com\/fr\/wp-json\/wp\/v2\/product_tag?post=3007"}],"curies":[{"name":"wp","href":"https:\/\/api.w.org\/{rel}","templated":true}]}}