{"id":3003,"date":"2026-04-17T03:19:17","date_gmt":"2026-04-17T03:19:17","guid":{"rendered":"https:\/\/www.zkprintpack.com\/?post_type=product&#038;p=3003"},"modified":"2026-04-17T03:19:18","modified_gmt":"2026-04-17T03:19:18","slug":"custom-toy-card-packaging-film","status":"publish","type":"product","link":"https:\/\/www.zkprintpack.com\/fr\/product\/custom-toy-card-packaging-film\/","title":{"rendered":"Film d'emballage pour cartes de jouets, Chiikawa Graphics - OEM Roll Film Manufacturer Supply"},"content":{"rendered":"<div class=\"wp-block-columns is-layout-flex wp-container-core-columns-is-layout-9d6595d7 wp-block-columns-is-layout-flex\">\n<div class=\"wp-block-column is-layout-flow wp-block-column-is-layout-flow\">\n<h2 class=\"wp-block-heading\">Film d'emballage personnalis\u00e9 pour cartes de jouets Caract\u00e9ristiques<\/h2>\n\n\n\n<ul class=\"wp-block-list\">\n<li><strong>Optimis\u00e9 pour l'emballage automatis\u00e9 \u00e0 grande vitesse :<\/strong> Ces rouleaux de film sont con\u00e7us pour fonctionner sans probl\u00e8me sur les machines verticales et horizontales de formage-remplissage-scellage, maximisant ainsi l'efficacit\u00e9 de la production pour les fabricants de produits en vrac.<\/li>\n\n\n\n<li><strong>Impression en h\u00e9liogravure de qualit\u00e9 sup\u00e9rieure pour une marque \u00e9clatante :<\/strong> Notre usine fournit une impression multi-couleurs haute d\u00e9finition qui donne vie \u00e0 des dessins de caract\u00e8res complexes et \u00e0 des marques avec une pr\u00e9cision des couleurs et un attrait en rayon exceptionnels.<\/li>\n\n\n\n<li><strong>Application polyvalente pour divers biens de consommation :<\/strong> Id\u00e9al pour les secteurs des jouets et de la papeterie, ce film d'emballage flexible convient \u00e9galement aux petits appareils \u00e9lectroniques, aux articles promotionnels et aux paquets multi-packs.<\/li>\n\n\n\n<li><strong>Sp\u00e9cification OEM\/ODM compl\u00e8te Flexibilit\u00e9 :<\/strong> Les acheteurs B2B peuvent enti\u00e8rement personnaliser les dimensions des rouleaux, les tailles des mandrins et les m\u00e9langes de mat\u00e9riaux pour s'aligner parfaitement sur leurs exigences sp\u00e9cifiques en mati\u00e8re de produits et d'\u00e9quipements techniques.<\/li>\n<\/ul>\n<\/div>\n\n\n\n<div class=\"wp-block-column is-layout-flow wp-block-column-is-layout-flow\">\n<figure class=\"wp-block-image size-full\"><img decoding=\"async\" width=\"800\" height=\"800\" src=\"https:\/\/www.zkprintpack.com\/wp-content\/uploads\/2026\/04\/Custom-Flexible-Packaging-Film-for-Toys-1.webp\" alt=\"Film d&#039;emballage flexible personnalis\u00e9 pour jouets 1\" class=\"wp-image-3004\" srcset=\"https:\/\/www.zkprintpack.com\/wp-content\/uploads\/2026\/04\/Custom-Flexible-Packaging-Film-for-Toys-1.webp 800w, https:\/\/www.zkprintpack.com\/wp-content\/uploads\/2026\/04\/Custom-Flexible-Packaging-Film-for-Toys-1-150x150.webp 150w, https:\/\/www.zkprintpack.com\/wp-content\/uploads\/2026\/04\/Custom-Flexible-Packaging-Film-for-Toys-1-768x768.webp 768w, https:\/\/www.zkprintpack.com\/wp-content\/uploads\/2026\/04\/Custom-Flexible-Packaging-Film-for-Toys-1-12x12.webp 12w, https:\/\/www.zkprintpack.com\/wp-content\/uploads\/2026\/04\/Custom-Flexible-Packaging-Film-for-Toys-1-600x600.webp 600w, https:\/\/www.zkprintpack.com\/wp-content\/uploads\/2026\/04\/Custom-Flexible-Packaging-Film-for-Toys-1-300x300.webp 300w, https:\/\/www.zkprintpack.com\/wp-content\/uploads\/2026\/04\/Custom-Flexible-Packaging-Film-for-Toys-1-100x100.webp 100w\" sizes=\"(max-width: 800px) 100vw, 800px\" \/><\/figure>\n<\/div>\n<\/div>\n\n\n\n<p><\/p>","protected":false},"excerpt":{"rendered":"<p>Zhongjia Printing propose des solutions personnalis\u00e9es de films d'emballage pour cartes de jouets. Ces rouleaux de film permettent une production en continu et en grande quantit\u00e9, ce qui r\u00e9duit consid\u00e9rablement les co\u00fbts de main-d'\u0153uvre et augmente le rendement pour les productions \u00e0 grande \u00e9chelle. <b data-path-to-node=\"6\" data-index-in-node=\"336\">en vrac<\/b> op\u00e9rations. Contactez nous d\u00e8s maintenant !<\/p>\n<h2>Param\u00e8tres du film d'emballage de cartes de jouets sur mesure<\/h2>\n<ul>\n<li><strong>Mat\u00e9riau :<\/strong>\u00a0PET\/PE, PET\/NY\/PE, PET\/AL\/NY\/PE, etc.<\/li>\n<li><strong>Type de sac<\/strong>: <strong>Film en rouleau<\/strong><\/li>\n<li><strong>Taille<\/strong>: Sur mesure<\/li>\n<li><strong>Commande personnalis\u00e9e<\/strong>: Acceptation des OEM et ODM<\/li>\n<li><strong>\u00c9chantillon gratuit<\/strong>: Support<\/li>\n<li><strong>Utilisation<\/strong>: Carte-jouet, et autres<\/li>\n<li><strong>Couleur<\/strong>: Peut \u00eatre personnalis\u00e9<\/li>\n<li><strong>March\u00e9s cibles<\/strong>: Partout dans le monde<\/li>\n<\/ul>","protected":false},"featured_media":3006,"comment_status":"closed","ping_status":"closed","template":"","meta":{"_acf_changed":false},"market":[69],"product_brand":[],"product_cat":[57],"product_tag":[],"class_list":{"0":"post-3003","1":"product","2":"type-product","3":"status-publish","4":"has-post-thumbnail","6":"market-custom-toy-packaging-supplier","7":"product_cat-rollstock-film-supplier","9":"first","10":"instock","11":"shipping-taxable","12":"product-type-simple"},"acf":[],"_links":{"self":[{"href":"https:\/\/www.zkprintpack.com\/fr\/wp-json\/wp\/v2\/product\/3003","targetHints":{"allow":["GET"]}}],"collection":[{"href":"https:\/\/www.zkprintpack.com\/fr\/wp-json\/wp\/v2\/product"}],"about":[{"href":"https:\/\/www.zkprintpack.com\/fr\/wp-json\/wp\/v2\/types\/product"}],"replies":[{"embeddable":true,"href":"https:\/\/www.zkprintpack.com\/fr\/wp-json\/wp\/v2\/comments?post=3003"}],"wp:featuredmedia":[{"embeddable":true,"href":"https:\/\/www.zkprintpack.com\/fr\/wp-json\/wp\/v2\/media\/3006"}],"wp:attachment":[{"href":"https:\/\/www.zkprintpack.com\/fr\/wp-json\/wp\/v2\/media?parent=3003"}],"wp:term":[{"taxonomy":"market","embeddable":true,"href":"https:\/\/www.zkprintpack.com\/fr\/wp-json\/wp\/v2\/market?post=3003"},{"taxonomy":"product_brand","embeddable":true,"href":"https:\/\/www.zkprintpack.com\/fr\/wp-json\/wp\/v2\/product_brand?post=3003"},{"taxonomy":"product_cat","embeddable":true,"href":"https:\/\/www.zkprintpack.com\/fr\/wp-json\/wp\/v2\/product_cat?post=3003"},{"taxonomy":"product_tag","embeddable":true,"href":"https:\/\/www.zkprintpack.com\/fr\/wp-json\/wp\/v2\/product_tag?post=3003"}],"curies":[{"name":"wp","href":"https:\/\/api.w.org\/{rel}","templated":true}]}}