{"id":3001,"date":"2026-04-17T03:12:38","date_gmt":"2026-04-17T03:12:38","guid":{"rendered":"https:\/\/www.zkprintpack.com\/?post_type=product&#038;p=3001"},"modified":"2026-04-17T03:12:40","modified_gmt":"2026-04-17T03:12:40","slug":"oem-dry-food-packaging-pouches-supply","status":"publish","type":"product","link":"https:\/\/www.zkprintpack.com\/fr\/product\/oem-dry-food-packaging-pouches-supply\/","title":{"rendered":"OEM Dry Food Packaging Pouch Wholesale Supply- High-Barrier, Transparent Window"},"content":{"rendered":"<div class=\"wp-block-columns is-layout-flex wp-container-core-columns-is-layout-9d6595d7 wp-block-columns-is-layout-flex\">\n<div class=\"wp-block-column is-layout-flow wp-block-column-is-layout-flow\">\n<h2 class=\"wp-block-heading\">Caract\u00e9ristiques de l'emballage OEM pour aliments secs<\/h2>\n\n\n\n<ul class=\"wp-block-list\">\n<li><strong>Fen\u00eatre transparente int\u00e9gr\u00e9e pour la transparence du produit :<\/strong> Une fen\u00eatre transparente plac\u00e9e avec pr\u00e9cision permet aux consommateurs de voir directement le contenu, mettant en valeur la fra\u00eecheur du produit et augmentant la confiance dans l'achat.<\/li>\n\n\n\n<li><strong>Protection \u00e0 haute barri\u00e8re pour les produits secs :<\/strong> Nos sachets sont fabriqu\u00e9s avec des films multicouches qui emp\u00eachent efficacement l'humidit\u00e9 de p\u00e9n\u00e9trer, ce qui en fait le choix id\u00e9al pour les nouilles, les amidons et autres aliments secs sensibles \u00e0 l'humidit\u00e9.<\/li>\n\n\n\n<li><strong>Personnalisation et impression OEM en direct de l'usine :<\/strong> Nous offrons une personnalisation compl\u00e8te pour votre marque, y compris des dimensions personnalis\u00e9es, des encoches de d\u00e9chirement pour plus de commodit\u00e9, et une impression en h\u00e9liogravure vibrante pour r\u00e9pondre \u00e0 l'esth\u00e9tique sp\u00e9cifique du march\u00e9.<\/li>\n\n\n\n<li><strong>Construction thermosoudable durable :<\/strong> Con\u00e7us pour les lignes de remplissage \u00e0 grande vitesse, nos sachets sont dot\u00e9s de solides joints lat\u00e9raux qui emp\u00eachent l'\u00e9clatement et pr\u00e9servent l'int\u00e9grit\u00e9 du produit tout au long du cycle de distribution mondial.<\/li>\n<\/ul>\n<\/div>\n\n\n\n<div class=\"wp-block-column is-layout-flow wp-block-column-is-layout-flow\">\n<figure class=\"wp-block-image size-full\"><img decoding=\"async\" width=\"800\" height=\"800\" src=\"https:\/\/www.zkprintpack.com\/wp-content\/uploads\/2026\/04\/OEM-dry-food-packaging-pouches-wholesale.webp\" alt=\"Sachets d&#039;emballage pour aliments secs OEM en gros\" class=\"wp-image-3002\" srcset=\"https:\/\/www.zkprintpack.com\/wp-content\/uploads\/2026\/04\/OEM-dry-food-packaging-pouches-wholesale.webp 800w, https:\/\/www.zkprintpack.com\/wp-content\/uploads\/2026\/04\/OEM-dry-food-packaging-pouches-wholesale-150x150.webp 150w, https:\/\/www.zkprintpack.com\/wp-content\/uploads\/2026\/04\/OEM-dry-food-packaging-pouches-wholesale-768x768.webp 768w, https:\/\/www.zkprintpack.com\/wp-content\/uploads\/2026\/04\/OEM-dry-food-packaging-pouches-wholesale-12x12.webp 12w, https:\/\/www.zkprintpack.com\/wp-content\/uploads\/2026\/04\/OEM-dry-food-packaging-pouches-wholesale-600x600.webp 600w, https:\/\/www.zkprintpack.com\/wp-content\/uploads\/2026\/04\/OEM-dry-food-packaging-pouches-wholesale-300x300.webp 300w, https:\/\/www.zkprintpack.com\/wp-content\/uploads\/2026\/04\/OEM-dry-food-packaging-pouches-wholesale-100x100.webp 100w\" sizes=\"(max-width: 800px) 100vw, 800px\" \/><\/figure>\n<\/div>\n<\/div>\n\n\n\n<p><\/p>","protected":false},"excerpt":{"rendered":"<p>Sachets d'emballage pour aliments secs OEM en gros. Fabriqu\u00e9s \u00e0 partir de mat\u00e9riaux lamin\u00e9s multicouches de premi\u00e8re qualit\u00e9, ces sachets constituent un bouclier essentiel contre l'humidit\u00e9 et l'oxyg\u00e8ne, garantissant que les produits d\u00e9shydrat\u00e9s ou en poudre conservent la texture et la saveur voulues, du d\u00e9but jusqu'\u00e0 la fin. <b data-path-to-node=\"6\" data-index-in-node=\"559\">usine<\/b> \u00e0 la cuisine du consommateur. Contactez nous d\u00e8s maintenant !<\/p>\n<h2>Param\u00e8tres de la pochette d'emballage pour aliments secs OEM<\/h2>\n<ul>\n<li><strong>Mat\u00e9riau :<\/strong>\u00a0PET\/PE, PET\/NY\/PE, PET\/AL\/NY\/PE, etc.<\/li>\n<li><strong>Type de sac<\/strong>: <strong>Pochette plate<\/strong><\/li>\n<li><strong>Taille<\/strong>: Sur mesure<\/li>\n<li><strong>Commande personnalis\u00e9e<\/strong>: Acceptation des OEM et ODM<\/li>\n<li><strong>\u00c9chantillon gratuit<\/strong>: Support<\/li>\n<li><strong>Utilisation<\/strong>: L\u00e9gumes secs, aliments secs et autres<\/li>\n<li><strong>Couleur<\/strong>: Peut \u00eatre personnalis\u00e9<\/li>\n<li><strong>March\u00e9s cibles<\/strong>: Partout dans le monde<\/li>\n<\/ul>","protected":false},"featured_media":3002,"comment_status":"closed","ping_status":"closed","template":"","meta":{"_acf_changed":false},"market":[],"product_brand":[],"product_cat":[67,53],"product_tag":[],"class_list":{"0":"post-3001","1":"product","2":"type-product","3":"status-publish","4":"has-post-thumbnail","6":"product_cat-custom-flat-pouch","7":"product_cat-three-side-seal-pouch-wholesale","9":"first","10":"instock","11":"shipping-taxable","12":"product-type-simple"},"acf":[],"_links":{"self":[{"href":"https:\/\/www.zkprintpack.com\/fr\/wp-json\/wp\/v2\/product\/3001","targetHints":{"allow":["GET"]}}],"collection":[{"href":"https:\/\/www.zkprintpack.com\/fr\/wp-json\/wp\/v2\/product"}],"about":[{"href":"https:\/\/www.zkprintpack.com\/fr\/wp-json\/wp\/v2\/types\/product"}],"replies":[{"embeddable":true,"href":"https:\/\/www.zkprintpack.com\/fr\/wp-json\/wp\/v2\/comments?post=3001"}],"wp:featuredmedia":[{"embeddable":true,"href":"https:\/\/www.zkprintpack.com\/fr\/wp-json\/wp\/v2\/media\/3002"}],"wp:attachment":[{"href":"https:\/\/www.zkprintpack.com\/fr\/wp-json\/wp\/v2\/media?parent=3001"}],"wp:term":[{"taxonomy":"market","embeddable":true,"href":"https:\/\/www.zkprintpack.com\/fr\/wp-json\/wp\/v2\/market?post=3001"},{"taxonomy":"product_brand","embeddable":true,"href":"https:\/\/www.zkprintpack.com\/fr\/wp-json\/wp\/v2\/product_brand?post=3001"},{"taxonomy":"product_cat","embeddable":true,"href":"https:\/\/www.zkprintpack.com\/fr\/wp-json\/wp\/v2\/product_cat?post=3001"},{"taxonomy":"product_tag","embeddable":true,"href":"https:\/\/www.zkprintpack.com\/fr\/wp-json\/wp\/v2\/product_tag?post=3001"}],"curies":[{"name":"wp","href":"https:\/\/api.w.org\/{rel}","templated":true}]}}