{"id":2997,"date":"2026-04-17T03:39:02","date_gmt":"2026-04-17T03:39:02","guid":{"rendered":"https:\/\/www.zkprintpack.com\/?post_type=product&#038;p=2997"},"modified":"2026-04-17T03:39:05","modified_gmt":"2026-04-17T03:39:05","slug":"custom-vegetable-packaging-bag","status":"publish","type":"product","link":"https:\/\/www.zkprintpack.com\/fr\/product\/custom-vegetable-packaging-bag\/","title":{"rendered":"Sacs d'emballage de l\u00e9gumes sur mesure - Sachets en vrac pour aliments secs, emballage de l\u00e9gumes secs"},"content":{"rendered":"<div class=\"wp-block-columns is-layout-flex wp-container-core-columns-is-layout-9d6595d7 wp-block-columns-is-layout-flex\">\n<div class=\"wp-block-column is-layout-flow wp-block-column-is-layout-flow\">\n<h2 class=\"wp-block-heading\">Caract\u00e9ristiques du sac d'emballage de l\u00e9gumes sur mesure<\/h2>\n\n\n\n<ul class=\"wp-block-list\">\n<li><strong>Fermeture \u00e0 glissi\u00e8re refermable pour pr\u00e9server la fra\u00eecheur :<\/strong> La fermeture \u00e0 glissi\u00e8re int\u00e9gr\u00e9e permet aux consommateurs de conserver le croquant et la saveur des l\u00e9gumes secs, ajoutant ainsi une valeur significative aux marques de snacks haut de gamme.<\/li>\n\n\n\n<li><strong>Marchandisage polyvalent gr\u00e2ce aux trous de suspension int\u00e9gr\u00e9s :<\/strong> Chaque pochette est munie d'un trou de suspension pr\u00e9perfor\u00e9, ce qui offre aux grossistes et aux d\u00e9taillants des options de pr\u00e9sentation flexibles pour les configurations en rayon et les bandes suspendues.<\/li>\n\n\n\n<li><strong>Marquage OEM\/ODM sur mesure et conception de la fen\u00eatre :<\/strong> Nous offrons une personnalisation compl\u00e8te des zones graphiques, des formes et des tailles, ce qui vous permet de mettre en \u00e9vidence la qualit\u00e9 et la couleur de votre contenu de snack en vrac afin de gagner la confiance des consommateurs.<\/li>\n\n\n\n<li><strong>Mat\u00e9riau \u00e0 haute barri\u00e8re pour une dur\u00e9e de conservation prolong\u00e9e :<\/strong> Fabriqu\u00e9s avec des films multicouches sp\u00e9cialis\u00e9s, ces sachets offrent une excellente protection contre l'humidit\u00e9 et l'oxyg\u00e8ne, ce qui est essentiel pour la conservation des en-cas frits ou d\u00e9shydrat\u00e9s sous vide.<\/li>\n<\/ul>\n<\/div>\n\n\n\n<div class=\"wp-block-column is-layout-flow wp-block-column-is-layout-flow\">\n<figure class=\"wp-block-image size-full\"><img decoding=\"async\" width=\"800\" height=\"800\" src=\"https:\/\/www.zkprintpack.com\/wp-content\/uploads\/2026\/04\/Custom-Vegetable-Packaging-Bags-3.webp\" alt=\"Sacs d&#039;emballage de l\u00e9gumes sur mesure (3)\" class=\"wp-image-3000\" srcset=\"https:\/\/www.zkprintpack.com\/wp-content\/uploads\/2026\/04\/Custom-Vegetable-Packaging-Bags-3.webp 800w, https:\/\/www.zkprintpack.com\/wp-content\/uploads\/2026\/04\/Custom-Vegetable-Packaging-Bags-3-150x150.webp 150w, https:\/\/www.zkprintpack.com\/wp-content\/uploads\/2026\/04\/Custom-Vegetable-Packaging-Bags-3-768x768.webp 768w, https:\/\/www.zkprintpack.com\/wp-content\/uploads\/2026\/04\/Custom-Vegetable-Packaging-Bags-3-12x12.webp 12w, https:\/\/www.zkprintpack.com\/wp-content\/uploads\/2026\/04\/Custom-Vegetable-Packaging-Bags-3-600x600.webp 600w, https:\/\/www.zkprintpack.com\/wp-content\/uploads\/2026\/04\/Custom-Vegetable-Packaging-Bags-3-300x300.webp 300w, https:\/\/www.zkprintpack.com\/wp-content\/uploads\/2026\/04\/Custom-Vegetable-Packaging-Bags-3-100x100.webp 100w\" sizes=\"(max-width: 800px) 100vw, 800px\" \/><\/figure>\n<\/div>\n<\/div>\n\n\n\n<p><\/p>","protected":false},"excerpt":{"rendered":"<p>Vente en gros de sacs d'emballage de l\u00e9gumes personnalis\u00e9s, ainsi que de sacs d'emballage d'aliments secs. Au-del\u00e0 de sa forme unique, ce sachet est con\u00e7u pour la vente au d\u00e9tail. Il est dot\u00e9 d'une fermeture \u00e0 glissi\u00e8re refermable fiable pour pr\u00e9server la fra\u00eecheur du produit et d'un trou d'accrochage pour des options de merchandising polyvalentes, permettant aux d\u00e9taillants de pr\u00e9senter les produits sur des tableaux \u00e0 pattes ou des bandes de rayonnage. Contactez nous d\u00e8s maintenant !<\/p>\n<h2>Param\u00e8tres du sac d'emballage de l\u00e9gumes sur mesure<\/h2>\n<ul>\n<li><strong>Mat\u00e9riau :<\/strong>\u00a0PET\/PE, PET\/NY\/PE, PET\/AL\/NY\/PE, etc.<\/li>\n<li><strong>Type de sac<\/strong>: <strong>Pochette en forme<\/strong><\/li>\n<li><strong>Taille<\/strong>: Sur mesure<\/li>\n<li><strong>Commande personnalis\u00e9e<\/strong>: Acceptation des OEM et ODM<\/li>\n<li><strong>\u00c9chantillon gratuit<\/strong>: Support<\/li>\n<li><strong>Utilisation<\/strong>: L\u00e9gumes secs, aliments secs et autres<\/li>\n<li><strong>Couleur<\/strong>: Peut \u00eatre personnalis\u00e9<\/li>\n<li><strong>March\u00e9s cibles<\/strong>: Partout dans le monde<\/li>\n<\/ul>","protected":false},"featured_media":2999,"comment_status":"closed","ping_status":"closed","template":"","meta":{"_acf_changed":false},"market":[61],"product_brand":[],"product_cat":[52],"product_tag":[],"class_list":{"0":"post-2997","1":"product","2":"type-product","3":"status-publish","4":"has-post-thumbnail","6":"market-snack-packaging-supplier","7":"product_cat-shaped-pouches-factory","9":"first","10":"instock","11":"shipping-taxable","12":"product-type-simple"},"acf":[],"_links":{"self":[{"href":"https:\/\/www.zkprintpack.com\/fr\/wp-json\/wp\/v2\/product\/2997","targetHints":{"allow":["GET"]}}],"collection":[{"href":"https:\/\/www.zkprintpack.com\/fr\/wp-json\/wp\/v2\/product"}],"about":[{"href":"https:\/\/www.zkprintpack.com\/fr\/wp-json\/wp\/v2\/types\/product"}],"replies":[{"embeddable":true,"href":"https:\/\/www.zkprintpack.com\/fr\/wp-json\/wp\/v2\/comments?post=2997"}],"wp:featuredmedia":[{"embeddable":true,"href":"https:\/\/www.zkprintpack.com\/fr\/wp-json\/wp\/v2\/media\/2999"}],"wp:attachment":[{"href":"https:\/\/www.zkprintpack.com\/fr\/wp-json\/wp\/v2\/media?parent=2997"}],"wp:term":[{"taxonomy":"market","embeddable":true,"href":"https:\/\/www.zkprintpack.com\/fr\/wp-json\/wp\/v2\/market?post=2997"},{"taxonomy":"product_brand","embeddable":true,"href":"https:\/\/www.zkprintpack.com\/fr\/wp-json\/wp\/v2\/product_brand?post=2997"},{"taxonomy":"product_cat","embeddable":true,"href":"https:\/\/www.zkprintpack.com\/fr\/wp-json\/wp\/v2\/product_cat?post=2997"},{"taxonomy":"product_tag","embeddable":true,"href":"https:\/\/www.zkprintpack.com\/fr\/wp-json\/wp\/v2\/product_tag?post=2997"}],"curies":[{"name":"wp","href":"https:\/\/api.w.org\/{rel}","templated":true}]}}