{"id":2993,"date":"2026-04-17T02:48:12","date_gmt":"2026-04-17T02:48:12","guid":{"rendered":"https:\/\/www.zkprintpack.com\/?post_type=product&#038;p=2993"},"modified":"2026-04-17T02:48:14","modified_gmt":"2026-04-17T02:48:14","slug":"oem-refill-spout-pouch-for-detergent","status":"publish","type":"product","link":"https:\/\/www.zkprintpack.com\/fr\/product\/oem-refill-spout-pouch-for-detergent\/","title":{"rendered":"Pochette de recharge personnalis\u00e9e pour d\u00e9tergents liquides - Pochette de recharge en vrac pour l'approvisionnement en liquides chimiques"},"content":{"rendered":"<div class=\"wp-block-columns is-layout-flex wp-container-core-columns-is-layout-9d6595d7 wp-block-columns-is-layout-flex\">\n<div class=\"wp-block-column is-layout-flow wp-block-column-is-layout-flow\">\n<h2 class=\"wp-block-heading\">Pochette de recharge personnalis\u00e9e pour liquides d\u00e9tergents Caract\u00e9ristiques<\/h2>\n\n\n\n<ul class=\"wp-block-list\">\n<li><strong>Poign\u00e9e ergonomique d\u00e9coup\u00e9e pour une utilisation intensive :<\/strong> La poign\u00e9e int\u00e9gr\u00e9e permet aux consommateurs de transporter et de verser facilement des liquides lourds, ce qui constitue un avantage fonctionnel important pour les recharges de grande capacit\u00e9 de 1,68 kg.<\/li>\n\n\n\n<li><strong>Bec d'angle \u00e9tanche et fermeture s\u00e9curis\u00e9e :<\/strong> Nos becs et bouchons \u00e0 vis, con\u00e7us avec pr\u00e9cision, garantissent une fermeture herm\u00e9tique qui emp\u00eache les fuites pendant le transport et permet \u00e0 l'utilisateur final d'effectuer une distribution pr\u00e9cise et sans d\u00e9g\u00e2ts.<\/li>\n\n\n\n<li><strong>Lamination multicouche \u00e0 haute r\u00e9sistance :<\/strong> Fabriqu\u00e9s \u00e0 partir de films \u00e0 haute barri\u00e8re, ces sachets offrent une durabilit\u00e9 et une r\u00e9sistance \u00e0 la perforation sup\u00e9rieures, prot\u00e9geant les d\u00e9tergents liquides de la d\u00e9gradation de l'environnement et de la lixiviation chimique.<\/li>\n\n\n\n<li><strong>Personnalisation OEM et de marque en direct de l'usine :<\/strong> Nous fournissons une assistance compl\u00e8te pour l'impression personnalis\u00e9e et les ajustements structurels, permettant aux grossistes de lancer des lignes de recharges de marque qui s'alignent parfaitement sur les pr\u00e9f\u00e9rences esth\u00e9tiques et fonctionnelles de leur march\u00e9.<\/li>\n<\/ul>\n<\/div>\n\n\n\n<div class=\"wp-block-column is-layout-flow wp-block-column-is-layout-flow\">\n<figure class=\"wp-block-image size-full\"><img decoding=\"async\" width=\"800\" height=\"800\" src=\"https:\/\/www.zkprintpack.com\/wp-content\/uploads\/2026\/04\/Custom-Refill-Spout-Pouch-for-Liquid-Detergent-1.webp\" alt=\"Pochette de recharge personnalis\u00e9e pour d\u00e9tergent liquide (1)\" class=\"wp-image-2994\" srcset=\"https:\/\/www.zkprintpack.com\/wp-content\/uploads\/2026\/04\/Custom-Refill-Spout-Pouch-for-Liquid-Detergent-1.webp 800w, https:\/\/www.zkprintpack.com\/wp-content\/uploads\/2026\/04\/Custom-Refill-Spout-Pouch-for-Liquid-Detergent-1-150x150.webp 150w, https:\/\/www.zkprintpack.com\/wp-content\/uploads\/2026\/04\/Custom-Refill-Spout-Pouch-for-Liquid-Detergent-1-768x768.webp 768w, https:\/\/www.zkprintpack.com\/wp-content\/uploads\/2026\/04\/Custom-Refill-Spout-Pouch-for-Liquid-Detergent-1-12x12.webp 12w, https:\/\/www.zkprintpack.com\/wp-content\/uploads\/2026\/04\/Custom-Refill-Spout-Pouch-for-Liquid-Detergent-1-600x600.webp 600w, https:\/\/www.zkprintpack.com\/wp-content\/uploads\/2026\/04\/Custom-Refill-Spout-Pouch-for-Liquid-Detergent-1-300x300.webp 300w, https:\/\/www.zkprintpack.com\/wp-content\/uploads\/2026\/04\/Custom-Refill-Spout-Pouch-for-Liquid-Detergent-1-100x100.webp 100w\" sizes=\"(max-width: 800px) 100vw, 800px\" \/><\/figure>\n<\/div>\n<\/div>\n\n\n\n<p><\/p>","protected":false},"excerpt":{"rendered":"<p>Optimisez la distribution de vos produits liquides gr\u00e2ce \u00e0 notre syst\u00e8me de distribution \u00e0 haute performance <b data-path-to-node=\"5\" data-index-in-node=\"68\">Pochette \u00e0 bec personnalis\u00e9e<\/b>, Ce produit a \u00e9t\u00e9 sp\u00e9cialement con\u00e7u pour r\u00e9pondre aux besoins des industries des produits chimiques m\u00e9nagers et des d\u00e9tergents. Le bec en coin int\u00e9gr\u00e9 et le bouchon \u00e0 vis s\u00fbr garantissent un joint \u00e9tanche et un versement contr\u00f4l\u00e9, ce qui en fait un choix id\u00e9al pour les d\u00e9tergents liquides, les savons pour la vaisselle et les nettoyants industriels. Contactez nous maintenant !<\/p>\n<h2>Param\u00e8tres de la pochette \u00e0 bec rechargeable personnalis\u00e9e<\/h2>\n<ul>\n<li><strong>Mat\u00e9riau :<\/strong>\u00a0PET\/PE, PET\/NY\/PE, PET\/AL\/NY\/PE, etc.<\/li>\n<li><strong>Type de sac<\/strong>: <strong>Pochette \u00e0 bec<\/strong><\/li>\n<li><strong>Taille<\/strong>: Sur mesure<\/li>\n<li><strong>Commande personnalis\u00e9e<\/strong>: Acceptation des OEM et ODM<\/li>\n<li><strong>\u00c9chantillon gratuit<\/strong>: Support<\/li>\n<li><strong>Utilisation<\/strong>: Liquides d\u00e9tergents, liquides chimiques, liquides industriels et autres<\/li>\n<li><strong>Couleur<\/strong>: Peut \u00eatre personnalis\u00e9<\/li>\n<li><strong>March\u00e9s cibles<\/strong>: Partout dans le monde<\/li>\n<\/ul>","protected":false},"featured_media":2996,"comment_status":"closed","ping_status":"closed","template":"","meta":{"_acf_changed":false},"market":[51],"product_brand":[],"product_cat":[56],"product_tag":[],"class_list":{"0":"post-2993","1":"product","2":"type-product","3":"status-publish","4":"has-post-thumbnail","6":"market-personal-care-and-cosmetic","7":"product_cat-custom-spout-pouches-supplier","9":"first","10":"instock","11":"shipping-taxable","12":"product-type-simple"},"acf":[],"_links":{"self":[{"href":"https:\/\/www.zkprintpack.com\/fr\/wp-json\/wp\/v2\/product\/2993","targetHints":{"allow":["GET"]}}],"collection":[{"href":"https:\/\/www.zkprintpack.com\/fr\/wp-json\/wp\/v2\/product"}],"about":[{"href":"https:\/\/www.zkprintpack.com\/fr\/wp-json\/wp\/v2\/types\/product"}],"replies":[{"embeddable":true,"href":"https:\/\/www.zkprintpack.com\/fr\/wp-json\/wp\/v2\/comments?post=2993"}],"wp:featuredmedia":[{"embeddable":true,"href":"https:\/\/www.zkprintpack.com\/fr\/wp-json\/wp\/v2\/media\/2996"}],"wp:attachment":[{"href":"https:\/\/www.zkprintpack.com\/fr\/wp-json\/wp\/v2\/media?parent=2993"}],"wp:term":[{"taxonomy":"market","embeddable":true,"href":"https:\/\/www.zkprintpack.com\/fr\/wp-json\/wp\/v2\/market?post=2993"},{"taxonomy":"product_brand","embeddable":true,"href":"https:\/\/www.zkprintpack.com\/fr\/wp-json\/wp\/v2\/product_brand?post=2993"},{"taxonomy":"product_cat","embeddable":true,"href":"https:\/\/www.zkprintpack.com\/fr\/wp-json\/wp\/v2\/product_cat?post=2993"},{"taxonomy":"product_tag","embeddable":true,"href":"https:\/\/www.zkprintpack.com\/fr\/wp-json\/wp\/v2\/product_tag?post=2993"}],"curies":[{"name":"wp","href":"https:\/\/api.w.org\/{rel}","templated":true}]}}