{"id":2990,"date":"2026-04-17T02:12:57","date_gmt":"2026-04-17T02:12:57","guid":{"rendered":"https:\/\/www.zkprintpack.com\/?post_type=product&#038;p=2990"},"modified":"2026-04-17T02:13:00","modified_gmt":"2026-04-17T02:13:00","slug":"custom-dry-food-packaging-pouch-supply","status":"publish","type":"product","link":"https:\/\/www.zkprintpack.com\/fr\/product\/custom-dry-food-packaging-pouch-supply\/","title":{"rendered":"Pochette d'emballage pour aliments secs, Pochette \u00e0 fond plat en vrac - Pouch Packaging Factory Supply"},"content":{"rendered":"<div class=\"wp-block-columns is-layout-flex wp-container-core-columns-is-layout-9d6595d7 wp-block-columns-is-layout-flex\">\n<div class=\"wp-block-column is-layout-flow wp-block-column-is-layout-flow\">\n<h2 class=\"wp-block-heading\">Caract\u00e9ristiques de l'emballage des aliments secs sur mesure<\/h2>\n\n\n\n<ul class=\"wp-block-list\">\n<li><strong>Conception d'un stand-up professionnel pour l'excellence de la vente au d\u00e9tail :<\/strong> Con\u00e7u avec une base solide et plate, ce sachet tient debout sans support externe, offrant une pr\u00e9sentation propre et pr\u00eate pour la vente au d\u00e9tail. Cette conception optimise l'espace en rayon et attire l'attention du consommateur.<\/li>\n\n\n\n<li><strong>Une forte int\u00e9grit\u00e9 de la thermoscellure avec une ouverture facile : <\/strong>Tous les bords de scellage sont con\u00e7us pour un scellage \u00e0 chaud tr\u00e8s r\u00e9sistant afin d'\u00e9viter les fuites d'air et les infiltrations d'humidit\u00e9. Une encoche de d\u00e9chirement ou une fermeture refermable facile \u00e0 utiliser am\u00e9liore le confort du consommateur apr\u00e8s l'ouverture.<\/li>\n\n\n\n<li><strong>Propri\u00e9t\u00e9s de barri\u00e8re optimis\u00e9es pour une dur\u00e9e de conservation prolong\u00e9e :<\/strong> Nos structures mat\u00e9rielles lamin\u00e9es offrent une protection sup\u00e9rieure contre l'oxyg\u00e8ne et l'humidit\u00e9, ce qui est essentiel pour pr\u00e9server la fra\u00eecheur et le croustillant de vos produits \u00e0 base de tofu, garantissant ainsi la qualit\u00e9 lors de la livraison \u00e0 vos clients finaux.<\/li>\n\n\n\n<li><strong>Ouverture facile \u00e0 d\u00e9chirer<\/strong><br>Des encoches de d\u00e9chirure pr\u00e9d\u00e9coup\u00e9es permettent aux consommateurs d'ouvrir rapidement le sachet sans ciseaux. La ligne de d\u00e9chirure propre am\u00e9liore l'exp\u00e9rience de la premi\u00e8re utilisation tout en pr\u00e9servant l'int\u00e9grit\u00e9 de l'emballage avant l'ouverture.<\/li>\n\n\n\n<li>En tant qu'usine sp\u00e9cialis\u00e9e dans la fabrication en gros de sacs \u00e0 fond plat, nous pouvons fournir une production directe \u00e0 l'usine avec un processus de fabrication et d'impression raffin\u00e9. Nous pouvons ainsi fournir une base stable pour les commandes de gros volumes.<\/li>\n<\/ul>\n<\/div>\n\n\n\n<div class=\"wp-block-column is-layout-flow wp-block-column-is-layout-flow\">\n<figure class=\"wp-block-image size-full\"><img decoding=\"async\" width=\"800\" height=\"800\" src=\"https:\/\/www.zkprintpack.com\/wp-content\/uploads\/2026\/04\/custom-dry-food-pakcaging-pouch.webp\" alt=\"sachet d&#039;emballage pour aliments secs personnalis\u00e9\" class=\"wp-image-2989\" srcset=\"https:\/\/www.zkprintpack.com\/wp-content\/uploads\/2026\/04\/custom-dry-food-pakcaging-pouch.webp 800w, https:\/\/www.zkprintpack.com\/wp-content\/uploads\/2026\/04\/custom-dry-food-pakcaging-pouch-150x150.webp 150w, https:\/\/www.zkprintpack.com\/wp-content\/uploads\/2026\/04\/custom-dry-food-pakcaging-pouch-768x768.webp 768w, https:\/\/www.zkprintpack.com\/wp-content\/uploads\/2026\/04\/custom-dry-food-pakcaging-pouch-12x12.webp 12w, https:\/\/www.zkprintpack.com\/wp-content\/uploads\/2026\/04\/custom-dry-food-pakcaging-pouch-600x600.webp 600w, https:\/\/www.zkprintpack.com\/wp-content\/uploads\/2026\/04\/custom-dry-food-pakcaging-pouch-300x300.webp 300w, https:\/\/www.zkprintpack.com\/wp-content\/uploads\/2026\/04\/custom-dry-food-pakcaging-pouch-100x100.webp 100w\" sizes=\"(max-width: 800px) 100vw, 800px\" \/><\/figure>\n<\/div>\n<\/div>\n\n\n\n<p><\/p>","protected":false},"excerpt":{"rendered":"<p>Emballage personnalis\u00e9 pour aliments secs avec un fabricant de sachets en direct. Cet emballage est con\u00e7u pour pr\u00e9server une texture croustillante tout en combinant des mat\u00e9riaux \u00e0 haute barri\u00e8re avec une narration visuelle traditionnelle dessin\u00e9e \u00e0 la main pour am\u00e9liorer \u00e0 la fois la protection du produit et l'attrait en rayon. Contactez nous maintenant !<\/p>\n<h2>Param\u00e8tres de la pochette d'emballage pour aliments secs sur mesure<\/h2>\n<ul>\n<li><strong>Fabricant :<\/strong> Zhongjia Packaging<\/li>\n<li><strong>Mat\u00e9riau :<\/strong>\u00a0PET\/PE, PET\/NY\/PE, PET\/AL\/NY\/PE, etc.<\/li>\n<li><strong>Type de sac<\/strong>: <strong>Pochette \u00e0 fond plat<\/strong><\/li>\n<li><strong>Taille<\/strong>: Sur mesure<\/li>\n<li><strong>Commande personnalis\u00e9e<\/strong>: Acceptation des OEM et ODM<\/li>\n<li><strong>\u00c9chantillon gratuit<\/strong>: Support<\/li>\n<li><strong>Utilisation<\/strong>: Peau de tofu, aliments secs et autres<\/li>\n<li><strong>Couleur<\/strong>: Peut \u00eatre personnalis\u00e9<\/li>\n<li><strong>March\u00e9s cibles<\/strong>: Partout dans le monde<\/li>\n<\/ul>","protected":false},"featured_media":2989,"comment_status":"closed","ping_status":"closed","template":"","meta":{"_acf_changed":false},"market":[],"product_brand":[],"product_cat":[55],"product_tag":[],"class_list":{"0":"post-2990","1":"product","2":"type-product","3":"status-publish","4":"has-post-thumbnail","6":"product_cat-flat-bottom-pouches-wholesale","8":"first","9":"instock","10":"shipping-taxable","11":"product-type-simple"},"acf":[],"_links":{"self":[{"href":"https:\/\/www.zkprintpack.com\/fr\/wp-json\/wp\/v2\/product\/2990","targetHints":{"allow":["GET"]}}],"collection":[{"href":"https:\/\/www.zkprintpack.com\/fr\/wp-json\/wp\/v2\/product"}],"about":[{"href":"https:\/\/www.zkprintpack.com\/fr\/wp-json\/wp\/v2\/types\/product"}],"replies":[{"embeddable":true,"href":"https:\/\/www.zkprintpack.com\/fr\/wp-json\/wp\/v2\/comments?post=2990"}],"wp:featuredmedia":[{"embeddable":true,"href":"https:\/\/www.zkprintpack.com\/fr\/wp-json\/wp\/v2\/media\/2989"}],"wp:attachment":[{"href":"https:\/\/www.zkprintpack.com\/fr\/wp-json\/wp\/v2\/media?parent=2990"}],"wp:term":[{"taxonomy":"market","embeddable":true,"href":"https:\/\/www.zkprintpack.com\/fr\/wp-json\/wp\/v2\/market?post=2990"},{"taxonomy":"product_brand","embeddable":true,"href":"https:\/\/www.zkprintpack.com\/fr\/wp-json\/wp\/v2\/product_brand?post=2990"},{"taxonomy":"product_cat","embeddable":true,"href":"https:\/\/www.zkprintpack.com\/fr\/wp-json\/wp\/v2\/product_cat?post=2990"},{"taxonomy":"product_tag","embeddable":true,"href":"https:\/\/www.zkprintpack.com\/fr\/wp-json\/wp\/v2\/product_tag?post=2990"}],"curies":[{"name":"wp","href":"https:\/\/api.w.org\/{rel}","templated":true}]}}