{"id":2988,"date":"2026-04-17T03:44:31","date_gmt":"2026-04-17T03:44:31","guid":{"rendered":"https:\/\/www.zkprintpack.com\/?post_type=product&#038;p=2988"},"modified":"2026-04-17T03:44:34","modified_gmt":"2026-04-17T03:44:34","slug":"custom-flat-bottom-pouch-for-noodles","status":"publish","type":"product","link":"https:\/\/www.zkprintpack.com\/fr\/product\/custom-flat-bottom-pouch-for-noodles\/","title":{"rendered":"Pochette \u00e0 fond plat personnalis\u00e9e pour nouilles - Bulk Pouch Packaging Supplier"},"content":{"rendered":"<div class=\"wp-block-columns is-layout-flex wp-container-core-columns-is-layout-9d6595d7 wp-block-columns-is-layout-flex\">\n<div class=\"wp-block-column is-layout-flow wp-block-column-is-layout-flow\">\n<h2 class=\"wp-block-heading\">Caract\u00e9ristiques des pochettes \u00e0 fond plat personnalis\u00e9es<\/h2>\n\n\n\n<ul class=\"wp-block-list\">\n<li><strong>Structure \u00e0 fond plat de premi\u00e8re qualit\u00e9 pour une stabilit\u00e9 maximale :<\/strong> La base renforc\u00e9e en forme de bo\u00eete permet \u00e0 la pochette de rester verticale, m\u00eame lorsqu'elle est remplie d'un contenu lourd. Cette stabilit\u00e9 verticale optimise l'espace en rayon et conf\u00e8re un aspect professionnel haut de gamme que les d\u00e9taillants pr\u00e9f\u00e8rent \u00e0 d'autres solutions qui s'affaissent.<\/li>\n\n\n\n<li><strong>L'image de marque \u00e0 cinq faces Immobilier :<\/strong> Cette conception offre beaucoup plus d'espace marketing que les pochettes standard. Les marques peuvent ainsi utiliser les soufflets lat\u00e9raux et le fond pour apposer des codes-barres, des histoires d'origine ou des instructions en plusieurs langues, sans encombrer le design principal de la face avant.<\/li>\n\n\n\n<li><strong>Protection avanc\u00e9e de la barri\u00e8re pour une dur\u00e9e de conservation prolong\u00e9e :<\/strong> Nos sachets sont fabriqu\u00e9s \u00e0 l'aide de films lamin\u00e9s haute performance con\u00e7us pour offrir une protection sup\u00e9rieure contre les \u00e9l\u00e9ments ext\u00e9rieurs. Cette protection est essentielle pour pr\u00e9server la texture et la saveur des aliments secs et garantir qu'ils parviennent au consommateur final dans des conditions optimales.<\/li>\n\n\n\n<li><strong>Personnalisation compl\u00e8te OEM\/ODM pour les marques B2B :<\/strong> En tant qu'acteur direct <strong>fournisseur<\/strong>, En outre, nous proposons de nombreuses options de personnalisation. Vous pouvez sp\u00e9cifier des finitions mates, brillantes ou douces au toucher, int\u00e9grer des fen\u00eatres transparentes pour mettre en valeur la qualit\u00e9 des produits et choisir parmi diff\u00e9rents syst\u00e8mes de fermeture pour r\u00e9pondre aux besoins fonctionnels sp\u00e9cifiques de votre march\u00e9 cible.<\/li>\n\n\n\n<li><strong>Production industrielle en grande quantit\u00e9 et logistique en vrac :<\/strong> Nous sommes \u00e9quip\u00e9s pour g\u00e9rer des projets de grande envergure <strong>commerce de gros<\/strong> avec un contr\u00f4le de qualit\u00e9 constant. Notre processus de fabrication rationalis\u00e9 garantit des d\u00e9lais de livraison comp\u00e9titifs et une exp\u00e9dition fiable pour les importateurs internationaux et les grands distributeurs \u00e0 la recherche d'un partenaire de production \u00e0 long terme.<\/li>\n<\/ul>\n<\/div>\n\n\n\n<div class=\"wp-block-column is-layout-flow wp-block-column-is-layout-flow\">\n<figure class=\"wp-block-image size-full\"><img decoding=\"async\" width=\"800\" height=\"800\" src=\"https:\/\/www.zkprintpack.com\/wp-content\/uploads\/2026\/04\/custom-flat-bottom-pouch-factory.webp\" alt=\"Pochette \u00e0 fond plat fabriqu\u00e9e sur mesure\" class=\"wp-image-2992\" srcset=\"https:\/\/www.zkprintpack.com\/wp-content\/uploads\/2026\/04\/custom-flat-bottom-pouch-factory.webp 800w, https:\/\/www.zkprintpack.com\/wp-content\/uploads\/2026\/04\/custom-flat-bottom-pouch-factory-150x150.webp 150w, https:\/\/www.zkprintpack.com\/wp-content\/uploads\/2026\/04\/custom-flat-bottom-pouch-factory-768x768.webp 768w, https:\/\/www.zkprintpack.com\/wp-content\/uploads\/2026\/04\/custom-flat-bottom-pouch-factory-12x12.webp 12w, https:\/\/www.zkprintpack.com\/wp-content\/uploads\/2026\/04\/custom-flat-bottom-pouch-factory-600x600.webp 600w, https:\/\/www.zkprintpack.com\/wp-content\/uploads\/2026\/04\/custom-flat-bottom-pouch-factory-300x300.webp 300w, https:\/\/www.zkprintpack.com\/wp-content\/uploads\/2026\/04\/custom-flat-bottom-pouch-factory-100x100.webp 100w\" sizes=\"(max-width: 800px) 100vw, 800px\" \/><\/figure>\n<\/div>\n<\/div>\n\n\n\n<p><\/p>","protected":false},"excerpt":{"rendered":"<p>Pochette \u00e0 fond plat pour nouilles, fabriqu\u00e9e en usine. Ce sachet est dot\u00e9 d'une base rectangulaire enti\u00e8rement plate qui lui permet de se tenir fermement comme une bo\u00eete. Id\u00e9ales pour les applications lourdes telles que les nouilles, le riz, les aliments pour animaux et les snacks en vrac, nos pochettes sont fabriqu\u00e9es \u00e0 partir de lamin\u00e9s multicouches \u00e0 haute barri\u00e8re. N'h\u00e9sitez pas \u00e0 nous contacter !<\/p>\n<h2>Param\u00e8tres de la pochette \u00e0 fond plat personnalis\u00e9e pour nouilles<\/h2>\n<ul>\n<li><strong>Mat\u00e9riau :<\/strong>\u00a0PET\/PE, PET\/NY\/PE, PET\/AL\/NY\/PE, etc.<\/li>\n<li><strong>Type de sac<\/strong>: <strong>Pochette \u00e0 fond plat<\/strong><\/li>\n<li><strong>Taille<\/strong>: Sur mesure<\/li>\n<li><strong>Commande personnalis\u00e9e<\/strong>: Acceptation des OEM et ODM<\/li>\n<li><strong>\u00c9chantillon gratuit<\/strong>: Support<\/li>\n<li><strong>Utilisation<\/strong>: Nouilles, aliments secs et autres<\/li>\n<li><strong>Couleur<\/strong>: Peut \u00eatre personnalis\u00e9<\/li>\n<li><strong>March\u00e9s cibles<\/strong>: Partout dans le monde<\/li>\n<\/ul>","protected":false},"featured_media":2991,"comment_status":"closed","ping_status":"closed","template":"","meta":{"_acf_changed":false},"market":[],"product_brand":[],"product_cat":[55],"product_tag":[],"class_list":{"0":"post-2988","1":"product","2":"type-product","3":"status-publish","4":"has-post-thumbnail","6":"product_cat-flat-bottom-pouches-wholesale","8":"first","9":"instock","10":"shipping-taxable","11":"product-type-simple"},"acf":[],"_links":{"self":[{"href":"https:\/\/www.zkprintpack.com\/fr\/wp-json\/wp\/v2\/product\/2988","targetHints":{"allow":["GET"]}}],"collection":[{"href":"https:\/\/www.zkprintpack.com\/fr\/wp-json\/wp\/v2\/product"}],"about":[{"href":"https:\/\/www.zkprintpack.com\/fr\/wp-json\/wp\/v2\/types\/product"}],"replies":[{"embeddable":true,"href":"https:\/\/www.zkprintpack.com\/fr\/wp-json\/wp\/v2\/comments?post=2988"}],"wp:featuredmedia":[{"embeddable":true,"href":"https:\/\/www.zkprintpack.com\/fr\/wp-json\/wp\/v2\/media\/2991"}],"wp:attachment":[{"href":"https:\/\/www.zkprintpack.com\/fr\/wp-json\/wp\/v2\/media?parent=2988"}],"wp:term":[{"taxonomy":"market","embeddable":true,"href":"https:\/\/www.zkprintpack.com\/fr\/wp-json\/wp\/v2\/market?post=2988"},{"taxonomy":"product_brand","embeddable":true,"href":"https:\/\/www.zkprintpack.com\/fr\/wp-json\/wp\/v2\/product_brand?post=2988"},{"taxonomy":"product_cat","embeddable":true,"href":"https:\/\/www.zkprintpack.com\/fr\/wp-json\/wp\/v2\/product_cat?post=2988"},{"taxonomy":"product_tag","embeddable":true,"href":"https:\/\/www.zkprintpack.com\/fr\/wp-json\/wp\/v2\/product_tag?post=2988"}],"curies":[{"name":"wp","href":"https:\/\/api.w.org\/{rel}","templated":true}]}}