{"id":2923,"date":"2026-03-26T09:21:35","date_gmt":"2026-03-26T09:21:35","guid":{"rendered":"https:\/\/www.zkprintpack.com\/?post_type=product&#038;p=2923"},"modified":"2026-03-26T09:21:37","modified_gmt":"2026-03-26T09:21:37","slug":"custom-candy-packaging-bag-factory","status":"publish","type":"product","link":"https:\/\/www.zkprintpack.com\/fr\/product\/custom-candy-packaging-bag-factory\/","title":{"rendered":"Sac d'emballage de bonbons sur mesure - Sachet scell\u00e9 sur 3 c\u00f4t\u00e9s \u00e0 haute transparence Supply Pouch"},"content":{"rendered":"<div class=\"wp-block-columns is-layout-flex wp-container-core-columns-is-layout-9d6595d7 wp-block-columns-is-layout-flex\">\n<div class=\"wp-block-column is-layout-flow wp-block-column-is-layout-flow\">\n<h2 class=\"wp-block-heading\">Custom Candy Packaging Bag Features<\/h2>\n\n\n\n<ul class=\"wp-block-list\">\n<li><strong>Moisture and Freezer Burn Protection<br><\/strong>Our custom candy packaging bag features high water vapor barrier properties, reducing moisture loss and preventing ice crystal formation. This helps maintain smooth texture and product quality.<\/li>\n\n\n\n<li><strong>Protection ultra-haute barri\u00e8re contre l'humidit\u00e9<br><\/strong>The custom candy packaging bag uses high-barrier materials to prevent moisture absorption. This protects dried fruits from becoming sticky, moldy, or degraded.<\/li>\n\n\n\n<li><strong>High-Transparency Product Display<\/strong><br>A clear window allows direct visibility of the product\u2019s color and quality. This builds consumer trust by showcasing the actual contents.<\/li>\n\n\n\n<li><strong>Ouverture facile \u00e0 d\u00e9chirer<\/strong><br>Des encoches de d\u00e9chirure pr\u00e9d\u00e9coup\u00e9es permettent aux consommateurs d'ouvrir rapidement le sachet sans ciseaux. La ligne de d\u00e9chirure propre am\u00e9liore l'exp\u00e9rience de la premi\u00e8re utilisation tout en pr\u00e9servant l'int\u00e9grit\u00e9 de l'emballage avant l'ouverture.<\/li>\n\n\n\n<li>En tant qu'usine sp\u00e9cialis\u00e9e dans la fabrication de sacs \u00e0 sceller sur trois c\u00f4t\u00e9s, nous pouvons fournir une production directe en usine avec un processus de fabrication et d'impression raffin\u00e9. Nous pouvons ainsi fournir une base stable pour les commandes de gros volumes.<\/li>\n<\/ul>\n<\/div>\n\n\n\n<div class=\"wp-block-column is-layout-flow wp-block-column-is-layout-flow\">\n<figure class=\"wp-block-image size-full\"><img decoding=\"async\" width=\"800\" height=\"800\" src=\"https:\/\/www.zkprintpack.com\/wp-content\/uploads\/2026\/03\/custom-printed-candy-packaging-bag-2.webp\" alt=\"custom printed candy packaging bag (2)\" class=\"wp-image-2924\" srcset=\"https:\/\/www.zkprintpack.com\/wp-content\/uploads\/2026\/03\/custom-printed-candy-packaging-bag-2.webp 800w, https:\/\/www.zkprintpack.com\/wp-content\/uploads\/2026\/03\/custom-printed-candy-packaging-bag-2-150x150.webp 150w, https:\/\/www.zkprintpack.com\/wp-content\/uploads\/2026\/03\/custom-printed-candy-packaging-bag-2-768x768.webp 768w, https:\/\/www.zkprintpack.com\/wp-content\/uploads\/2026\/03\/custom-printed-candy-packaging-bag-2-12x12.webp 12w, https:\/\/www.zkprintpack.com\/wp-content\/uploads\/2026\/03\/custom-printed-candy-packaging-bag-2-600x600.webp 600w, https:\/\/www.zkprintpack.com\/wp-content\/uploads\/2026\/03\/custom-printed-candy-packaging-bag-2-300x300.webp 300w, https:\/\/www.zkprintpack.com\/wp-content\/uploads\/2026\/03\/custom-printed-candy-packaging-bag-2-100x100.webp 100w\" sizes=\"(max-width: 800px) 100vw, 800px\" \/><\/figure>\n<\/div>\n<\/div>\n\n\n\n<p><\/p>","protected":false},"excerpt":{"rendered":"<p>Solutions de pochettes scell\u00e9es sur 3 c\u00f4t\u00e9s, sacs d'emballage de bonbons personnalis\u00e9s. Ce sac d'emballage de bonbons personnalis\u00e9 pr\u00e9serve la texture et la saveur, pr\u00e9vient les dommages pendant la distribution et am\u00e9liore l'attrait du produit sur le point de vente. Obtenez un \u00e9chantillon gratuit maintenant !<\/p>\n<h2>Param\u00e8tres du sac d'emballage de bonbons sur mesure<\/h2>\n<ul>\n<li><strong>Mat\u00e9riau :<\/strong>\u00a0PET\/PE, PET\/NY\/PE, PET\/AL\/NY\/PE, etc.<\/li>\n<li><strong>Type de sac<\/strong>: <strong>Joint \u00e0 3 c\u00f4t\u00e9s<\/strong><strong>\u00a0Pochette<\/strong><\/li>\n<li><strong>Taille<\/strong>: Sur mesure<\/li>\n<li><strong>Commande personnalis\u00e9e<\/strong>: Acceptation des OEM et ODM<\/li>\n<li><strong>\u00c9chantillon gratuit<\/strong>: Support<\/li>\n<li><strong>Utilisation<\/strong>: Bonbons et autres<\/li>\n<li><strong>Couleur<\/strong>: Peut \u00eatre personnalis\u00e9<\/li>\n<li><strong>March\u00e9s cibles<\/strong>: Partout dans le monde<\/li>\n<\/ul>","protected":false},"featured_media":2925,"comment_status":"closed","ping_status":"closed","template":"","meta":{"_acf_changed":false},"market":[60],"product_brand":[],"product_cat":[53],"product_tag":[],"class_list":{"0":"post-2923","1":"product","2":"type-product","3":"status-publish","4":"has-post-thumbnail","6":"market-confectionery-packaging-supplier","7":"product_cat-three-side-seal-pouch-wholesale","9":"first","10":"instock","11":"shipping-taxable","12":"product-type-simple"},"acf":[],"_links":{"self":[{"href":"https:\/\/www.zkprintpack.com\/fr\/wp-json\/wp\/v2\/product\/2923","targetHints":{"allow":["GET"]}}],"collection":[{"href":"https:\/\/www.zkprintpack.com\/fr\/wp-json\/wp\/v2\/product"}],"about":[{"href":"https:\/\/www.zkprintpack.com\/fr\/wp-json\/wp\/v2\/types\/product"}],"replies":[{"embeddable":true,"href":"https:\/\/www.zkprintpack.com\/fr\/wp-json\/wp\/v2\/comments?post=2923"}],"wp:featuredmedia":[{"embeddable":true,"href":"https:\/\/www.zkprintpack.com\/fr\/wp-json\/wp\/v2\/media\/2925"}],"wp:attachment":[{"href":"https:\/\/www.zkprintpack.com\/fr\/wp-json\/wp\/v2\/media?parent=2923"}],"wp:term":[{"taxonomy":"market","embeddable":true,"href":"https:\/\/www.zkprintpack.com\/fr\/wp-json\/wp\/v2\/market?post=2923"},{"taxonomy":"product_brand","embeddable":true,"href":"https:\/\/www.zkprintpack.com\/fr\/wp-json\/wp\/v2\/product_brand?post=2923"},{"taxonomy":"product_cat","embeddable":true,"href":"https:\/\/www.zkprintpack.com\/fr\/wp-json\/wp\/v2\/product_cat?post=2923"},{"taxonomy":"product_tag","embeddable":true,"href":"https:\/\/www.zkprintpack.com\/fr\/wp-json\/wp\/v2\/product_tag?post=2923"}],"curies":[{"name":"wp","href":"https:\/\/api.w.org\/{rel}","templated":true}]}}