{"id":2918,"date":"2026-03-26T09:26:34","date_gmt":"2026-03-26T09:26:34","guid":{"rendered":"https:\/\/www.zkprintpack.com\/?post_type=product&#038;p=2918"},"modified":"2026-03-26T09:26:37","modified_gmt":"2026-03-26T09:26:37","slug":"wholesale-3-side-seal-pouch-herbal-bag","status":"publish","type":"product","link":"https:\/\/www.zkprintpack.com\/fr\/product\/wholesale-3-side-seal-pouch-herbal-bag\/","title":{"rendered":"Fourniture en gros de sachets scell\u00e9s sur 3 c\u00f4t\u00e9s pour l'emballage de produits phytoth\u00e9rapeutiques et nutraceutiques"},"content":{"rendered":"<div class=\"wp-block-columns is-layout-flex wp-container-core-columns-is-layout-9d6595d7 wp-block-columns-is-layout-flex\">\n<div class=\"wp-block-column is-layout-flow wp-block-column-is-layout-flow\">\n<h2 class=\"wp-block-heading\">Caract\u00e9ristiques de la pochette scell\u00e9e \u00e0 3 c\u00f4t\u00e9s pour la vente en gros<\/h2>\n\n\n\n<ul class=\"wp-block-list\">\n<li><strong>Protection ultra-haute barri\u00e8re contre l'humidit\u00e9<\/strong><br>Notre pochette scell\u00e9e sur trois c\u00f4t\u00e9s est dot\u00e9e d'une construction multicouche avec une excellente r\u00e9sistance \u00e0 la vapeur d'eau afin de maintenir un environnement interne sec. Cela \u00e9vite la formation de moisissures, l'absorption d'humidit\u00e9 et la d\u00e9t\u00e9rioration de la qualit\u00e9 des produits \u00e0 base d'herbes m\u00e9dicinales sensibles.<\/li>\n\n\n\n<li><strong>Conception renforc\u00e9e des trous de suspension<\/strong><br>Le trou de suspension int\u00e9gr\u00e9 est renforc\u00e9 pour supporter le poids total du produit lors de la pr\u00e9sentation au d\u00e9tail ou du stockage. La coupe nette et les bords renforc\u00e9s \u00e9vitent les d\u00e9chirures lors de la manipulation.<\/li>\n\n\n\n<li><strong>Fen\u00eatre de visualisation \u00e0 haute transparence<\/strong><br>Ce sachet \u00e0 sceller sur trois c\u00f4t\u00e9s comprend une fen\u00eatre transparente qui permet aux consommateurs d'inspecter visuellement la qualit\u00e9 du produit. Le mat\u00e9riau conserve la clart\u00e9 sans d\u00e9formation tout en assurant les fonctions de barri\u00e8re protectrice.<\/li>\n\n\n\n<li><strong>Ouverture facile \u00e0 d\u00e9chirer<\/strong><br>Des encoches de d\u00e9chirure pr\u00e9d\u00e9coup\u00e9es permettent aux consommateurs d'ouvrir rapidement le sachet sans ciseaux. La ligne de d\u00e9chirure propre am\u00e9liore l'exp\u00e9rience de la premi\u00e8re utilisation tout en pr\u00e9servant l'int\u00e9grit\u00e9 de l'emballage avant l'ouverture.<\/li>\n\n\n\n<li>En tant qu'usine sp\u00e9cialis\u00e9e dans la production en gros de sachets \u00e0 triple soudure, nous pouvons fournir une production directe \u00e0 l'usine avec un processus de fabrication et d'impression raffin\u00e9. Ainsi, nous pouvons fournir une base stable pour les commandes de gros volumes.<\/li>\n<\/ul>\n<\/div>\n\n\n\n<div class=\"wp-block-column is-layout-flow wp-block-column-is-layout-flow\">\n<figure class=\"wp-block-image size-full\"><img decoding=\"async\" width=\"800\" height=\"800\" src=\"https:\/\/www.zkprintpack.com\/wp-content\/uploads\/2026\/03\/Wholesale-3-Side-Seal-Pouches-for-Pharmaceutical.webp\" alt=\"Vente en gros de sachets scell\u00e9s sur 3 c\u00f4t\u00e9s pour l&#039;industrie pharmaceutique\" class=\"wp-image-2920\" srcset=\"https:\/\/www.zkprintpack.com\/wp-content\/uploads\/2026\/03\/Wholesale-3-Side-Seal-Pouches-for-Pharmaceutical.webp 800w, https:\/\/www.zkprintpack.com\/wp-content\/uploads\/2026\/03\/Wholesale-3-Side-Seal-Pouches-for-Pharmaceutical-150x150.webp 150w, https:\/\/www.zkprintpack.com\/wp-content\/uploads\/2026\/03\/Wholesale-3-Side-Seal-Pouches-for-Pharmaceutical-768x768.webp 768w, https:\/\/www.zkprintpack.com\/wp-content\/uploads\/2026\/03\/Wholesale-3-Side-Seal-Pouches-for-Pharmaceutical-12x12.webp 12w, https:\/\/www.zkprintpack.com\/wp-content\/uploads\/2026\/03\/Wholesale-3-Side-Seal-Pouches-for-Pharmaceutical-600x600.webp 600w, https:\/\/www.zkprintpack.com\/wp-content\/uploads\/2026\/03\/Wholesale-3-Side-Seal-Pouches-for-Pharmaceutical-300x300.webp 300w, https:\/\/www.zkprintpack.com\/wp-content\/uploads\/2026\/03\/Wholesale-3-Side-Seal-Pouches-for-Pharmaceutical-100x100.webp 100w\" sizes=\"(max-width: 800px) 100vw, 800px\" \/><\/figure>\n<\/div>\n<\/div>\n\n\n\n<p><\/p>","protected":false},"excerpt":{"rendered":"<p>Zhongjia Printing propose des solutions de sachets scell\u00e9s sur trois c\u00f4t\u00e9s pour l'emballage des produits phytoth\u00e9rapeutiques et nutraceutiques. Ce sachet scell\u00e9 sur trois c\u00f4t\u00e9s est con\u00e7u pour pr\u00e9server l'efficacit\u00e9, emp\u00eacher la d\u00e9gradation et permettre un usage r\u00e9p\u00e9t\u00e9, tout en renfor\u00e7ant l'authenticit\u00e9 du produit et la pr\u00e9sentation en rayon. Il prot\u00e8ge parfaitement l'int\u00e9grit\u00e9 du produit, pr\u00e9serve la saveur et permet des sc\u00e9narios de consommation pratiques et polyvalents tout en conservant une forte attractivit\u00e9 en rayon. Obtenez un \u00e9chantillon gratuit maintenant !<\/p>\n<h2>Param\u00e8tres de la pochette scell\u00e9e \u00e0 trois c\u00f4t\u00e9s (Wholesale 3-Side Seal Pouch)<\/h2>\n<ul>\n<li><strong>Mat\u00e9riau :<\/strong>\u00a0PET\/PE, PET\/NY\/PE, PET\/AL\/NY\/PE, etc.<\/li>\n<li><strong>Type de sac<\/strong>: <strong>Joint \u00e0 3 c\u00f4t\u00e9s<\/strong><strong>\u00a0Pochette<\/strong><\/li>\n<li><strong>Taille<\/strong>: Sur mesure<\/li>\n<li><strong>Commande personnalis\u00e9e<\/strong>: Acceptation des OEM et ODM<\/li>\n<li><strong>\u00c9chantillon gratuit<\/strong>: Support<\/li>\n<li><strong>Utilisation<\/strong>: Produits phytoth\u00e9rapeutiques, nutraceutiques et autres<\/li>\n<li><strong>Couleur<\/strong>: Peut \u00eatre personnalis\u00e9<\/li>\n<li><strong>March\u00e9s cibles<\/strong>: Partout dans le monde<\/li>\n<\/ul>","protected":false},"featured_media":2920,"comment_status":"closed","ping_status":"closed","template":"","meta":{"_acf_changed":false},"market":[],"product_brand":[],"product_cat":[53,67],"product_tag":[],"class_list":{"0":"post-2918","1":"product","2":"type-product","3":"status-publish","4":"has-post-thumbnail","6":"product_cat-three-side-seal-pouch-wholesale","7":"product_cat-custom-flat-pouch","9":"first","10":"instock","11":"shipping-taxable","12":"product-type-simple"},"acf":[],"_links":{"self":[{"href":"https:\/\/www.zkprintpack.com\/fr\/wp-json\/wp\/v2\/product\/2918","targetHints":{"allow":["GET"]}}],"collection":[{"href":"https:\/\/www.zkprintpack.com\/fr\/wp-json\/wp\/v2\/product"}],"about":[{"href":"https:\/\/www.zkprintpack.com\/fr\/wp-json\/wp\/v2\/types\/product"}],"replies":[{"embeddable":true,"href":"https:\/\/www.zkprintpack.com\/fr\/wp-json\/wp\/v2\/comments?post=2918"}],"wp:featuredmedia":[{"embeddable":true,"href":"https:\/\/www.zkprintpack.com\/fr\/wp-json\/wp\/v2\/media\/2920"}],"wp:attachment":[{"href":"https:\/\/www.zkprintpack.com\/fr\/wp-json\/wp\/v2\/media?parent=2918"}],"wp:term":[{"taxonomy":"market","embeddable":true,"href":"https:\/\/www.zkprintpack.com\/fr\/wp-json\/wp\/v2\/market?post=2918"},{"taxonomy":"product_brand","embeddable":true,"href":"https:\/\/www.zkprintpack.com\/fr\/wp-json\/wp\/v2\/product_brand?post=2918"},{"taxonomy":"product_cat","embeddable":true,"href":"https:\/\/www.zkprintpack.com\/fr\/wp-json\/wp\/v2\/product_cat?post=2918"},{"taxonomy":"product_tag","embeddable":true,"href":"https:\/\/www.zkprintpack.com\/fr\/wp-json\/wp\/v2\/product_tag?post=2918"}],"curies":[{"name":"wp","href":"https:\/\/api.w.org\/{rel}","templated":true}]}}