{"id":2865,"date":"2026-03-13T11:10:29","date_gmt":"2026-03-13T11:10:29","guid":{"rendered":"https:\/\/www.zkprintpack.com\/?post_type=product&#038;p=2865"},"modified":"2026-03-13T11:10:31","modified_gmt":"2026-03-13T11:10:31","slug":"customized-spout-pouch-chemical-liquid","status":"publish","type":"product","link":"https:\/\/www.zkprintpack.com\/fr\/product\/customized-spout-pouch-chemical-liquid\/","title":{"rendered":"Poche \u00e0 bec personnalis\u00e9e pour les produits chimiques de construction, approvisionnement en pochettes de liquides de construction"},"content":{"rendered":"<div class=\"wp-block-columns is-layout-flex wp-container-core-columns-is-layout-9d6595d7 wp-block-columns-is-layout-flex\">\n<div class=\"wp-block-column is-layout-flow wp-block-column-is-layout-flow\">\n<h2 class=\"wp-block-heading\">Caract\u00e9ristiques de la pochette \u00e0 bec personnalis\u00e9e<\/h2>\n\n\n\n<ul class=\"wp-block-list\">\n<li><strong>Couche int\u00e9rieure r\u00e9sistante aux produits chimiques<br><\/strong>Le mat\u00e9riau int\u00e9rieur de notre pochette \u00e0 bec personnalis\u00e9e est con\u00e7u pour r\u00e9sister aux solvants, aux polym\u00e8res, aux r\u00e9sines et aux additifs que l'on trouve couramment dans les produits chimiques de construction. Cela permet d'\u00e9viter la d\u00e9gradation, le gonflement ou la contamination du mat\u00e9riau lors d'un stockage \u00e0 long terme.<\/li>\n\n\n\n<li><strong>Int\u00e9gration s\u00e9curis\u00e9e du bouchon et du bec<\/strong><br>Le bec verseur permet une lib\u00e9ration contr\u00f4l\u00e9e du produit tout en maintenant une fermeture \u00e9tanche. Ces fermetures emp\u00eachent les fuites tout en permettant d'ouvrir et de refermer l'emballage plusieurs fois.<\/li>\n\n\n\n<li><strong>Qualit\u00e9 d'impression industrielle durable<\/strong><br>L'impression \u00e0 haute adh\u00e9rence garantit que les logos, les noms de produits et les informations techniques restent clairs tout au long du cycle de vie du produit. Les graphiques r\u00e9sistent \u00e0 l'abrasion et \u00e0 l'exposition \u00e0 l'environnement que l'on trouve couramment sur les chantiers de construction.<\/li>\n\n\n\n<li><strong>\u00c9tanch\u00e9it\u00e9 fiable<br><\/strong>Ce sachet \u00e0 bec personnalis\u00e9 pr\u00e9sente des bords thermoscell\u00e9s solides qui garantissent que les liquides visqueux, les enduits ou les p\u00e2tes restent bien contenus pendant le transport et le stockage. La structure de scellage est con\u00e7ue pour r\u00e9sister \u00e0 la pression d'empilage et \u00e0 l'impact de la manutention.<\/li>\n\n\n\n<li>En tant que fabricant sp\u00e9cialis\u00e9 dans les poches \u00e0 bec personnalis\u00e9es, nous pouvons fournir une production directe en usine avec un processus de fabrication et d'impression raffin\u00e9. Nous pouvons ainsi fournir une base stable pour les commandes de gros volumes.<\/li>\n<\/ul>\n<\/div>\n\n\n\n<div class=\"wp-block-column is-layout-flow wp-block-column-is-layout-flow\">\n<figure class=\"wp-block-image size-full\"><img decoding=\"async\" width=\"800\" height=\"800\" src=\"https:\/\/www.zkprintpack.com\/wp-content\/uploads\/2026\/03\/customized-spout-pouch-4.webp\" alt=\"pochette \u00e0 bec personnalis\u00e9e (4)\" class=\"wp-image-2869\" srcset=\"https:\/\/www.zkprintpack.com\/wp-content\/uploads\/2026\/03\/customized-spout-pouch-4.webp 800w, https:\/\/www.zkprintpack.com\/wp-content\/uploads\/2026\/03\/customized-spout-pouch-4-150x150.webp 150w, https:\/\/www.zkprintpack.com\/wp-content\/uploads\/2026\/03\/customized-spout-pouch-4-768x768.webp 768w, https:\/\/www.zkprintpack.com\/wp-content\/uploads\/2026\/03\/customized-spout-pouch-4-12x12.webp 12w, https:\/\/www.zkprintpack.com\/wp-content\/uploads\/2026\/03\/customized-spout-pouch-4-600x600.webp 600w, https:\/\/www.zkprintpack.com\/wp-content\/uploads\/2026\/03\/customized-spout-pouch-4-300x300.webp 300w, https:\/\/www.zkprintpack.com\/wp-content\/uploads\/2026\/03\/customized-spout-pouch-4-100x100.webp 100w\" sizes=\"(max-width: 800px) 100vw, 800px\" \/><\/figure>\n<\/div>\n<\/div>\n\n\n\n<p><\/p>","protected":false},"excerpt":{"rendered":"<p>Ces poches \u00e0 bec personnalis\u00e9es sont con\u00e7ues pour les produits chimiques de construction tels que les rev\u00eatements imperm\u00e9ables, les produits d'\u00e9tanch\u00e9it\u00e9, les mortiers-colles et les p\u00e2tes de construction. Fabriqu\u00e9s avec des mat\u00e9riaux r\u00e9sistants aux produits chimiques et des structures d'\u00e9tanch\u00e9it\u00e9 renforc\u00e9es, les sachets \u00e0 becs personnalis\u00e9s garantissent un stockage s\u00fbr, un transport \u00e9tanche et une application pratique dans les environnements exigeants des chantiers de construction.<\/p>\n<h2>Param\u00e8tres de la pochette \u00e0 bec personnalis\u00e9e<\/h2>\n<ul>\n<li><strong>Mat\u00e9riau :<\/strong>\u00a0PET\/PE, PET\/NY\/PE, PET\/AL\/NY\/PE, etc.<\/li>\n<li><strong>Type de sac<\/strong>: <strong>Bec verseur <\/strong><strong>Pochette<\/strong><\/li>\n<li><strong>Taille<\/strong>: Sur mesure<\/li>\n<li><strong>Commande personnalis\u00e9e<\/strong>: Acceptation des OEM et ODM<\/li>\n<li><strong>\u00c9chantillon gratuit<\/strong>: Support<\/li>\n<li><strong>Utilisation<\/strong>: Liquide de construction et autres<\/li>\n<li><strong>Couleur<\/strong>: Peut \u00eatre personnalis\u00e9<\/li>\n<li><strong>March\u00e9s cibles<\/strong>: Partout dans le monde<\/li>\n<\/ul>","protected":false},"featured_media":2870,"comment_status":"closed","ping_status":"closed","template":"","meta":{"_acf_changed":false},"market":[],"product_brand":[],"product_cat":[56],"product_tag":[],"class_list":{"0":"post-2865","1":"product","2":"type-product","3":"status-publish","4":"has-post-thumbnail","6":"product_cat-custom-spout-pouches-supplier","8":"first","9":"instock","10":"shipping-taxable","11":"product-type-simple"},"acf":[],"_links":{"self":[{"href":"https:\/\/www.zkprintpack.com\/fr\/wp-json\/wp\/v2\/product\/2865","targetHints":{"allow":["GET"]}}],"collection":[{"href":"https:\/\/www.zkprintpack.com\/fr\/wp-json\/wp\/v2\/product"}],"about":[{"href":"https:\/\/www.zkprintpack.com\/fr\/wp-json\/wp\/v2\/types\/product"}],"replies":[{"embeddable":true,"href":"https:\/\/www.zkprintpack.com\/fr\/wp-json\/wp\/v2\/comments?post=2865"}],"wp:featuredmedia":[{"embeddable":true,"href":"https:\/\/www.zkprintpack.com\/fr\/wp-json\/wp\/v2\/media\/2870"}],"wp:attachment":[{"href":"https:\/\/www.zkprintpack.com\/fr\/wp-json\/wp\/v2\/media?parent=2865"}],"wp:term":[{"taxonomy":"market","embeddable":true,"href":"https:\/\/www.zkprintpack.com\/fr\/wp-json\/wp\/v2\/market?post=2865"},{"taxonomy":"product_brand","embeddable":true,"href":"https:\/\/www.zkprintpack.com\/fr\/wp-json\/wp\/v2\/product_brand?post=2865"},{"taxonomy":"product_cat","embeddable":true,"href":"https:\/\/www.zkprintpack.com\/fr\/wp-json\/wp\/v2\/product_cat?post=2865"},{"taxonomy":"product_tag","embeddable":true,"href":"https:\/\/www.zkprintpack.com\/fr\/wp-json\/wp\/v2\/product_tag?post=2865"}],"curies":[{"name":"wp","href":"https:\/\/api.w.org\/{rel}","templated":true}]}}