{"id":2860,"date":"2026-03-13T11:14:57","date_gmt":"2026-03-13T11:14:57","guid":{"rendered":"https:\/\/www.zkprintpack.com\/?post_type=product&#038;p=2860"},"modified":"2026-03-13T11:14:59","modified_gmt":"2026-03-13T11:14:59","slug":"wholesale-rice-packaging-bag-factory","status":"publish","type":"product","link":"https:\/\/www.zkprintpack.com\/fr\/product\/wholesale-rice-packaging-bag-factory\/","title":{"rendered":"Sac d'emballage de riz en gros, avec trou de transport - Quad Seal Pouch Supply"},"content":{"rendered":"<div class=\"wp-block-columns is-layout-flex wp-container-core-columns-is-layout-9d6595d7 wp-block-columns-is-layout-flex\">\n<div class=\"wp-block-column is-layout-flow wp-block-column-is-layout-flow\">\n<h2 class=\"wp-block-heading\">Caract\u00e9ristiques du sac d'emballage de riz en gros sur mesure<\/h2>\n\n\n\n<ul class=\"wp-block-list\">\n<li><strong>Structure en mat\u00e9riau stratifi\u00e9 \u00e0 haute r\u00e9sistance<\/strong><br>Notre sac d'emballage de riz en gros utilise des mat\u00e9riaux lamin\u00e9s multicouches durables con\u00e7us pour supporter le poids des produits c\u00e9r\u00e9aliers en vrac. Cette structure offre une forte r\u00e9sistance aux d\u00e9chirures, aux perforations et \u00e0 l'abrasion pendant le stockage et le transport.<\/li>\n\n\n\n<li><strong>Excellente protection contre l'humidit\u00e9<\/strong><br>L'emballage comprend des couches de protection contre l'humidit\u00e9 qui emp\u00eachent la vapeur d'eau de p\u00e9n\u00e9trer dans le sac. Le riz reste ainsi au sec, ce qui \u00e9vite la formation de moisissures, les infestations d'insectes et la d\u00e9t\u00e9rioration de la qualit\u00e9 pendant le stockage.<\/li>\n\n\n\n<li><strong>Bords scell\u00e9s par la chaleur<\/strong><br>Toutes les zones de scellage, y compris les joints lat\u00e9raux et le joint inf\u00e9rieur, sont con\u00e7ues pour offrir une grande r\u00e9sistance au scellage. Cela permet d'\u00e9viter les fuites de c\u00e9r\u00e9ales et de garantir l'int\u00e9grit\u00e9 du sac tout au long de la distribution et de la manutention.<\/li>\n\n\n\n<li><strong>Poign\u00e9e de transport renforc\u00e9e<br><\/strong>La poign\u00e9e d\u00e9coup\u00e9e en haut du sac d'emballage de riz en gros est renforc\u00e9e pour supporter le poids total du produit en toute s\u00e9curit\u00e9. Cette conception permet aux consommateurs de transporter confortablement des sacs de riz lourds sans risque de d\u00e9chirure.<\/li>\n\n\n\n<li>En tant que fabricant sp\u00e9cialis\u00e9 dans les sacs d'emballage de riz en gros, nous pouvons fournir une production directe \u00e0 l'usine avec un processus de fabrication et d'impression raffin\u00e9. Nous pouvons ainsi fournir une base stable pour les commandes de gros volumes.<\/li>\n<\/ul>\n<\/div>\n\n\n\n<div class=\"wp-block-column is-layout-flow wp-block-column-is-layout-flow\">\n<figure class=\"wp-block-image size-full\"><img decoding=\"async\" width=\"800\" height=\"800\" src=\"https:\/\/www.zkprintpack.com\/wp-content\/uploads\/2026\/03\/wholesale-rice-packaging-bags-3.webp\" alt=\"Sacs d&#039;emballage de riz en gros (3)\" class=\"wp-image-2863\" srcset=\"https:\/\/www.zkprintpack.com\/wp-content\/uploads\/2026\/03\/wholesale-rice-packaging-bags-3.webp 800w, https:\/\/www.zkprintpack.com\/wp-content\/uploads\/2026\/03\/wholesale-rice-packaging-bags-3-150x150.webp 150w, https:\/\/www.zkprintpack.com\/wp-content\/uploads\/2026\/03\/wholesale-rice-packaging-bags-3-768x768.webp 768w, https:\/\/www.zkprintpack.com\/wp-content\/uploads\/2026\/03\/wholesale-rice-packaging-bags-3-12x12.webp 12w, https:\/\/www.zkprintpack.com\/wp-content\/uploads\/2026\/03\/wholesale-rice-packaging-bags-3-600x600.webp 600w, https:\/\/www.zkprintpack.com\/wp-content\/uploads\/2026\/03\/wholesale-rice-packaging-bags-3-300x300.webp 300w, https:\/\/www.zkprintpack.com\/wp-content\/uploads\/2026\/03\/wholesale-rice-packaging-bags-3-100x100.webp 100w\" sizes=\"(max-width: 800px) 100vw, 800px\" \/><\/figure>\n<\/div>\n<\/div>\n\n\n\n<p><\/p>","protected":false},"excerpt":{"rendered":"<p>Sac d'emballage de riz en gros, con\u00e7u pour les produits c\u00e9r\u00e9aliers en vrac. Con\u00e7u avec des mat\u00e9riaux lamin\u00e9s tr\u00e8s r\u00e9sistants, des structures de transport renforc\u00e9es et une excellente protection contre l'humidit\u00e9, il garantit un transport s\u00fbr, une fra\u00eecheur \u00e0 long terme et une bonne pr\u00e9sentation en rayon pour la marque de riz de qualit\u00e9 sup\u00e9rieure.<\/p>\n<h2>Param\u00e8tres du sac d'emballage de riz en gros<\/h2>\n<ul>\n<li><strong>Mat\u00e9riau :<\/strong>\u00a0PET\/PE, PET\/NY\/PE, PET\/AL\/NY\/PE, etc.<\/li>\n<li><strong>Type de sac<\/strong>: <strong>Joint quadruple <\/strong><strong>Pochette<\/strong><\/li>\n<li><strong>Taille<\/strong>: Sur mesure<\/li>\n<li><strong>Commande personnalis\u00e9e<\/strong>: Acceptation des OEM et ODM<\/li>\n<li><strong>\u00c9chantillon gratuit<\/strong>: Support<\/li>\n<li><strong>Utilisation<\/strong>: Riz, c\u00e9r\u00e9ales et autres<\/li>\n<li><strong>Couleur<\/strong>: Peut \u00eatre personnalis\u00e9<\/li>\n<li><strong>March\u00e9s cibles<\/strong>: Partout dans le monde<\/li>\n<\/ul>","protected":false},"featured_media":2862,"comment_status":"closed","ping_status":"closed","template":"","meta":{"_acf_changed":false},"market":[],"product_brand":[],"product_cat":[54],"product_tag":[],"class_list":{"0":"post-2860","1":"product","2":"type-product","3":"status-publish","4":"has-post-thumbnail","6":"product_cat-quad-seal-pouch-supplier","8":"first","9":"instock","10":"shipping-taxable","11":"product-type-simple"},"acf":[],"_links":{"self":[{"href":"https:\/\/www.zkprintpack.com\/fr\/wp-json\/wp\/v2\/product\/2860","targetHints":{"allow":["GET"]}}],"collection":[{"href":"https:\/\/www.zkprintpack.com\/fr\/wp-json\/wp\/v2\/product"}],"about":[{"href":"https:\/\/www.zkprintpack.com\/fr\/wp-json\/wp\/v2\/types\/product"}],"replies":[{"embeddable":true,"href":"https:\/\/www.zkprintpack.com\/fr\/wp-json\/wp\/v2\/comments?post=2860"}],"wp:featuredmedia":[{"embeddable":true,"href":"https:\/\/www.zkprintpack.com\/fr\/wp-json\/wp\/v2\/media\/2862"}],"wp:attachment":[{"href":"https:\/\/www.zkprintpack.com\/fr\/wp-json\/wp\/v2\/media?parent=2860"}],"wp:term":[{"taxonomy":"market","embeddable":true,"href":"https:\/\/www.zkprintpack.com\/fr\/wp-json\/wp\/v2\/market?post=2860"},{"taxonomy":"product_brand","embeddable":true,"href":"https:\/\/www.zkprintpack.com\/fr\/wp-json\/wp\/v2\/product_brand?post=2860"},{"taxonomy":"product_cat","embeddable":true,"href":"https:\/\/www.zkprintpack.com\/fr\/wp-json\/wp\/v2\/product_cat?post=2860"},{"taxonomy":"product_tag","embeddable":true,"href":"https:\/\/www.zkprintpack.com\/fr\/wp-json\/wp\/v2\/product_tag?post=2860"}],"curies":[{"name":"wp","href":"https:\/\/api.w.org\/{rel}","templated":true}]}}