{"id":2854,"date":"2026-03-13T11:11:07","date_gmt":"2026-03-13T11:11:07","guid":{"rendered":"https:\/\/www.zkprintpack.com\/?post_type=product&#038;p=2854"},"modified":"2026-03-24T10:33:23","modified_gmt":"2026-03-24T10:33:23","slug":"wholesale-spout-pouches-factory-direct","status":"publish","type":"product","link":"https:\/\/www.zkprintpack.com\/fr\/product\/wholesale-spout-pouches-factory-direct\/","title":{"rendered":"Sacs \u00e0 bec avec trou pour poign\u00e9e, vente en gros, direct de l'usine - Spout Pouch Bags Factory"},"content":{"rendered":"<div class=\"wp-block-columns is-layout-flex wp-container-core-columns-is-layout-9d6595d7 wp-block-columns-is-layout-flex\">\n<div class=\"wp-block-column is-layout-flow wp-block-column-is-layout-flow\">\n<h2 class=\"wp-block-heading\">Caract\u00e9ristiques des pochettes \u00e0 bec en gros sur mesure<\/h2>\n\n\n\n<ul class=\"wp-block-list\">\n<li><strong>Joint d'\u00e9tanch\u00e9it\u00e9 haute r\u00e9sistance<\/strong><br>Nos sachets \u00e0 bec en gros utilisent une technologie de thermosoudure renforc\u00e9e pour \u00e9viter les fuites pendant le remplissage, le transport et le stockage. Cette structure permet de contenir en toute s\u00e9curit\u00e9 les liquides, les produits visqueux et les poudres sous pression ou en mouvement.<\/li>\n\n\n\n<li><strong>Mat\u00e9riau int\u00e9rieur r\u00e9sistant aux produits chimiques<br><\/strong>La couche int\u00e9rieure est con\u00e7ue pour r\u00e9sister aux composants chimiques tels que les polym\u00e8res, les surfactants, les parfums et les additifs. Cela permet d'\u00e9viter la d\u00e9gradation des mat\u00e9riaux, la migration ou la contamination du produit emball\u00e9.<\/li>\n\n\n\n<li><strong>Construction durable pour la manutention industrielle<\/strong><br>Les films lamin\u00e9s haute t\u00e9nacit\u00e9 conf\u00e8rent \u00e0 ces pochettes \u00e0 bec en gros une forte r\u00e9sistance \u00e0 la perforation, \u00e0 l'abrasion et aux chocs. Cette durabilit\u00e9 permet \u00e0 l'emballage de fonctionner de mani\u00e8re fiable dans les environnements logistiques, les entrep\u00f4ts et les chantiers de construction.<\/li>\n\n\n\n<li><strong>Impression durable et de longue dur\u00e9e<\/strong><br>Les encres d'impression \u00e0 haute adh\u00e9rence garantissent que les informations sur la marque, l'identification du produit et les instructions d'utilisation restent claires et visibles. Les graphiques r\u00e9sistent \u00e0 l'abrasion, \u00e0 la d\u00e9coloration et \u00e0 l'exposition environnementale pendant la distribution.<\/li>\n\n\n\n<li>En tant qu'usine sp\u00e9cialis\u00e9e dans la fabrication en gros de sachets \u00e0 bec, nous pouvons fournir une production directe \u00e0 l'usine avec un processus de fabrication et d'impression raffin\u00e9. Ainsi, nous pouvons fournir une base stable pour les commandes de gros volumes.<\/li>\n<\/ul>\n<\/div>\n\n\n\n<div class=\"wp-block-column is-layout-flow wp-block-column-is-layout-flow\">\n<figure class=\"wp-block-image size-full\"><img decoding=\"async\" width=\"800\" height=\"800\" src=\"https:\/\/www.zkprintpack.com\/wp-content\/uploads\/2026\/03\/Wholesale-Spout-Pouches-Factory-4.webp\" alt=\"Fabricant de pochettes \u00e0 bec en gros (4)\" class=\"wp-image-2858\" srcset=\"https:\/\/www.zkprintpack.com\/wp-content\/uploads\/2026\/03\/Wholesale-Spout-Pouches-Factory-4.webp 800w, https:\/\/www.zkprintpack.com\/wp-content\/uploads\/2026\/03\/Wholesale-Spout-Pouches-Factory-4-150x150.webp 150w, https:\/\/www.zkprintpack.com\/wp-content\/uploads\/2026\/03\/Wholesale-Spout-Pouches-Factory-4-768x768.webp 768w, https:\/\/www.zkprintpack.com\/wp-content\/uploads\/2026\/03\/Wholesale-Spout-Pouches-Factory-4-12x12.webp 12w, https:\/\/www.zkprintpack.com\/wp-content\/uploads\/2026\/03\/Wholesale-Spout-Pouches-Factory-4-600x600.webp 600w, https:\/\/www.zkprintpack.com\/wp-content\/uploads\/2026\/03\/Wholesale-Spout-Pouches-Factory-4-300x300.webp 300w, https:\/\/www.zkprintpack.com\/wp-content\/uploads\/2026\/03\/Wholesale-Spout-Pouches-Factory-4-100x100.webp 100w\" sizes=\"(max-width: 800px) 100vw, 800px\" \/><\/figure>\n<\/div>\n<\/div>\n\n\n\n<p><\/p>","protected":false},"excerpt":{"rendered":"<p>Fourniture en gros de sachets \u00e0 bec en usine. Ces poches \u00e0 bec sont con\u00e7ues pour les produits chimiques industriels, les d\u00e9tergents m\u00e9nagers et les assaisonnements en poudre qui n\u00e9cessitent une grande durabilit\u00e9, une pr\u00e9vention des fuites et un trou de poign\u00e9e utile.<\/p>\n<h2>Param\u00e8tres des pochettes \u00e0 bec en gros<\/h2>\n<ul>\n<li><strong>Mat\u00e9riau :<\/strong>\u00a0PET\/PE, PET\/NY\/PE, PET\/AL\/NY\/PE, etc.<\/li>\n<li><strong>Type de sac<\/strong>: <strong>Bec verseur <\/strong><strong>Pochette<\/strong><\/li>\n<li><strong>Taille<\/strong>: Sur mesure<\/li>\n<li><strong>Commande personnalis\u00e9e<\/strong>: Acceptation des OEM et ODM<\/li>\n<li><strong>\u00c9chantillon gratuit<\/strong>: Support<\/li>\n<li><strong>Utilisation<\/strong>: Emulsions industrielles, savon \u00e0 vaisselle, poudre de r\u00e9sinage et autres<\/li>\n<li><strong>Couleur<\/strong>: Peut \u00eatre personnalis\u00e9<\/li>\n<li><strong>March\u00e9s cibles<\/strong>: Partout dans le monde<\/li>\n<\/ul>","protected":false},"featured_media":2858,"comment_status":"closed","ping_status":"closed","template":"","meta":{"_acf_changed":false},"market":[51],"product_brand":[],"product_cat":[56],"product_tag":[],"class_list":{"0":"post-2854","1":"product","2":"type-product","3":"status-publish","4":"has-post-thumbnail","6":"market-personal-care-and-cosmetic","7":"product_cat-custom-spout-pouches-supplier","9":"first","10":"instock","11":"shipping-taxable","12":"product-type-simple"},"acf":[],"_links":{"self":[{"href":"https:\/\/www.zkprintpack.com\/fr\/wp-json\/wp\/v2\/product\/2854","targetHints":{"allow":["GET"]}}],"collection":[{"href":"https:\/\/www.zkprintpack.com\/fr\/wp-json\/wp\/v2\/product"}],"about":[{"href":"https:\/\/www.zkprintpack.com\/fr\/wp-json\/wp\/v2\/types\/product"}],"replies":[{"embeddable":true,"href":"https:\/\/www.zkprintpack.com\/fr\/wp-json\/wp\/v2\/comments?post=2854"}],"wp:featuredmedia":[{"embeddable":true,"href":"https:\/\/www.zkprintpack.com\/fr\/wp-json\/wp\/v2\/media\/2858"}],"wp:attachment":[{"href":"https:\/\/www.zkprintpack.com\/fr\/wp-json\/wp\/v2\/media?parent=2854"}],"wp:term":[{"taxonomy":"market","embeddable":true,"href":"https:\/\/www.zkprintpack.com\/fr\/wp-json\/wp\/v2\/market?post=2854"},{"taxonomy":"product_brand","embeddable":true,"href":"https:\/\/www.zkprintpack.com\/fr\/wp-json\/wp\/v2\/product_brand?post=2854"},{"taxonomy":"product_cat","embeddable":true,"href":"https:\/\/www.zkprintpack.com\/fr\/wp-json\/wp\/v2\/product_cat?post=2854"},{"taxonomy":"product_tag","embeddable":true,"href":"https:\/\/www.zkprintpack.com\/fr\/wp-json\/wp\/v2\/product_tag?post=2854"}],"curies":[{"name":"wp","href":"https:\/\/api.w.org\/{rel}","templated":true}]}}