{"id":2665,"date":"2026-02-25T07:29:11","date_gmt":"2026-02-25T07:29:11","guid":{"rendered":"https:\/\/www.zkprintpack.com\/?post_type=product&#038;p=2665"},"modified":"2026-02-25T07:29:14","modified_gmt":"2026-02-25T07:29:14","slug":"custom-printed-candy-bags-wholesale","status":"publish","type":"product","link":"https:\/\/www.zkprintpack.com\/fr\/product\/custom-printed-candy-bags-wholesale\/","title":{"rendered":"Fabricant de sacs de bonbons imprim\u00e9s sur mesure, Films composites \u00e0 haute barri\u00e8re (grossiste)"},"content":{"rendered":"<div class=\"wp-block-columns is-layout-flex wp-container-core-columns-is-layout-9d6595d7 wp-block-columns-is-layout-flex\">\n<div class=\"wp-block-column is-layout-flow wp-block-column-is-layout-flow\">\n<h2 class=\"wp-block-heading\">Caract\u00e9ristiques des sacs de bonbons imprim\u00e9s sur mesure<\/h2>\n\n\n\n<ul class=\"wp-block-list\">\n<li><strong>Barri\u00e8re d'oxyg\u00e8ne \u00e9lev\u00e9e pour prot\u00e9ger l'activit\u00e9 des peptides de collag\u00e8ne<\/strong><br>Notre sac \u00e0 bonbons imprim\u00e9 personnalis\u00e9 est con\u00e7u avec une forte r\u00e9sistance \u00e0 l'oxyg\u00e8ne pour r\u00e9duire l'oxydation, ce qui aide \u00e0 maintenir la stabilit\u00e9 des peptides de collag\u00e8ne et l'efficacit\u00e9 du produit.<\/li>\n\n\n\n<li><strong>Une conception facile \u00e0 ouvrir pour une meilleure exp\u00e9rience du consommateur<\/strong><br>L'encoche int\u00e9gr\u00e9e permet une ouverture rapide sans outil, am\u00e9liorant ainsi la facilit\u00e9 d'utilisation pour la consommation de snacks.<\/li>\n\n\n\n<li><strong>Conception de blocage de la lumi\u00e8re pour la conservation des ingr\u00e9dients<\/strong><br>Nos sachets de bonbons imprim\u00e9s personnalis\u00e9s utilisent des structures de films opaques ou des impressions protectrices qui r\u00e9duisent l'exposition \u00e0 la lumi\u00e8re, favorisant ainsi une plus grande stabilit\u00e9 des produits g\u00e9lifi\u00e9s fonctionnels.<\/li>\n\n\n\n<li><strong>Style visuel haut de gamme pour le positionnement de la beaut\u00e9 et de la sant\u00e9<\/strong><br>Un design \u00e9pur\u00e9 en blanc et rose et des graphiques r\u00e9alistes sur les fruits contribuent \u00e0 donner une image de marque haut de gamme adapt\u00e9e aux march\u00e9s de d\u00e9tail modernes.<\/li>\n\n\n\n<li>En tant que fabricant sp\u00e9cialis\u00e9 dans les sacs \u00e0 bonbons imprim\u00e9s personnalis\u00e9s, nous pouvons fournir une production directe en usine avec un processus de fabrication et d'impression raffin\u00e9. Ainsi, nous pouvons fournir une base stable pour les commandes de gros volumes.<\/li>\n<\/ul>\n<\/div>\n\n\n\n<div class=\"wp-block-column is-layout-flow wp-block-column-is-layout-flow\">\n<figure class=\"wp-block-image size-full\"><img decoding=\"async\" width=\"800\" height=\"800\" src=\"https:\/\/www.zkprintpack.com\/wp-content\/uploads\/2026\/02\/Custom-Printed-Candy-Bags-Manufacturer-1.webp\" alt=\"Fabricant de sacs de bonbons imprim\u00e9s sur mesure (1)\" class=\"wp-image-2666\" srcset=\"https:\/\/www.zkprintpack.com\/wp-content\/uploads\/2026\/02\/Custom-Printed-Candy-Bags-Manufacturer-1.webp 800w, https:\/\/www.zkprintpack.com\/wp-content\/uploads\/2026\/02\/Custom-Printed-Candy-Bags-Manufacturer-1-150x150.webp 150w, https:\/\/www.zkprintpack.com\/wp-content\/uploads\/2026\/02\/Custom-Printed-Candy-Bags-Manufacturer-1-768x768.webp 768w, https:\/\/www.zkprintpack.com\/wp-content\/uploads\/2026\/02\/Custom-Printed-Candy-Bags-Manufacturer-1-12x12.webp 12w, https:\/\/www.zkprintpack.com\/wp-content\/uploads\/2026\/02\/Custom-Printed-Candy-Bags-Manufacturer-1-600x600.webp 600w, https:\/\/www.zkprintpack.com\/wp-content\/uploads\/2026\/02\/Custom-Printed-Candy-Bags-Manufacturer-1-300x300.webp 300w, https:\/\/www.zkprintpack.com\/wp-content\/uploads\/2026\/02\/Custom-Printed-Candy-Bags-Manufacturer-1-100x100.webp 100w\" sizes=\"(max-width: 800px) 100vw, 800px\" \/><\/figure>\n<\/div>\n<\/div>\n\n\n\n<p><\/p>","protected":false},"excerpt":{"rendered":"<p>Sacs \u00e0 bonbons imprim\u00e9s en gros et personnalis\u00e9s pour les gommes aux peptides de collag\u00e8ne. Il est con\u00e7u pour emp\u00eacher l'absorption d'humidit\u00e9, maintenir la texture duveteuse, pr\u00e9server les ingr\u00e9dients fonctionnels actifs et maintenir la texture gommeuse. Nous acceptons les commandes en gros. Contactez nous d\u00e8s maintenant !<\/p>\n<h2>Param\u00e8tres des sacs de bonbons imprim\u00e9s sur mesure<\/h2>\n<ul>\n<li><strong>Mat\u00e9riau :<\/strong>\u00a0PET\/PE, PET\/NY\/PE, PET\/AL\/NY\/PE, etc.<\/li>\n<li><strong>Type de sac<\/strong>: <strong>Film en rouleau\u00a0<\/strong><\/li>\n<li><strong>Taille<\/strong>: Sur mesure<\/li>\n<li><strong>Commande personnalis\u00e9e<\/strong>: Acceptation des OEM et ODM<\/li>\n<li><strong>\u00c9chantillon gratuit<\/strong>: Support<\/li>\n<li><strong>Utilisation<\/strong>: Condiment, snack, aliment, bonbon, sauce et autres<\/li>\n<li><strong>Couleur<\/strong>: Peut \u00eatre personnalis\u00e9<\/li>\n<li><strong>March\u00e9s cibles<\/strong>: Partout dans le monde<\/li>\n<\/ul>","protected":false},"featured_media":2668,"comment_status":"closed","ping_status":"closed","template":"","meta":{"_acf_changed":false},"market":[60],"product_brand":[],"product_cat":[57],"product_tag":[],"class_list":{"0":"post-2665","1":"product","2":"type-product","3":"status-publish","4":"has-post-thumbnail","6":"market-confectionery-packaging-supplier","7":"product_cat-rollstock-film-supplier","9":"first","10":"instock","11":"shipping-taxable","12":"product-type-simple"},"acf":[],"_links":{"self":[{"href":"https:\/\/www.zkprintpack.com\/fr\/wp-json\/wp\/v2\/product\/2665","targetHints":{"allow":["GET"]}}],"collection":[{"href":"https:\/\/www.zkprintpack.com\/fr\/wp-json\/wp\/v2\/product"}],"about":[{"href":"https:\/\/www.zkprintpack.com\/fr\/wp-json\/wp\/v2\/types\/product"}],"replies":[{"embeddable":true,"href":"https:\/\/www.zkprintpack.com\/fr\/wp-json\/wp\/v2\/comments?post=2665"}],"wp:featuredmedia":[{"embeddable":true,"href":"https:\/\/www.zkprintpack.com\/fr\/wp-json\/wp\/v2\/media\/2668"}],"wp:attachment":[{"href":"https:\/\/www.zkprintpack.com\/fr\/wp-json\/wp\/v2\/media?parent=2665"}],"wp:term":[{"taxonomy":"market","embeddable":true,"href":"https:\/\/www.zkprintpack.com\/fr\/wp-json\/wp\/v2\/market?post=2665"},{"taxonomy":"product_brand","embeddable":true,"href":"https:\/\/www.zkprintpack.com\/fr\/wp-json\/wp\/v2\/product_brand?post=2665"},{"taxonomy":"product_cat","embeddable":true,"href":"https:\/\/www.zkprintpack.com\/fr\/wp-json\/wp\/v2\/product_cat?post=2665"},{"taxonomy":"product_tag","embeddable":true,"href":"https:\/\/www.zkprintpack.com\/fr\/wp-json\/wp\/v2\/product_tag?post=2665"}],"curies":[{"name":"wp","href":"https:\/\/api.w.org\/{rel}","templated":true}]}}