{"id":2661,"date":"2026-02-25T07:36:41","date_gmt":"2026-02-25T07:36:41","guid":{"rendered":"https:\/\/www.zkprintpack.com\/?post_type=product&#038;p=2661"},"modified":"2026-04-15T01:18:25","modified_gmt":"2026-04-15T01:18:25","slug":"custom-cosmetic-packaging-pouches","status":"publish","type":"product","link":"https:\/\/www.zkprintpack.com\/fr\/product\/custom-cosmetic-packaging-pouches\/","title":{"rendered":"Emballages cosm\u00e9tiques personnalis\u00e9s - S\u00e9curit\u00e9 chimique, haute barri\u00e8re \u00e0 l'oxyg\u00e8ne"},"content":{"rendered":"<div class=\"wp-block-columns is-layout-flex wp-container-core-columns-is-layout-9d6595d7 wp-block-columns-is-layout-flex\">\n<div class=\"wp-block-column is-layout-flow wp-block-column-is-layout-flow\">\n<h2 class=\"wp-block-heading\">Caract\u00e9ristiques des sachets d'emballage de produits cosm\u00e9tiques sur mesure<\/h2>\n\n\n\n<ul class=\"wp-block-list\">\n<li><strong>Compatibilit\u00e9 chimique Formula-Safe<br><\/strong>La couche int\u00e9rieure de nos sachets cosm\u00e9tiques personnalis\u00e9s est con\u00e7ue pour \u00eatre chimiquement inerte et totalement compatible avec les formules de soins de la peau, emp\u00eachant ainsi les r\u00e9actions susceptibles de provoquer une d\u00e9coloration, une d\u00e9gradation ou une migration nocive. Des tests de compatibilit\u00e9 peuvent \u00eatre effectu\u00e9s sur la base de votre formule sp\u00e9cifique.<\/li>\n\n\n\n<li><strong>Barri\u00e8re \u00e0 l'oxyg\u00e8ne \u00e9lev\u00e9e pour la protection des ingr\u00e9dients actifs<\/strong><br>Ces sachets d'emballage cosm\u00e9tique sur mesure adoptent des structures \u00e0 haute barri\u00e8re qui aident \u00e0 bloquer l'exposition \u00e0 l'oxyg\u00e8ne, prot\u00e9geant les ingr\u00e9dients sensibles comme la vitamine C et le r\u00e9tinol de l'oxydation et de la perte d'efficacit\u00e9.<\/li>\n\n\n\n<li><strong>Contr\u00f4le de l'humidit\u00e9 pour maintenir la texture<\/strong><br>L'excellente barri\u00e8re \u00e0 la vapeur d'eau emp\u00eache les cr\u00e8mes et les gels de se dess\u00e9cher ou d'absorber l'humidit\u00e9, ce qui garantit une viscosit\u00e9 stable et une texture constante du produit tout au long de sa dur\u00e9e de conservation.<\/li>\n\n\n\n<li><strong>Options de finition des surfaces de luxe<\/strong><br>Il prend en charge la finition mate, le rev\u00eatement soft-touch, les UV ponctuels, le marquage \u00e0 chaud (or\/argent) et d'autres processus de qualit\u00e9 sup\u00e9rieure pour am\u00e9liorer la diff\u00e9renciation des produits et le positionnement haut de gamme.<\/li>\n\n\n\n<li>En tant que fabricant sp\u00e9cialis\u00e9 dans les emballages cosm\u00e9tiques personnalis\u00e9s, nous pouvons fournir une production directe en usine avec un processus de fabrication et d'impression raffin\u00e9. Ainsi, nous pouvons fournir une base stable pour les commandes de gros volumes.<\/li>\n<\/ul>\n<\/div>\n\n\n\n<div class=\"wp-block-column is-layout-flow wp-block-column-is-layout-flow\">\n<figure class=\"wp-block-image size-full\"><img decoding=\"async\" width=\"800\" height=\"800\" src=\"https:\/\/www.zkprintpack.com\/wp-content\/uploads\/2026\/02\/Custom-Cosmetic-Packaging-3-Side-Seal-Pouch.webp\" alt=\"Emballage cosm\u00e9tique personnalis\u00e9 3 Side Seal Pouch\" class=\"wp-image-2662\" srcset=\"https:\/\/www.zkprintpack.com\/wp-content\/uploads\/2026\/02\/Custom-Cosmetic-Packaging-3-Side-Seal-Pouch.webp 800w, https:\/\/www.zkprintpack.com\/wp-content\/uploads\/2026\/02\/Custom-Cosmetic-Packaging-3-Side-Seal-Pouch-150x150.webp 150w, https:\/\/www.zkprintpack.com\/wp-content\/uploads\/2026\/02\/Custom-Cosmetic-Packaging-3-Side-Seal-Pouch-768x768.webp 768w, https:\/\/www.zkprintpack.com\/wp-content\/uploads\/2026\/02\/Custom-Cosmetic-Packaging-3-Side-Seal-Pouch-12x12.webp 12w, https:\/\/www.zkprintpack.com\/wp-content\/uploads\/2026\/02\/Custom-Cosmetic-Packaging-3-Side-Seal-Pouch-600x600.webp 600w, https:\/\/www.zkprintpack.com\/wp-content\/uploads\/2026\/02\/Custom-Cosmetic-Packaging-3-Side-Seal-Pouch-300x300.webp 300w, https:\/\/www.zkprintpack.com\/wp-content\/uploads\/2026\/02\/Custom-Cosmetic-Packaging-3-Side-Seal-Pouch-100x100.webp 100w\" sizes=\"(max-width: 800px) 100vw, 800px\" \/><\/figure>\n<\/div>\n<\/div>\n\n\n\n<p><\/p>","protected":false},"excerpt":{"rendered":"<p>Vente en gros de sachets d'emballage cosm\u00e9tique personnalis\u00e9s. Con\u00e7us pour offrir une barri\u00e8re \u00e9lev\u00e9e contre l'oxyg\u00e8ne, l'humidit\u00e9 et la lumi\u00e8re, nos sachets d'emballage cosm\u00e9tique personnalis\u00e9s se caract\u00e9risent par une grande fiabilit\u00e9 de scellage et des finitions d'impression luxueuses pour prot\u00e9ger les ingr\u00e9dients actifs tout en offrant une exp\u00e9rience de marque de premier ordre. Id\u00e9ales pour les s\u00e9rums, les lotions, les gels, les cr\u00e8mes et les \u00e9mulsions, etc. Nous acceptons les commandes en gros. Contactez nous d\u00e8s maintenant !<\/p>\n<h2>Param\u00e8tres des sachets d'emballage de produits cosm\u00e9tiques sur mesure<\/h2>\n<ul>\n<li><strong>Mat\u00e9riau :<\/strong>\u00a0PET\/PE, PET\/NY\/PE, PET\/AL\/NY\/PE, etc.<\/li>\n<li><strong>Type de sac<\/strong>: <strong>Pochette \u00e0 sceller sur trois c\u00f4t\u00e9s<\/strong><\/li>\n<li><strong>Taille<\/strong>: Sur mesure<\/li>\n<li><strong>Commande personnalis\u00e9e<\/strong>: Acceptation des OEM et ODM<\/li>\n<li><strong>\u00c9chantillon gratuit<\/strong>: Support<\/li>\n<li><strong>Utilisation<\/strong>: Condiment, snack, aliment, bonbon, sauce et autres<\/li>\n<li><strong>Couleur<\/strong>: Peut \u00eatre personnalis\u00e9<\/li>\n<li><strong>March\u00e9s cibles<\/strong>: Partout dans le monde<\/li>\n<\/ul>","protected":false},"featured_media":2662,"comment_status":"closed","ping_status":"closed","template":"","meta":{"_acf_changed":false},"market":[58,51],"product_brand":[],"product_cat":[53],"product_tag":[],"class_list":{"0":"post-2661","1":"product","2":"type-product","3":"status-publish","4":"has-post-thumbnail","6":"market-face-mask-packaging-supplier","7":"market-personal-care-and-cosmetic","8":"product_cat-three-side-seal-pouch-wholesale","10":"first","11":"instock","12":"shipping-taxable","13":"product-type-simple"},"acf":[],"_links":{"self":[{"href":"https:\/\/www.zkprintpack.com\/fr\/wp-json\/wp\/v2\/product\/2661","targetHints":{"allow":["GET"]}}],"collection":[{"href":"https:\/\/www.zkprintpack.com\/fr\/wp-json\/wp\/v2\/product"}],"about":[{"href":"https:\/\/www.zkprintpack.com\/fr\/wp-json\/wp\/v2\/types\/product"}],"replies":[{"embeddable":true,"href":"https:\/\/www.zkprintpack.com\/fr\/wp-json\/wp\/v2\/comments?post=2661"}],"wp:featuredmedia":[{"embeddable":true,"href":"https:\/\/www.zkprintpack.com\/fr\/wp-json\/wp\/v2\/media\/2662"}],"wp:attachment":[{"href":"https:\/\/www.zkprintpack.com\/fr\/wp-json\/wp\/v2\/media?parent=2661"}],"wp:term":[{"taxonomy":"market","embeddable":true,"href":"https:\/\/www.zkprintpack.com\/fr\/wp-json\/wp\/v2\/market?post=2661"},{"taxonomy":"product_brand","embeddable":true,"href":"https:\/\/www.zkprintpack.com\/fr\/wp-json\/wp\/v2\/product_brand?post=2661"},{"taxonomy":"product_cat","embeddable":true,"href":"https:\/\/www.zkprintpack.com\/fr\/wp-json\/wp\/v2\/product_cat?post=2661"},{"taxonomy":"product_tag","embeddable":true,"href":"https:\/\/www.zkprintpack.com\/fr\/wp-json\/wp\/v2\/product_tag?post=2661"}],"curies":[{"name":"wp","href":"https:\/\/api.w.org\/{rel}","templated":true}]}}