{"id":2659,"date":"2026-02-25T07:41:29","date_gmt":"2026-02-25T07:41:29","guid":{"rendered":"https:\/\/www.zkprintpack.com\/?post_type=product&#038;p=2659"},"modified":"2026-02-25T07:42:28","modified_gmt":"2026-02-25T07:42:28","slug":"wholesale-custom-candy-pouches-supply","status":"publish","type":"product","link":"https:\/\/www.zkprintpack.com\/fr\/product\/wholesale-custom-candy-pouches-supply\/","title":{"rendered":"Sachets de bonbons personnalis\u00e9s Approvisionnement en gros - R\u00e9tention de l'ar\u00f4me, faible MVTR"},"content":{"rendered":"<div class=\"wp-block-columns is-layout-flex wp-container-core-columns-is-layout-9d6595d7 wp-block-columns-is-layout-flex\">\n<div class=\"wp-block-column is-layout-flow wp-block-column-is-layout-flow\">\n<h2 class=\"wp-block-heading\">Caract\u00e9ristiques des pochettes de bonbons personnalis\u00e9es<\/h2>\n\n\n\n<ul class=\"wp-block-list\">\n<li><strong>Faible MVTR pour une performance antiadh\u00e9sive<\/strong><br>La structure du film de nos sachets de bonbons personnalis\u00e9s peut \u00eatre con\u00e7ue avec un contr\u00f4le MVTR faible pour maintenir la s\u00e9cheresse et assurer une texture l\u00e9g\u00e8re et moelleuse pendant toute la dur\u00e9e de conservation.<\/li>\n\n\n\n<li><strong>Verrouillage des ar\u00f4mes pour pr\u00e9venir le rancissement<br><\/strong>Pour les guimauves contenant du lait en poudre, des graisses ou des ar\u00f4mes, les sachets de confiserie personnalis\u00e9s permettent de r\u00e9duire le d\u00e9veloppement de mauvaises odeurs et la perte d'ar\u00f4mes en am\u00e9liorant la r\u00e9sistance \u00e0 l'oxyg\u00e8ne et aux ar\u00f4mes.<\/li>\n\n\n\n<li><strong>Ouverture lisse et facile \u00e0 d\u00e9chirer pour des en-cas instantan\u00e9s<\/strong><br>Une encoche de d\u00e9chirement peut \u00eatre ajout\u00e9e pour une ouverture sans effort, permettant aux consommateurs d'ouvrir le paquet rapidement d'une seule main, ce qui est essentiel pour l'utilisation de snacks en portion individuelle.<\/li>\n\n\n\n<li><strong>Impression de dessins anim\u00e9s \u00e0 fort impact pour le march\u00e9 des enfants<br><\/strong>Le fond jaune vif et les dessins anim\u00e9s sur les glaces peuvent \u00eatre imprim\u00e9s avec une grande pr\u00e9cision des couleurs et un rep\u00e9rage serr\u00e9 pour assurer une bonne visibilit\u00e9 en rayon et un attrait pour les enfants.<\/li>\n\n\n\n<li>En tant que fabricant sp\u00e9cialis\u00e9 dans les sachets de bonbons personnalis\u00e9s, nous pouvons assurer une production directe en usine gr\u00e2ce \u00e0 un processus raffin\u00e9 de fabrication et d'impression des sachets. Nous pouvons ainsi fournir une base stable pour les commandes de gros volumes.<\/li>\n<\/ul>\n<\/div>\n\n\n\n<div class=\"wp-block-column is-layout-flow wp-block-column-is-layout-flow\">\n<figure class=\"wp-block-image size-full\"><img decoding=\"async\" width=\"800\" height=\"800\" src=\"https:\/\/www.zkprintpack.com\/wp-content\/uploads\/2026\/02\/custom-candy-pouches-wholesale.webp\" alt=\"sachets de bonbons personnalis\u00e9s en gros\" class=\"wp-image-2660\" srcset=\"https:\/\/www.zkprintpack.com\/wp-content\/uploads\/2026\/02\/custom-candy-pouches-wholesale.webp 800w, https:\/\/www.zkprintpack.com\/wp-content\/uploads\/2026\/02\/custom-candy-pouches-wholesale-150x150.webp 150w, https:\/\/www.zkprintpack.com\/wp-content\/uploads\/2026\/02\/custom-candy-pouches-wholesale-768x768.webp 768w, https:\/\/www.zkprintpack.com\/wp-content\/uploads\/2026\/02\/custom-candy-pouches-wholesale-12x12.webp 12w, https:\/\/www.zkprintpack.com\/wp-content\/uploads\/2026\/02\/custom-candy-pouches-wholesale-600x600.webp 600w, https:\/\/www.zkprintpack.com\/wp-content\/uploads\/2026\/02\/custom-candy-pouches-wholesale-300x300.webp 300w, https:\/\/www.zkprintpack.com\/wp-content\/uploads\/2026\/02\/custom-candy-pouches-wholesale-100x100.webp 100w\" sizes=\"(max-width: 800px) 100vw, 800px\" \/><\/figure>\n<\/div>\n<\/div>\n\n\n\n<p><\/p>","protected":false},"excerpt":{"rendered":"<p>Vente en gros de sachets de bonbons personnalis\u00e9s. Ces sachets personnalis\u00e9s sont con\u00e7us pour les produits en forme de cr\u00e8me glac\u00e9e. Ils offrent une protection efficace contre l'humidit\u00e9, une r\u00e9tention des ar\u00f4mes et une fermeture \u00e0 chaud fiable pour que les bonbons restent moelleux, secs et frais. Id\u00e9al pour les march\u00e9s de la Russie et de l'UEE. Possibilit\u00e9 de commandes en gros. Contactez nous d\u00e8s maintenant !<\/p>\n<h2>Param\u00e8tres des sachets de bonbons personnalis\u00e9s<\/h2>\n<ul>\n<li><strong>Fabricant : <a href=\"https:\/\/www.zkprintpack.com\/fr\/\"><span style=\"color: #ff0000;\">Zhongjia Packaging<\/span><\/a><\/strong><\/li>\n<li><strong>Mat\u00e9riau :<\/strong>\u00a0PET\/PE, PET\/NY\/PE, PET\/AL\/NY\/PE, etc.<\/li>\n<li><strong>Type de sac<\/strong>: <strong>Pochette plate<\/strong><\/li>\n<li><strong>Taille<\/strong>: Sur mesure<\/li>\n<li><strong>Commande personnalis\u00e9e<\/strong>: Acceptation des OEM et ODM<\/li>\n<li><strong>\u00c9chantillon gratuit<\/strong>: Support<\/li>\n<li><strong>Utilisation<\/strong>: Condiment, snack, aliment, bonbon, sauce et autres<\/li>\n<li><strong>Couleur<\/strong>: Peut \u00eatre personnalis\u00e9<\/li>\n<li><strong>March\u00e9s cibles<\/strong>: Partout dans le monde<\/li>\n<\/ul>","protected":false},"featured_media":2660,"comment_status":"closed","ping_status":"closed","template":"","meta":{"_acf_changed":false},"market":[60],"product_brand":[],"product_cat":[67,53],"product_tag":[],"class_list":{"0":"post-2659","1":"product","2":"type-product","3":"status-publish","4":"has-post-thumbnail","6":"market-confectionery-packaging-supplier","7":"product_cat-custom-flat-pouch","8":"product_cat-three-side-seal-pouch-wholesale","10":"first","11":"instock","12":"shipping-taxable","13":"product-type-simple"},"acf":[],"_links":{"self":[{"href":"https:\/\/www.zkprintpack.com\/fr\/wp-json\/wp\/v2\/product\/2659","targetHints":{"allow":["GET"]}}],"collection":[{"href":"https:\/\/www.zkprintpack.com\/fr\/wp-json\/wp\/v2\/product"}],"about":[{"href":"https:\/\/www.zkprintpack.com\/fr\/wp-json\/wp\/v2\/types\/product"}],"replies":[{"embeddable":true,"href":"https:\/\/www.zkprintpack.com\/fr\/wp-json\/wp\/v2\/comments?post=2659"}],"wp:featuredmedia":[{"embeddable":true,"href":"https:\/\/www.zkprintpack.com\/fr\/wp-json\/wp\/v2\/media\/2660"}],"wp:attachment":[{"href":"https:\/\/www.zkprintpack.com\/fr\/wp-json\/wp\/v2\/media?parent=2659"}],"wp:term":[{"taxonomy":"market","embeddable":true,"href":"https:\/\/www.zkprintpack.com\/fr\/wp-json\/wp\/v2\/market?post=2659"},{"taxonomy":"product_brand","embeddable":true,"href":"https:\/\/www.zkprintpack.com\/fr\/wp-json\/wp\/v2\/product_brand?post=2659"},{"taxonomy":"product_cat","embeddable":true,"href":"https:\/\/www.zkprintpack.com\/fr\/wp-json\/wp\/v2\/product_cat?post=2659"},{"taxonomy":"product_tag","embeddable":true,"href":"https:\/\/www.zkprintpack.com\/fr\/wp-json\/wp\/v2\/product_tag?post=2659"}],"curies":[{"name":"wp","href":"https:\/\/api.w.org\/{rel}","templated":true}]}}