{"id":2655,"date":"2026-02-25T08:13:42","date_gmt":"2026-02-25T08:13:42","guid":{"rendered":"https:\/\/www.zkprintpack.com\/?post_type=product&#038;p=2655"},"modified":"2026-02-25T08:13:44","modified_gmt":"2026-02-25T08:13:44","slug":"custom-candy-packaging-bags-supply","status":"publish","type":"product","link":"https:\/\/www.zkprintpack.com\/fr\/product\/custom-candy-packaging-bags-supply\/","title":{"rendered":"Sacs d'emballage de bonbons personnalis\u00e9s Fourniture de film en rouleau en gros Fabricant de film en rouleau"},"content":{"rendered":"<div class=\"wp-block-columns is-layout-flex wp-container-core-columns-is-layout-9d6595d7 wp-block-columns-is-layout-flex\">\n<div class=\"wp-block-column is-layout-flow wp-block-column-is-layout-flow\">\n<h2 class=\"wp-block-heading\">Caract\u00e9ristiques des sacs d'emballage de bonbons personnalis\u00e9s<\/h2>\n\n\n\n<ul class=\"wp-block-list\">\n<li><strong>Barri\u00e8re contre l'humidit\u00e9 pour conserver la douceur de la barbe \u00e0 papa<\/strong><br>Le sac d'emballage de barbe \u00e0 papa personnalis\u00e9 offre une r\u00e9sistance fiable \u00e0 la vapeur d'eau afin d'\u00e9viter que la barbe \u00e0 papa ne colle et ne s'agglutine en raison de l'humidit\u00e9, ce qui lui permet de rester fra\u00eeche et moelleuse.<\/li>\n\n\n\n<li><strong>Une conception facile \u00e0 ouvrir pour une meilleure exp\u00e9rience du consommateur<\/strong><br>L'encoche int\u00e9gr\u00e9e permet une ouverture rapide sans outil, am\u00e9liorant ainsi la facilit\u00e9 d'utilisation pour la consommation de snacks.<\/li>\n\n\n\n<li><strong>Fen\u00eatre transparente en option pour une meilleure visibilit\u00e9 des produits<\/strong><br>Notre sachet d'emballage de bonbons personnalis\u00e9 comporte une fen\u00eatre partiellement transparente qui peut \u00eatre ajout\u00e9e pour pr\u00e9senter directement l'aspect des bonbons g\u00e9lifi\u00e9s, renfor\u00e7ant ainsi l'authenticit\u00e9 et la perception des \u201cvrais ingr\u00e9dients\u201d.<\/li>\n\n\n\n<li><strong>Une impression brillante et mignonne pour une forte attractivit\u00e9 en rayon<\/strong><br>Les dessins anim\u00e9s de fruits et les couleurs vives sont optimis\u00e9s pour attirer les enfants et les jeunes consommateurs tout en renfor\u00e7ant la reconnaissance de la marque.<\/li>\n\n\n\n<li>En tant que fabricant sp\u00e9cialis\u00e9 dans les sacs d'emballage de bonbons personnalis\u00e9s, nous pouvons fournir une production directe en usine avec un processus de fabrication et d'impression raffin\u00e9. Nous pouvons ainsi fournir une base stable pour les commandes de gros volumes.<\/li>\n<\/ul>\n<\/div>\n\n\n\n<div class=\"wp-block-column is-layout-flow wp-block-column-is-layout-flow\">\n<figure class=\"wp-block-image size-full\"><img decoding=\"async\" width=\"800\" height=\"800\" src=\"https:\/\/www.zkprintpack.com\/wp-content\/uploads\/2026\/02\/custom-candy-packaging-bags-wholesale-manufacturer-2.webp\" alt=\"sacs d&#039;emballage de bonbons personnalis\u00e9s fabricant en gros (2)\" class=\"wp-image-2658\" srcset=\"https:\/\/www.zkprintpack.com\/wp-content\/uploads\/2026\/02\/custom-candy-packaging-bags-wholesale-manufacturer-2.webp 800w, https:\/\/www.zkprintpack.com\/wp-content\/uploads\/2026\/02\/custom-candy-packaging-bags-wholesale-manufacturer-2-150x150.webp 150w, https:\/\/www.zkprintpack.com\/wp-content\/uploads\/2026\/02\/custom-candy-packaging-bags-wholesale-manufacturer-2-768x768.webp 768w, https:\/\/www.zkprintpack.com\/wp-content\/uploads\/2026\/02\/custom-candy-packaging-bags-wholesale-manufacturer-2-12x12.webp 12w, https:\/\/www.zkprintpack.com\/wp-content\/uploads\/2026\/02\/custom-candy-packaging-bags-wholesale-manufacturer-2-600x600.webp 600w, https:\/\/www.zkprintpack.com\/wp-content\/uploads\/2026\/02\/custom-candy-packaging-bags-wholesale-manufacturer-2-300x300.webp 300w, https:\/\/www.zkprintpack.com\/wp-content\/uploads\/2026\/02\/custom-candy-packaging-bags-wholesale-manufacturer-2-100x100.webp 100w\" sizes=\"(max-width: 800px) 100vw, 800px\" \/><\/figure>\n<\/div>\n<\/div>\n\n\n\n<p><\/p>","protected":false},"excerpt":{"rendered":"<p>Sacs d'emballage de bonbons personnalis\u00e9s en gros. Il est con\u00e7u pour emp\u00eacher l'absorption d'humidit\u00e9, maintenir la texture duveteuse et prot\u00e9ger les bonbons contre l'\u00e9crasement pendant le transport et l'empilage en rayon. Nous acceptons les commandes en gros. Contactez nous d\u00e8s maintenant !<\/p>\n<h2>Param\u00e8tres des sacs d'emballage de bonbons personnalis\u00e9s<\/h2>\n<ul>\n<li><strong>Mat\u00e9riau :<\/strong>\u00a0PET\/PE, PET\/NY\/PE, PET\/AL\/NY\/PE, etc.<\/li>\n<li><strong>Type de sac<\/strong>: <strong>Pochette plate<\/strong><\/li>\n<li><strong>Taille<\/strong>: Sur mesure<\/li>\n<li><strong>Commande personnalis\u00e9e<\/strong>: Acceptation des OEM et ODM<\/li>\n<li><strong>\u00c9chantillon gratuit<\/strong>: Support<\/li>\n<li><strong>Utilisation<\/strong>: Condiment, snack, aliment, bonbon, sauce et autres<\/li>\n<li><strong>Couleur<\/strong>: Peut \u00eatre personnalis\u00e9<\/li>\n<li><strong>March\u00e9s cibles<\/strong>: Partout dans le monde<\/li>\n<\/ul>","protected":false},"featured_media":2656,"comment_status":"closed","ping_status":"closed","template":"","meta":{"_acf_changed":false},"market":[60],"product_brand":[],"product_cat":[67],"product_tag":[],"class_list":{"0":"post-2655","1":"product","2":"type-product","3":"status-publish","4":"has-post-thumbnail","6":"market-confectionery-packaging-supplier","7":"product_cat-custom-flat-pouch","9":"first","10":"instock","11":"shipping-taxable","12":"product-type-simple"},"acf":[],"_links":{"self":[{"href":"https:\/\/www.zkprintpack.com\/fr\/wp-json\/wp\/v2\/product\/2655","targetHints":{"allow":["GET"]}}],"collection":[{"href":"https:\/\/www.zkprintpack.com\/fr\/wp-json\/wp\/v2\/product"}],"about":[{"href":"https:\/\/www.zkprintpack.com\/fr\/wp-json\/wp\/v2\/types\/product"}],"replies":[{"embeddable":true,"href":"https:\/\/www.zkprintpack.com\/fr\/wp-json\/wp\/v2\/comments?post=2655"}],"wp:featuredmedia":[{"embeddable":true,"href":"https:\/\/www.zkprintpack.com\/fr\/wp-json\/wp\/v2\/media\/2656"}],"wp:attachment":[{"href":"https:\/\/www.zkprintpack.com\/fr\/wp-json\/wp\/v2\/media?parent=2655"}],"wp:term":[{"taxonomy":"market","embeddable":true,"href":"https:\/\/www.zkprintpack.com\/fr\/wp-json\/wp\/v2\/market?post=2655"},{"taxonomy":"product_brand","embeddable":true,"href":"https:\/\/www.zkprintpack.com\/fr\/wp-json\/wp\/v2\/product_brand?post=2655"},{"taxonomy":"product_cat","embeddable":true,"href":"https:\/\/www.zkprintpack.com\/fr\/wp-json\/wp\/v2\/product_cat?post=2655"},{"taxonomy":"product_tag","embeddable":true,"href":"https:\/\/www.zkprintpack.com\/fr\/wp-json\/wp\/v2\/product_tag?post=2655"}],"curies":[{"name":"wp","href":"https:\/\/api.w.org\/{rel}","templated":true}]}}