{"id":2633,"date":"2026-02-05T01:50:45","date_gmt":"2026-02-05T01:50:45","guid":{"rendered":"https:\/\/www.zkprintpack.com\/?post_type=product&#038;p=2633"},"modified":"2026-02-05T01:50:51","modified_gmt":"2026-02-05T01:50:51","slug":"custom-spice-packaging-bag-powder","status":"publish","type":"product","link":"https:\/\/www.zkprintpack.com\/fr\/product\/custom-spice-packaging-bag-powder\/","title":{"rendered":"Sacs d'emballage d'\u00e9pices personnalis\u00e9s Fourniture du fabricant - Encoche de d\u00e9chirure, impression haute d\u00e9finition"},"content":{"rendered":"<div class=\"wp-block-columns is-layout-flex wp-container-core-columns-is-layout-9d6595d7 wp-block-columns-is-layout-flex\">\n<div class=\"wp-block-column is-layout-flow wp-block-column-is-layout-flow\">\n<h2 class=\"wp-block-heading\">Caract\u00e9ristiques du sac d'emballage d'\u00e9pices personnalis\u00e9<\/h2>\n\n\n\n<ul class=\"wp-block-list\">\n<li><strong>R\u00e9sistance fiable du thermoscellage :<\/strong><br>La zone de scellage du sac d'emballage d'\u00e9pices sur mesure est con\u00e7ue pour un scellage thermique constant et tr\u00e8s r\u00e9sistant afin d'\u00e9viter les fuites, l'\u00e9chappement lent de la poudre ou la rupture du scellage caus\u00e9e par la contamination lors du remplissage.<\/li>\n\n\n\n<li><strong>Mat\u00e9riaux de qualit\u00e9 alimentaire s\u00fbrs :<\/strong><br>Tous les mat\u00e9riaux de nos sacs d'emballage d'\u00e9pices personnalis\u00e9s sont produits pour r\u00e9pondre aux r\u00e9glementations en mati\u00e8re de s\u00e9curit\u00e9 du contact alimentaire, avec une documentation compl\u00e8te sur la conformit\u00e9 disponible pour v\u00e9rification par le client.<\/li>\n\n\n\n<li><strong>L'encoche de d\u00e9chirure s'ouvre facilement pour plus de commodit\u00e9 :<\/strong> <br>Ce sac d'emballage d'\u00e9pices personnalis\u00e9 comporte une encoche de d\u00e9chirure pour am\u00e9liorer l'exp\u00e9rience de l'utilisateur dans les environnements de cuisine domestique et de restauration.<\/li>\n\n\n\n<li><strong>Impression haute d\u00e9finition pour un impact fort sur la marque et les rayons :<\/strong><br>Le sac d'emballage d'\u00e9pices sur mesure permet une reproduction de couleurs vives et coh\u00e9rentes et une imagerie alimentaire en haute r\u00e9solution pour maximiser l'attrait de l'app\u00e9tit, tout en veillant \u00e0 ce que l'identit\u00e9 de la marque reste claire et uniforme pour toutes les unit\u00e9s de stock.<\/li>\n\n\n\n<li>En tant qu'entreprise sp\u00e9cialis\u00e9e dans la fabrication de sacs d'emballage d'\u00e9pices sur mesure, nous pouvons fournir une production directe en usine avec un processus de fabrication et d'impression raffin\u00e9. Nous pouvons ainsi fournir une base stable pour les commandes de gros volumes.<\/li>\n<\/ul>\n<\/div>\n\n\n\n<div class=\"wp-block-column is-layout-flow wp-block-column-is-layout-flow\">\n<figure class=\"wp-block-image size-full\"><img decoding=\"async\" width=\"800\" height=\"800\" src=\"https:\/\/www.zkprintpack.com\/wp-content\/uploads\/2026\/02\/China-Three-Side-Seal-Bag-Wholesale-Manufacturer-2.webp\" alt=\"Sacs \u00e0 sceller \u00e0 trois c\u00f4t\u00e9s en Chine Fabricant en gros (2)\" class=\"wp-image-2636\" srcset=\"https:\/\/www.zkprintpack.com\/wp-content\/uploads\/2026\/02\/China-Three-Side-Seal-Bag-Wholesale-Manufacturer-2.webp 800w, https:\/\/www.zkprintpack.com\/wp-content\/uploads\/2026\/02\/China-Three-Side-Seal-Bag-Wholesale-Manufacturer-2-150x150.webp 150w, https:\/\/www.zkprintpack.com\/wp-content\/uploads\/2026\/02\/China-Three-Side-Seal-Bag-Wholesale-Manufacturer-2-768x768.webp 768w, https:\/\/www.zkprintpack.com\/wp-content\/uploads\/2026\/02\/China-Three-Side-Seal-Bag-Wholesale-Manufacturer-2-12x12.webp 12w, https:\/\/www.zkprintpack.com\/wp-content\/uploads\/2026\/02\/China-Three-Side-Seal-Bag-Wholesale-Manufacturer-2-600x600.webp 600w, https:\/\/www.zkprintpack.com\/wp-content\/uploads\/2026\/02\/China-Three-Side-Seal-Bag-Wholesale-Manufacturer-2-300x300.webp 300w, https:\/\/www.zkprintpack.com\/wp-content\/uploads\/2026\/02\/China-Three-Side-Seal-Bag-Wholesale-Manufacturer-2-100x100.webp 100w\" sizes=\"(max-width: 800px) 100vw, 800px\" \/><\/figure>\n<\/div>\n<\/div>\n\n\n\n<p><\/p>","protected":false},"excerpt":{"rendered":"<p>Con\u00e7u pour les m\u00e9langes d'\u00e9pices et les assaisonnements compos\u00e9s en poudre, ce sac d'emballage personnalis\u00e9 pour \u00e9pices offre une protection contre l'humidit\u00e9, une forte r\u00e9tention des ar\u00f4mes et une longue dur\u00e9e de conservation. Les commandes en vrac sont possibles. Contactez-nous d\u00e8s maintenant !<\/p>\n<h2>Param\u00e8tres du sac d'emballage d'\u00e9pices sur mesure\u00a0<\/h2>\n<ul>\n<li><strong>Mat\u00e9riau :<\/strong>\u00a0PET\/PE, PET\/NY\/PE, PET\/AL\/NY\/PE, etc.<\/li>\n<li><strong>Type de sac<\/strong>: <strong>Pochette \u00e0 sceller sur trois c\u00f4t\u00e9s<\/strong><\/li>\n<li><strong>Taille<\/strong>: Sur mesure<\/li>\n<li><strong>Commande personnalis\u00e9e<\/strong>: Acceptation des OEM et ODM<\/li>\n<li><strong>\u00c9chantillon gratuit<\/strong>: Support<\/li>\n<li><strong>Utilisation<\/strong>: Poudre, snacks, aliments, bonbons, sauces et autres<\/li>\n<li><strong>Couleur<\/strong>: Peut \u00eatre personnalis\u00e9<\/li>\n<li><strong>March\u00e9s cibles<\/strong>: Partout dans le monde<\/li>\n<\/ul>","protected":false},"featured_media":2634,"comment_status":"closed","ping_status":"closed","template":"","meta":{"_acf_changed":false},"market":[62,59],"product_brand":[],"product_cat":[53],"product_tag":[],"class_list":{"0":"post-2633","1":"product","2":"type-product","3":"status-publish","4":"has-post-thumbnail","6":"market-powder-packaging-supplier","7":"market-sauce-and-condiment-packaging-supplier","8":"product_cat-three-side-seal-pouch-wholesale","10":"first","11":"instock","12":"shipping-taxable","13":"product-type-simple"},"acf":[],"_links":{"self":[{"href":"https:\/\/www.zkprintpack.com\/fr\/wp-json\/wp\/v2\/product\/2633","targetHints":{"allow":["GET"]}}],"collection":[{"href":"https:\/\/www.zkprintpack.com\/fr\/wp-json\/wp\/v2\/product"}],"about":[{"href":"https:\/\/www.zkprintpack.com\/fr\/wp-json\/wp\/v2\/types\/product"}],"replies":[{"embeddable":true,"href":"https:\/\/www.zkprintpack.com\/fr\/wp-json\/wp\/v2\/comments?post=2633"}],"wp:featuredmedia":[{"embeddable":true,"href":"https:\/\/www.zkprintpack.com\/fr\/wp-json\/wp\/v2\/media\/2634"}],"wp:attachment":[{"href":"https:\/\/www.zkprintpack.com\/fr\/wp-json\/wp\/v2\/media?parent=2633"}],"wp:term":[{"taxonomy":"market","embeddable":true,"href":"https:\/\/www.zkprintpack.com\/fr\/wp-json\/wp\/v2\/market?post=2633"},{"taxonomy":"product_brand","embeddable":true,"href":"https:\/\/www.zkprintpack.com\/fr\/wp-json\/wp\/v2\/product_brand?post=2633"},{"taxonomy":"product_cat","embeddable":true,"href":"https:\/\/www.zkprintpack.com\/fr\/wp-json\/wp\/v2\/product_cat?post=2633"},{"taxonomy":"product_tag","embeddable":true,"href":"https:\/\/www.zkprintpack.com\/fr\/wp-json\/wp\/v2\/product_tag?post=2633"}],"curies":[{"name":"wp","href":"https:\/\/api.w.org\/{rel}","templated":true}]}}