{"id":2628,"date":"2026-02-05T02:09:31","date_gmt":"2026-02-05T02:09:31","guid":{"rendered":"https:\/\/www.zkprintpack.com\/?post_type=product&#038;p=2628"},"modified":"2026-02-05T02:09:34","modified_gmt":"2026-02-05T02:09:34","slug":"custom-sauce-packaging-bags-wholesale","status":"publish","type":"product","link":"https:\/\/www.zkprintpack.com\/fr\/product\/custom-sauce-packaging-bags-wholesale\/","title":{"rendered":"Sacs d'emballage de sauces sur mesure - fermeture \u00e0 glissi\u00e8re refermable et trou de suspension"},"content":{"rendered":"<div class=\"wp-block-columns is-layout-flex wp-container-core-columns-is-layout-9d6595d7 wp-block-columns-is-layout-flex\">\n<div class=\"wp-block-column is-layout-flow wp-block-column-is-layout-flow\">\n<h2 class=\"wp-block-heading\">Caract\u00e9ristiques des sacs d'emballage de sauces sur mesure<\/h2>\n\n\n\n<ul class=\"wp-block-list\">\n<li><strong>Fermeture \u00e0 glissi\u00e8re refermable Structure :<\/strong> Les sachets \u00e0 fermeture \u00e9clair pour sauces sont fortement recommand\u00e9s pour les produits en poudre afin de permettre des ouvertures et des refermetures r\u00e9p\u00e9t\u00e9es, de maintenir la siccit\u00e9, la texture fluide et l'ar\u00f4me durable.<\/li>\n\n\n\n<li><strong>Mat\u00e9riaux de qualit\u00e9 alimentaire s\u00fbrs :<\/strong> Tous les mat\u00e9riaux de nos sacs d'emballage de sauces personnalis\u00e9s sont produits pour r\u00e9pondre aux r\u00e9glementations en mati\u00e8re de s\u00e9curit\u00e9 du contact alimentaire, avec une documentation compl\u00e8te sur la conformit\u00e9 disponible pour v\u00e9rification par le client.<\/li>\n\n\n\n<li><strong>L'encoche de d\u00e9chirure s'ouvre facilement pour plus de commodit\u00e9 :<\/strong> La conception de l'ouverture transparente en dents de scie ou dentel\u00e9e garantit une ouverture sans effort et sans ciseaux, am\u00e9liorant ainsi l'exp\u00e9rience de l'utilisateur, tant pour la cuisine domestique que pour les environnements de restauration.<\/li>\n\n\n\n<li><strong>Impression haute d\u00e9finition pour un impact fort sur la marque et les rayons :<\/strong> Le sac d'emballage de sauce personnalis\u00e9 permet une reproduction de couleurs vives et coh\u00e9rentes et une imagerie alimentaire haute r\u00e9solution pour maximiser l'attrait de l'app\u00e9tit, tout en veillant \u00e0 ce que l'identit\u00e9 de la marque reste claire et uniforme pour toutes les unit\u00e9s de stock.<\/li>\n\n\n\n<li>En tant que fabricant sp\u00e9cialis\u00e9 dans les sacs d'emballage de sauces sur mesure, nous pouvons fournir une production directe en usine avec un processus de fabrication et d'impression raffin\u00e9. Nous pouvons ainsi fournir une base stable pour les commandes de gros volumes.<\/li>\n<\/ul>\n<\/div>\n\n\n\n<div class=\"wp-block-column is-layout-flow wp-block-column-is-layout-flow\">\n<figure class=\"wp-block-image size-full\"><img decoding=\"async\" width=\"800\" height=\"800\" src=\"https:\/\/www.zkprintpack.com\/wp-content\/uploads\/2026\/02\/custom-sauce-packaging-bag-manufacturer-1.webp\" alt=\"Fabricant de sacs d&#039;emballage de sauces sur mesure - 1\" class=\"wp-image-2629\" srcset=\"https:\/\/www.zkprintpack.com\/wp-content\/uploads\/2026\/02\/custom-sauce-packaging-bag-manufacturer-1.webp 800w, https:\/\/www.zkprintpack.com\/wp-content\/uploads\/2026\/02\/custom-sauce-packaging-bag-manufacturer-1-150x150.webp 150w, https:\/\/www.zkprintpack.com\/wp-content\/uploads\/2026\/02\/custom-sauce-packaging-bag-manufacturer-1-768x768.webp 768w, https:\/\/www.zkprintpack.com\/wp-content\/uploads\/2026\/02\/custom-sauce-packaging-bag-manufacturer-1-12x12.webp 12w, https:\/\/www.zkprintpack.com\/wp-content\/uploads\/2026\/02\/custom-sauce-packaging-bag-manufacturer-1-600x600.webp 600w, https:\/\/www.zkprintpack.com\/wp-content\/uploads\/2026\/02\/custom-sauce-packaging-bag-manufacturer-1-300x300.webp 300w, https:\/\/www.zkprintpack.com\/wp-content\/uploads\/2026\/02\/custom-sauce-packaging-bag-manufacturer-1-100x100.webp 100w\" sizes=\"(max-width: 800px) 100vw, 800px\" \/><\/figure>\n<\/div>\n<\/div>\n\n\n\n<div class=\"wp-block-columns is-layout-flex wp-container-core-columns-is-layout-9d6595d7 wp-block-columns-is-layout-flex\">\n<div class=\"wp-block-column is-layout-flow wp-block-column-is-layout-flow\">\n<figure class=\"wp-block-image size-full\"><img decoding=\"async\" width=\"800\" height=\"800\" src=\"https:\/\/www.zkprintpack.com\/wp-content\/uploads\/2026\/02\/custom-sauce-packaging-bag-manufacturer.webp\" alt=\"fabricant de sacs d&#039;emballage de sauces sur mesure\" class=\"wp-image-2632\" srcset=\"https:\/\/www.zkprintpack.com\/wp-content\/uploads\/2026\/02\/custom-sauce-packaging-bag-manufacturer.webp 800w, https:\/\/www.zkprintpack.com\/wp-content\/uploads\/2026\/02\/custom-sauce-packaging-bag-manufacturer-150x150.webp 150w, https:\/\/www.zkprintpack.com\/wp-content\/uploads\/2026\/02\/custom-sauce-packaging-bag-manufacturer-768x768.webp 768w, https:\/\/www.zkprintpack.com\/wp-content\/uploads\/2026\/02\/custom-sauce-packaging-bag-manufacturer-12x12.webp 12w, https:\/\/www.zkprintpack.com\/wp-content\/uploads\/2026\/02\/custom-sauce-packaging-bag-manufacturer-600x600.webp 600w, https:\/\/www.zkprintpack.com\/wp-content\/uploads\/2026\/02\/custom-sauce-packaging-bag-manufacturer-300x300.webp 300w, https:\/\/www.zkprintpack.com\/wp-content\/uploads\/2026\/02\/custom-sauce-packaging-bag-manufacturer-100x100.webp 100w\" sizes=\"(max-width: 800px) 100vw, 800px\" \/><\/figure>\n<\/div>\n\n\n\n<div class=\"wp-block-column is-layout-flow wp-block-column-is-layout-flow\">\n<figure class=\"wp-block-image size-full\"><img decoding=\"async\" width=\"800\" height=\"800\" src=\"https:\/\/www.zkprintpack.com\/wp-content\/uploads\/2026\/02\/custom-sauce-packaging-bag-2.webp\" alt=\"sac d&#039;emballage de sauce personnalis\u00e9 (2)\" class=\"wp-image-2631\" srcset=\"https:\/\/www.zkprintpack.com\/wp-content\/uploads\/2026\/02\/custom-sauce-packaging-bag-2.webp 800w, https:\/\/www.zkprintpack.com\/wp-content\/uploads\/2026\/02\/custom-sauce-packaging-bag-2-150x150.webp 150w, https:\/\/www.zkprintpack.com\/wp-content\/uploads\/2026\/02\/custom-sauce-packaging-bag-2-768x768.webp 768w, https:\/\/www.zkprintpack.com\/wp-content\/uploads\/2026\/02\/custom-sauce-packaging-bag-2-12x12.webp 12w, https:\/\/www.zkprintpack.com\/wp-content\/uploads\/2026\/02\/custom-sauce-packaging-bag-2-600x600.webp 600w, https:\/\/www.zkprintpack.com\/wp-content\/uploads\/2026\/02\/custom-sauce-packaging-bag-2-300x300.webp 300w, https:\/\/www.zkprintpack.com\/wp-content\/uploads\/2026\/02\/custom-sauce-packaging-bag-2-100x100.webp 100w\" sizes=\"(max-width: 800px) 100vw, 800px\" \/><\/figure>\n<\/div>\n<\/div>","protected":false},"excerpt":{"rendered":"<p>Sacs d'emballage de sauces personnalis\u00e9s en gros. En combinant des mat\u00e9riaux de qualit\u00e9 alimentaire, une forte performance de scellage, une protection barri\u00e8re \u00e9lev\u00e9e et une qualit\u00e9 d'impression sup\u00e9rieure, ils garantissent la fra\u00eecheur, la s\u00e9curit\u00e9 et l'impact en rayon de vos produits sur vos march\u00e9s cibles. Les commandes en gros sont prises en charge. Contactez nous d\u00e8s maintenant !<\/p>\n<h2>Param\u00e8tres des sacs d'emballage de sauces sur mesure<\/h2>\n<ul>\n<li><strong>Mat\u00e9riau :<\/strong>\u00a0PET\/PE, PET\/NY\/PE, PET\/AL\/NY\/PE, etc.<\/li>\n<li><strong>Type de sac<\/strong>: <strong>Pochette Stand Up<\/strong><\/li>\n<li><strong>Taille<\/strong>: Sur mesure<\/li>\n<li><strong>Commande personnalis\u00e9e<\/strong>: Acceptation des OEM et ODM<\/li>\n<li><strong>\u00c9chantillon gratuit<\/strong>: Support<\/li>\n<li><strong>Utilisation<\/strong>: Condiment, snack, aliment, bonbon, sauce et autres<\/li>\n<li><strong>Couleur<\/strong>: Peut \u00eatre personnalis\u00e9<\/li>\n<li><strong>March\u00e9s cibles<\/strong>: Partout dans le monde<\/li>\n<\/ul>","protected":false},"featured_media":2629,"comment_status":"closed","ping_status":"closed","template":"","meta":{"_acf_changed":false},"market":[62,59],"product_brand":[],"product_cat":[50],"product_tag":[],"class_list":{"0":"post-2628","1":"product","2":"type-product","3":"status-publish","4":"has-post-thumbnail","6":"market-powder-packaging-supplier","7":"market-sauce-and-condiment-packaging-supplier","8":"product_cat-stand-up-pouches-wholesale","10":"first","11":"instock","12":"shipping-taxable","13":"product-type-simple"},"acf":[],"_links":{"self":[{"href":"https:\/\/www.zkprintpack.com\/fr\/wp-json\/wp\/v2\/product\/2628","targetHints":{"allow":["GET"]}}],"collection":[{"href":"https:\/\/www.zkprintpack.com\/fr\/wp-json\/wp\/v2\/product"}],"about":[{"href":"https:\/\/www.zkprintpack.com\/fr\/wp-json\/wp\/v2\/types\/product"}],"replies":[{"embeddable":true,"href":"https:\/\/www.zkprintpack.com\/fr\/wp-json\/wp\/v2\/comments?post=2628"}],"wp:featuredmedia":[{"embeddable":true,"href":"https:\/\/www.zkprintpack.com\/fr\/wp-json\/wp\/v2\/media\/2629"}],"wp:attachment":[{"href":"https:\/\/www.zkprintpack.com\/fr\/wp-json\/wp\/v2\/media?parent=2628"}],"wp:term":[{"taxonomy":"market","embeddable":true,"href":"https:\/\/www.zkprintpack.com\/fr\/wp-json\/wp\/v2\/market?post=2628"},{"taxonomy":"product_brand","embeddable":true,"href":"https:\/\/www.zkprintpack.com\/fr\/wp-json\/wp\/v2\/product_brand?post=2628"},{"taxonomy":"product_cat","embeddable":true,"href":"https:\/\/www.zkprintpack.com\/fr\/wp-json\/wp\/v2\/product_cat?post=2628"},{"taxonomy":"product_tag","embeddable":true,"href":"https:\/\/www.zkprintpack.com\/fr\/wp-json\/wp\/v2\/product_tag?post=2628"}],"curies":[{"name":"wp","href":"https:\/\/api.w.org\/{rel}","templated":true}]}}