{"id":2619,"date":"2026-02-05T01:58:19","date_gmt":"2026-02-05T01:58:19","guid":{"rendered":"https:\/\/www.zkprintpack.com\/?post_type=product&#038;p=2619"},"modified":"2026-02-05T01:58:22","modified_gmt":"2026-02-05T01:58:22","slug":"oem-chili-seasoning-packaging-bag-bulk","status":"publish","type":"product","link":"https:\/\/www.zkprintpack.com\/fr\/product\/oem-chili-seasoning-packaging-bag-bulk\/","title":{"rendered":"Sac d'emballage pour assaisonnement au chili personnalis\u00e9 Sac de scellage \u00e0 trois c\u00f4t\u00e9s en gros Fourniture de l'usine"},"content":{"rendered":"<div class=\"wp-block-columns is-layout-flex wp-container-core-columns-is-layout-9d6595d7 wp-block-columns-is-layout-flex\">\n<div class=\"wp-block-column is-layout-flow wp-block-column-is-layout-flow\">\n<h2 class=\"wp-block-heading\">Caract\u00e9ristiques du sac d'emballage pour assaisonnement au chili sur mesure<\/h2>\n\n\n\n<ul class=\"wp-block-list\">\n<li><strong>Double structure de sachet ind\u00e9pendante pour une s\u00e9paration parfaite :<\/strong> Les deux sachets int\u00e9rieurs (sauce + huile de chili) sont emball\u00e9s individuellement afin de garantir une isolation physique compl\u00e8te et d'\u00e9viter tout m\u00e9lange de saveurs ou toute contamination crois\u00e9e pendant le stockage et le transport.<\/li>\n\n\n\n<li><strong>Barri\u00e8re sup\u00e9rieure \u00e0 l'oxyg\u00e8ne pour pr\u00e9venir l'oxydation et le rancissement :<\/strong> Les options de mat\u00e9riaux \u00e0 haute barri\u00e8re (feuilles ou structures m\u00e9tallis\u00e9es transparentes) r\u00e9duisent consid\u00e9rablement la transmission de l'oxyg\u00e8ne, prot\u00e9geant ainsi l'ar\u00f4me des \u00e9pices, la fra\u00eecheur des sauces et la stabilit\u00e9 de la couleur de l'huile de chili.<\/li>\n\n\n\n<li><strong>Film de haute r\u00e9sistance :<\/strong> La structure lamin\u00e9e offre une excellente r\u00e9sistance \u00e0 la perforation, \u00e0 la traction et \u00e0 la friction, \u00e9vitant ainsi la rupture du sachet lors de l'empilage, du transport et de la manutention.<\/li>\n\n\n\n<li><strong>Impression d'encre \u00e0 base d'eau<\/strong>: Nos sachets d'emballage pour assaisonnements au chili sont imprim\u00e9s \u00e0 l'encre \u00e0 base d'eau afin de r\u00e9duire les \u00e9missions et d'aider les clients \u00e0 r\u00e9aliser des emballages durables.<\/li>\n\n\n\n<li>En tant qu'entreprise sp\u00e9cialis\u00e9e dans la fabrication de sacs d'emballage pour assaisonnement au chili, nous pouvons fournir une production directe \u00e0 l'usine avec un processus raffin\u00e9 de fabrication et d'impression de sacs. Nous pouvons ainsi fournir une base stable pour les commandes de gros volumes.<\/li>\n<\/ul>\n<\/div>\n\n\n\n<div class=\"wp-block-column is-layout-flow wp-block-column-is-layout-flow\">\n<figure class=\"wp-block-image size-full\"><img decoding=\"async\" width=\"800\" height=\"800\" src=\"https:\/\/www.zkprintpack.com\/wp-content\/uploads\/2026\/02\/Chili-seasoning-packaging-bag-wholesale.webp\" alt=\"Sac d&#039;emballage pour assaisonnement au chili\" class=\"wp-image-2620\" srcset=\"https:\/\/www.zkprintpack.com\/wp-content\/uploads\/2026\/02\/Chili-seasoning-packaging-bag-wholesale.webp 800w, https:\/\/www.zkprintpack.com\/wp-content\/uploads\/2026\/02\/Chili-seasoning-packaging-bag-wholesale-150x150.webp 150w, https:\/\/www.zkprintpack.com\/wp-content\/uploads\/2026\/02\/Chili-seasoning-packaging-bag-wholesale-768x768.webp 768w, https:\/\/www.zkprintpack.com\/wp-content\/uploads\/2026\/02\/Chili-seasoning-packaging-bag-wholesale-12x12.webp 12w, https:\/\/www.zkprintpack.com\/wp-content\/uploads\/2026\/02\/Chili-seasoning-packaging-bag-wholesale-600x600.webp 600w, https:\/\/www.zkprintpack.com\/wp-content\/uploads\/2026\/02\/Chili-seasoning-packaging-bag-wholesale-300x300.webp 300w, https:\/\/www.zkprintpack.com\/wp-content\/uploads\/2026\/02\/Chili-seasoning-packaging-bag-wholesale-100x100.webp 100w\" sizes=\"(max-width: 800px) 100vw, 800px\" \/><\/figure>\n<\/div>\n<\/div>\n\n\n\n<p><\/p>","protected":false},"excerpt":{"rendered":"<p>Zhongjia Packaging propose des emballages d'assaisonnement au chili en gros. Cet emballage est id\u00e9al pour les marques qui misent sur la commodit\u00e9, la fra\u00eecheur et l'apport de saveurs de premi\u00e8re qualit\u00e9. Il garantit que les \u201cdeux sauces en un seul paquet\u201d restent parfaitement s\u00e9par\u00e9es, s\u00fbres et savoureuses de la production \u00e0 la consommation. Les commandes en gros sont prises en charge. Contactez nous d\u00e8s maintenant !<\/p>\n<h2>Param\u00e8tres du sac d'emballage pour assaisonnement au chili sur mesure\u00a0<\/h2>\n<ul>\n<li><strong>Mat\u00e9riau :<\/strong>\u00a0PET\/PE, PET\/NY\/PE, PET\/AL\/NY\/PE, etc.<\/li>\n<li><strong>Type de sac<\/strong>: <strong>Pochette \u00e0 sceller sur trois c\u00f4t\u00e9s<\/strong><\/li>\n<li><strong>Taille<\/strong>: Sur mesure<\/li>\n<li><strong>Commande personnalis\u00e9e<\/strong>: Acceptation des OEM et ODM<\/li>\n<li><strong>\u00c9chantillon gratuit<\/strong>: Support<\/li>\n<li><strong>Utilisation<\/strong>: Poudre d'assaisonnement, snacks, aliments, bonbons et autres<\/li>\n<li><strong>Couleur<\/strong>: Peut \u00eatre personnalis\u00e9<\/li>\n<li><strong>March\u00e9s cibles<\/strong>: Partout dans le monde<\/li>\n<\/ul>","protected":false},"featured_media":2620,"comment_status":"closed","ping_status":"closed","template":"","meta":{"_acf_changed":false},"market":[62,59],"product_brand":[],"product_cat":[53,67],"product_tag":[],"class_list":{"0":"post-2619","1":"product","2":"type-product","3":"status-publish","4":"has-post-thumbnail","6":"market-powder-packaging-supplier","7":"market-sauce-and-condiment-packaging-supplier","8":"product_cat-three-side-seal-pouch-wholesale","9":"product_cat-custom-flat-pouch","11":"first","12":"instock","13":"shipping-taxable","14":"product-type-simple"},"acf":[],"_links":{"self":[{"href":"https:\/\/www.zkprintpack.com\/fr\/wp-json\/wp\/v2\/product\/2619","targetHints":{"allow":["GET"]}}],"collection":[{"href":"https:\/\/www.zkprintpack.com\/fr\/wp-json\/wp\/v2\/product"}],"about":[{"href":"https:\/\/www.zkprintpack.com\/fr\/wp-json\/wp\/v2\/types\/product"}],"replies":[{"embeddable":true,"href":"https:\/\/www.zkprintpack.com\/fr\/wp-json\/wp\/v2\/comments?post=2619"}],"wp:featuredmedia":[{"embeddable":true,"href":"https:\/\/www.zkprintpack.com\/fr\/wp-json\/wp\/v2\/media\/2620"}],"wp:attachment":[{"href":"https:\/\/www.zkprintpack.com\/fr\/wp-json\/wp\/v2\/media?parent=2619"}],"wp:term":[{"taxonomy":"market","embeddable":true,"href":"https:\/\/www.zkprintpack.com\/fr\/wp-json\/wp\/v2\/market?post=2619"},{"taxonomy":"product_brand","embeddable":true,"href":"https:\/\/www.zkprintpack.com\/fr\/wp-json\/wp\/v2\/product_brand?post=2619"},{"taxonomy":"product_cat","embeddable":true,"href":"https:\/\/www.zkprintpack.com\/fr\/wp-json\/wp\/v2\/product_cat?post=2619"},{"taxonomy":"product_tag","embeddable":true,"href":"https:\/\/www.zkprintpack.com\/fr\/wp-json\/wp\/v2\/product_tag?post=2619"}],"curies":[{"name":"wp","href":"https:\/\/api.w.org\/{rel}","templated":true}]}}