{"id":2546,"date":"2026-01-23T10:50:09","date_gmt":"2026-01-23T10:50:09","guid":{"rendered":"https:\/\/www.zkprintpack.com\/?post_type=product&#038;p=2546"},"modified":"2026-01-23T10:50:13","modified_gmt":"2026-01-23T10:50:13","slug":"wholesale-snack-food-packaging-bags","status":"publish","type":"product","link":"https:\/\/www.zkprintpack.com\/fr\/product\/wholesale-snack-food-packaging-bags\/","title":{"rendered":"Sacs d'emballage en gros pour aliments \u00e0 grignoter, sachets debout Fabricant en gros"},"content":{"rendered":"<div class=\"wp-block-columns is-layout-flex wp-container-core-columns-is-layout-9d6595d7 wp-block-columns-is-layout-flex\">\n<div class=\"wp-block-column is-layout-flow wp-block-column-is-layout-flow\">\n<h2 class=\"wp-block-heading\">Caract\u00e9ristiques des sacs d'emballage pour snacks en gros<\/h2>\n\n\n\n<ul class=\"wp-block-list\">\n<li><strong>Fen\u00eatre \u00e0 haute clart\u00e9 pour l'affichage de produits r\u00e9els :<\/strong><br>L'un des emballages pour snacks de gros pr\u00e9sente une fen\u00eatre transparente et utilise un film tr\u00e8s brillant pour mettre en valeur la couleur et la texture naturelles des crackers aux crevettes et \u00e0 la seiche, ce qui permet de gagner imm\u00e9diatement la confiance des consommateurs gr\u00e2ce \u00e0 une qualit\u00e9 visible.<\/li>\n\n\n\n<li><strong>Barri\u00e8re \u00e0 l'oxyg\u00e8ne \u00e9lev\u00e9e pour plus de fra\u00eecheur :<\/strong><br>La structure composite de nos emballages pour snacks en gros offre une excellente barri\u00e8re \u00e0 l'oxyg\u00e8ne, ralentissant efficacement l'oxydation des prot\u00e9ines et des graisses des produits de la mer afin d'\u00e9viter les odeurs d\u00e9sagr\u00e9ables et la d\u00e9gradation de la saveur.<\/li>\n\n\n\n<li><strong>Protection fiable contre l'humidit\u00e9 pour une texture croustillante :<\/strong><br>Ces sacs d'emballage pour snacks en gros ont une forte r\u00e9sistance \u00e0 la vapeur d'eau, ce qui permet de conserver la texture croustillante ou moelleuse des snacks \u00e0 base de fruits de mer, m\u00eame dans des environnements de stockage ou de distribution humides.<\/li>\n\n\n\n<li><strong>S\u00e9curit\u00e9 alimentaire et conformit\u00e9 des \u00e9tiquettes :<\/strong><br>Tous les mat\u00e9riaux sont conformes aux normes de s\u00e9curit\u00e9 en mati\u00e8re de contact alimentaire, avec suffisamment d'espace pour les listes d'ingr\u00e9dients, les informations nutritionnelles, la dur\u00e9e de conservation et les coordonn\u00e9es du fabricant.<\/li>\n\n\n\n<li>En tant qu'entreprise sp\u00e9cialis\u00e9e dans la fabrication de sacs d'emballage pour snacks, nous pouvons fournir une production directe en usine avec un processus de fabrication et d'impression raffin\u00e9. Nous pouvons ainsi fournir une base stable pour les commandes de gros volumes.<\/li>\n<\/ul>\n<\/div>\n\n\n\n<div class=\"wp-block-column is-layout-flow wp-block-column-is-layout-flow\">\n<figure class=\"wp-block-image size-full\"><img decoding=\"async\" width=\"800\" height=\"800\" src=\"https:\/\/www.zkprintpack.com\/wp-content\/uploads\/2026\/01\/Wholesale-snack-food-packaging.webp\" alt=\"\" class=\"wp-image-2547\" srcset=\"https:\/\/www.zkprintpack.com\/wp-content\/uploads\/2026\/01\/Wholesale-snack-food-packaging.webp 800w, https:\/\/www.zkprintpack.com\/wp-content\/uploads\/2026\/01\/Wholesale-snack-food-packaging-150x150.webp 150w, https:\/\/www.zkprintpack.com\/wp-content\/uploads\/2026\/01\/Wholesale-snack-food-packaging-768x768.webp 768w, https:\/\/www.zkprintpack.com\/wp-content\/uploads\/2026\/01\/Wholesale-snack-food-packaging-12x12.webp 12w, https:\/\/www.zkprintpack.com\/wp-content\/uploads\/2026\/01\/Wholesale-snack-food-packaging-600x600.webp 600w, https:\/\/www.zkprintpack.com\/wp-content\/uploads\/2026\/01\/Wholesale-snack-food-packaging-300x300.webp 300w, https:\/\/www.zkprintpack.com\/wp-content\/uploads\/2026\/01\/Wholesale-snack-food-packaging-100x100.webp 100w\" sizes=\"(max-width: 800px) 100vw, 800px\" \/><\/figure>\n<\/div>\n<\/div>\n\n\n\n<p><\/p>","protected":false},"excerpt":{"rendered":"<p>Sacs d'emballage en gros pour les marques de produits alimentaires \u00e0 grignoter. Ces sacs d'emballage pour snacks combinent une visibilit\u00e9 cristalline du produit avec des barri\u00e8res avanc\u00e9es contre l'oxyg\u00e8ne et l'humidit\u00e9, garantissant une fra\u00eecheur durable tout en communiquant clairement les d\u00e9tails graphiques. Commandes en gros disponibles. Contactez nous d\u00e8s maintenant !<\/p>\n<h2>Param\u00e8tres des sacs d'emballage pour snacks<\/h2>\n<ul>\n<li><strong>Mat\u00e9riau :<\/strong>\u00a0PET\/PE, PET\/NY\/PE, PET\/AL\/NY\/PE, etc.<\/li>\n<li><strong>Type de sac<\/strong>: <strong>Pochette Stand Up<\/strong><\/li>\n<li><strong>Taille<\/strong>: Sur mesure<\/li>\n<li><strong>Commande personnalis\u00e9e<\/strong>: Acceptation des OEM et ODM<\/li>\n<li><strong>\u00c9chantillon gratuit<\/strong>: Support<\/li>\n<li><strong>Utilisation<\/strong>: Snack, nourriture, bonbons et autres<\/li>\n<li><strong>Couleur<\/strong>: Peut \u00eatre personnalis\u00e9<\/li>\n<li><strong>March\u00e9s cibles<\/strong>: Partout dans le monde<\/li>\n<\/ul>","protected":false},"featured_media":2547,"comment_status":"closed","ping_status":"closed","template":"","meta":{"_acf_changed":false},"market":[61],"product_brand":[],"product_cat":[50],"product_tag":[],"class_list":{"0":"post-2546","1":"product","2":"type-product","3":"status-publish","4":"has-post-thumbnail","6":"market-snack-packaging-supplier","7":"product_cat-stand-up-pouches-wholesale","9":"first","10":"instock","11":"shipping-taxable","12":"product-type-simple"},"acf":[],"_links":{"self":[{"href":"https:\/\/www.zkprintpack.com\/fr\/wp-json\/wp\/v2\/product\/2546","targetHints":{"allow":["GET"]}}],"collection":[{"href":"https:\/\/www.zkprintpack.com\/fr\/wp-json\/wp\/v2\/product"}],"about":[{"href":"https:\/\/www.zkprintpack.com\/fr\/wp-json\/wp\/v2\/types\/product"}],"replies":[{"embeddable":true,"href":"https:\/\/www.zkprintpack.com\/fr\/wp-json\/wp\/v2\/comments?post=2546"}],"wp:featuredmedia":[{"embeddable":true,"href":"https:\/\/www.zkprintpack.com\/fr\/wp-json\/wp\/v2\/media\/2547"}],"wp:attachment":[{"href":"https:\/\/www.zkprintpack.com\/fr\/wp-json\/wp\/v2\/media?parent=2546"}],"wp:term":[{"taxonomy":"market","embeddable":true,"href":"https:\/\/www.zkprintpack.com\/fr\/wp-json\/wp\/v2\/market?post=2546"},{"taxonomy":"product_brand","embeddable":true,"href":"https:\/\/www.zkprintpack.com\/fr\/wp-json\/wp\/v2\/product_brand?post=2546"},{"taxonomy":"product_cat","embeddable":true,"href":"https:\/\/www.zkprintpack.com\/fr\/wp-json\/wp\/v2\/product_cat?post=2546"},{"taxonomy":"product_tag","embeddable":true,"href":"https:\/\/www.zkprintpack.com\/fr\/wp-json\/wp\/v2\/product_tag?post=2546"}],"curies":[{"name":"wp","href":"https:\/\/api.w.org\/{rel}","templated":true}]}}