{"id":2542,"date":"2026-01-23T10:59:35","date_gmt":"2026-01-23T10:59:35","guid":{"rendered":"https:\/\/www.zkprintpack.com\/?post_type=product&#038;p=2542"},"modified":"2026-01-29T17:55:07","modified_gmt":"2026-01-29T17:55:07","slug":"oem-nut-packaging-film-wholesale","status":"publish","type":"product","link":"https:\/\/www.zkprintpack.com\/fr\/product\/oem-nut-packaging-film-wholesale\/","title":{"rendered":"Rouleau de film d'emballage pour noix en gros - Direct-Factory Supply"},"content":{"rendered":"<div class=\"wp-block-columns is-layout-flex wp-container-core-columns-is-layout-9d6595d7 wp-block-columns-is-layout-flex\">\n<div class=\"wp-block-column is-layout-flow wp-block-column-is-layout-flow\">\n<h2 class=\"wp-block-heading\">Film d'emballage de noix sur mesure Caract\u00e9ristiques de la vente en gros<\/h2>\n\n\n\n<ul class=\"wp-block-list\">\n<li><strong>Barri\u00e8re sup\u00e9rieure contre l'oxyg\u00e8ne et l'humidit\u00e9 :<\/strong><br>Le film d'emballage de noix de haute performance emp\u00eache l'oxydation et l'absorption d'humidit\u00e9, gardant les noix m\u00e9lang\u00e9es croustillantes et savoureuses tout au long de la dur\u00e9e de conservation.<\/li>\n\n\n\n<li><strong>Protection physique des fruits \u00e0 coque fragiles :<\/strong><br>Le mat\u00e9riau durable et r\u00e9sistant \u00e0 la perforation ainsi que les bords thermoscell\u00e9s de notre film d'emballage pour noix prot\u00e8gent les noix contre l'\u00e9crasement et les dommages pendant le transport et la manutention.<\/li>\n\n\n\n<li><strong>Haute r\u00e9solution :<\/strong><br>Pour la production du film d'emballage des noix, nous utilisons des encres \u00e0 base d'eau pour l'impression, ce qui permet de conserver une r\u00e9solution graphique claire tout en r\u00e9duisant les \u00e9missions.<\/li>\n\n\n\n<li><strong>Conception adapt\u00e9e \u00e0 la production :<\/strong><br>Cette bobine de film d'emballage pour noix est compatible avec les machines de remplissage verticales \u00e0 grande vitesse, ce qui garantit un scellage stable, une production efficace et une qualit\u00e9 constante d'un lot \u00e0 l'autre.<\/li>\n\n\n\n<li>En tant qu'entreprise sp\u00e9cialis\u00e9e dans la fabrication de films en rouleaux pour l'emballage de snacks, nous pouvons fournir une production directe en usine avec un processus raffin\u00e9 de fabrication et d'impression de sacs. Nous pouvons ainsi fournir une base stable pour les commandes de gros volumes.<\/li>\n<\/ul>\n<\/div>\n\n\n\n<div class=\"wp-block-column is-layout-flow wp-block-column-is-layout-flow\">\n<figure class=\"wp-block-image size-full\"><img decoding=\"async\" width=\"800\" height=\"800\" src=\"https:\/\/www.zkprintpack.com\/wp-content\/uploads\/2026\/01\/nut-packaging-film-wholesale.webp\" alt=\"\" class=\"wp-image-2543\" srcset=\"https:\/\/www.zkprintpack.com\/wp-content\/uploads\/2026\/01\/nut-packaging-film-wholesale.webp 800w, https:\/\/www.zkprintpack.com\/wp-content\/uploads\/2026\/01\/nut-packaging-film-wholesale-150x150.webp 150w, https:\/\/www.zkprintpack.com\/wp-content\/uploads\/2026\/01\/nut-packaging-film-wholesale-768x768.webp 768w, https:\/\/www.zkprintpack.com\/wp-content\/uploads\/2026\/01\/nut-packaging-film-wholesale-12x12.webp 12w, https:\/\/www.zkprintpack.com\/wp-content\/uploads\/2026\/01\/nut-packaging-film-wholesale-600x600.webp 600w, https:\/\/www.zkprintpack.com\/wp-content\/uploads\/2026\/01\/nut-packaging-film-wholesale-300x300.webp 300w, https:\/\/www.zkprintpack.com\/wp-content\/uploads\/2026\/01\/nut-packaging-film-wholesale-100x100.webp 100w\" sizes=\"(max-width: 800px) 100vw, 800px\" \/><\/figure>\n<\/div>\n<\/div>\n\n\n\n<p><\/p>","protected":false},"excerpt":{"rendered":"<p>Notre film d'emballage pour noix en gros est con\u00e7u pour pr\u00e9server le croquant et la saveur naturelle des amandes, des noisettes, des noix de cajou et autres. Les mat\u00e9riaux barri\u00e8res avanc\u00e9s conservent leur fra\u00eecheur, ce qui en fait un choix d'en-cas fiable, pratique et sain. Commandes en gros disponibles. Contactez nous d\u00e8s maintenant !<\/p>\n<h2>Param\u00e8tres du film d'emballage des noix\u00a0<\/h2>\n<ul>\n<li><strong>Mat\u00e9riau :<\/strong>\u00a0PET\/PE, PET\/NY\/PE, PET\/AL\/NY\/PE, etc.<\/li>\n<li><strong>Type de sac<\/strong>: <strong>Film d'emballage en rouleau<\/strong><\/li>\n<li><strong>Taille<\/strong>: Sur mesure<\/li>\n<li><strong>Commande personnalis\u00e9e<\/strong>: Acceptation des OEM et ODM<\/li>\n<li><strong>\u00c9chantillon gratuit<\/strong>: Support<\/li>\n<li><strong>Utilisation<\/strong>: Snack, nourriture, bonbons et autres<\/li>\n<li><strong>Couleur<\/strong>: Peut \u00eatre personnalis\u00e9<\/li>\n<li><strong>March\u00e9s cibles<\/strong>: Partout dans le monde<\/li>\n<\/ul>","protected":false},"featured_media":2543,"comment_status":"closed","ping_status":"closed","template":"","meta":{"_acf_changed":false},"market":[61],"product_brand":[],"product_cat":[57],"product_tag":[],"class_list":{"0":"post-2542","1":"product","2":"type-product","3":"status-publish","4":"has-post-thumbnail","6":"market-snack-packaging-supplier","7":"product_cat-rollstock-film-supplier","9":"first","10":"instock","11":"shipping-taxable","12":"product-type-simple"},"acf":[],"_links":{"self":[{"href":"https:\/\/www.zkprintpack.com\/fr\/wp-json\/wp\/v2\/product\/2542","targetHints":{"allow":["GET"]}}],"collection":[{"href":"https:\/\/www.zkprintpack.com\/fr\/wp-json\/wp\/v2\/product"}],"about":[{"href":"https:\/\/www.zkprintpack.com\/fr\/wp-json\/wp\/v2\/types\/product"}],"replies":[{"embeddable":true,"href":"https:\/\/www.zkprintpack.com\/fr\/wp-json\/wp\/v2\/comments?post=2542"}],"wp:featuredmedia":[{"embeddable":true,"href":"https:\/\/www.zkprintpack.com\/fr\/wp-json\/wp\/v2\/media\/2543"}],"wp:attachment":[{"href":"https:\/\/www.zkprintpack.com\/fr\/wp-json\/wp\/v2\/media?parent=2542"}],"wp:term":[{"taxonomy":"market","embeddable":true,"href":"https:\/\/www.zkprintpack.com\/fr\/wp-json\/wp\/v2\/market?post=2542"},{"taxonomy":"product_brand","embeddable":true,"href":"https:\/\/www.zkprintpack.com\/fr\/wp-json\/wp\/v2\/product_brand?post=2542"},{"taxonomy":"product_cat","embeddable":true,"href":"https:\/\/www.zkprintpack.com\/fr\/wp-json\/wp\/v2\/product_cat?post=2542"},{"taxonomy":"product_tag","embeddable":true,"href":"https:\/\/www.zkprintpack.com\/fr\/wp-json\/wp\/v2\/product_tag?post=2542"}],"curies":[{"name":"wp","href":"https:\/\/api.w.org\/{rel}","templated":true}]}}