{"id":2540,"date":"2026-01-23T10:20:09","date_gmt":"2026-01-23T10:20:09","guid":{"rendered":"https:\/\/www.zkprintpack.com\/?post_type=product&#038;p=2540"},"modified":"2026-01-23T10:20:11","modified_gmt":"2026-01-23T10:20:11","slug":"eco-friendly-biscuit-packaging-bags","status":"publish","type":"product","link":"https:\/\/www.zkprintpack.com\/fr\/product\/eco-friendly-biscuit-packaging-bags\/","title":{"rendered":"Bulk Eco-Friendly Biscuit Packaging Bags Wholesale - Factory Supply"},"content":{"rendered":"<div class=\"wp-block-columns is-layout-flex wp-container-core-columns-is-layout-9d6595d7 wp-block-columns-is-layout-flex\">\n<div class=\"wp-block-column is-layout-flow wp-block-column-is-layout-flow\">\n<h2 class=\"wp-block-heading\">Sacs d'emballage de biscuits \u00e9cologiques Caract\u00e9ristiques de la vente en gros<\/h2>\n\n\n\n<ul class=\"wp-block-list\">\n<li><strong>Fra\u00eecheur et conservation des ar\u00f4mes :<\/strong><br>Les mat\u00e9riaux \u00e0 barri\u00e8re mod\u00e9r\u00e9e contre l'oxyg\u00e8ne de notre sac d'emballage \u00e9cologique pour biscuits aident \u00e0 pr\u00e9server l'ar\u00f4me et la saveur d\u00e9licats des crevettes tout en emp\u00eachant l'oxydation de la petite quantit\u00e9 de graisses naturelles contenues dans le produit.<\/li>\n\n\n\n<li><strong>Soutien structurel pour les en-cas fragiles :<\/strong><br>Des mat\u00e9riaux robustes \u00e0 haute r\u00e9sistance prot\u00e8gent les crackers fins et cuits contre la casse, garantissant qu'ils arrivent intacts de l'usine \u00e0 l'\u00e9tag\u00e8re.<\/li>\n\n\n\n<li><strong>Ouverture et consommation ais\u00e9es :<\/strong><br>Ce sac d'emballage \u00e9cologique pour biscuits est con\u00e7u avec une ouverture facile \u00e0 d\u00e9chirer, compl\u00e9t\u00e9e en option par une fonction de refermeture, ce qui am\u00e9liore l'exp\u00e9rience de l'utilisateur et pr\u00e9serve la fra\u00eecheur apr\u00e8s une consommation partielle.<\/li>\n\n\n\n<li><strong>Conception de magasins de proximit\u00e9 pr\u00eats \u00e0 l'emploi :<\/strong><br>Les couleurs vives et attrayantes de ce sac d'emballage de biscuits \u00e9cologiques rendent le produit tr\u00e8s visible et attrayant dans les rayons encombr\u00e9s des magasins de proximit\u00e9.<\/li>\n\n\n\n<li>En tant que fabricant sp\u00e9cialis\u00e9 dans les sacs d'emballage pour snacks, nous pouvons fournir une production directe en usine avec un processus de fabrication et d'impression raffin\u00e9. Nous pouvons ainsi fournir une base stable pour les commandes de gros volumes.<\/li>\n<\/ul>\n<\/div>\n\n\n\n<div class=\"wp-block-column is-layout-flow wp-block-column-is-layout-flow\">\n<figure class=\"wp-block-image size-full\"><img decoding=\"async\" width=\"800\" height=\"800\" src=\"https:\/\/www.zkprintpack.com\/wp-content\/uploads\/2026\/01\/eco-friendly-Biscuit-packaging-bags-wholesale.webp\" alt=\"Emballage \u00e9cologique pour biscuits\" class=\"wp-image-2541\" srcset=\"https:\/\/www.zkprintpack.com\/wp-content\/uploads\/2026\/01\/eco-friendly-Biscuit-packaging-bags-wholesale.webp 800w, https:\/\/www.zkprintpack.com\/wp-content\/uploads\/2026\/01\/eco-friendly-Biscuit-packaging-bags-wholesale-150x150.webp 150w, https:\/\/www.zkprintpack.com\/wp-content\/uploads\/2026\/01\/eco-friendly-Biscuit-packaging-bags-wholesale-768x768.webp 768w, https:\/\/www.zkprintpack.com\/wp-content\/uploads\/2026\/01\/eco-friendly-Biscuit-packaging-bags-wholesale-12x12.webp 12w, https:\/\/www.zkprintpack.com\/wp-content\/uploads\/2026\/01\/eco-friendly-Biscuit-packaging-bags-wholesale-600x600.webp 600w, https:\/\/www.zkprintpack.com\/wp-content\/uploads\/2026\/01\/eco-friendly-Biscuit-packaging-bags-wholesale-300x300.webp 300w, https:\/\/www.zkprintpack.com\/wp-content\/uploads\/2026\/01\/eco-friendly-Biscuit-packaging-bags-wholesale-100x100.webp 100w\" sizes=\"(max-width: 800px) 100vw, 800px\" \/><\/figure>\n<\/div>\n<\/div>\n\n\n\n<p><\/p>","protected":false},"excerpt":{"rendered":"<p>Notre sac d'emballage \u00e9cologique pour biscuits est fabriqu\u00e9 \u00e0 partir de mat\u00e9riaux \u00e0 haute barri\u00e8re pour s'assurer que la saveur du biscuit est bien pr\u00e9serv\u00e9e lorsqu'il arrive chez le consommateur. Con\u00e7u pour les rayons des magasins de proximit\u00e9, il offre des visuels propres et attrayants et une communication de marque fiable dans un format compact et convivial. Commandes en gros disponibles. Contactez nous d\u00e8s maintenant !<\/p>\n<h2>Param\u00e8tres du sac d'emballage \u00e9cologique pour biscuits<\/h2>\n<ul>\n<li><strong>Mat\u00e9riau :<\/strong>\u00a0PET\/PE, PET\/NY\/PE, PET\/AL\/NY\/PE, etc.<\/li>\n<li><strong>Type de sac<\/strong>: <strong>Pochette \u00e0 sceller sur trois c\u00f4t\u00e9s<\/strong><\/li>\n<li><strong>Taille<\/strong>: Sur mesure<\/li>\n<li><strong>Commande personnalis\u00e9e<\/strong>: Acceptation des OEM et ODM<\/li>\n<li><strong>\u00c9chantillon gratuit<\/strong>: Support<\/li>\n<li><strong>Utilisation<\/strong>: Snack, nourriture, bonbons et autres<\/li>\n<li><strong>Couleur<\/strong>: Peut \u00eatre personnalis\u00e9<\/li>\n<li><strong>March\u00e9s cibles<\/strong>: Partout dans le monde<\/li>\n<\/ul>","protected":false},"featured_media":2541,"comment_status":"closed","ping_status":"closed","template":"","meta":{"_acf_changed":false},"market":[61],"product_brand":[],"product_cat":[53,67],"product_tag":[],"class_list":{"0":"post-2540","1":"product","2":"type-product","3":"status-publish","4":"has-post-thumbnail","6":"market-snack-packaging-supplier","7":"product_cat-three-side-seal-pouch-wholesale","8":"product_cat-custom-flat-pouch","10":"first","11":"instock","12":"shipping-taxable","13":"product-type-simple"},"acf":[],"_links":{"self":[{"href":"https:\/\/www.zkprintpack.com\/fr\/wp-json\/wp\/v2\/product\/2540","targetHints":{"allow":["GET"]}}],"collection":[{"href":"https:\/\/www.zkprintpack.com\/fr\/wp-json\/wp\/v2\/product"}],"about":[{"href":"https:\/\/www.zkprintpack.com\/fr\/wp-json\/wp\/v2\/types\/product"}],"replies":[{"embeddable":true,"href":"https:\/\/www.zkprintpack.com\/fr\/wp-json\/wp\/v2\/comments?post=2540"}],"wp:featuredmedia":[{"embeddable":true,"href":"https:\/\/www.zkprintpack.com\/fr\/wp-json\/wp\/v2\/media\/2541"}],"wp:attachment":[{"href":"https:\/\/www.zkprintpack.com\/fr\/wp-json\/wp\/v2\/media?parent=2540"}],"wp:term":[{"taxonomy":"market","embeddable":true,"href":"https:\/\/www.zkprintpack.com\/fr\/wp-json\/wp\/v2\/market?post=2540"},{"taxonomy":"product_brand","embeddable":true,"href":"https:\/\/www.zkprintpack.com\/fr\/wp-json\/wp\/v2\/product_brand?post=2540"},{"taxonomy":"product_cat","embeddable":true,"href":"https:\/\/www.zkprintpack.com\/fr\/wp-json\/wp\/v2\/product_cat?post=2540"},{"taxonomy":"product_tag","embeddable":true,"href":"https:\/\/www.zkprintpack.com\/fr\/wp-json\/wp\/v2\/product_tag?post=2540"}],"curies":[{"name":"wp","href":"https:\/\/api.w.org\/{rel}","templated":true}]}}