{"id":2538,"date":"2026-01-29T17:56:29","date_gmt":"2026-01-29T17:56:29","guid":{"rendered":"https:\/\/www.zkprintpack.com\/?post_type=product&#038;p=2538"},"modified":"2026-01-29T17:56:30","modified_gmt":"2026-01-29T17:56:30","slug":"customized-nut-packaging-film-supplier","status":"publish","type":"product","link":"https:\/\/www.zkprintpack.com\/fr\/product\/customized-nut-packaging-film-supplier\/","title":{"rendered":"Film d'emballage de noix en vrac personnalis\u00e9 pour l'emballage de snacks - Factory Packaging Rollstock Supply"},"content":{"rendered":"<div class=\"wp-block-columns is-layout-flex wp-container-core-columns-is-layout-9d6595d7 wp-block-columns-is-layout-flex\">\n<div class=\"wp-block-column is-layout-flow wp-block-column-is-layout-flow\">\n<h2 class=\"wp-block-heading\">Film d'emballage de noix personnalis\u00e9 Caract\u00e9ristiques<\/h2>\n\n\n\n<ul class=\"wp-block-list\">\n<li><strong>Barri\u00e8re \u00e0 oxyg\u00e8ne avanc\u00e9e pour les produits \u00e0 forte teneur en huile :<\/strong><br>La structure multicouche de notre film d'emballage personnalis\u00e9 pour fruits \u00e0 coque offre une excellente barri\u00e8re \u00e0 l'oxyg\u00e8ne, ralentissant efficacement l'oxydation des graisses et emp\u00eachant les ar\u00f4mes rances dans les fruits \u00e0 coque tout au long de la dur\u00e9e de conservation du produit.<\/li>\n\n\n\n<li><strong>Protection fiable contre l'humidit\u00e9 pour la conservation du croquant :<\/strong><br>Notre film d'emballage personnalis\u00e9 pour noix poss\u00e8de une r\u00e9sistance \u00e9lev\u00e9e \u00e0 la vapeur d'eau, ce qui permet de garder les noix s\u00e8ches et croquantes, en prot\u00e9geant leur texture et leur go\u00fbt, m\u00eame dans des environnements de stockage ou de distribution humides.<\/li>\n\n\n\n<li><strong>R\u00e9sistance \u00e9lev\u00e9e \u00e0 la perforation et force d'\u00e9tanch\u00e9it\u00e9 :<\/strong><br>Le film d'emballage personnalis\u00e9 pour noix offre une forte r\u00e9sistance \u00e0 la perforation pour supporter le poids et la duret\u00e9 des noix, tout en conservant une r\u00e9sistance \u00e9lev\u00e9e au thermoscellage pour une performance \u00e9tanche \u00e0 l'air et sans fuite.<\/li>\n\n\n\n<li><strong>Impression de haute pr\u00e9cision :<\/strong><br>Notre film d'emballage personnalis\u00e9 pour noix est imprim\u00e9 avec des contours nets et une couverture d'encre \u00e9lev\u00e9e, ce qui garantit un contraste visuel fort sans d\u00e9perdition ni distorsion des couleurs.<\/li>\n\n\n\n<li>En tant qu'entreprise sp\u00e9cialis\u00e9e dans la fabrication de films en rouleaux pour l'emballage de snacks, nous pouvons fournir une production directe en usine avec un processus raffin\u00e9 de fabrication et d'impression de sacs. Nous pouvons ainsi fournir une base stable pour les commandes de gros volumes.<\/li>\n<\/ul>\n<\/div>\n\n\n\n<div class=\"wp-block-column is-layout-flow wp-block-column-is-layout-flow\">\n<figure class=\"wp-block-image size-full\"><img decoding=\"async\" width=\"800\" height=\"800\" src=\"https:\/\/www.zkprintpack.com\/wp-content\/uploads\/2026\/01\/customized-nut-packaging-film.webp\" alt=\"\" class=\"wp-image-2539\" srcset=\"https:\/\/www.zkprintpack.com\/wp-content\/uploads\/2026\/01\/customized-nut-packaging-film.webp 800w, https:\/\/www.zkprintpack.com\/wp-content\/uploads\/2026\/01\/customized-nut-packaging-film-150x150.webp 150w, https:\/\/www.zkprintpack.com\/wp-content\/uploads\/2026\/01\/customized-nut-packaging-film-768x768.webp 768w, https:\/\/www.zkprintpack.com\/wp-content\/uploads\/2026\/01\/customized-nut-packaging-film-12x12.webp 12w, https:\/\/www.zkprintpack.com\/wp-content\/uploads\/2026\/01\/customized-nut-packaging-film-600x600.webp 600w, https:\/\/www.zkprintpack.com\/wp-content\/uploads\/2026\/01\/customized-nut-packaging-film-300x300.webp 300w, https:\/\/www.zkprintpack.com\/wp-content\/uploads\/2026\/01\/customized-nut-packaging-film-100x100.webp 100w\" sizes=\"(max-width: 800px) 100vw, 800px\" \/><\/figure>\n<\/div>\n<\/div>\n\n\n\n<p><\/p>","protected":false},"excerpt":{"rendered":"<p>Ce film d'emballage personnalis\u00e9 pour fruits \u00e0 coque est con\u00e7u pour les fruits \u00e0 coque et les snacks, combinant des barri\u00e8res avanc\u00e9es contre l'oxyg\u00e8ne et l'humidit\u00e9 avec un design visuel audacieux et tr\u00e8s contrast\u00e9. Ce sachet prot\u00e8ge la saveur et la fra\u00eecheur tout en assurant une pr\u00e9sence distinctive et \u00e9nergique de la marque dans les rayons. Commandes en gros disponibles. Contactez nous d\u00e8s maintenant !<\/p>\n<h2>Param\u00e8tres du film d'emballage personnalis\u00e9 pour noix<\/h2>\n<ul>\n<li><strong>Mat\u00e9riau :<\/strong>\u00a0PET\/PE, PET\/NY\/PE, PET\/AL\/NY\/PE, etc.<\/li>\n<li><strong>Type de sac<\/strong>: <strong>Film en rouleau<\/strong><\/li>\n<li><strong>Taille<\/strong>: Sur mesure<\/li>\n<li><strong>Commande personnalis\u00e9e<\/strong>: Acceptation des OEM et ODM<\/li>\n<li><strong>\u00c9chantillon gratuit<\/strong>: Support<\/li>\n<li><strong>Utilisation<\/strong>: Snack, nourriture, bonbons et autres<\/li>\n<li><strong>Couleur<\/strong>: Peut \u00eatre personnalis\u00e9<\/li>\n<li><strong>March\u00e9s cibles<\/strong>: Partout dans le monde<\/li>\n<\/ul>","protected":false},"featured_media":2539,"comment_status":"closed","ping_status":"closed","template":"","meta":{"_acf_changed":false},"market":[61],"product_brand":[],"product_cat":[57],"product_tag":[],"class_list":{"0":"post-2538","1":"product","2":"type-product","3":"status-publish","4":"has-post-thumbnail","6":"market-snack-packaging-supplier","7":"product_cat-rollstock-film-supplier","9":"first","10":"instock","11":"shipping-taxable","12":"product-type-simple"},"acf":[],"_links":{"self":[{"href":"https:\/\/www.zkprintpack.com\/fr\/wp-json\/wp\/v2\/product\/2538","targetHints":{"allow":["GET"]}}],"collection":[{"href":"https:\/\/www.zkprintpack.com\/fr\/wp-json\/wp\/v2\/product"}],"about":[{"href":"https:\/\/www.zkprintpack.com\/fr\/wp-json\/wp\/v2\/types\/product"}],"replies":[{"embeddable":true,"href":"https:\/\/www.zkprintpack.com\/fr\/wp-json\/wp\/v2\/comments?post=2538"}],"wp:featuredmedia":[{"embeddable":true,"href":"https:\/\/www.zkprintpack.com\/fr\/wp-json\/wp\/v2\/media\/2539"}],"wp:attachment":[{"href":"https:\/\/www.zkprintpack.com\/fr\/wp-json\/wp\/v2\/media?parent=2538"}],"wp:term":[{"taxonomy":"market","embeddable":true,"href":"https:\/\/www.zkprintpack.com\/fr\/wp-json\/wp\/v2\/market?post=2538"},{"taxonomy":"product_brand","embeddable":true,"href":"https:\/\/www.zkprintpack.com\/fr\/wp-json\/wp\/v2\/product_brand?post=2538"},{"taxonomy":"product_cat","embeddable":true,"href":"https:\/\/www.zkprintpack.com\/fr\/wp-json\/wp\/v2\/product_cat?post=2538"},{"taxonomy":"product_tag","embeddable":true,"href":"https:\/\/www.zkprintpack.com\/fr\/wp-json\/wp\/v2\/product_tag?post=2538"}],"curies":[{"name":"wp","href":"https:\/\/api.w.org\/{rel}","templated":true}]}}