{"id":2536,"date":"2026-01-29T18:10:30","date_gmt":"2026-01-29T18:10:30","guid":{"rendered":"https:\/\/www.zkprintpack.com\/?post_type=product&#038;p=2536"},"modified":"2026-01-29T18:10:33","modified_gmt":"2026-01-29T18:10:33","slug":"custom-snack-pouch-packaging-supplier","status":"publish","type":"product","link":"https:\/\/www.zkprintpack.com\/fr\/product\/custom-snack-pouch-packaging-supplier\/","title":{"rendered":"Pochette \u00e0 snacks personnalis\u00e9e avec une couleur audacieuse et luxueuse pour l'emballage de snacks feuillet\u00e9s et croustillants"},"content":{"rendered":"<div class=\"wp-block-columns is-layout-flex wp-container-core-columns-is-layout-9d6595d7 wp-block-columns-is-layout-flex\">\n<div class=\"wp-block-column is-layout-flow wp-block-column-is-layout-flow\">\n<h2 class=\"wp-block-heading\">Caract\u00e9ristiques de la pochette \u00e0 snacks personnalis\u00e9e<\/h2>\n\n\n\n<ul class=\"wp-block-list\">\n<li><strong>Barri\u00e8re sup\u00e9rieure contre l'humidit\u00e9 pour conserver le croustillant :<\/strong><br>Con\u00e7ue pour offrir une excellente barri\u00e8re \u00e0 la vapeur d'eau, cette pochette emp\u00eache efficacement la p\u00e9n\u00e9tration de l'humidit\u00e9, ce qui est essentiel pour maintenir la texture croustillante des snacks souffl\u00e9s et des p\u00e2tisseries en couches.<\/li>\n\n\n\n<li><strong>Barri\u00e8re efficace contre l'oxyg\u00e8ne et pr\u00e9servation des ar\u00f4mes :<\/strong><br>La structure de nos sachets personnalis\u00e9s limite la transmission de l'oxyg\u00e8ne afin de r\u00e9duire l'oxydation de l'huile et de pr\u00e9server les saveurs originales telles que le beurre, les produits laitiers ou les assaisonnements r\u00e9gionaux sp\u00e9cialis\u00e9s.<\/li>\n\n\n\n<li><strong>Impression de luxe rouge et or Finition :<\/strong><br>Un fond rouge vibrant associ\u00e9 \u00e0 des \u00e9l\u00e9ments m\u00e9talliques dor\u00e9s - obtenus gr\u00e2ce \u00e0 une encre dor\u00e9e sp\u00e9ciale ou \u00e0 un marquage \u00e0 chaud - cr\u00e9e un aspect festif et haut de gamme pour les cadeaux destin\u00e9s aux march\u00e9s sp\u00e9cialis\u00e9s et aux march\u00e9s des f\u00eates de fin d'ann\u00e9e.<\/li>\n\n\n\n<li><strong>Un positionnement sur le march\u00e9 fortement ax\u00e9 sur les cadeaux :<\/strong><br>La combinaison d'\u00e9l\u00e9ments culturels ethniques, de couleurs festives, d'un trou de suspension et d'un mat\u00e9riau de qualit\u00e9 sup\u00e9rieure renforce l'identit\u00e9 du produit en tant que cadeau r\u00e9gional de grande valeur plut\u00f4t qu'en tant qu'emballage de snack standard.<\/li>\n\n\n\n<li>En tant qu'entreprise sp\u00e9cialis\u00e9e dans la fabrication de sacs d'emballage pour snacks, nous pouvons fournir une production directe en usine avec un processus de fabrication et d'impression raffin\u00e9. Nous pouvons ainsi fournir une base stable pour les commandes de gros volumes.<\/li>\n<\/ul>\n<\/div>\n\n\n\n<div class=\"wp-block-column is-layout-flow wp-block-column-is-layout-flow\">\n<figure class=\"wp-block-image size-full\"><img decoding=\"async\" width=\"800\" height=\"800\" src=\"https:\/\/www.zkprintpack.com\/wp-content\/uploads\/2026\/01\/custom-snack-pouch.webp\" alt=\"\" class=\"wp-image-2537\" srcset=\"https:\/\/www.zkprintpack.com\/wp-content\/uploads\/2026\/01\/custom-snack-pouch.webp 800w, https:\/\/www.zkprintpack.com\/wp-content\/uploads\/2026\/01\/custom-snack-pouch-150x150.webp 150w, https:\/\/www.zkprintpack.com\/wp-content\/uploads\/2026\/01\/custom-snack-pouch-768x768.webp 768w, https:\/\/www.zkprintpack.com\/wp-content\/uploads\/2026\/01\/custom-snack-pouch-12x12.webp 12w, https:\/\/www.zkprintpack.com\/wp-content\/uploads\/2026\/01\/custom-snack-pouch-600x600.webp 600w, https:\/\/www.zkprintpack.com\/wp-content\/uploads\/2026\/01\/custom-snack-pouch-300x300.webp 300w, https:\/\/www.zkprintpack.com\/wp-content\/uploads\/2026\/01\/custom-snack-pouch-100x100.webp 100w\" sizes=\"(max-width: 800px) 100vw, 800px\" \/><\/figure>\n<\/div>\n<\/div>\n\n\n\n<p><\/p>","protected":false},"excerpt":{"rendered":"<p>Nos sachets personnalis\u00e9s pour snacks sont con\u00e7us pour les snacks feuillet\u00e9s et les snacks croustillants. Ils combinent une forte protection contre l'humidit\u00e9, des performances de suspension fiables et des visuels luxueux orient\u00e9s vers les cadeaux. Id\u00e9ale pour le transport longue distance, la vente au d\u00e9tail et les march\u00e9s transfrontaliers. Les commandes en gros sont accept\u00e9es. N'h\u00e9sitez pas \u00e0 nous contacter !<\/p>\n<h2>Param\u00e8tres de la pochette Snack personnalis\u00e9e<\/h2>\n<ul>\n<li><strong>Mat\u00e9riau :<\/strong>\u00a0PET\/PE, PET\/NY\/PE, PET\/AL\/NY\/PE, etc.<\/li>\n<li><strong>Type de sac<\/strong>: <strong>Sac scell\u00e9 sur trois c\u00f4t\u00e9s<\/strong><\/li>\n<li><strong>Taille<\/strong>: Sur mesure<\/li>\n<li><strong>Commande personnalis\u00e9e<\/strong>: Acceptation des OEM et ODM<\/li>\n<li><strong>\u00c9chantillon gratuit<\/strong>: Support<\/li>\n<li><strong>Utilisation<\/strong>: Snack, nourriture, bonbons et autres<\/li>\n<li><strong>Couleur<\/strong>: Peut \u00eatre personnalis\u00e9<\/li>\n<li><strong>March\u00e9s cibles<\/strong>: Partout dans le monde<\/li>\n<\/ul>","protected":false},"featured_media":2537,"comment_status":"closed","ping_status":"closed","template":"","meta":{"_acf_changed":false},"market":[61],"product_brand":[],"product_cat":[53,67],"product_tag":[],"class_list":{"0":"post-2536","1":"product","2":"type-product","3":"status-publish","4":"has-post-thumbnail","6":"market-snack-packaging-supplier","7":"product_cat-three-side-seal-pouch-wholesale","8":"product_cat-custom-flat-pouch","10":"first","11":"instock","12":"shipping-taxable","13":"product-type-simple"},"acf":[],"_links":{"self":[{"href":"https:\/\/www.zkprintpack.com\/fr\/wp-json\/wp\/v2\/product\/2536","targetHints":{"allow":["GET"]}}],"collection":[{"href":"https:\/\/www.zkprintpack.com\/fr\/wp-json\/wp\/v2\/product"}],"about":[{"href":"https:\/\/www.zkprintpack.com\/fr\/wp-json\/wp\/v2\/types\/product"}],"replies":[{"embeddable":true,"href":"https:\/\/www.zkprintpack.com\/fr\/wp-json\/wp\/v2\/comments?post=2536"}],"wp:featuredmedia":[{"embeddable":true,"href":"https:\/\/www.zkprintpack.com\/fr\/wp-json\/wp\/v2\/media\/2537"}],"wp:attachment":[{"href":"https:\/\/www.zkprintpack.com\/fr\/wp-json\/wp\/v2\/media?parent=2536"}],"wp:term":[{"taxonomy":"market","embeddable":true,"href":"https:\/\/www.zkprintpack.com\/fr\/wp-json\/wp\/v2\/market?post=2536"},{"taxonomy":"product_brand","embeddable":true,"href":"https:\/\/www.zkprintpack.com\/fr\/wp-json\/wp\/v2\/product_brand?post=2536"},{"taxonomy":"product_cat","embeddable":true,"href":"https:\/\/www.zkprintpack.com\/fr\/wp-json\/wp\/v2\/product_cat?post=2536"},{"taxonomy":"product_tag","embeddable":true,"href":"https:\/\/www.zkprintpack.com\/fr\/wp-json\/wp\/v2\/product_tag?post=2536"}],"curies":[{"name":"wp","href":"https:\/\/api.w.org\/{rel}","templated":true}]}}