{"id":2534,"date":"2026-01-23T10:43:23","date_gmt":"2026-01-23T10:43:23","guid":{"rendered":"https:\/\/www.zkprintpack.com\/?post_type=product&#038;p=2534"},"modified":"2026-01-23T10:43:25","modified_gmt":"2026-01-23T10:43:25","slug":"custom-snack-bags-with-clear-window","status":"publish","type":"product","link":"https:\/\/www.zkprintpack.com\/fr\/product\/custom-snack-bags-with-clear-window\/","title":{"rendered":"Sacs Snack avec fen\u00eatre pour fruits de mer, OEM Food Packaging Pouches Factory Supply"},"content":{"rendered":"<div class=\"wp-block-columns is-layout-flex wp-container-core-columns-is-layout-9d6595d7 wp-block-columns-is-layout-flex\">\n<div class=\"wp-block-column is-layout-flow wp-block-column-is-layout-flow\">\n<h2 class=\"wp-block-heading\">Caract\u00e9ristiques des sacs Snack personnalis\u00e9s<\/h2>\n\n\n\n<ul class=\"wp-block-list\">\n<li><strong>Fen\u00eatre \u00e0 haute transparence pour la confiance visuelle :<\/strong><br>La zone de la fen\u00eatre de nos sachets de snacks personnalis\u00e9s utilise des films \u00e0 haute clart\u00e9 et \u00e0 haute brillance, permettant aux consommateurs de voir clairement la couleur, la texture et les ingr\u00e9dients r\u00e9els du produit, sans brume ni distorsion.<\/li>\n\n\n\n<li><strong>Protection contre l'humidit\u00e9 pour maintenir la texture :<\/strong><br>La structure des sachets personnalis\u00e9s offre une r\u00e9sistance efficace \u00e0 la vapeur d'eau, ce qui permet aux snacks \u00e0 base de fruits de mer de conserver le croustillant ou l'\u00e9lasticit\u00e9 souhait\u00e9s et d'\u00e9viter la d\u00e9gradation de la qualit\u00e9 li\u00e9e \u00e0 l'humidit\u00e9.<\/li>\n\n\n\n<li><strong>Impression de haute qualit\u00e9 pour une image de marque de premier ordre :<\/strong><br>Le fond bleu est imprim\u00e9 avec une densit\u00e9 de couleur uniforme et une excellente saturation, tandis que le texte blanc et les principales affirmations restent nets et tr\u00e8s lisibles, renfor\u00e7ant ainsi une image propre, inspir\u00e9e de l'oc\u00e9an et haut de gamme.<\/li>\n\n\n\n<li><strong>Conception conviviale \u00e0 ouverture facile :<br><\/strong>L'encoche de d\u00e9chirure int\u00e9gr\u00e9e de nos sacs \u00e0 snacks personnalis\u00e9s garantit une ouverture en douceur et sans effort, offrant une exp\u00e9rience positive d\u00e8s la premi\u00e8re utilisation, \u00e0 la hauteur des attentes \u00e9lev\u00e9es cr\u00e9\u00e9es par la vitrine.<\/li>\n\n\n\n<li>En tant qu'entreprise sp\u00e9cialis\u00e9e dans la fabrication de sacs d'emballage pour snacks, nous pouvons fournir une production directe en usine avec un processus de fabrication et d'impression raffin\u00e9. Nous pouvons ainsi fournir une base stable pour les commandes de gros volumes.<\/li>\n<\/ul>\n<\/div>\n\n\n\n<div class=\"wp-block-column is-layout-flow wp-block-column-is-layout-flow\">\n<figure class=\"wp-block-image size-full\"><img decoding=\"async\" width=\"800\" height=\"800\" src=\"https:\/\/www.zkprintpack.com\/wp-content\/uploads\/2026\/01\/custom-snack-bags.webp\" alt=\"sacs \u00e0 go\u00fbter personnalis\u00e9s\" class=\"wp-image-2535\" srcset=\"https:\/\/www.zkprintpack.com\/wp-content\/uploads\/2026\/01\/custom-snack-bags.webp 800w, https:\/\/www.zkprintpack.com\/wp-content\/uploads\/2026\/01\/custom-snack-bags-150x150.webp 150w, https:\/\/www.zkprintpack.com\/wp-content\/uploads\/2026\/01\/custom-snack-bags-768x768.webp 768w, https:\/\/www.zkprintpack.com\/wp-content\/uploads\/2026\/01\/custom-snack-bags-12x12.webp 12w, https:\/\/www.zkprintpack.com\/wp-content\/uploads\/2026\/01\/custom-snack-bags-600x600.webp 600w, https:\/\/www.zkprintpack.com\/wp-content\/uploads\/2026\/01\/custom-snack-bags-300x300.webp 300w, https:\/\/www.zkprintpack.com\/wp-content\/uploads\/2026\/01\/custom-snack-bags-100x100.webp 100w\" sizes=\"(max-width: 800px) 100vw, 800px\" \/><\/figure>\n<\/div>\n<\/div>\n\n\n\n<p><\/p>","protected":false},"excerpt":{"rendered":"<p>Nos sachets personnalis\u00e9s sont con\u00e7us pour les encas \u00e0 base de calamars et de crevettes. Ils combinent une visibilit\u00e9 cristalline du produit avec une protection avanc\u00e9e contre l'oxyg\u00e8ne et l'humidit\u00e9. Ils pr\u00e9servent efficacement la fra\u00eecheur, le croustillant et la qualit\u00e9 sup\u00e9rieure. Nous acceptons les commandes en gros. N'h\u00e9sitez pas \u00e0 nous contacter !<\/p>\n<h2>Param\u00e8tres des sacs Snack personnalis\u00e9s<\/h2>\n<ul>\n<li><strong>Mat\u00e9riau :<\/strong>\u00a0PET\/PE, PET\/NY\/PE, PET\/AL\/NY\/PE, etc.<\/li>\n<li><strong>Type de sac<\/strong>: <strong>Sac scell\u00e9 sur trois c\u00f4t\u00e9s<\/strong><\/li>\n<li><strong>Taille<\/strong>: Sur mesure<\/li>\n<li><strong>Commande personnalis\u00e9e<\/strong>: Acceptation des OEM et ODM<\/li>\n<li><strong>\u00c9chantillon gratuit<\/strong>: Support<\/li>\n<li><strong>Utilisation<\/strong>: Snack, nourriture, bonbons et autres<\/li>\n<li><strong>Couleur<\/strong>: Peut \u00eatre personnalis\u00e9<\/li>\n<li><strong>March\u00e9s cibles<\/strong>: Partout dans le monde<\/li>\n<\/ul>","protected":false},"featured_media":2535,"comment_status":"closed","ping_status":"closed","template":"","meta":{"_acf_changed":false},"market":[61],"product_brand":[],"product_cat":[50],"product_tag":[],"class_list":{"0":"post-2534","1":"product","2":"type-product","3":"status-publish","4":"has-post-thumbnail","6":"market-snack-packaging-supplier","7":"product_cat-stand-up-pouches-wholesale","9":"first","10":"instock","11":"shipping-taxable","12":"product-type-simple"},"acf":[],"_links":{"self":[{"href":"https:\/\/www.zkprintpack.com\/fr\/wp-json\/wp\/v2\/product\/2534","targetHints":{"allow":["GET"]}}],"collection":[{"href":"https:\/\/www.zkprintpack.com\/fr\/wp-json\/wp\/v2\/product"}],"about":[{"href":"https:\/\/www.zkprintpack.com\/fr\/wp-json\/wp\/v2\/types\/product"}],"replies":[{"embeddable":true,"href":"https:\/\/www.zkprintpack.com\/fr\/wp-json\/wp\/v2\/comments?post=2534"}],"wp:featuredmedia":[{"embeddable":true,"href":"https:\/\/www.zkprintpack.com\/fr\/wp-json\/wp\/v2\/media\/2535"}],"wp:attachment":[{"href":"https:\/\/www.zkprintpack.com\/fr\/wp-json\/wp\/v2\/media?parent=2534"}],"wp:term":[{"taxonomy":"market","embeddable":true,"href":"https:\/\/www.zkprintpack.com\/fr\/wp-json\/wp\/v2\/market?post=2534"},{"taxonomy":"product_brand","embeddable":true,"href":"https:\/\/www.zkprintpack.com\/fr\/wp-json\/wp\/v2\/product_brand?post=2534"},{"taxonomy":"product_cat","embeddable":true,"href":"https:\/\/www.zkprintpack.com\/fr\/wp-json\/wp\/v2\/product_cat?post=2534"},{"taxonomy":"product_tag","embeddable":true,"href":"https:\/\/www.zkprintpack.com\/fr\/wp-json\/wp\/v2\/product_tag?post=2534"}],"curies":[{"name":"wp","href":"https:\/\/api.w.org\/{rel}","templated":true}]}}