{"id":2530,"date":"2026-01-29T18:17:03","date_gmt":"2026-01-29T18:17:03","guid":{"rendered":"https:\/\/www.zkprintpack.com\/?post_type=product&#038;p=2530"},"modified":"2026-01-29T18:17:05","modified_gmt":"2026-01-29T18:17:05","slug":"custom-potato-chips-bags-supply","status":"publish","type":"product","link":"https:\/\/www.zkprintpack.com\/fr\/product\/custom-potato-chips-bags-supply\/","title":{"rendered":"Sacs de chips personnalis\u00e9s pour l'emballage de snacks croustillants - Direct-Factory Supply"},"content":{"rendered":"<div class=\"wp-block-columns is-layout-flex wp-container-core-columns-is-layout-9d6595d7 wp-block-columns-is-layout-flex\">\n<div class=\"wp-block-column is-layout-flow wp-block-column-is-layout-flow\">\n<h2 class=\"wp-block-heading\">Caract\u00e9ristiques des sacs de chips personnalis\u00e9s<\/h2>\n\n\n\n<ul class=\"wp-block-list\">\n<li><strong>Verrouillage des ar\u00f4mes et conservation de la fra\u00eecheur<\/strong>:<br>L'optimisation de l'ar\u00f4me et de la barri\u00e8re \u00e0 l'oxyg\u00e8ne de nos sachets de chips personnalis\u00e9s permet de conserver des saveurs complexes telles que la noix de coco et la patate douce violette, tout en minimisant l'oxydation et l'intrusion de mauvaises odeurs.<\/li>\n\n\n\n<li><strong>Scellage thermique solide et fiable<\/strong>:<br>La r\u00e9sistance \u00e9lev\u00e9e du joint assure une fermeture herm\u00e9tique, constituant la base de la protection contre l'humidit\u00e9 et la fra\u00eecheur.<\/li>\n\n\n\n<li><strong>Qualit\u00e9 d'impression visuelle de premier ordre<\/strong>:<br>Avec un fond rouge vif combin\u00e9 \u00e0 des graphismes pr\u00e9cis en violet et en vert, nos sachets de chips personnalis\u00e9s cr\u00e9ent un aspect naturel mais \u00e9nergique, renfor\u00e7ant l'attrait de l'app\u00e9tit et le positionnement haut de gamme.<\/li>\n\n\n\n<li><strong>Conformit\u00e9 totale \u00e0 la s\u00e9curit\u00e9 alimentaire<\/strong>:<br>Tous les mat\u00e9riaux d'emballage de nos sacs de chips personnalis\u00e9s sont conformes aux r\u00e9glementations sur le contact alimentaire dans les march\u00e9s cibles, ce qui permet d'appuyer les all\u00e9gations de sant\u00e9 l\u00e9gitimes et de p\u00e9n\u00e9trer le march\u00e9 en toute s\u00e9curit\u00e9.<\/li>\n\n\n\n<li>En tant qu'entreprise sp\u00e9cialis\u00e9e dans la fabrication de sacs d'emballage pour snacks, nous pouvons fournir une production directe en usine avec un processus de fabrication et d'impression raffin\u00e9. Nous pouvons ainsi fournir une base stable pour les commandes de gros volumes.<\/li>\n<\/ul>\n<\/div>\n\n\n\n<div class=\"wp-block-column is-layout-flow wp-block-column-is-layout-flow\">\n<figure class=\"wp-block-image size-full\"><img decoding=\"async\" width=\"800\" height=\"800\" src=\"https:\/\/www.zkprintpack.com\/wp-content\/uploads\/2026\/01\/custom-potato-chips-bags.webp\" alt=\"sacs de chips personnalis\u00e9s\" class=\"wp-image-2531\" srcset=\"https:\/\/www.zkprintpack.com\/wp-content\/uploads\/2026\/01\/custom-potato-chips-bags.webp 800w, https:\/\/www.zkprintpack.com\/wp-content\/uploads\/2026\/01\/custom-potato-chips-bags-150x150.webp 150w, https:\/\/www.zkprintpack.com\/wp-content\/uploads\/2026\/01\/custom-potato-chips-bags-768x768.webp 768w, https:\/\/www.zkprintpack.com\/wp-content\/uploads\/2026\/01\/custom-potato-chips-bags-12x12.webp 12w, https:\/\/www.zkprintpack.com\/wp-content\/uploads\/2026\/01\/custom-potato-chips-bags-600x600.webp 600w, https:\/\/www.zkprintpack.com\/wp-content\/uploads\/2026\/01\/custom-potato-chips-bags-300x300.webp 300w, https:\/\/www.zkprintpack.com\/wp-content\/uploads\/2026\/01\/custom-potato-chips-bags-100x100.webp 100w\" sizes=\"(max-width: 800px) 100vw, 800px\" \/><\/figure>\n<\/div>\n<\/div>\n\n\n\n<p><\/p>","protected":false},"excerpt":{"rendered":"<p>Sacs personnalis\u00e9s pour chips et snacks croustillants, con\u00e7us pour prot\u00e9ger les produits sensibles \u00e0 l'humidit\u00e9, pr\u00e9server la saveur et la texture, et communiquer clairement le positionnement d'un snack sain et l\u00e9ger. Possibilit\u00e9 de commandes en gros. Contactez-nous d\u00e8s maintenant !<\/p>\n<h2>Param\u00e8tres des sacs de chips personnalis\u00e9s<\/h2>\n<ul>\n<li><strong>Mat\u00e9riau :<\/strong>\u00a0PET\/PE, PET\/NY\/PE, PET\/AL\/NY\/PE, etc.<\/li>\n<li><strong>Type de sac<\/strong>: <strong>Pochette \u00e0 sceller sur trois c\u00f4t\u00e9s<\/strong><\/li>\n<li><strong>Taille<\/strong>: Sur mesure<\/li>\n<li><strong>Commande personnalis\u00e9e<\/strong>: Acceptation des OEM et ODM<\/li>\n<li><strong>\u00c9chantillon gratuit<\/strong>: Support<\/li>\n<li><strong>Utilisation<\/strong>: Snack, nourriture, bonbons et autres<\/li>\n<li><strong>Couleur<\/strong>: Peut \u00eatre personnalis\u00e9<\/li>\n<li><strong>March\u00e9s cibles<\/strong>: Partout dans le monde<\/li>\n<\/ul>","protected":false},"featured_media":2531,"comment_status":"closed","ping_status":"closed","template":"","meta":{"_acf_changed":false},"market":[61],"product_brand":[],"product_cat":[53,67],"product_tag":[],"class_list":{"0":"post-2530","1":"product","2":"type-product","3":"status-publish","4":"has-post-thumbnail","6":"market-snack-packaging-supplier","7":"product_cat-three-side-seal-pouch-wholesale","8":"product_cat-custom-flat-pouch","10":"first","11":"instock","12":"shipping-taxable","13":"product-type-simple"},"acf":[],"_links":{"self":[{"href":"https:\/\/www.zkprintpack.com\/fr\/wp-json\/wp\/v2\/product\/2530","targetHints":{"allow":["GET"]}}],"collection":[{"href":"https:\/\/www.zkprintpack.com\/fr\/wp-json\/wp\/v2\/product"}],"about":[{"href":"https:\/\/www.zkprintpack.com\/fr\/wp-json\/wp\/v2\/types\/product"}],"replies":[{"embeddable":true,"href":"https:\/\/www.zkprintpack.com\/fr\/wp-json\/wp\/v2\/comments?post=2530"}],"wp:featuredmedia":[{"embeddable":true,"href":"https:\/\/www.zkprintpack.com\/fr\/wp-json\/wp\/v2\/media\/2531"}],"wp:attachment":[{"href":"https:\/\/www.zkprintpack.com\/fr\/wp-json\/wp\/v2\/media?parent=2530"}],"wp:term":[{"taxonomy":"market","embeddable":true,"href":"https:\/\/www.zkprintpack.com\/fr\/wp-json\/wp\/v2\/market?post=2530"},{"taxonomy":"product_brand","embeddable":true,"href":"https:\/\/www.zkprintpack.com\/fr\/wp-json\/wp\/v2\/product_brand?post=2530"},{"taxonomy":"product_cat","embeddable":true,"href":"https:\/\/www.zkprintpack.com\/fr\/wp-json\/wp\/v2\/product_cat?post=2530"},{"taxonomy":"product_tag","embeddable":true,"href":"https:\/\/www.zkprintpack.com\/fr\/wp-json\/wp\/v2\/product_tag?post=2530"}],"curies":[{"name":"wp","href":"https:\/\/api.w.org\/{rel}","templated":true}]}}