{"id":2525,"date":"2026-01-15T03:02:31","date_gmt":"2026-01-15T03:02:31","guid":{"rendered":"https:\/\/www.zkprintpack.com\/?post_type=product&#038;p=2525"},"modified":"2026-01-15T03:09:24","modified_gmt":"2026-01-15T03:09:24","slug":"bulk-nuts-packaging-film-roll-for-vffs-hffs","status":"publish","type":"product","link":"https:\/\/www.zkprintpack.com\/fr\/product\/bulk-nuts-packaging-film-roll-for-vffs-hffs\/","title":{"rendered":"Rouleau de film d'emballage pour noix en vrac pour VFFS HFFS, High-Barrier Roll Stock Film Supplier"},"content":{"rendered":"<div class=\"wp-block-columns is-layout-flex wp-container-core-columns-is-layout-9d6595d7 wp-block-columns-is-layout-flex\">\n<div class=\"wp-block-column is-layout-flow wp-block-column-is-layout-flow\">\n<h2 class=\"wp-block-heading\">Rouleau de film d'emballage pour noix en vrac Caract\u00e9ristiques<\/h2>\n\n\n\n<ul class=\"wp-block-list\">\n<li><strong>Structure \u00e0 haute barri\u00e8re pour la protection des noix en vrac<\/strong><br>Ce rouleau de film d'emballage pour noix en vrac est fabriqu\u00e9 \u00e0 partir de mat\u00e9riaux lamin\u00e9s multicouches qui offrent une excellente r\u00e9sistance \u00e0 l'oxyg\u00e8ne, \u00e0 l'humidit\u00e9 et \u00e0 la lumi\u00e8re. Il ralentit efficacement l'oxydation et l'absorption d'humidit\u00e9, ce qui permet aux noix en vrac de conserver leur fra\u00eecheur, leur croquant et leur saveur naturelle tout au long du stockage et de la distribution.<\/li>\n\n\n\n<li><strong>Optimis\u00e9 pour les lignes de conditionnement VFFS et HFFS<\/strong><br>Con\u00e7u pour les machines de formage-remplissage-scellage verticales et horizontales, le film garantit un fonctionnement r\u00e9gulier, une force de scellage stable et une \u00e9paisseur constante. Cela r\u00e9duit les temps d'arr\u00eat et le gaspillage de mat\u00e9riaux, ce qui rend le rouleau de film d'emballage pour noix en vrac id\u00e9al pour l'emballage de noix \u00e0 grande vitesse et en grande quantit\u00e9.<\/li>\n\n\n\n<li><strong>Solution rentable pour les stocks de rouleaux<\/strong><br>Le format rouleau maximise l'utilisation du mat\u00e9riau et minimise les d\u00e9chets lors de la d\u00e9coupe et du scellage. Associ\u00e9 \u00e0 des performances barri\u00e8res fiables, il aide les marques et les transformateurs \u00e0 contr\u00f4ler les co\u00fbts d'emballage sans compromettre la s\u00e9curit\u00e9 du produit.<\/li>\n\n\n\n<li><strong>Personnalisation OEM par un fournisseur de confiance<\/strong><br>En tant que fournisseur professionnel de films en rouleau, nous offrons la possibilit\u00e9 de personnaliser les produits OEM, y compris la largeur du rouleau, la structure du film, la finition de la surface, la conception de la fen\u00eatre et l'impression de haute qualit\u00e9, afin de r\u00e9pondre aux diverses exigences en mati\u00e8re d'emballage de noix en vrac.<\/li>\n<\/ul>\n<\/div>\n\n\n\n<div class=\"wp-block-column is-layout-flow wp-block-column-is-layout-flow\">\n<figure class=\"wp-block-image size-full\"><img decoding=\"async\" width=\"800\" height=\"800\" src=\"https:\/\/www.zkprintpack.com\/wp-content\/uploads\/2026\/01\/Bulk-Nuts-Packaging-Film-Roll-for-VFFS-HFFS.webp\" alt=\"Rouleau de film d&#039;emballage pour noix en vrac pour VFFS HFFS\" class=\"wp-image-2526\" srcset=\"https:\/\/www.zkprintpack.com\/wp-content\/uploads\/2026\/01\/Bulk-Nuts-Packaging-Film-Roll-for-VFFS-HFFS.webp 800w, https:\/\/www.zkprintpack.com\/wp-content\/uploads\/2026\/01\/Bulk-Nuts-Packaging-Film-Roll-for-VFFS-HFFS-150x150.webp 150w, https:\/\/www.zkprintpack.com\/wp-content\/uploads\/2026\/01\/Bulk-Nuts-Packaging-Film-Roll-for-VFFS-HFFS-768x768.webp 768w, https:\/\/www.zkprintpack.com\/wp-content\/uploads\/2026\/01\/Bulk-Nuts-Packaging-Film-Roll-for-VFFS-HFFS-12x12.webp 12w, https:\/\/www.zkprintpack.com\/wp-content\/uploads\/2026\/01\/Bulk-Nuts-Packaging-Film-Roll-for-VFFS-HFFS-600x600.webp 600w, https:\/\/www.zkprintpack.com\/wp-content\/uploads\/2026\/01\/Bulk-Nuts-Packaging-Film-Roll-for-VFFS-HFFS-300x300.webp 300w, https:\/\/www.zkprintpack.com\/wp-content\/uploads\/2026\/01\/Bulk-Nuts-Packaging-Film-Roll-for-VFFS-HFFS-100x100.webp 100w\" sizes=\"(max-width: 800px) 100vw, 800px\" \/><\/figure>\n<\/div>\n<\/div>","protected":false},"excerpt":{"rendered":"<p>Bienvenue \u00e0 l'achat de rouleaux de film d'emballage de noix en vrac pour les syst\u00e8mes VFFS et HFFS. Fournisseur de rouleaux de film \u00e0 haute barri\u00e8re offrant une protection contre l'oxyg\u00e8ne et l'humidit\u00e9, une performance stable de la machine et une personnalisation OEM pour les projets d'emballage de noix en grand volume.<\/p>\n<h2>Param\u00e8tres du rouleau de film d'emballage de noix en vrac<\/h2>\n<ul>\n<li><strong>Mat\u00e9riau :<\/strong>\u00a0PET\/PE, PET\/NY\/PE, PET\/AL\/NY\/PE, etc.<\/li>\n<li><strong>Type de sac<\/strong>: <strong>Rollstock<\/strong><\/li>\n<li><strong>Taille<\/strong>: Sur mesure<\/li>\n<li><strong>Commande personnalis\u00e9e<\/strong>: Acceptation des OEM et ODM<\/li>\n<li><strong>\u00c9chantillon gratuit<\/strong>: Support<\/li>\n<li><strong>Utilisation<\/strong>: Snack, nourriture, bonbons et autres<\/li>\n<li><strong>Couleur<\/strong>: Peut \u00eatre personnalis\u00e9<\/li>\n<li><strong>March\u00e9s cibles<\/strong>: Partout dans le monde<\/li>\n<\/ul>","protected":false},"featured_media":2526,"comment_status":"closed","ping_status":"closed","template":"","meta":{"_acf_changed":false},"market":[63],"product_brand":[],"product_cat":[57],"product_tag":[],"class_list":{"0":"post-2525","1":"product","2":"type-product","3":"status-publish","4":"has-post-thumbnail","6":"market-nuts-packaging-supplier","7":"product_cat-rollstock-film-supplier","9":"first","10":"instock","11":"shipping-taxable","12":"product-type-simple"},"acf":[],"_links":{"self":[{"href":"https:\/\/www.zkprintpack.com\/fr\/wp-json\/wp\/v2\/product\/2525","targetHints":{"allow":["GET"]}}],"collection":[{"href":"https:\/\/www.zkprintpack.com\/fr\/wp-json\/wp\/v2\/product"}],"about":[{"href":"https:\/\/www.zkprintpack.com\/fr\/wp-json\/wp\/v2\/types\/product"}],"replies":[{"embeddable":true,"href":"https:\/\/www.zkprintpack.com\/fr\/wp-json\/wp\/v2\/comments?post=2525"}],"wp:featuredmedia":[{"embeddable":true,"href":"https:\/\/www.zkprintpack.com\/fr\/wp-json\/wp\/v2\/media\/2526"}],"wp:attachment":[{"href":"https:\/\/www.zkprintpack.com\/fr\/wp-json\/wp\/v2\/media?parent=2525"}],"wp:term":[{"taxonomy":"market","embeddable":true,"href":"https:\/\/www.zkprintpack.com\/fr\/wp-json\/wp\/v2\/market?post=2525"},{"taxonomy":"product_brand","embeddable":true,"href":"https:\/\/www.zkprintpack.com\/fr\/wp-json\/wp\/v2\/product_brand?post=2525"},{"taxonomy":"product_cat","embeddable":true,"href":"https:\/\/www.zkprintpack.com\/fr\/wp-json\/wp\/v2\/product_cat?post=2525"},{"taxonomy":"product_tag","embeddable":true,"href":"https:\/\/www.zkprintpack.com\/fr\/wp-json\/wp\/v2\/product_tag?post=2525"}],"curies":[{"name":"wp","href":"https:\/\/api.w.org\/{rel}","templated":true}]}}