{"id":2522,"date":"2026-01-15T02:40:44","date_gmt":"2026-01-15T02:40:44","guid":{"rendered":"https:\/\/www.zkprintpack.com\/?post_type=product&#038;p=2522"},"modified":"2026-01-15T03:01:45","modified_gmt":"2026-01-15T03:01:45","slug":"custom-laminated-film-roll-for-nut-packaging","status":"publish","type":"product","link":"https:\/\/www.zkprintpack.com\/fr\/product\/custom-laminated-film-roll-for-nut-packaging\/","title":{"rendered":"Rouleau de film lamin\u00e9 sur mesure pour l'emballage des noix, Fabricant de film en rouleau OEM"},"content":{"rendered":"<div class=\"wp-block-columns is-layout-flex wp-container-core-columns-is-layout-9d6595d7 wp-block-columns-is-layout-flex\">\n<div class=\"wp-block-column is-layout-flow wp-block-column-is-layout-flow\">\n<h2 class=\"wp-block-heading\">Rouleau de film lamin\u00e9 sur mesure pour l'emballage des noix Caract\u00e9ristiques<\/h2>\n\n\n\n<ul class=\"wp-block-list\">\n<li><strong>Laminage avanc\u00e9 pour la protection des noix fra\u00eeches<\/strong><br>Ce rouleau de film lamin\u00e9 personnalis\u00e9 pour l'emballage des fruits \u00e0 coque est constitu\u00e9 de structures composites multicouches qui constituent de solides barri\u00e8res contre l'oxyg\u00e8ne, l'humidit\u00e9 et la lumi\u00e8re. Il emp\u00eache efficacement l'oxydation et la perte d'ar\u00f4me, ce qui permet aux fruits \u00e0 coque de conserver leur croquant, leur ar\u00f4me et leur valeur nutritionnelle pendant le stockage et le transport.<\/li>\n\n\n\n<li><strong>Performances stables pour les lignes d'emballage automatiques<\/strong><br>Con\u00e7u pour les machines de formage-remplissage-scellage \u00e0 grande vitesse, le film offre une excellente r\u00e9sistance au scellage, un d\u00e9roulement en douceur et une \u00e9paisseur constante. Il r\u00e9duit les temps d'arr\u00eat et le gaspillage de mat\u00e9riaux, ce qui en fait un choix fiable pour les projets d'emballage de noix en grande quantit\u00e9.<\/li>\n\n\n\n<li><strong>Mat\u00e9riaux sur mesure et personnalisation visuelle<\/strong><br>Qu'il s'agisse de finitions mates ou brillantes, de fen\u00eatres transparentes ou de couches barri\u00e8res optimis\u00e9es, chaque rouleau de film lamin\u00e9 personnalis\u00e9 pour l'emballage des fruits \u00e0 coque peut \u00eatre adapt\u00e9 \u00e0 des types de fruits \u00e0 coque sp\u00e9cifiques et au positionnement de la marque. Une impression de haute qualit\u00e9 am\u00e9liore la visibilit\u00e9 en rayon et la reconnaissance de la marque.<\/li>\n\n\n\n<li><strong>Support OEM pour les fabricants de films en rouleaux<\/strong><br>En tant que fabricant OEM exp\u00e9riment\u00e9, nous offrons une personnalisation compl\u00e8te, y compris la largeur du rouleau, la taille du noyau, la structure du mat\u00e9riau et les solutions d'impression, fournissant des solutions d'emballage \u00e9volutives et rentables pour les marques mondiales de fruits \u00e0 coque.<\/li>\n<\/ul>\n<\/div>\n\n\n\n<div class=\"wp-block-column is-layout-flow wp-block-column-is-layout-flow\">\n<figure class=\"wp-block-image size-full\"><img decoding=\"async\" width=\"800\" height=\"800\" src=\"https:\/\/www.zkprintpack.com\/wp-content\/uploads\/2026\/01\/Custom-Laminated-Film-Roll-for-Nut-Packaging.webp\" alt=\"Rouleau de film lamin\u00e9 sur mesure pour l&#039;emballage des noix\" class=\"wp-image-2523\" srcset=\"https:\/\/www.zkprintpack.com\/wp-content\/uploads\/2026\/01\/Custom-Laminated-Film-Roll-for-Nut-Packaging.webp 800w, https:\/\/www.zkprintpack.com\/wp-content\/uploads\/2026\/01\/Custom-Laminated-Film-Roll-for-Nut-Packaging-150x150.webp 150w, https:\/\/www.zkprintpack.com\/wp-content\/uploads\/2026\/01\/Custom-Laminated-Film-Roll-for-Nut-Packaging-768x768.webp 768w, https:\/\/www.zkprintpack.com\/wp-content\/uploads\/2026\/01\/Custom-Laminated-Film-Roll-for-Nut-Packaging-12x12.webp 12w, https:\/\/www.zkprintpack.com\/wp-content\/uploads\/2026\/01\/Custom-Laminated-Film-Roll-for-Nut-Packaging-600x600.webp 600w, https:\/\/www.zkprintpack.com\/wp-content\/uploads\/2026\/01\/Custom-Laminated-Film-Roll-for-Nut-Packaging-300x300.webp 300w, https:\/\/www.zkprintpack.com\/wp-content\/uploads\/2026\/01\/Custom-Laminated-Film-Roll-for-Nut-Packaging-100x100.webp 100w\" sizes=\"(max-width: 800px) 100vw, 800px\" \/><\/figure>\n<\/div>\n<\/div>","protected":false},"excerpt":{"rendered":"<p>Bienvenue \u00e0 l'achat d'un rouleau de film lamin\u00e9 personnalis\u00e9 pour l'emballage des noix, con\u00e7u pour les cacahu\u00e8tes, les amandes et les noix m\u00e9lang\u00e9es. Fabricant OEM de films en rouleau offrant des mat\u00e9riaux \u00e0 haute barri\u00e8re, des performances de machine fluides et une impression flexible pour prolonger la dur\u00e9e de conservation et soutenir la croissance de la marque.<\/p>\n<h2>Param\u00e8tres du rouleau de film lamin\u00e9 pour l'emballage des noix<\/h2>\n<ul>\n<li><strong>Mat\u00e9riau :<\/strong>\u00a0PET\/PE, PET\/NY\/PE, PET\/AL\/NY\/PE, etc.<\/li>\n<li><strong>Type de sac<\/strong>: <strong>Rollstock<\/strong><\/li>\n<li><strong>Taille<\/strong>: Sur mesure<\/li>\n<li><strong>Commande personnalis\u00e9e<\/strong>: Acceptation des OEM et ODM<\/li>\n<li><strong>\u00c9chantillon gratuit<\/strong>: Support<\/li>\n<li><strong>Utilisation<\/strong>: Snack, nourriture, bonbons et autres<\/li>\n<li><strong>Couleur<\/strong>: Peut \u00eatre personnalis\u00e9<\/li>\n<li><strong>March\u00e9s cibles<\/strong>: Partout dans le monde<\/li>\n<\/ul>","protected":false},"featured_media":2523,"comment_status":"closed","ping_status":"closed","template":"","meta":{"_acf_changed":false},"market":[63],"product_brand":[],"product_cat":[57],"product_tag":[],"class_list":{"0":"post-2522","1":"product","2":"type-product","3":"status-publish","4":"has-post-thumbnail","6":"market-nuts-packaging-supplier","7":"product_cat-rollstock-film-supplier","9":"first","10":"instock","11":"shipping-taxable","12":"product-type-simple"},"acf":[],"_links":{"self":[{"href":"https:\/\/www.zkprintpack.com\/fr\/wp-json\/wp\/v2\/product\/2522","targetHints":{"allow":["GET"]}}],"collection":[{"href":"https:\/\/www.zkprintpack.com\/fr\/wp-json\/wp\/v2\/product"}],"about":[{"href":"https:\/\/www.zkprintpack.com\/fr\/wp-json\/wp\/v2\/types\/product"}],"replies":[{"embeddable":true,"href":"https:\/\/www.zkprintpack.com\/fr\/wp-json\/wp\/v2\/comments?post=2522"}],"wp:featuredmedia":[{"embeddable":true,"href":"https:\/\/www.zkprintpack.com\/fr\/wp-json\/wp\/v2\/media\/2523"}],"wp:attachment":[{"href":"https:\/\/www.zkprintpack.com\/fr\/wp-json\/wp\/v2\/media?parent=2522"}],"wp:term":[{"taxonomy":"market","embeddable":true,"href":"https:\/\/www.zkprintpack.com\/fr\/wp-json\/wp\/v2\/market?post=2522"},{"taxonomy":"product_brand","embeddable":true,"href":"https:\/\/www.zkprintpack.com\/fr\/wp-json\/wp\/v2\/product_brand?post=2522"},{"taxonomy":"product_cat","embeddable":true,"href":"https:\/\/www.zkprintpack.com\/fr\/wp-json\/wp\/v2\/product_cat?post=2522"},{"taxonomy":"product_tag","embeddable":true,"href":"https:\/\/www.zkprintpack.com\/fr\/wp-json\/wp\/v2\/product_tag?post=2522"}],"curies":[{"name":"wp","href":"https:\/\/api.w.org\/{rel}","templated":true}]}}