{"id":2517,"date":"2026-01-15T02:23:08","date_gmt":"2026-01-15T02:23:08","guid":{"rendered":"https:\/\/www.zkprintpack.com\/?post_type=product&#038;p=2517"},"modified":"2026-01-15T02:36:01","modified_gmt":"2026-01-15T02:36:01","slug":"snack-nut-packaging-film-wholesale","status":"publish","type":"product","link":"https:\/\/www.zkprintpack.com\/fr\/product\/snack-nut-packaging-film-wholesale\/","title":{"rendered":"Film d'emballage pour noix Wholesale, OEM Film en rouleau pour noix"},"content":{"rendered":"<div class=\"wp-block-columns is-layout-flex wp-container-core-columns-is-layout-9d6595d7 wp-block-columns-is-layout-flex\">\n<div class=\"wp-block-column is-layout-flow wp-block-column-is-layout-flow\">\n<h2 class=\"wp-block-heading\">Film d'emballage Snack Nut Wholesale Caract\u00e9ristiques<\/h2>\n\n\n\n<ul class=\"wp-block-list\">\n<li><strong>Protection herm\u00e9tique, fra\u00eecheur pr\u00e9serv\u00e9e<\/strong><br>Ce film en rouleau est con\u00e7u avec des structures lamin\u00e9es multicouches qui constituent de solides barri\u00e8res \u00e0 l'oxyg\u00e8ne, \u00e0 l'humidit\u00e9 et \u00e0 la lumi\u00e8re. Il prot\u00e8ge efficacement les fruits \u00e0 coque de l'oxydation, de l'humidit\u00e9 et de la contamination externe, ce qui permet de conserver une texture croustillante, une saveur naturelle et une dur\u00e9e de conservation prolong\u00e9e tout au long du stockage et de la distribution.<\/li>\n\n\n\n<li><strong>Efficacit\u00e9 \u00e9lev\u00e9e, co\u00fbt d'emballage r\u00e9duit<\/strong><br>Con\u00e7u pour les machines automatiques de remplissage et de scellage, le format en rouleau minimise les pertes de mat\u00e9riau lors de la d\u00e9coupe et du scellage. Avec une \u00e9paisseur de film optimis\u00e9e et des performances stables, il permet d'atteindre une utilisation \u00e9lev\u00e9e des mat\u00e9riaux et de r\u00e9duire les co\u00fbts globaux d'emballage pour les grandes marques de fruits \u00e0 coque.<\/li>\n\n\n\n<li><strong>Impression flexible et personnalisation des mat\u00e9riaux<\/strong><br>Qu'il s'agisse de finitions mates ou brillantes, de fen\u00eatres transparentes ou de structures barri\u00e8res personnalis\u00e9es, ce film offre des solutions sur mesure pour diff\u00e9rentes cat\u00e9gories de fruits \u00e0 coque. L'impression accrocheuse renforce l'attrait du rayon et la diff\u00e9renciation de la marque dans les environnements de vente au d\u00e9tail concurrentiels.<\/li>\n\n\n\n<li><strong>Solutions personnalis\u00e9es OEM\/ODM pour les marques de noix<\/strong><br>Nous fournissons des services OEM\/ODM complets, y compris la largeur du rouleau, la taille du noyau, la structure du film et la conception de l'impression. Id\u00e9al pour les marques \u00e0 la recherche de solutions fiables en mati\u00e8re de films d'emballage de fruits \u00e0 coque, avec une qualit\u00e9 constante et une capacit\u00e9 de production modulable.<\/li>\n<\/ul>\n<\/div>\n\n\n\n<div class=\"wp-block-column is-layout-flow wp-block-column-is-layout-flow\">\n<figure class=\"wp-block-image size-full\"><img decoding=\"async\" width=\"800\" height=\"800\" src=\"https:\/\/www.zkprintpack.com\/wp-content\/uploads\/2026\/01\/Snack-Nut-Packaging-Film-Wholesale-Manufacturer-Zhongjia-Packaging.webp\" alt=\"Film d&#039;emballage Snack Nut Fabricant grossiste - Zhongjia Packaging\" class=\"wp-image-2518\" srcset=\"https:\/\/www.zkprintpack.com\/wp-content\/uploads\/2026\/01\/Snack-Nut-Packaging-Film-Wholesale-Manufacturer-Zhongjia-Packaging.webp 800w, https:\/\/www.zkprintpack.com\/wp-content\/uploads\/2026\/01\/Snack-Nut-Packaging-Film-Wholesale-Manufacturer-Zhongjia-Packaging-150x150.webp 150w, https:\/\/www.zkprintpack.com\/wp-content\/uploads\/2026\/01\/Snack-Nut-Packaging-Film-Wholesale-Manufacturer-Zhongjia-Packaging-768x768.webp 768w, https:\/\/www.zkprintpack.com\/wp-content\/uploads\/2026\/01\/Snack-Nut-Packaging-Film-Wholesale-Manufacturer-Zhongjia-Packaging-12x12.webp 12w, https:\/\/www.zkprintpack.com\/wp-content\/uploads\/2026\/01\/Snack-Nut-Packaging-Film-Wholesale-Manufacturer-Zhongjia-Packaging-600x600.webp 600w, https:\/\/www.zkprintpack.com\/wp-content\/uploads\/2026\/01\/Snack-Nut-Packaging-Film-Wholesale-Manufacturer-Zhongjia-Packaging-300x300.webp 300w, https:\/\/www.zkprintpack.com\/wp-content\/uploads\/2026\/01\/Snack-Nut-Packaging-Film-Wholesale-Manufacturer-Zhongjia-Packaging-100x100.webp 100w\" sizes=\"(max-width: 800px) 100vw, 800px\" \/><\/figure>\n<\/div>\n<\/div>","protected":false},"excerpt":{"rendered":"<p>Nous vous invitons \u00e0 acheter en gros du film d'emballage pour noix, con\u00e7u pour une protection efficace et \u00e0 haute barri\u00e8re des cacahu\u00e8tes, des amandes et des noix m\u00e9lang\u00e9es. Le film en rouleau OEM permet de personnaliser les mat\u00e9riaux, l'impression et la compatibilit\u00e9 avec les machines, ce qui aide les marques \u00e0 r\u00e9duire leurs co\u00fbts tout en pr\u00e9servant la fra\u00eecheur et l'attrait visuel.<\/p>\n<h2>Param\u00e8tres du film d'emballage Snack Nut Wholesale<\/h2>\n<ul>\n<li><strong>Mat\u00e9riau :<\/strong>\u00a0PET\/PE, PET\/NY\/PE, PET\/AL\/NY\/PE, etc.<\/li>\n<li><strong>Type de sac<\/strong>: <strong>Rollstock<\/strong><\/li>\n<li><strong>Taille<\/strong>: Sur mesure<\/li>\n<li><strong>Commande personnalis\u00e9e<\/strong>: Acceptation des OEM et ODM<\/li>\n<li><strong>\u00c9chantillon gratuit<\/strong>: Support<\/li>\n<li><strong>Utilisation<\/strong>: Snack, nourriture, bonbons et autres<\/li>\n<li><strong>Couleur<\/strong>: Peut \u00eatre personnalis\u00e9<\/li>\n<li><strong>March\u00e9s cibles<\/strong>: Partout dans le monde<\/li>\n<\/ul>","protected":false},"featured_media":2518,"comment_status":"closed","ping_status":"closed","template":"","meta":{"_acf_changed":false},"market":[63],"product_brand":[],"product_cat":[57],"product_tag":[],"class_list":{"0":"post-2517","1":"product","2":"type-product","3":"status-publish","4":"has-post-thumbnail","6":"market-nuts-packaging-supplier","7":"product_cat-rollstock-film-supplier","9":"first","10":"instock","11":"shipping-taxable","12":"product-type-simple"},"acf":[],"_links":{"self":[{"href":"https:\/\/www.zkprintpack.com\/fr\/wp-json\/wp\/v2\/product\/2517","targetHints":{"allow":["GET"]}}],"collection":[{"href":"https:\/\/www.zkprintpack.com\/fr\/wp-json\/wp\/v2\/product"}],"about":[{"href":"https:\/\/www.zkprintpack.com\/fr\/wp-json\/wp\/v2\/types\/product"}],"replies":[{"embeddable":true,"href":"https:\/\/www.zkprintpack.com\/fr\/wp-json\/wp\/v2\/comments?post=2517"}],"wp:featuredmedia":[{"embeddable":true,"href":"https:\/\/www.zkprintpack.com\/fr\/wp-json\/wp\/v2\/media\/2518"}],"wp:attachment":[{"href":"https:\/\/www.zkprintpack.com\/fr\/wp-json\/wp\/v2\/media?parent=2517"}],"wp:term":[{"taxonomy":"market","embeddable":true,"href":"https:\/\/www.zkprintpack.com\/fr\/wp-json\/wp\/v2\/market?post=2517"},{"taxonomy":"product_brand","embeddable":true,"href":"https:\/\/www.zkprintpack.com\/fr\/wp-json\/wp\/v2\/product_brand?post=2517"},{"taxonomy":"product_cat","embeddable":true,"href":"https:\/\/www.zkprintpack.com\/fr\/wp-json\/wp\/v2\/product_cat?post=2517"},{"taxonomy":"product_tag","embeddable":true,"href":"https:\/\/www.zkprintpack.com\/fr\/wp-json\/wp\/v2\/product_tag?post=2517"}],"curies":[{"name":"wp","href":"https:\/\/api.w.org\/{rel}","templated":true}]}}