{"id":2514,"date":"2026-01-15T02:00:43","date_gmt":"2026-01-15T02:00:43","guid":{"rendered":"https:\/\/www.zkprintpack.com\/?post_type=product&#038;p=2514"},"modified":"2026-01-15T02:01:05","modified_gmt":"2026-01-15T02:01:05","slug":"bulk-custom-plastic-biscuit-packaging","status":"publish","type":"product","link":"https:\/\/www.zkprintpack.com\/fr\/product\/bulk-custom-plastic-biscuit-packaging\/","title":{"rendered":"Emballage de biscuits en plastique en vrac sur mesure, rouleau de film Factory"},"content":{"rendered":"<div class=\"wp-block-columns is-layout-flex wp-container-core-columns-is-layout-9d6595d7 wp-block-columns-is-layout-flex\">\n<div class=\"wp-block-column is-layout-flow wp-block-column-is-layout-flow\">\n<h2 class=\"wp-block-heading\">Emballage plastique personnalis\u00e9 pour biscuits Caract\u00e9ristiques<\/h2>\n\n\n\n<ul class=\"wp-block-list\">\n<li><strong>Conformit\u00e9 au contact alimentaire<br><\/strong>Tous les mat\u00e9riaux, encres et adh\u00e9sifs de nos emballages plastiques personnalis\u00e9s pour biscuits sont conformes aux normes mondiales de s\u00e9curit\u00e9 alimentaire (Japon, Chine, UE), avec documentation et tests de migration fournis.<\/li>\n\n\n\n<li><strong>\u00c9tiquetage complet et conforme<br><\/strong>Ce film en rouleau sur mesure permet d'afficher clairement les informations nutritionnelles, les ingr\u00e9dients, les informations sur le fabricant, la date de production et les instructions de stockage sur le sachet final.<\/li>\n\n\n\n<li><strong>D\u00e9coupage et rebobinage pr\u00e9cis<br><\/strong>La largeur, la longueur et la tension du film sont contr\u00f4l\u00e9es avec pr\u00e9cision pour une alimentation en douceur, une formation homog\u00e8ne des tubes et un minimum de d\u00e9chets.<\/li>\n\n\n\n<li><strong>Compatibilit\u00e9 avec la production \u00e0 grande vitesse<br><\/strong>Nos emballages plastiques personnalis\u00e9s pour biscuits sont con\u00e7us pour offrir des performances de friction, d'\u00e9tirement et de thermoscellage compatibles avec les lignes d'emballage automatis\u00e9es, ce qui garantit une production efficace et peu g\u00e9n\u00e9ratrice de d\u00e9chets.<\/li>\n\n\n\n<li>En tant qu'entreprise sp\u00e9cialis\u00e9e dans la fabrication de rouleaux de film plastique pour l'emballage de biscuits, nous pouvons fournir une production directe en usine avec un processus raffin\u00e9 de fabrication et d'impression de sacs. Nous pouvons ainsi fournir une base stable pour les commandes de gros volumes.<\/li>\n<\/ul>\n<\/div>\n\n\n\n<div class=\"wp-block-column is-layout-flow wp-block-column-is-layout-flow\">\n<figure class=\"wp-block-image size-full\"><img decoding=\"async\" width=\"800\" height=\"800\" src=\"https:\/\/www.zkprintpack.com\/wp-content\/uploads\/2026\/01\/Custom-Plastic-Biscuit-Packaging.webp\" alt=\"Emballage plastique personnalis\u00e9 pour biscuits\" class=\"wp-image-2515\" srcset=\"https:\/\/www.zkprintpack.com\/wp-content\/uploads\/2026\/01\/Custom-Plastic-Biscuit-Packaging.webp 800w, https:\/\/www.zkprintpack.com\/wp-content\/uploads\/2026\/01\/Custom-Plastic-Biscuit-Packaging-150x150.webp 150w, https:\/\/www.zkprintpack.com\/wp-content\/uploads\/2026\/01\/Custom-Plastic-Biscuit-Packaging-768x768.webp 768w, https:\/\/www.zkprintpack.com\/wp-content\/uploads\/2026\/01\/Custom-Plastic-Biscuit-Packaging-12x12.webp 12w, https:\/\/www.zkprintpack.com\/wp-content\/uploads\/2026\/01\/Custom-Plastic-Biscuit-Packaging-600x600.webp 600w, https:\/\/www.zkprintpack.com\/wp-content\/uploads\/2026\/01\/Custom-Plastic-Biscuit-Packaging-300x300.webp 300w, https:\/\/www.zkprintpack.com\/wp-content\/uploads\/2026\/01\/Custom-Plastic-Biscuit-Packaging-100x100.webp 100w\" sizes=\"(max-width: 800px) 100vw, 800px\" \/><\/figure>\n<\/div>\n<\/div>\n\n\n\n<p><\/p>","protected":false},"excerpt":{"rendered":"<p>Film plastique d'emballage de biscuits sur mesure pour biscuits et snacks croustillants, con\u00e7u pour pr\u00e9server le croustillant et la saveur, assurer la s\u00e9curit\u00e9 alimentaire, permettre une production automatis\u00e9e \u00e0 grande vitesse et offrir un fort impact visuel. Possibilit\u00e9 d'achat en gros. Contactez-nous d\u00e8s maintenant !\u00a0<\/p>\n<h2>Param\u00e8tres de l'emballage plastique personnalis\u00e9 pour biscuits\u00a0<\/h2>\n<ul>\n<li><strong>Mat\u00e9riau :<\/strong>\u00a0PET\/PE, PET\/NY\/PE, PET\/AL\/NY\/PE, etc.<\/li>\n<li><strong>Type de sac<\/strong>: <strong>Film d'emballage en rouleau<\/strong><\/li>\n<li><strong>Taille<\/strong>: Sur mesure<\/li>\n<li><strong>Commande personnalis\u00e9e<\/strong>: Acceptation des OEM et ODM<\/li>\n<li><strong>\u00c9chantillon gratuit<\/strong>: Support<\/li>\n<li><strong>Utilisation<\/strong>: Snack, nourriture, bonbons et autres<\/li>\n<li><strong>Couleur<\/strong>: Peut \u00eatre personnalis\u00e9<\/li>\n<li><strong>March\u00e9s cibles<\/strong>: Partout dans le monde<\/li>\n<\/ul>","protected":false},"featured_media":2515,"comment_status":"closed","ping_status":"closed","template":"","meta":{"_acf_changed":false},"market":[61],"product_brand":[],"product_cat":[57],"product_tag":[],"class_list":{"0":"post-2514","1":"product","2":"type-product","3":"status-publish","4":"has-post-thumbnail","6":"market-snack-packaging-supplier","7":"product_cat-rollstock-film-supplier","9":"first","10":"instock","11":"shipping-taxable","12":"product-type-simple"},"acf":[],"_links":{"self":[{"href":"https:\/\/www.zkprintpack.com\/fr\/wp-json\/wp\/v2\/product\/2514","targetHints":{"allow":["GET"]}}],"collection":[{"href":"https:\/\/www.zkprintpack.com\/fr\/wp-json\/wp\/v2\/product"}],"about":[{"href":"https:\/\/www.zkprintpack.com\/fr\/wp-json\/wp\/v2\/types\/product"}],"replies":[{"embeddable":true,"href":"https:\/\/www.zkprintpack.com\/fr\/wp-json\/wp\/v2\/comments?post=2514"}],"wp:featuredmedia":[{"embeddable":true,"href":"https:\/\/www.zkprintpack.com\/fr\/wp-json\/wp\/v2\/media\/2515"}],"wp:attachment":[{"href":"https:\/\/www.zkprintpack.com\/fr\/wp-json\/wp\/v2\/media?parent=2514"}],"wp:term":[{"taxonomy":"market","embeddable":true,"href":"https:\/\/www.zkprintpack.com\/fr\/wp-json\/wp\/v2\/market?post=2514"},{"taxonomy":"product_brand","embeddable":true,"href":"https:\/\/www.zkprintpack.com\/fr\/wp-json\/wp\/v2\/product_brand?post=2514"},{"taxonomy":"product_cat","embeddable":true,"href":"https:\/\/www.zkprintpack.com\/fr\/wp-json\/wp\/v2\/product_cat?post=2514"},{"taxonomy":"product_tag","embeddable":true,"href":"https:\/\/www.zkprintpack.com\/fr\/wp-json\/wp\/v2\/product_tag?post=2514"}],"curies":[{"name":"wp","href":"https:\/\/api.w.org\/{rel}","templated":true}]}}