{"id":2512,"date":"2026-01-15T02:05:39","date_gmt":"2026-01-15T02:05:39","guid":{"rendered":"https:\/\/www.zkprintpack.com\/?post_type=product&#038;p=2512"},"modified":"2026-01-15T02:05:41","modified_gmt":"2026-01-15T02:05:41","slug":"custom-chips-packaging-roll-film-bulk","status":"publish","type":"product","link":"https:\/\/www.zkprintpack.com\/fr\/product\/custom-chips-packaging-roll-film-bulk\/","title":{"rendered":"Rouleau de film d'emballage de chips en gros, fabricant de sacs et sachets pour snacks"},"content":{"rendered":"<div class=\"wp-block-columns is-layout-flex wp-container-core-columns-is-layout-9d6595d7 wp-block-columns-is-layout-flex\">\n<div class=\"wp-block-column is-layout-flow wp-block-column-is-layout-flow\">\n<h2 class=\"wp-block-heading\">Emballage de puces sur mesure Caract\u00e9ristiques du film en rouleau<\/h2>\n\n\n\n<ul class=\"wp-block-list\">\n<li><strong>Des performances fiables en mati\u00e8re de thermosoudure<br><\/strong>La couche thermoscell\u00e9e optimis\u00e9e de ce film en rouleau pour l'emballage des chips garantit des scell\u00e9s solides et uniformes compatibles avec les machines verticales de formage-remplissage-scellage \u00e0 grande vitesse, minimisant ainsi les fuites et les d\u00e9chets.<\/li>\n\n\n\n<li><strong>Respect de la r\u00e9glementation en mati\u00e8re de s\u00e9curit\u00e9 alimentaire<br><\/strong>Tous les films, encres et adh\u00e9sifs de ce rouleau d'emballage de chips sur mesure sont conformes aux normes internationales en mati\u00e8re de contact alimentaire, avec une documentation compl\u00e8te sur la conformit\u00e9 et des tests de migration.<\/li>\n\n\n\n<li><strong>Impact \u00e9lev\u00e9 sur les \u00e9tag\u00e8res<br><\/strong>Les couleurs vives et contrast\u00e9es et l'imagerie attrayante des produits attirent imm\u00e9diatement l'attention des consommateurs, tandis que les indices r\u00e9gionaux communiquent une qualit\u00e9 sup\u00e9rieure.<\/li>\n\n\n\n<li><strong>Compatibilit\u00e9 avec la production \u00e0 grande vitesse<br><\/strong>Notre film en rouleau pour l'emballage des puces est con\u00e7u pour offrir des performances de friction, d'\u00e9tirement et de thermoscellage compatibles avec les lignes d'emballage automatis\u00e9es, ce qui garantit une production efficace et \u00e0 faible taux de d\u00e9chets.<\/li>\n\n\n\n<li>En tant qu'entreprise sp\u00e9cialis\u00e9e dans la fabrication de rouleaux de film pour l'emballage de puces, nous pouvons fournir une production directe en usine avec un processus raffin\u00e9 de fabrication et d'impression de sacs. Nous pouvons ainsi fournir une base stable pour les commandes de gros volumes.<\/li>\n<\/ul>\n<\/div>\n\n\n\n<div class=\"wp-block-column is-layout-flow wp-block-column-is-layout-flow\">\n<figure class=\"wp-block-image size-full\"><img decoding=\"async\" width=\"800\" height=\"800\" src=\"https:\/\/www.zkprintpack.com\/wp-content\/uploads\/2026\/01\/Custom-Chips-Packaging-Roll-Film.webp\" alt=\"Film en rouleau pour l&#039;emballage de puces sur mesure\" class=\"wp-image-2513\" srcset=\"https:\/\/www.zkprintpack.com\/wp-content\/uploads\/2026\/01\/Custom-Chips-Packaging-Roll-Film.webp 800w, https:\/\/www.zkprintpack.com\/wp-content\/uploads\/2026\/01\/Custom-Chips-Packaging-Roll-Film-150x150.webp 150w, https:\/\/www.zkprintpack.com\/wp-content\/uploads\/2026\/01\/Custom-Chips-Packaging-Roll-Film-768x768.webp 768w, https:\/\/www.zkprintpack.com\/wp-content\/uploads\/2026\/01\/Custom-Chips-Packaging-Roll-Film-12x12.webp 12w, https:\/\/www.zkprintpack.com\/wp-content\/uploads\/2026\/01\/Custom-Chips-Packaging-Roll-Film-600x600.webp 600w, https:\/\/www.zkprintpack.com\/wp-content\/uploads\/2026\/01\/Custom-Chips-Packaging-Roll-Film-300x300.webp 300w, https:\/\/www.zkprintpack.com\/wp-content\/uploads\/2026\/01\/Custom-Chips-Packaging-Roll-Film-100x100.webp 100w\" sizes=\"(max-width: 800px) 100vw, 800px\" \/><\/figure>\n<\/div>\n<\/div>\n\n\n\n<p><\/p>","protected":false},"excerpt":{"rendered":"<p>Rouleau de film d'emballage de chips sur mesure pour les snacks frits et souffl\u00e9s, con\u00e7u pour conserver le croustillant et la saveur, garantir la s\u00e9curit\u00e9 alimentaire, supporter une production automatis\u00e9e \u00e0 grande vitesse et offrir un attrait frappant en rayon. Possibilit\u00e9 d'achat en gros. Contactez nous d\u00e8s maintenant !\u00a0<\/p>\n<h2>Param\u00e8tres du film en rouleau pour l'emballage des puces sur mesure<\/h2>\n<ul>\n<li><strong>Mat\u00e9riau :<\/strong>\u00a0PET\/PE, PET\/NY\/PE, PET\/AL\/NY\/PE, etc.<\/li>\n<li><strong>Type de sac<\/strong>: <strong>Film d'emballage en rouleau<\/strong><\/li>\n<li><strong>Taille<\/strong>: Sur mesure<\/li>\n<li><strong>Commande personnalis\u00e9e<\/strong>: Acceptation des OEM et ODM<\/li>\n<li><strong>\u00c9chantillon gratuit<\/strong>: Support<\/li>\n<li><strong>Utilisation<\/strong>: Snack, nourriture, bonbons et autres<\/li>\n<li><strong>Couleur<\/strong>: Peut \u00eatre personnalis\u00e9<\/li>\n<li><strong>March\u00e9s cibles<\/strong>: Partout dans le monde<\/li>\n<\/ul>","protected":false},"featured_media":2513,"comment_status":"closed","ping_status":"closed","template":"","meta":{"_acf_changed":false},"market":[61],"product_brand":[],"product_cat":[57],"product_tag":[],"class_list":{"0":"post-2512","1":"product","2":"type-product","3":"status-publish","4":"has-post-thumbnail","6":"market-snack-packaging-supplier","7":"product_cat-rollstock-film-supplier","9":"first","10":"instock","11":"shipping-taxable","12":"product-type-simple"},"acf":[],"_links":{"self":[{"href":"https:\/\/www.zkprintpack.com\/fr\/wp-json\/wp\/v2\/product\/2512","targetHints":{"allow":["GET"]}}],"collection":[{"href":"https:\/\/www.zkprintpack.com\/fr\/wp-json\/wp\/v2\/product"}],"about":[{"href":"https:\/\/www.zkprintpack.com\/fr\/wp-json\/wp\/v2\/types\/product"}],"replies":[{"embeddable":true,"href":"https:\/\/www.zkprintpack.com\/fr\/wp-json\/wp\/v2\/comments?post=2512"}],"wp:featuredmedia":[{"embeddable":true,"href":"https:\/\/www.zkprintpack.com\/fr\/wp-json\/wp\/v2\/media\/2513"}],"wp:attachment":[{"href":"https:\/\/www.zkprintpack.com\/fr\/wp-json\/wp\/v2\/media?parent=2512"}],"wp:term":[{"taxonomy":"market","embeddable":true,"href":"https:\/\/www.zkprintpack.com\/fr\/wp-json\/wp\/v2\/market?post=2512"},{"taxonomy":"product_brand","embeddable":true,"href":"https:\/\/www.zkprintpack.com\/fr\/wp-json\/wp\/v2\/product_brand?post=2512"},{"taxonomy":"product_cat","embeddable":true,"href":"https:\/\/www.zkprintpack.com\/fr\/wp-json\/wp\/v2\/product_cat?post=2512"},{"taxonomy":"product_tag","embeddable":true,"href":"https:\/\/www.zkprintpack.com\/fr\/wp-json\/wp\/v2\/product_tag?post=2512"}],"curies":[{"name":"wp","href":"https:\/\/api.w.org\/{rel}","templated":true}]}}