{"id":2510,"date":"2026-01-15T01:55:23","date_gmt":"2026-01-15T01:55:23","guid":{"rendered":"https:\/\/www.zkprintpack.com\/?post_type=product&#038;p=2510"},"modified":"2026-01-15T01:55:28","modified_gmt":"2026-01-15T01:55:28","slug":"custom-biscuit-packaging-bags","status":"publish","type":"product","link":"https:\/\/www.zkprintpack.com\/fr\/product\/custom-biscuit-packaging-bags\/","title":{"rendered":"Sacs d'emballage pour biscuits fabriqu\u00e9s sur mesure, sachets pour snacks fournis par l'usine"},"content":{"rendered":"<div class=\"wp-block-columns is-layout-flex wp-container-core-columns-is-layout-9d6595d7 wp-block-columns-is-layout-flex\">\n<div class=\"wp-block-column is-layout-flow wp-block-column-is-layout-flow\">\n<h2 class=\"wp-block-heading\">Caract\u00e9ristiques des sacs d'emballage de biscuits sur mesure<\/h2>\n\n\n\n<ul class=\"wp-block-list\">\n<li><strong>Performance exceptionnelle de la barri\u00e8re<\/strong><br>La barri\u00e8re \u00e9lev\u00e9e \u00e0 l'humidit\u00e9 et \u00e0 l'oxyg\u00e8ne de notre sac d'emballage de biscuits sur mesure permet de garder les snacks frais et croquants tout en pr\u00e9servant les saveurs et les ar\u00f4mes d\u00e9licats.<\/li>\n\n\n\n<li><strong>Respect strict de la s\u00e9curit\u00e9 alimentaire<\/strong><br>Tous les mat\u00e9riaux, encres et adh\u00e9sifs de Zhongjia Printing sont conformes aux normes internationales en mati\u00e8re de contact alimentaire, avec une documentation compl\u00e8te sur la conformit\u00e9 et des tests de migration.<\/li>\n\n\n\n<li><strong>Compatibilit\u00e9 de la ligne de production<\/strong><br>Optimisation des dimensions des sacs d'emballage de biscuits personnalis\u00e9s, des ouvertures et de la r\u00e9sistance de la soudure \u00e0 chaud pour soutenir les op\u00e9rations de remplissage et d'emballage automatis\u00e9es \u00e0 grande vitesse.<\/li>\n\n\n\n<li><strong>Reconnaissance de la marque et confiance<\/strong><br>Nous vous aidons \u00e0 personnaliser l'emplacement du logo et \u00e0 cr\u00e9er un design coh\u00e9rent pour renforcer l'identit\u00e9 de la marque et communiquer une qualit\u00e9 sup\u00e9rieure.<\/li>\n\n\n\n<li>En tant que fabricant sp\u00e9cialis\u00e9 dans les sacs d'emballage pour snacks, nous pouvons fournir une production directe en usine avec un processus de fabrication et d'impression raffin\u00e9. Nous pouvons ainsi fournir une base stable pour les commandes de gros volumes.<\/li>\n<\/ul>\n<\/div>\n\n\n\n<div class=\"wp-block-column is-layout-flow wp-block-column-is-layout-flow\">\n<figure class=\"wp-block-image size-full\"><img decoding=\"async\" width=\"800\" height=\"800\" src=\"https:\/\/www.zkprintpack.com\/wp-content\/uploads\/2026\/01\/Custom-Biscuit-Packaging-Bags.webp\" alt=\"Sacs d&#039;emballage de biscuits sur mesure\" class=\"wp-image-2511\" srcset=\"https:\/\/www.zkprintpack.com\/wp-content\/uploads\/2026\/01\/Custom-Biscuit-Packaging-Bags.webp 800w, https:\/\/www.zkprintpack.com\/wp-content\/uploads\/2026\/01\/Custom-Biscuit-Packaging-Bags-150x150.webp 150w, https:\/\/www.zkprintpack.com\/wp-content\/uploads\/2026\/01\/Custom-Biscuit-Packaging-Bags-768x768.webp 768w, https:\/\/www.zkprintpack.com\/wp-content\/uploads\/2026\/01\/Custom-Biscuit-Packaging-Bags-12x12.webp 12w, https:\/\/www.zkprintpack.com\/wp-content\/uploads\/2026\/01\/Custom-Biscuit-Packaging-Bags-600x600.webp 600w, https:\/\/www.zkprintpack.com\/wp-content\/uploads\/2026\/01\/Custom-Biscuit-Packaging-Bags-300x300.webp 300w, https:\/\/www.zkprintpack.com\/wp-content\/uploads\/2026\/01\/Custom-Biscuit-Packaging-Bags-100x100.webp 100w\" sizes=\"(max-width: 800px) 100vw, 800px\" \/><\/figure>\n<\/div>\n<\/div>\n\n\n\n<p><\/p>","protected":false},"excerpt":{"rendered":"<p>Ce sac d'emballage personnalis\u00e9 pour biscuits est con\u00e7u pour pr\u00e9server le croustillant, conserver la saveur, assurer la s\u00e9curit\u00e9 alimentaire et offrir une excellente tenue en rayon. Nous acceptons les commandes en gros. Contactez nous d\u00e8s maintenant !<\/p>\n<h2>Param\u00e8tres des sacs d'emballage de biscuits sur mesure<\/h2>\n<ul>\n<li><strong>Mat\u00e9riau :<\/strong>\u00a0PET\/PE, PET\/NY\/PE, PET\/AL\/NY\/PE, etc.<\/li>\n<li><strong>Type de sac<\/strong>: <strong>Pochette \u00e0 sceller sur trois c\u00f4t\u00e9s<\/strong><\/li>\n<li><strong>Taille<\/strong>: Sur mesure<\/li>\n<li><strong>Commande personnalis\u00e9e<\/strong>: Acceptation des OEM et ODM<\/li>\n<li><strong>\u00c9chantillon gratuit<\/strong>: Support<\/li>\n<li><strong>Utilisation<\/strong>: Snack, nourriture, bonbons et autres<\/li>\n<li><strong>Couleur<\/strong>: Peut \u00eatre personnalis\u00e9<\/li>\n<li><strong>March\u00e9s cibles<\/strong>: Partout dans le monde<\/li>\n<\/ul>","protected":false},"featured_media":2511,"comment_status":"closed","ping_status":"closed","template":"","meta":{"_acf_changed":false},"market":[61],"product_brand":[],"product_cat":[53,67],"product_tag":[],"class_list":{"0":"post-2510","1":"product","2":"type-product","3":"status-publish","4":"has-post-thumbnail","6":"market-snack-packaging-supplier","7":"product_cat-three-side-seal-pouch-wholesale","8":"product_cat-custom-flat-pouch","10":"first","11":"instock","12":"shipping-taxable","13":"product-type-simple"},"acf":[],"_links":{"self":[{"href":"https:\/\/www.zkprintpack.com\/fr\/wp-json\/wp\/v2\/product\/2510","targetHints":{"allow":["GET"]}}],"collection":[{"href":"https:\/\/www.zkprintpack.com\/fr\/wp-json\/wp\/v2\/product"}],"about":[{"href":"https:\/\/www.zkprintpack.com\/fr\/wp-json\/wp\/v2\/types\/product"}],"replies":[{"embeddable":true,"href":"https:\/\/www.zkprintpack.com\/fr\/wp-json\/wp\/v2\/comments?post=2510"}],"wp:featuredmedia":[{"embeddable":true,"href":"https:\/\/www.zkprintpack.com\/fr\/wp-json\/wp\/v2\/media\/2511"}],"wp:attachment":[{"href":"https:\/\/www.zkprintpack.com\/fr\/wp-json\/wp\/v2\/media?parent=2510"}],"wp:term":[{"taxonomy":"market","embeddable":true,"href":"https:\/\/www.zkprintpack.com\/fr\/wp-json\/wp\/v2\/market?post=2510"},{"taxonomy":"product_brand","embeddable":true,"href":"https:\/\/www.zkprintpack.com\/fr\/wp-json\/wp\/v2\/product_brand?post=2510"},{"taxonomy":"product_cat","embeddable":true,"href":"https:\/\/www.zkprintpack.com\/fr\/wp-json\/wp\/v2\/product_cat?post=2510"},{"taxonomy":"product_tag","embeddable":true,"href":"https:\/\/www.zkprintpack.com\/fr\/wp-json\/wp\/v2\/product_tag?post=2510"}],"curies":[{"name":"wp","href":"https:\/\/api.w.org\/{rel}","templated":true}]}}