{"id":2508,"date":"2026-01-15T01:36:37","date_gmt":"2026-01-15T01:36:37","guid":{"rendered":"https:\/\/www.zkprintpack.com\/?post_type=product&#038;p=2508"},"modified":"2026-01-15T01:36:40","modified_gmt":"2026-01-15T01:36:40","slug":"custom-biscuit-pouch-factory","status":"publish","type":"product","link":"https:\/\/www.zkprintpack.com\/fr\/product\/custom-biscuit-pouch-factory\/","title":{"rendered":"Pochette \u00e0 biscuits personnalis\u00e9e \u00e0 haute barri\u00e8re, emballage alimentaire plat en vrac pour biscuits croustillants"},"content":{"rendered":"<div class=\"wp-block-columns is-layout-flex wp-container-core-columns-is-layout-9d6595d7 wp-block-columns-is-layout-flex\">\n<div class=\"wp-block-column is-layout-flow wp-block-column-is-layout-flow\">\n<h2 class=\"wp-block-heading\">Caract\u00e9ristiques de la pochette \u00e0 biscuits personnalis\u00e9e<\/h2>\n\n\n\n<ul class=\"wp-block-list\">\n<li><strong>Barri\u00e8re \u00e9lev\u00e9e \u00e0 l'humidit\u00e9 et \u00e0 l'oxyg\u00e8ne<\/strong><br>Les structures lamin\u00e9es \u00e0 haute barri\u00e8re de nos sachets de biscuits personnalis\u00e9s peuvent bloquer efficacement l'humidit\u00e9, l'oxyg\u00e8ne et la lumi\u00e8re afin de pr\u00e9server le croustillant, la saveur et l'ar\u00f4me du produit tout au long de sa dur\u00e9e de conservation.<\/li>\n\n\n\n<li><strong>Qualit\u00e9 d'impression sup\u00e9rieure<br><\/strong>Ce sachet de biscuits personnalis\u00e9 est dot\u00e9 d'une impression haute d\u00e9finition qui permet d'obtenir des graphiques nets et une reproduction pr\u00e9cise des couleurs, id\u00e9ale pour les conceptions audacieuses et les emballages de vente au d\u00e9tail de marque.<\/li>\n\n\n\n<li><strong>Forte \u00e9tanch\u00e9it\u00e9 et durabilit\u00e9 m\u00e9canique<\/strong><br>Des joints renforc\u00e9s et des mat\u00e9riaux r\u00e9sistants \u00e0 la perforation permettent d'\u00e9viter les fuites, les ruptures et les dommages pendant le transport et le stockage.<\/li>\n\n\n\n<li><strong>Conformit\u00e9 aux normes de s\u00e9curit\u00e9 alimentaire<\/strong><br>Tous les mat\u00e9riaux, encres et adh\u00e9sifs sont conformes \u00e0 la r\u00e9glementation relative au contact alimentaire et conviennent au contact direct avec les en-cas \u00e0 base de fruits de mer.<\/li>\n\n\n\n<li>En tant qu'entreprise sp\u00e9cialis\u00e9e dans la fabrication de sacs d'emballage pour snacks, nous pouvons fournir une production directe en usine avec un processus de fabrication et d'impression raffin\u00e9. Nous pouvons ainsi fournir une base stable pour les commandes de gros volumes.<\/li>\n<\/ul>\n<\/div>\n\n\n\n<div class=\"wp-block-column is-layout-flow wp-block-column-is-layout-flow\">\n<figure class=\"wp-block-image size-full\"><img decoding=\"async\" width=\"800\" height=\"800\" src=\"https:\/\/www.zkprintpack.com\/wp-content\/uploads\/2026\/01\/Custom-Biscuit-Pouch.webp\" alt=\"Pochette \u00e0 biscuits personnalis\u00e9e\" class=\"wp-image-2509\" srcset=\"https:\/\/www.zkprintpack.com\/wp-content\/uploads\/2026\/01\/Custom-Biscuit-Pouch.webp 800w, https:\/\/www.zkprintpack.com\/wp-content\/uploads\/2026\/01\/Custom-Biscuit-Pouch-150x150.webp 150w, https:\/\/www.zkprintpack.com\/wp-content\/uploads\/2026\/01\/Custom-Biscuit-Pouch-768x768.webp 768w, https:\/\/www.zkprintpack.com\/wp-content\/uploads\/2026\/01\/Custom-Biscuit-Pouch-12x12.webp 12w, https:\/\/www.zkprintpack.com\/wp-content\/uploads\/2026\/01\/Custom-Biscuit-Pouch-600x600.webp 600w, https:\/\/www.zkprintpack.com\/wp-content\/uploads\/2026\/01\/Custom-Biscuit-Pouch-300x300.webp 300w, https:\/\/www.zkprintpack.com\/wp-content\/uploads\/2026\/01\/Custom-Biscuit-Pouch-100x100.webp 100w\" sizes=\"(max-width: 800px) 100vw, 800px\" \/><\/figure>\n<\/div>\n<\/div>\n\n\n\n<p><\/p>","protected":false},"excerpt":{"rendered":"<p>Ce sachet de biscuits sur mesure est con\u00e7u pour les snacks de fruits de mer non frits, cuits au four, avec des exigences \u00e9lev\u00e9es en mati\u00e8re de croustillance. Il garantit un croustillant durable, une protection des ar\u00f4mes et une bonne pr\u00e9sentation en rayon, tout en respectant des normes strictes de s\u00e9curit\u00e9 alimentaire et de conformit\u00e9. Nous acceptons les commandes en gros. Contactez-nous d\u00e8s maintenant !<\/p>\n<h2>Param\u00e8tres de la pochette \u00e0 biscuits sur mesure<\/h2>\n<ul>\n<li><strong>Mat\u00e9riau :<\/strong>\u00a0PET\/PE, PET\/NY\/PE, PET\/AL\/NY\/PE, etc.<\/li>\n<li><strong>Type de sac<\/strong>: <strong>Pochette \u00e0 sceller sur trois c\u00f4t\u00e9s<\/strong><\/li>\n<li><strong>Taille<\/strong>: Sur mesure<\/li>\n<li><strong>Commande personnalis\u00e9e<\/strong>: Acceptation des OEM et ODM<\/li>\n<li><strong>\u00c9chantillon gratuit<\/strong>: Support<\/li>\n<li><strong>Utilisation<\/strong>: Snack, nourriture, bonbons et autres<\/li>\n<li><strong>Couleur<\/strong>: Peut \u00eatre personnalis\u00e9<\/li>\n<li><strong>March\u00e9s cibles<\/strong>: Partout dans le monde<\/li>\n<\/ul>","protected":false},"featured_media":2509,"comment_status":"closed","ping_status":"closed","template":"","meta":{"_acf_changed":false},"market":[61],"product_brand":[],"product_cat":[53,67],"product_tag":[],"class_list":{"0":"post-2508","1":"product","2":"type-product","3":"status-publish","4":"has-post-thumbnail","6":"market-snack-packaging-supplier","7":"product_cat-three-side-seal-pouch-wholesale","8":"product_cat-custom-flat-pouch","10":"first","11":"instock","12":"shipping-taxable","13":"product-type-simple"},"acf":[],"_links":{"self":[{"href":"https:\/\/www.zkprintpack.com\/fr\/wp-json\/wp\/v2\/product\/2508","targetHints":{"allow":["GET"]}}],"collection":[{"href":"https:\/\/www.zkprintpack.com\/fr\/wp-json\/wp\/v2\/product"}],"about":[{"href":"https:\/\/www.zkprintpack.com\/fr\/wp-json\/wp\/v2\/types\/product"}],"replies":[{"embeddable":true,"href":"https:\/\/www.zkprintpack.com\/fr\/wp-json\/wp\/v2\/comments?post=2508"}],"wp:featuredmedia":[{"embeddable":true,"href":"https:\/\/www.zkprintpack.com\/fr\/wp-json\/wp\/v2\/media\/2509"}],"wp:attachment":[{"href":"https:\/\/www.zkprintpack.com\/fr\/wp-json\/wp\/v2\/media?parent=2508"}],"wp:term":[{"taxonomy":"market","embeddable":true,"href":"https:\/\/www.zkprintpack.com\/fr\/wp-json\/wp\/v2\/market?post=2508"},{"taxonomy":"product_brand","embeddable":true,"href":"https:\/\/www.zkprintpack.com\/fr\/wp-json\/wp\/v2\/product_brand?post=2508"},{"taxonomy":"product_cat","embeddable":true,"href":"https:\/\/www.zkprintpack.com\/fr\/wp-json\/wp\/v2\/product_cat?post=2508"},{"taxonomy":"product_tag","embeddable":true,"href":"https:\/\/www.zkprintpack.com\/fr\/wp-json\/wp\/v2\/product_tag?post=2508"}],"curies":[{"name":"wp","href":"https:\/\/api.w.org\/{rel}","templated":true}]}}