{"id":2462,"date":"2026-01-04T07:01:18","date_gmt":"2026-01-04T07:01:18","guid":{"rendered":"https:\/\/www.zkprintpack.com\/?post_type=product&#038;p=2462"},"modified":"2026-01-04T07:07:39","modified_gmt":"2026-01-04T07:07:39","slug":"bulk-noodles-packaging-roll-supply","status":"publish","type":"product","link":"https:\/\/www.zkprintpack.com\/fr\/product\/bulk-noodles-packaging-roll-supply\/","title":{"rendered":"Fournisseur de film en rouleau pour l'emballage des nouilles, fabricant de rouleaux en vrac"},"content":{"rendered":"<div class=\"wp-block-columns is-layout-flex wp-container-core-columns-is-layout-9d6595d7 wp-block-columns-is-layout-flex\">\n<div class=\"wp-block-column is-layout-flow wp-block-column-is-layout-flow\">\n<h2 class=\"wp-block-heading\">Emballage des nouilles sur mesure Caract\u00e9ristiques du film en rouleau<\/h2>\n\n\n\n<ul class=\"wp-block-list\">\n<li><strong>Performance des mat\u00e9riaux :<\/strong> Film composite en rouleau de qualit\u00e9 alimentaire, poss\u00e9dant une excellente r\u00e9sistance \u00e0 l'humidit\u00e9, \u00e0 l'oxydation et \u00e0 l'usure, garantissant la fra\u00eecheur du contenu et la s\u00e9curit\u00e9 du transport.<\/li>\n\n\n\n<li><strong>Am\u00e9lioration de l'efficacit\u00e9 de la production : <\/strong>Le film en rouleau pour l'emballage des nouilles s'int\u00e8gre parfaitement aux \u00e9quipements d'emballage automatis\u00e9s, ce qui r\u00e9duit les interventions manuelles, acc\u00e9l\u00e8re la production de masse et r\u00e9pond aux besoins de production \u00e0 haute fr\u00e9quence des biens de consommation \u00e0 rotation rapide.<\/li>\n\n\n\n<li><strong>Attirer l'attention sur le march\u00e9 : <\/strong>Des couleurs tr\u00e8s reconnaissables et des visuels app\u00e9tissants captent pr\u00e9cis\u00e9ment l'attention des consommateurs ; l'exposition intensive \u00e0 la marque contribue \u00e0 la faire conna\u00eetre.<\/li>\n\n\n\n<li><strong>Support de personnalisation OEM\/ODM<\/strong>: Taille du sac personnalisable, position\/forme de la fen\u00eatre, conception de la structure du mat\u00e9riau, solutions d'impression pour l'emballage en gros de nouilles personnalis\u00e9es en rouleaux.<\/li>\n\n\n\n<li>En tant qu'entreprise sp\u00e9cialis\u00e9e dans la fabrication de sacs d'emballage de nouilles, nous pouvons fournir une production directe en usine avec un processus raffin\u00e9 de fabrication et d'impression de sacs. Nous pouvons ainsi fournir une base stable pour les commandes de gros volumes.<\/li>\n<\/ul>\n<\/div>\n\n\n\n<div class=\"wp-block-column is-layout-flow wp-block-column-is-layout-flow\">\n<figure class=\"wp-block-image size-full\"><img decoding=\"async\" width=\"800\" height=\"800\" src=\"https:\/\/www.zkprintpack.com\/wp-content\/uploads\/2026\/01\/bulk-custom-noodles-packaging-roll-supply.webp\" alt=\"nouilles en vrac sur mesure emballage rouleau fourniture\" class=\"wp-image-2463\" srcset=\"https:\/\/www.zkprintpack.com\/wp-content\/uploads\/2026\/01\/bulk-custom-noodles-packaging-roll-supply.webp 800w, https:\/\/www.zkprintpack.com\/wp-content\/uploads\/2026\/01\/bulk-custom-noodles-packaging-roll-supply-150x150.webp 150w, https:\/\/www.zkprintpack.com\/wp-content\/uploads\/2026\/01\/bulk-custom-noodles-packaging-roll-supply-768x768.webp 768w, https:\/\/www.zkprintpack.com\/wp-content\/uploads\/2026\/01\/bulk-custom-noodles-packaging-roll-supply-12x12.webp 12w, https:\/\/www.zkprintpack.com\/wp-content\/uploads\/2026\/01\/bulk-custom-noodles-packaging-roll-supply-600x600.webp 600w, https:\/\/www.zkprintpack.com\/wp-content\/uploads\/2026\/01\/bulk-custom-noodles-packaging-roll-supply-300x300.webp 300w, https:\/\/www.zkprintpack.com\/wp-content\/uploads\/2026\/01\/bulk-custom-noodles-packaging-roll-supply-100x100.webp 100w\" sizes=\"(max-width: 800px) 100vw, 800px\" \/><\/figure>\n<\/div>\n<\/div>\n\n\n\n<p><\/p>","protected":false},"excerpt":{"rendered":"<p>Nous proposons des rouleaux d'emballage de nouilles en vrac pour les clients du monde entier. Nos rouleaux d'emballage de nouilles sont dot\u00e9s de mat\u00e9riaux \u00e0 haute barri\u00e8re, de couleurs vives, d'une impression \u00e0 l'encre \u00e0 base d'eau et d'options OEM pour les marques de nouilles, les torr\u00e9facteurs et les acheteurs en vrac.<\/p>\n<h2>Param\u00e8tres du rouleau d'emballage de nouilles sur mesure<\/h2>\n<ul>\n<li><strong>Mat\u00e9riau :<\/strong>\u00a0PET\/PE, PET\/NY\/PE, PET\/AL\/NY\/PE, etc.<\/li>\n<li><strong>Type de sac<\/strong>: <a href=\"https:\/\/www.zkprintpack.com\/fr\/custom-rollstock-film\/\"><strong>Rollstock<\/strong><\/a><\/li>\n<li><strong>Taille<\/strong>: Sur mesure<\/li>\n<li><strong>Commande personnalis\u00e9e<\/strong>: Acceptation des OEM et ODM<\/li>\n<li><strong>\u00c9chantillon gratuit<\/strong>: Support<\/li>\n<li><strong>Utilisation<\/strong>: Snack, nourriture, bonbons, fruits secs, nouilles et autres<\/li>\n<li><strong>Couleur<\/strong>: Peut \u00eatre personnalis\u00e9<\/li>\n<li><strong>March\u00e9s cibles<\/strong>: Partout dans le monde<\/li>\n<\/ul>","protected":false},"featured_media":2463,"comment_status":"closed","ping_status":"closed","template":"","meta":{"_acf_changed":false},"market":[61],"product_brand":[],"product_cat":[57],"product_tag":[],"class_list":{"0":"post-2462","1":"product","2":"type-product","3":"status-publish","4":"has-post-thumbnail","6":"market-snack-packaging-supplier","7":"product_cat-rollstock-film-supplier","9":"first","10":"instock","11":"shipping-taxable","12":"product-type-simple"},"acf":[],"_links":{"self":[{"href":"https:\/\/www.zkprintpack.com\/fr\/wp-json\/wp\/v2\/product\/2462","targetHints":{"allow":["GET"]}}],"collection":[{"href":"https:\/\/www.zkprintpack.com\/fr\/wp-json\/wp\/v2\/product"}],"about":[{"href":"https:\/\/www.zkprintpack.com\/fr\/wp-json\/wp\/v2\/types\/product"}],"replies":[{"embeddable":true,"href":"https:\/\/www.zkprintpack.com\/fr\/wp-json\/wp\/v2\/comments?post=2462"}],"wp:featuredmedia":[{"embeddable":true,"href":"https:\/\/www.zkprintpack.com\/fr\/wp-json\/wp\/v2\/media\/2463"}],"wp:attachment":[{"href":"https:\/\/www.zkprintpack.com\/fr\/wp-json\/wp\/v2\/media?parent=2462"}],"wp:term":[{"taxonomy":"market","embeddable":true,"href":"https:\/\/www.zkprintpack.com\/fr\/wp-json\/wp\/v2\/market?post=2462"},{"taxonomy":"product_brand","embeddable":true,"href":"https:\/\/www.zkprintpack.com\/fr\/wp-json\/wp\/v2\/product_brand?post=2462"},{"taxonomy":"product_cat","embeddable":true,"href":"https:\/\/www.zkprintpack.com\/fr\/wp-json\/wp\/v2\/product_cat?post=2462"},{"taxonomy":"product_tag","embeddable":true,"href":"https:\/\/www.zkprintpack.com\/fr\/wp-json\/wp\/v2\/product_tag?post=2462"}],"curies":[{"name":"wp","href":"https:\/\/api.w.org\/{rel}","templated":true}]}}