{"id":2460,"date":"2026-01-14T03:57:24","date_gmt":"2026-01-14T03:57:24","guid":{"rendered":"https:\/\/www.zkprintpack.com\/?post_type=product&#038;p=2460"},"modified":"2026-01-14T03:57:28","modified_gmt":"2026-01-14T03:57:28","slug":"custom-dried-fruit-rollstock-supply","status":"publish","type":"product","link":"https:\/\/www.zkprintpack.com\/fr\/product\/custom-dried-fruit-rollstock-supply\/","title":{"rendered":"Film en rouleau pour fruits s\u00e9ch\u00e9s en Chine Grossiste, Vente directe par l'usine"},"content":{"rendered":"<div class=\"wp-block-columns is-layout-flex wp-container-core-columns-is-layout-9d6595d7 wp-block-columns-is-layout-flex\">\n<div class=\"wp-block-column is-layout-flow wp-block-column-is-layout-flow\">\n<h2 class=\"wp-block-heading\">Caract\u00e9ristiques du film en rouleau pour fruits s\u00e9ch\u00e9s sur mesure<\/h2>\n\n\n\n<ul class=\"wp-block-list\">\n<li><strong>D\u00e9licatesse de la serrure :<\/strong> Fabriqu\u00e9 \u00e0 partir d'un film composite de qualit\u00e9 alimentaire, ce film pour fruits secs est r\u00e9sistant \u00e0 l'humidit\u00e9 et \u00e0 l'oxydation, ce qui prolonge efficacement sa dur\u00e9e de conservation. Il isole \u00e9galement les odeurs ext\u00e9rieures, conserve la douceur naturelle de la banane et garantit que chaque bouch\u00e9e est aussi fra\u00eeche que jamais.<\/li>\n\n\n\n<li><strong>R\u00e9duction des co\u00fbts :<\/strong> Le film en rouleau utilise une conception de rouleau int\u00e9gr\u00e9e, ce qui \u00e9limine les d\u00e9chets lors de la d\u00e9coupe et permet d'atteindre un taux d'utilisation des mat\u00e9riaux allant jusqu'\u00e0 98%.<\/li>\n\n\n\n<li><strong>Attrayant et intuitif : <\/strong>La couleur principale, un orange vif et chaud, associ\u00e9e \u00e0 des images de produits en haute d\u00e9finition, attire instantan\u00e9ment l'attention des consommateurs dans les rayons. La hi\u00e9rarchie claire des informations permet aux consommateurs de saisir la valeur fondamentale d'un seul coup d'\u0153il.<\/li>\n\n\n\n<li><strong>Support de personnalisation OEM\/ODM<\/strong>: Taille du sac personnalisable, position\/forme de la fen\u00eatre, conception de la structure du mat\u00e9riau, solutions d'impression pour l'emballage en gros de fruits secs personnalis\u00e9s.<\/li>\n\n\n\n<li>En tant qu'entreprise sp\u00e9cialis\u00e9e dans la fabrication de sacs d'emballage pour fruits secs, nous pouvons fournir une production directe \u00e0 l'usine avec un processus raffin\u00e9 de fabrication et d'impression des sacs. Nous pouvons ainsi fournir une base stable pour les commandes de gros volumes.<\/li>\n<\/ul>\n<\/div>\n\n\n\n<div class=\"wp-block-column is-layout-flow wp-block-column-is-layout-flow\">\n<figure class=\"wp-block-image size-full\"><img decoding=\"async\" width=\"800\" height=\"800\" src=\"https:\/\/www.zkprintpack.com\/wp-content\/uploads\/2026\/01\/Custom-Dried-Fruit-rollstock-film-wholesale-.webp\" alt=\"Film en rouleau pour fruits s\u00e9ch\u00e9s sur mesure grossiste\" class=\"wp-image-2461\" srcset=\"https:\/\/www.zkprintpack.com\/wp-content\/uploads\/2026\/01\/Custom-Dried-Fruit-rollstock-film-wholesale-.webp 800w, https:\/\/www.zkprintpack.com\/wp-content\/uploads\/2026\/01\/Custom-Dried-Fruit-rollstock-film-wholesale--150x150.webp 150w, https:\/\/www.zkprintpack.com\/wp-content\/uploads\/2026\/01\/Custom-Dried-Fruit-rollstock-film-wholesale--768x768.webp 768w, https:\/\/www.zkprintpack.com\/wp-content\/uploads\/2026\/01\/Custom-Dried-Fruit-rollstock-film-wholesale--12x12.webp 12w, https:\/\/www.zkprintpack.com\/wp-content\/uploads\/2026\/01\/Custom-Dried-Fruit-rollstock-film-wholesale--600x600.webp 600w, https:\/\/www.zkprintpack.com\/wp-content\/uploads\/2026\/01\/Custom-Dried-Fruit-rollstock-film-wholesale--300x300.webp 300w, https:\/\/www.zkprintpack.com\/wp-content\/uploads\/2026\/01\/Custom-Dried-Fruit-rollstock-film-wholesale--100x100.webp 100w\" sizes=\"(max-width: 800px) 100vw, 800px\" \/><\/figure>\n<\/div>\n<\/div>\n\n\n\n<p><\/p>","protected":false},"excerpt":{"rendered":"<p>Le fabricant de films en rouleaux pour fruits secs fournit des rouleaux d'emballage \u00e0 un prix d'usine. Nos rouleaux d'emballage pour fruits secs se caract\u00e9risent par des mat\u00e9riaux \u00e0 haute barri\u00e8re, des couleurs vives, une impression \u00e0 l'encre \u00e0 base d'eau et des options OEM pour les marques de fruits secs, les torr\u00e9facteurs et les acheteurs en gros.<\/p>\n<h2>Param\u00e8tres du film en rouleau pour fruits s\u00e9ch\u00e9s sur mesure<\/h2>\n<ul>\n<li><strong>Mat\u00e9riau :<\/strong>\u00a0PET\/PE, PET\/NY\/PE, PET\/AL\/NY\/PE, etc.<\/li>\n<li><strong>Type de sac<\/strong>: <a href=\"https:\/\/www.zkprintpack.com\/fr\/custom-rollstock-film\/\"><strong>Rollstock<\/strong><\/a><\/li>\n<li><strong>Taille<\/strong>: Sur mesure<\/li>\n<li><strong>Commande personnalis\u00e9e<\/strong>: Acceptation des OEM et ODM<\/li>\n<li><strong>\u00c9chantillon gratuit<\/strong>: Support<\/li>\n<li><strong>Utilisation<\/strong>: Snack, nourriture, bonbons, fruits secs et autres<\/li>\n<li><strong>Couleur<\/strong>: Peut \u00eatre personnalis\u00e9<\/li>\n<li><strong>March\u00e9s cibles<\/strong>: Partout dans le monde<\/li>\n<\/ul>","protected":false},"featured_media":2461,"comment_status":"closed","ping_status":"closed","template":"","meta":{"_acf_changed":false},"market":[61],"product_brand":[],"product_cat":[57],"product_tag":[],"class_list":{"0":"post-2460","1":"product","2":"type-product","3":"status-publish","4":"has-post-thumbnail","6":"market-snack-packaging-supplier","7":"product_cat-rollstock-film-supplier","9":"first","10":"instock","11":"shipping-taxable","12":"product-type-simple"},"acf":[],"_links":{"self":[{"href":"https:\/\/www.zkprintpack.com\/fr\/wp-json\/wp\/v2\/product\/2460","targetHints":{"allow":["GET"]}}],"collection":[{"href":"https:\/\/www.zkprintpack.com\/fr\/wp-json\/wp\/v2\/product"}],"about":[{"href":"https:\/\/www.zkprintpack.com\/fr\/wp-json\/wp\/v2\/types\/product"}],"replies":[{"embeddable":true,"href":"https:\/\/www.zkprintpack.com\/fr\/wp-json\/wp\/v2\/comments?post=2460"}],"wp:featuredmedia":[{"embeddable":true,"href":"https:\/\/www.zkprintpack.com\/fr\/wp-json\/wp\/v2\/media\/2461"}],"wp:attachment":[{"href":"https:\/\/www.zkprintpack.com\/fr\/wp-json\/wp\/v2\/media?parent=2460"}],"wp:term":[{"taxonomy":"market","embeddable":true,"href":"https:\/\/www.zkprintpack.com\/fr\/wp-json\/wp\/v2\/market?post=2460"},{"taxonomy":"product_brand","embeddable":true,"href":"https:\/\/www.zkprintpack.com\/fr\/wp-json\/wp\/v2\/product_brand?post=2460"},{"taxonomy":"product_cat","embeddable":true,"href":"https:\/\/www.zkprintpack.com\/fr\/wp-json\/wp\/v2\/product_cat?post=2460"},{"taxonomy":"product_tag","embeddable":true,"href":"https:\/\/www.zkprintpack.com\/fr\/wp-json\/wp\/v2\/product_tag?post=2460"}],"curies":[{"name":"wp","href":"https:\/\/api.w.org\/{rel}","templated":true}]}}