{"id":2458,"date":"2026-01-14T04:00:05","date_gmt":"2026-01-14T04:00:05","guid":{"rendered":"https:\/\/www.zkprintpack.com\/?post_type=product&#038;p=2458"},"modified":"2026-01-15T02:10:14","modified_gmt":"2026-01-15T02:10:14","slug":"custom-nut-rollstock-film-wholesaler","status":"publish","type":"product","link":"https:\/\/www.zkprintpack.com\/fr\/product\/custom-nut-rollstock-film-wholesaler\/","title":{"rendered":"Film en rouleau pour \u00e9crous en Chine Grossiste, Vente directe par l'usine"},"content":{"rendered":"<div class=\"wp-block-columns is-layout-flex wp-container-core-columns-is-layout-9d6595d7 wp-block-columns-is-layout-flex\">\n<div class=\"wp-block-column is-layout-flow wp-block-column-is-layout-flow\">\n<h2 class=\"wp-block-heading\">Caract\u00e9ristiques du film de la bobine d'\u00e9crou sur mesure<\/h2>\n\n\n\n<ul class=\"wp-block-list\">\n<li><strong>Conservation scell\u00e9e, verrouillage de la fra\u00eecheur :<\/strong> Ce film pour noix est fabriqu\u00e9 \u00e0 partir de mat\u00e9riaux composites multicouches, poss\u00e9dant d'excellentes propri\u00e9t\u00e9s de barri\u00e8re \u00e0 l'oxyg\u00e8ne, de barri\u00e8re \u00e0 l'eau et de blocage de la lumi\u00e8re. Ils isolent efficacement l'air ext\u00e9rieur, l'humidit\u00e9 et les micro-organismes, prolongeant ainsi la dur\u00e9e de conservation du produit (par exemple, la dur\u00e9e de conservation des noix peut \u00eatre multipli\u00e9e par 2 ou 3).<\/li>\n\n\n\n<li><strong>R\u00e9duction des co\u00fbts :<\/strong> Le film en rouleau utilise une conception de rouleau int\u00e9gr\u00e9e, ce qui \u00e9limine les d\u00e9chets lors de la d\u00e9coupe et permet d'atteindre un taux d'utilisation des mat\u00e9riaux allant jusqu'\u00e0 98%.<\/li>\n\n\n\n<li><strong>Les films en rouleau permettent une personnalisation : <\/strong>De l'impression aux mat\u00e9riaux, ils peuvent \u00eatre ajust\u00e9s avec pr\u00e9cision en fonction des caract\u00e9ristiques de l'industrie. Cela renforce la reconnaissance de la marque tout en r\u00e9pondant aux besoins fonctionnels de sc\u00e9narios sp\u00e9cifiques, ce qui permet aux produits de rompre avec la tendance de l\u201c\u201demballage homog\u00e9n\u00e9is\u00e9\".<\/li>\n\n\n\n<li><strong>Support de personnalisation OEM\/ODM<\/strong>: Taille du sac personnalisable, position\/forme de la fen\u00eatre, conception de la structure du mat\u00e9riau, solutions d'impression pour l'emballage en gros de noix personnalis\u00e9es.<\/li>\n\n\n\n<li>En tant qu'entreprise sp\u00e9cialis\u00e9e dans la fabrication de sacs d'emballage pour fruits \u00e0 coque, nous pouvons assurer une production directe en usine gr\u00e2ce \u00e0 un processus de fabrication et d'impression raffin\u00e9. Nous pouvons ainsi fournir une base stable pour les commandes de gros volumes.<\/li>\n<\/ul>\n<\/div>\n\n\n\n<div class=\"wp-block-column is-layout-flow wp-block-column-is-layout-flow\">\n<figure class=\"wp-block-image size-full\"><img decoding=\"async\" width=\"800\" height=\"800\" src=\"https:\/\/www.zkprintpack.com\/wp-content\/uploads\/2026\/01\/custom-China-nut-rollstock-film.webp\" alt=\"Film sur mesure pour rouleaux d&#039;\u00e9crous en Chine\" class=\"wp-image-2459\" srcset=\"https:\/\/www.zkprintpack.com\/wp-content\/uploads\/2026\/01\/custom-China-nut-rollstock-film.webp 800w, https:\/\/www.zkprintpack.com\/wp-content\/uploads\/2026\/01\/custom-China-nut-rollstock-film-150x150.webp 150w, https:\/\/www.zkprintpack.com\/wp-content\/uploads\/2026\/01\/custom-China-nut-rollstock-film-768x768.webp 768w, https:\/\/www.zkprintpack.com\/wp-content\/uploads\/2026\/01\/custom-China-nut-rollstock-film-12x12.webp 12w, https:\/\/www.zkprintpack.com\/wp-content\/uploads\/2026\/01\/custom-China-nut-rollstock-film-600x600.webp 600w, https:\/\/www.zkprintpack.com\/wp-content\/uploads\/2026\/01\/custom-China-nut-rollstock-film-300x300.webp 300w, https:\/\/www.zkprintpack.com\/wp-content\/uploads\/2026\/01\/custom-China-nut-rollstock-film-100x100.webp 100w\" sizes=\"(max-width: 800px) 100vw, 800px\" \/><\/figure>\n<\/div>\n<\/div>\n\n\n\n<p><\/p>","protected":false},"excerpt":{"rendered":"<p>Le fabricant de films en rouleaux pour noix fournit des rouleaux d'emballage \u00e0 un prix d'usine. Nos rouleaux d'emballage de bonbons sont dot\u00e9s de mat\u00e9riaux \u00e0 haute barri\u00e8re, de fen\u00eatres transparentes, d'une impression \u00e0 l'encre \u00e0 base d'eau et d'options OEM pour les marques de noix, les torr\u00e9facteurs et les acheteurs en vrac.<\/p>\n<h2>Param\u00e8tres du film en rouleau pour \u00e9crous sur mesure<\/h2>\n<ul>\n<li><strong>Mat\u00e9riau :<\/strong>\u00a0PET\/PE, PET\/NY\/PE, PET\/AL\/NY\/PE, etc.<\/li>\n<li><strong>Type de sac<\/strong>: <strong>Rollstock<\/strong><\/li>\n<li><strong>Taille<\/strong>: Sur mesure<\/li>\n<li><strong>Commande personnalis\u00e9e<\/strong>: Acceptation des OEM et ODM<\/li>\n<li><strong>\u00c9chantillon gratuit<\/strong>: Support<\/li>\n<li><strong>Utilisation<\/strong>: Snack, nourriture, bonbons et autres<\/li>\n<li><strong>Couleur<\/strong>: Peut \u00eatre personnalis\u00e9<\/li>\n<li><strong>March\u00e9s cibles<\/strong>: Partout dans le monde<\/li>\n<\/ul>","protected":false},"featured_media":2459,"comment_status":"closed","ping_status":"closed","template":"","meta":{"_acf_changed":false},"market":[63],"product_brand":[],"product_cat":[57],"product_tag":[],"class_list":{"0":"post-2458","1":"product","2":"type-product","3":"status-publish","4":"has-post-thumbnail","6":"market-nuts-packaging-supplier","7":"product_cat-rollstock-film-supplier","9":"first","10":"instock","11":"shipping-taxable","12":"product-type-simple"},"acf":[],"_links":{"self":[{"href":"https:\/\/www.zkprintpack.com\/fr\/wp-json\/wp\/v2\/product\/2458","targetHints":{"allow":["GET"]}}],"collection":[{"href":"https:\/\/www.zkprintpack.com\/fr\/wp-json\/wp\/v2\/product"}],"about":[{"href":"https:\/\/www.zkprintpack.com\/fr\/wp-json\/wp\/v2\/types\/product"}],"replies":[{"embeddable":true,"href":"https:\/\/www.zkprintpack.com\/fr\/wp-json\/wp\/v2\/comments?post=2458"}],"wp:featuredmedia":[{"embeddable":true,"href":"https:\/\/www.zkprintpack.com\/fr\/wp-json\/wp\/v2\/media\/2459"}],"wp:attachment":[{"href":"https:\/\/www.zkprintpack.com\/fr\/wp-json\/wp\/v2\/media?parent=2458"}],"wp:term":[{"taxonomy":"market","embeddable":true,"href":"https:\/\/www.zkprintpack.com\/fr\/wp-json\/wp\/v2\/market?post=2458"},{"taxonomy":"product_brand","embeddable":true,"href":"https:\/\/www.zkprintpack.com\/fr\/wp-json\/wp\/v2\/product_brand?post=2458"},{"taxonomy":"product_cat","embeddable":true,"href":"https:\/\/www.zkprintpack.com\/fr\/wp-json\/wp\/v2\/product_cat?post=2458"},{"taxonomy":"product_tag","embeddable":true,"href":"https:\/\/www.zkprintpack.com\/fr\/wp-json\/wp\/v2\/product_tag?post=2458"}],"curies":[{"name":"wp","href":"https:\/\/api.w.org\/{rel}","templated":true}]}}