{"id":2456,"date":"2026-01-14T03:43:08","date_gmt":"2026-01-14T03:43:08","guid":{"rendered":"https:\/\/www.zkprintpack.com\/?post_type=product&#038;p=2456"},"modified":"2026-01-14T03:44:07","modified_gmt":"2026-01-14T03:44:07","slug":"custom-candy-packaging-roll-film","status":"publish","type":"product","link":"https:\/\/www.zkprintpack.com\/fr\/product\/custom-candy-packaging-roll-film\/","title":{"rendered":"Rouleau d'emballage de confiserie, Fabricant de film d'emballage de confiserie, Fourniture de rouleaux d'emballage de confiserie"},"content":{"rendered":"<div class=\"wp-block-columns is-layout-flex wp-container-core-columns-is-layout-9d6595d7 wp-block-columns-is-layout-flex\">\n<div class=\"wp-block-column is-layout-flow wp-block-column-is-layout-flow\">\n<h2 class=\"wp-block-heading\">Caract\u00e9ristiques du film en rouleau pour l'emballage des bonbons :<\/h2>\n\n\n\n<ul class=\"wp-block-list\">\n<li><strong>Am\u00e9lioration de l'efficacit\u00e9 de la production : <\/strong>La structure du film en rouleau continu s'adapte parfaitement aux lignes d'emballage automatis\u00e9es, ce qui \u00e9limine la n\u00e9cessit\u00e9 de changer fr\u00e9quemment de plaque ou d'ajuster l'\u00e9quipement. Les cycles de livraison des commandes sont consid\u00e9rablement r\u00e9duits, ce qui permet de g\u00e9rer en douceur les pics de commandes, m\u00eame pendant les p\u00e9riodes de pointe.<\/li>\n\n\n\n<li><strong>R\u00e9duction des co\u00fbts :<\/strong> Le film en rouleau utilise une conception de rouleau int\u00e9gr\u00e9e, ce qui \u00e9limine les d\u00e9chets lors de la d\u00e9coupe et permet d'atteindre un taux d'utilisation des mat\u00e9riaux allant jusqu'\u00e0 98%.<\/li>\n\n\n\n<li><strong>Protection maximale de la fra\u00eecheur :<\/strong> Prend en charge les processus composites multicouches (tels que feuille d'aluminium + PE, PET + film m\u00e9tallis\u00e9, etc.), offrant une quadruple protection contre l'humidit\u00e9, l'oxydation, la lumi\u00e8re et les perforations.<\/li>\n\n\n\n<li><strong>Support de personnalisation OEM\/ODM<\/strong>: Taille du sac personnalisable, position\/forme de la fen\u00eatre, conception de la structure du mat\u00e9riau, solutions d'impression pour l'emballage en gros de bonbons personnalis\u00e9s.<\/li>\n\n\n\n<li>En tant qu'entreprise sp\u00e9cialis\u00e9e dans la fabrication de sacs d'emballage pour bonbons, nous pouvons fournir une production directe en usine avec un processus de fabrication et d'impression raffin\u00e9. Nous pouvons ainsi fournir une base stable pour les commandes de gros volumes.<\/li>\n<\/ul>\n<\/div>\n\n\n\n<div class=\"wp-block-column is-layout-flow wp-block-column-is-layout-flow\">\n<figure class=\"wp-block-image size-full\"><img decoding=\"async\" width=\"800\" height=\"800\" src=\"https:\/\/www.zkprintpack.com\/wp-content\/uploads\/2026\/01\/custom-confectionery-rollstock-film-manufacturer.webp\" alt=\"fabricant de film en rouleau pour confiserie sur mesure\" class=\"wp-image-2457\" srcset=\"https:\/\/www.zkprintpack.com\/wp-content\/uploads\/2026\/01\/custom-confectionery-rollstock-film-manufacturer.webp 800w, https:\/\/www.zkprintpack.com\/wp-content\/uploads\/2026\/01\/custom-confectionery-rollstock-film-manufacturer-150x150.webp 150w, https:\/\/www.zkprintpack.com\/wp-content\/uploads\/2026\/01\/custom-confectionery-rollstock-film-manufacturer-768x768.webp 768w, https:\/\/www.zkprintpack.com\/wp-content\/uploads\/2026\/01\/custom-confectionery-rollstock-film-manufacturer-12x12.webp 12w, https:\/\/www.zkprintpack.com\/wp-content\/uploads\/2026\/01\/custom-confectionery-rollstock-film-manufacturer-600x600.webp 600w, https:\/\/www.zkprintpack.com\/wp-content\/uploads\/2026\/01\/custom-confectionery-rollstock-film-manufacturer-300x300.webp 300w, https:\/\/www.zkprintpack.com\/wp-content\/uploads\/2026\/01\/custom-confectionery-rollstock-film-manufacturer-100x100.webp 100w\" sizes=\"(max-width: 800px) 100vw, 800px\" \/><\/figure>\n<\/div>\n<\/div>\n\n\n\n<p><\/p>","protected":false},"excerpt":{"rendered":"<p>Le fabricant de rouleaux d'emballage de bonbons sur mesure fournit des rouleaux d'emballage \u00e0 un prix d'usine. Nos rouleaux d'emballage de bonbons sont dot\u00e9s de mat\u00e9riaux \u00e0 haute barri\u00e8re, de fen\u00eatres transparentes, d'une impression \u00e0 l'encre \u00e0 base d'eau et d'options OEM pour les marques de bonbons, les torr\u00e9facteurs et les acheteurs en gros.<\/p>\n<h2>Param\u00e8tres du film en rouleau pour l'emballage des bonbons<\/h2>\n<ul>\n<li><strong>Mat\u00e9riau :<\/strong>\u00a0PET\/PE, PET\/NY\/PE, PET\/AL\/NY\/PE, etc.<\/li>\n<li><strong>Type de sac<\/strong>: <a href=\"https:\/\/www.zkprintpack.com\/fr\/custom-rollstock-film\/\"><strong>Rollstock<\/strong><\/a><\/li>\n<li><strong>Taille<\/strong>: Sur mesure<\/li>\n<li><strong>Commande personnalis\u00e9e<\/strong>: Acceptation des OEM et ODM<\/li>\n<li><strong>\u00c9chantillon gratuit<\/strong>: Support<\/li>\n<li><strong>Utilisation<\/strong>: Snack, nourriture, bonbons et autres<\/li>\n<li><strong>Couleur<\/strong>: Peut \u00eatre personnalis\u00e9<\/li>\n<li><strong>March\u00e9s cibles<\/strong>: Partout dans le monde<\/li>\n<\/ul>","protected":false},"featured_media":2457,"comment_status":"closed","ping_status":"closed","template":"","meta":{"_acf_changed":false},"market":[60],"product_brand":[],"product_cat":[57],"product_tag":[],"class_list":{"0":"post-2456","1":"product","2":"type-product","3":"status-publish","4":"has-post-thumbnail","6":"market-confectionery-packaging-supplier","7":"product_cat-rollstock-film-supplier","9":"first","10":"instock","11":"shipping-taxable","12":"product-type-simple"},"acf":[],"_links":{"self":[{"href":"https:\/\/www.zkprintpack.com\/fr\/wp-json\/wp\/v2\/product\/2456","targetHints":{"allow":["GET"]}}],"collection":[{"href":"https:\/\/www.zkprintpack.com\/fr\/wp-json\/wp\/v2\/product"}],"about":[{"href":"https:\/\/www.zkprintpack.com\/fr\/wp-json\/wp\/v2\/types\/product"}],"replies":[{"embeddable":true,"href":"https:\/\/www.zkprintpack.com\/fr\/wp-json\/wp\/v2\/comments?post=2456"}],"wp:featuredmedia":[{"embeddable":true,"href":"https:\/\/www.zkprintpack.com\/fr\/wp-json\/wp\/v2\/media\/2457"}],"wp:attachment":[{"href":"https:\/\/www.zkprintpack.com\/fr\/wp-json\/wp\/v2\/media?parent=2456"}],"wp:term":[{"taxonomy":"market","embeddable":true,"href":"https:\/\/www.zkprintpack.com\/fr\/wp-json\/wp\/v2\/market?post=2456"},{"taxonomy":"product_brand","embeddable":true,"href":"https:\/\/www.zkprintpack.com\/fr\/wp-json\/wp\/v2\/product_brand?post=2456"},{"taxonomy":"product_cat","embeddable":true,"href":"https:\/\/www.zkprintpack.com\/fr\/wp-json\/wp\/v2\/product_cat?post=2456"},{"taxonomy":"product_tag","embeddable":true,"href":"https:\/\/www.zkprintpack.com\/fr\/wp-json\/wp\/v2\/product_tag?post=2456"}],"curies":[{"name":"wp","href":"https:\/\/api.w.org\/{rel}","templated":true}]}}