{"id":2454,"date":"2026-01-14T03:50:30","date_gmt":"2026-01-14T03:50:30","guid":{"rendered":"https:\/\/www.zkprintpack.com\/?post_type=product&#038;p=2454"},"modified":"2026-01-14T03:50:44","modified_gmt":"2026-01-14T03:50:44","slug":"bulk-snack-flat-pouch-packaging-supply","status":"publish","type":"product","link":"https:\/\/www.zkprintpack.com\/fr\/product\/bulk-snack-flat-pouch-packaging-supply\/","title":{"rendered":"Fournisseur de sachets plats pour snacks en vrac, sachets plats pour l'emballage de snacks \u00e0 base de cr\u00e8me glac\u00e9e"},"content":{"rendered":"<div class=\"wp-block-columns is-layout-flex wp-container-core-columns-is-layout-9d6595d7 wp-block-columns-is-layout-flex\">\n<div class=\"wp-block-column is-layout-flow wp-block-column-is-layout-flow\">\n<h2 class=\"wp-block-heading\">Snack Flat Pouches for Ice-Cream Caract\u00e9ristiques<\/h2>\n\n\n\n<ul class=\"wp-block-list\">\n<li><strong>Visuellement attrayant :<\/strong> La pochette plate du snack pr\u00e9sente une base jaune vif avec des sprinkles color\u00e9s, un c\u00f4ne de glace souriant et d'autres \u00e9l\u00e9ments de dessin anim\u00e9, cr\u00e9ant ainsi un style vivant et amusant qui attire rapidement l'attention des enfants et des jeunes adultes, se d\u00e9marquant facilement des produits similaires dans les rayons.<\/li>\n\n\n\n<li><strong>Fen\u00eatre transparente :<\/strong> Le sachet plat de l'en-cas glac\u00e9 comporte des d\u00e9coupes partiellement transparentes, permettant aux consommateurs de voir clairement l'\u00e9tat de l'en-cas \u00e0 l'int\u00e9rieur. Cela renforce la confiance gr\u00e2ce \u00e0 une pr\u00e9sentation \u201cce que vous voyez est ce que vous obtenez\u201d.<\/li>\n\n\n\n<li><strong>Technologie d'impression \u00e0 base d'encre \u00e0 base d'eau :<\/strong> Conforme aux r\u00e9glementations en mati\u00e8re d'environnement et de s\u00e9curit\u00e9 alimentaire. Garantit une impression claire des d\u00e9tails et \u00e9vite le risque de solvants. Convient aux marques de snacks soucieuses de l'environnement.<\/li>\n\n\n\n<li><strong>Support de personnalisation OEM\/ODM<\/strong>: Taille du sac personnalisable, position\/forme de la fen\u00eatre, conception de la structure du mat\u00e9riau, solutions d'impression pour les sachets de snacks personnalis\u00e9s en gros.<\/li>\n\n\n\n<li>En tant qu'entreprise sp\u00e9cialis\u00e9e dans la fabrication de sacs d'emballage pour snacks, nous pouvons fournir une production directe en usine avec un processus de fabrication et d'impression raffin\u00e9. Nous pouvons ainsi fournir une base stable pour les commandes de gros volumes.<\/li>\n<\/ul>\n<\/div>\n\n\n\n<div class=\"wp-block-column is-layout-flow wp-block-column-is-layout-flow\">\n<figure class=\"wp-block-image size-full\"><img decoding=\"async\" width=\"800\" height=\"800\" src=\"https:\/\/www.zkprintpack.com\/wp-content\/uploads\/2026\/01\/bulk-flat-pouch-supplier-flexible-packaging-for-ice-cream-snacks.webp\" alt=\"fournisseur de sachets plats pour snacks en vrac, emballages flexibles pour snacks glac\u00e9s\" class=\"wp-image-2455\" srcset=\"https:\/\/www.zkprintpack.com\/wp-content\/uploads\/2026\/01\/bulk-flat-pouch-supplier-flexible-packaging-for-ice-cream-snacks.webp 800w, https:\/\/www.zkprintpack.com\/wp-content\/uploads\/2026\/01\/bulk-flat-pouch-supplier-flexible-packaging-for-ice-cream-snacks-150x150.webp 150w, https:\/\/www.zkprintpack.com\/wp-content\/uploads\/2026\/01\/bulk-flat-pouch-supplier-flexible-packaging-for-ice-cream-snacks-768x768.webp 768w, https:\/\/www.zkprintpack.com\/wp-content\/uploads\/2026\/01\/bulk-flat-pouch-supplier-flexible-packaging-for-ice-cream-snacks-12x12.webp 12w, https:\/\/www.zkprintpack.com\/wp-content\/uploads\/2026\/01\/bulk-flat-pouch-supplier-flexible-packaging-for-ice-cream-snacks-600x600.webp 600w, https:\/\/www.zkprintpack.com\/wp-content\/uploads\/2026\/01\/bulk-flat-pouch-supplier-flexible-packaging-for-ice-cream-snacks-300x300.webp 300w, https:\/\/www.zkprintpack.com\/wp-content\/uploads\/2026\/01\/bulk-flat-pouch-supplier-flexible-packaging-for-ice-cream-snacks-100x100.webp 100w\" sizes=\"(max-width: 800px) 100vw, 800px\" \/><\/figure>\n<\/div>\n<\/div>","protected":false},"excerpt":{"rendered":"<p>Pochette plate pour snack de cr\u00e8me glac\u00e9e en vrac, prix d'usine. Nos sachets plats pour snacks sont dot\u00e9s de mat\u00e9riaux \u00e0 haute barri\u00e8re, de fen\u00eatres transparentes, d'une impression \u00e0 l'encre \u00e0 base d'eau et d'options OEM pour les marques de snacks, les torr\u00e9facteurs et les acheteurs en vrac.<\/p>\n<h2>Param\u00e8tres de la pochette plate personnalis\u00e9e pour snacks<\/h2>\n<ul>\n<li><strong>Mat\u00e9riau :<\/strong>\u00a0PET\/PE, PET\/NY\/PE, PET\/AL\/NY\/PE, etc.<\/li>\n<li><strong>Type de sac<\/strong>: <strong>Pochettes plates<\/strong><\/li>\n<li><strong>Taille<\/strong>: Sur mesure<\/li>\n<li><strong>Commande personnalis\u00e9e<\/strong>: Acceptation des OEM et ODM<\/li>\n<li><strong>\u00c9chantillon gratuit<\/strong>: Support<\/li>\n<li><strong>Utilisation<\/strong>: Snack, nourriture et autres<\/li>\n<li><strong>Couleur<\/strong>: Peut \u00eatre personnalis\u00e9<\/li>\n<li><strong>March\u00e9s cibles<\/strong>: Partout dans le monde<\/li>\n<\/ul>","protected":false},"featured_media":2455,"comment_status":"closed","ping_status":"closed","template":"","meta":{"_acf_changed":false},"market":[],"product_brand":[],"product_cat":[67],"product_tag":[],"class_list":{"0":"post-2454","1":"product","2":"type-product","3":"status-publish","4":"has-post-thumbnail","6":"product_cat-custom-flat-pouch","8":"first","9":"instock","10":"shipping-taxable","11":"product-type-simple"},"acf":[],"_links":{"self":[{"href":"https:\/\/www.zkprintpack.com\/fr\/wp-json\/wp\/v2\/product\/2454","targetHints":{"allow":["GET"]}}],"collection":[{"href":"https:\/\/www.zkprintpack.com\/fr\/wp-json\/wp\/v2\/product"}],"about":[{"href":"https:\/\/www.zkprintpack.com\/fr\/wp-json\/wp\/v2\/types\/product"}],"replies":[{"embeddable":true,"href":"https:\/\/www.zkprintpack.com\/fr\/wp-json\/wp\/v2\/comments?post=2454"}],"wp:featuredmedia":[{"embeddable":true,"href":"https:\/\/www.zkprintpack.com\/fr\/wp-json\/wp\/v2\/media\/2455"}],"wp:attachment":[{"href":"https:\/\/www.zkprintpack.com\/fr\/wp-json\/wp\/v2\/media?parent=2454"}],"wp:term":[{"taxonomy":"market","embeddable":true,"href":"https:\/\/www.zkprintpack.com\/fr\/wp-json\/wp\/v2\/market?post=2454"},{"taxonomy":"product_brand","embeddable":true,"href":"https:\/\/www.zkprintpack.com\/fr\/wp-json\/wp\/v2\/product_brand?post=2454"},{"taxonomy":"product_cat","embeddable":true,"href":"https:\/\/www.zkprintpack.com\/fr\/wp-json\/wp\/v2\/product_cat?post=2454"},{"taxonomy":"product_tag","embeddable":true,"href":"https:\/\/www.zkprintpack.com\/fr\/wp-json\/wp\/v2\/product_tag?post=2454"}],"curies":[{"name":"wp","href":"https:\/\/api.w.org\/{rel}","templated":true}]}}