{"id":2411,"date":"2025-12-19T07:23:00","date_gmt":"2025-12-19T07:23:00","guid":{"rendered":"https:\/\/www.zkprintpack.com\/?post_type=product&#038;p=2411"},"modified":"2025-12-19T07:41:32","modified_gmt":"2025-12-19T07:41:32","slug":"custom-coffee-pouches-wholesale","status":"publish","type":"product","link":"https:\/\/www.zkprintpack.com\/fr\/product\/custom-coffee-pouches-wholesale\/","title":{"rendered":"Sacs \u00e0 caf\u00e9 personnalis\u00e9s Wholesale, Stand Up Coffee Powder Pacging Bags Manufacturer"},"content":{"rendered":"<div class=\"wp-block-columns is-layout-flex wp-container-core-columns-is-layout-9d6595d7 wp-block-columns-is-layout-flex\">\n<div class=\"wp-block-column is-layout-flow wp-block-column-is-layout-flow\">\n<h2 class=\"wp-block-heading\">Pochettes \u00e0 caf\u00e9 personnalis\u00e9es Caract\u00e9ristiques :<\/h2>\n\n\n\n<ul class=\"wp-block-list\">\n<li><strong>Conception de pochettes \u00e0 fond plat<\/strong>: Optimise la stabilit\u00e9 de la structure de l'emballage gr\u00e2ce \u00e0 une fen\u00eatre transparente qui permet d'observer directement la texture et la fra\u00eecheur des grains de caf\u00e9. Cet impact renforce la confiance du consommateur sur le lieu d'achat et r\u00e9pond aux exigences de pr\u00e9sentation et de fonctionnalit\u00e9 des sachets de caf\u00e9 personnalis\u00e9s en gros.<\/li>\n\n\n\n<li><strong>Mat\u00e9riaux composites \u00e0 haute barri\u00e8re :<\/strong> Fonctionnent efficacement en prot\u00e9geant contre l'oxyg\u00e8ne, l'humidit\u00e9 et les odeurs en trouvant un \u00e9quilibre dans les taux de performance entre le composant transparent de la fen\u00eatre et le reste du mat\u00e9riau.<\/li>\n\n\n\n<li><strong>Technologie d'impression \u00e0 base d'encre \u00e0 base d'eau :<\/strong> Conforme aux r\u00e9glementations en mati\u00e8re d'environnement et de s\u00e9curit\u00e9 alimentaire. Garantit une impression nette des d\u00e9tails et \u00e9vite le risque de solvants. Convient aux marques de caf\u00e9 soucieuses de l'environnement.<\/li>\n\n\n\n<li><strong>Support de personnalisation OEM\/ODM<\/strong>: Taille du sac personnalisable, position\/forme de la fen\u00eatre, conception de la structure du mat\u00e9riau, solutions d'impression pour les sachets de caf\u00e9 personnalis\u00e9s en gros.<\/li>\n\n\n\n<li><strong>Conception solide mais l\u00e9g\u00e8re :<\/strong> Cette caract\u00e9ristique offre une r\u00e9sistance et une r\u00e9silience \u00e9tanches tout en minimisant les co\u00fbts d'exp\u00e9dition et de stockage, ce qui favorise l'exportation et l'achat de produits en vrac.<\/li>\n\n\n\n<li>En tant qu'entreprise sp\u00e9cialis\u00e9e dans la fabrication de sacs d'emballage pour le caf\u00e9 en poudre, nous pouvons fournir une production directe en usine avec un processus de fabrication et d'impression raffin\u00e9. Nous pouvons ainsi fournir une base stable pour les commandes de gros volumes.<\/li>\n<\/ul>\n<\/div>\n\n\n\n<div class=\"wp-block-column is-layout-flow wp-block-column-is-layout-flow\">\n<figure class=\"wp-block-image size-full\"><img decoding=\"async\" width=\"800\" height=\"800\" src=\"https:\/\/www.zkprintpack.com\/wp-content\/uploads\/2025\/12\/custom-coffee-pouches-wholesale-manufacturer-zhongjia-packaging-2.webp\" alt=\"sachets de caf\u00e9 personnalis\u00e9s fabricant grossiste - zhongjia packaging (2)\" class=\"wp-image-2413\" srcset=\"https:\/\/www.zkprintpack.com\/wp-content\/uploads\/2025\/12\/custom-coffee-pouches-wholesale-manufacturer-zhongjia-packaging-2.webp 800w, https:\/\/www.zkprintpack.com\/wp-content\/uploads\/2025\/12\/custom-coffee-pouches-wholesale-manufacturer-zhongjia-packaging-2-150x150.webp 150w, https:\/\/www.zkprintpack.com\/wp-content\/uploads\/2025\/12\/custom-coffee-pouches-wholesale-manufacturer-zhongjia-packaging-2-768x768.webp 768w, https:\/\/www.zkprintpack.com\/wp-content\/uploads\/2025\/12\/custom-coffee-pouches-wholesale-manufacturer-zhongjia-packaging-2-12x12.webp 12w, https:\/\/www.zkprintpack.com\/wp-content\/uploads\/2025\/12\/custom-coffee-pouches-wholesale-manufacturer-zhongjia-packaging-2-600x600.webp 600w, https:\/\/www.zkprintpack.com\/wp-content\/uploads\/2025\/12\/custom-coffee-pouches-wholesale-manufacturer-zhongjia-packaging-2-300x300.webp 300w, https:\/\/www.zkprintpack.com\/wp-content\/uploads\/2025\/12\/custom-coffee-pouches-wholesale-manufacturer-zhongjia-packaging-2-100x100.webp 100w\" sizes=\"(max-width: 800px) 100vw, 800px\" \/><\/figure>\n<\/div>\n<\/div>","protected":false},"excerpt":{"rendered":"<p>Bienvenue sur le site d'un fabricant professionnel de sacs d'emballage pour caf\u00e9 en poudre, qui propose des solutions de vente en gros de sachets de caf\u00e9 personnalis\u00e9s. Nos sachets de caf\u00e9 debout sont dot\u00e9s de mat\u00e9riaux \u00e0 haute barri\u00e8re, de fen\u00eatres transparentes, d'une impression \u00e0 l'encre \u00e0 base d'eau et d'options OEM pour les marques de caf\u00e9, les torr\u00e9facteurs et les acheteurs en gros.<\/p>\n<h2>Param\u00e8tres des sachets de caf\u00e9 sur mesure<\/h2>\n<ul>\n<li><strong>Mat\u00e9riau :<\/strong>\u00a0PET\/PE, PET\/NY\/PE, PET\/AL\/NY\/PE, etc.<\/li>\n<li><strong>Type de sac<\/strong>: <a href=\"https:\/\/www.zkprintpack.com\/fr\/custom-stand-up-pouch\/\"><strong>Pochette Stand Up<\/strong><\/a><\/li>\n<li><strong>Taille<\/strong>: Sur mesure<\/li>\n<li><strong>Commande personnalis\u00e9e<\/strong>: Acceptation des OEM et ODM<\/li>\n<li><strong>\u00c9chantillon gratuit<\/strong>: Support<\/li>\n<li><strong>Utilisation<\/strong>Les produits d'entretien : lubrifiants, fluides d'entretien automobile, nettoyants, produits chimiques industriels, adjuvants agricoles, et autres.<\/li>\n<li><strong>Couleur<\/strong>: Peut \u00eatre personnalis\u00e9<\/li>\n<li><strong>March\u00e9s cibles<\/strong>: Partout dans le monde<\/li>\n<\/ul>","protected":false},"featured_media":2413,"comment_status":"closed","ping_status":"closed","template":"","meta":{"_acf_changed":false},"market":[],"product_brand":[],"product_cat":[50],"product_tag":[],"class_list":{"0":"post-2411","1":"product","2":"type-product","3":"status-publish","4":"has-post-thumbnail","6":"product_cat-stand-up-pouches-wholesale","8":"first","9":"instock","10":"shipping-taxable","11":"product-type-simple"},"acf":[],"_links":{"self":[{"href":"https:\/\/www.zkprintpack.com\/fr\/wp-json\/wp\/v2\/product\/2411","targetHints":{"allow":["GET"]}}],"collection":[{"href":"https:\/\/www.zkprintpack.com\/fr\/wp-json\/wp\/v2\/product"}],"about":[{"href":"https:\/\/www.zkprintpack.com\/fr\/wp-json\/wp\/v2\/types\/product"}],"replies":[{"embeddable":true,"href":"https:\/\/www.zkprintpack.com\/fr\/wp-json\/wp\/v2\/comments?post=2411"}],"wp:featuredmedia":[{"embeddable":true,"href":"https:\/\/www.zkprintpack.com\/fr\/wp-json\/wp\/v2\/media\/2413"}],"wp:attachment":[{"href":"https:\/\/www.zkprintpack.com\/fr\/wp-json\/wp\/v2\/media?parent=2411"}],"wp:term":[{"taxonomy":"market","embeddable":true,"href":"https:\/\/www.zkprintpack.com\/fr\/wp-json\/wp\/v2\/market?post=2411"},{"taxonomy":"product_brand","embeddable":true,"href":"https:\/\/www.zkprintpack.com\/fr\/wp-json\/wp\/v2\/product_brand?post=2411"},{"taxonomy":"product_cat","embeddable":true,"href":"https:\/\/www.zkprintpack.com\/fr\/wp-json\/wp\/v2\/product_cat?post=2411"},{"taxonomy":"product_tag","embeddable":true,"href":"https:\/\/www.zkprintpack.com\/fr\/wp-json\/wp\/v2\/product_tag?post=2411"}],"curies":[{"name":"wp","href":"https:\/\/api.w.org\/{rel}","templated":true}]}}