{"id":2408,"date":"2025-12-19T07:05:59","date_gmt":"2025-12-19T07:05:59","guid":{"rendered":"https:\/\/www.zkprintpack.com\/?post_type=product&#038;p=2408"},"modified":"2025-12-19T07:21:09","modified_gmt":"2025-12-19T07:21:09","slug":"eco-friendly-stand-up-pouches-wholesale","status":"publish","type":"product","link":"https:\/\/www.zkprintpack.com\/fr\/product\/eco-friendly-stand-up-pouches-wholesale\/","title":{"rendered":"Sacs d'emballage alimentaire sans BPA, Fabricant de sacs d'emballage alimentaire sans BPA, Fabricant de sacs d'emballage alimentaire sans BPA"},"content":{"rendered":"<div class=\"wp-block-columns is-layout-flex wp-container-core-columns-is-layout-9d6595d7 wp-block-columns-is-layout-flex\">\n<div class=\"wp-block-column is-layout-flow wp-block-column-is-layout-flow\">\n<h2 class=\"wp-block-heading\">Eco Friendly Stand Up Pouches Wholesale Caract\u00e9ristiques :<\/h2>\n\n\n\n<ul class=\"wp-block-list\">\n<li><strong>Structure en mat\u00e9riau composite recyclable ou respectueux de l'environnement : <\/strong>Il r\u00e9pond \u00e0 la norme de s\u00e9curit\u00e9 relative au contact alimentaire et offre un bon \u00e9quilibre entre performance et durabilit\u00e9 en satisfaisant aux exigences essentielles en mati\u00e8re d'emballage \u00e9cologique dans les sachets \u00e0 fond plat en gros.<\/li>\n\n\n\n<li><strong>La pochette est con\u00e7ue selon une structure \"stand-up\" :<\/strong> Fournit un support stable pour une excellente pr\u00e9sentation dans les rayons des magasins et les vitrines de commerce \u00e9lectronique, am\u00e9liorant ainsi la visibilit\u00e9 du produit et l'image de la marque.<\/li>\n\n\n\n<li><strong>Prise en charge de la production personnalis\u00e9e :<\/strong> La composition du mat\u00e9riau, les propri\u00e9t\u00e9s de barri\u00e8re et les dimensions du sachet peuvent \u00eatre sp\u00e9cialement adapt\u00e9es aux diff\u00e9rents types d'aliments, constituant ainsi une solution flexible et personnalis\u00e9e pour la vente en gros de produits alimentaires, synchronis\u00e9e avec le positionnement de la marque.<\/li>\n\n\n\n<li><strong>Fabriqu\u00e9 \u00e0 partir de mat\u00e9riaux de qualit\u00e9 alimentaire sans BPA<\/strong>. Il offre une excellente r\u00e9sistance \u00e0 l'humidit\u00e9, \u00e0 l'oxyg\u00e8ne et aux odeurs et peut \u00eatre utilis\u00e9 pour l'emballage de produits secs, de snacks, de c\u00e9r\u00e9ales, de noix et d'aliments pr\u00eats \u00e0 consommer.<\/li>\n\n\n\n<li><strong>Mod\u00e8le d'approvisionnement direct : <\/strong>Il garantit une capacit\u00e9 de production stable et un contr\u00f4le de qualit\u00e9 coh\u00e9rent, adapt\u00e9s aux commandes de gros volumes. Des avantages en termes de co\u00fbts et de d\u00e9lais sont offerts pour les projets de vente en gros de sachets tenant debout respectueux de l'environnement.<\/li>\n\n\n\n<li><strong>Pochette l\u00e9g\u00e8re incassable :<\/strong> Il pr\u00e9serve l'int\u00e9grit\u00e9 structurelle et la r\u00e9sistance des joints, et r\u00e9duit les co\u00fbts de transport et de stockage. Il convient aux exportations transfrontali\u00e8res et aux canaux de distribution en gros.<\/li>\n<\/ul>\n<\/div>\n\n\n\n<div class=\"wp-block-column is-layout-flow wp-block-column-is-layout-flow\">\n<figure class=\"wp-block-image size-full\"><img decoding=\"async\" width=\"800\" height=\"800\" src=\"https:\/\/www.zkprintpack.com\/wp-content\/uploads\/2025\/09\/custom-stand-up-pouch-bag.webp\" alt=\"sac \u00e0 dos personnalis\u00e9\" class=\"wp-image-1882\" srcset=\"https:\/\/www.zkprintpack.com\/wp-content\/uploads\/2025\/09\/custom-stand-up-pouch-bag.webp 800w, https:\/\/www.zkprintpack.com\/wp-content\/uploads\/2025\/09\/custom-stand-up-pouch-bag-150x150.webp 150w, https:\/\/www.zkprintpack.com\/wp-content\/uploads\/2025\/09\/custom-stand-up-pouch-bag-768x768.webp 768w, https:\/\/www.zkprintpack.com\/wp-content\/uploads\/2025\/09\/custom-stand-up-pouch-bag-12x12.webp 12w, https:\/\/www.zkprintpack.com\/wp-content\/uploads\/2025\/09\/custom-stand-up-pouch-bag-600x600.webp 600w, https:\/\/www.zkprintpack.com\/wp-content\/uploads\/2025\/09\/custom-stand-up-pouch-bag-300x300.webp 300w, https:\/\/www.zkprintpack.com\/wp-content\/uploads\/2025\/09\/custom-stand-up-pouch-bag-100x100.webp 100w\" sizes=\"(max-width: 800px) 100vw, 800px\" \/><\/figure>\n<\/div>\n<\/div>","protected":false},"excerpt":{"rendered":"<p>Bienvenue sur le site d'un fabricant professionnel de sacs d'emballage alimentaire sans BPA qui propose des solutions de vente en gros de sachets \u00e0 fond plat \u00e9cologiques. Nos sachets utilisent des mat\u00e9riaux durables, peuvent \u00eatre imprim\u00e9s sur mesure et sont id\u00e9aux pour les marques de produits alimentaires en vrac, les d\u00e9taillants et les distributeurs \u00e0 la recherche d'un emballage respectueux de l'environnement.<\/p>\n<h2>Param\u00e8tres des sachets \u00e0 fond plat \u00e9cologiques<\/h2>\n<ul>\n<li><strong>Mat\u00e9riau :<\/strong>\u00a0PET\/PE, PET\/NY\/PE, PET\/AL\/NY\/PE, etc.<\/li>\n<li><strong>Type de sac<\/strong>: <a href=\"https:\/\/www.zkprintpack.com\/fr\/custom-stand-up-pouch\/\"><strong>Pochette Stand Up<\/strong><\/a><\/li>\n<li><strong>Taille<\/strong>: Sur mesure<\/li>\n<li><strong>Commande personnalis\u00e9e<\/strong>: Acceptation des OEM et ODM<\/li>\n<li><strong>\u00c9chantillon gratuit<\/strong>: Support<\/li>\n<li><strong>Utilisation<\/strong>Les produits d'entretien : lubrifiants, fluides d'entretien automobile, nettoyants, produits chimiques industriels, adjuvants agricoles, et autres.<\/li>\n<li><strong>Couleur<\/strong>: Peut \u00eatre personnalis\u00e9<\/li>\n<li><strong>March\u00e9s cibles<\/strong>: Partout dans le monde<\/li>\n<\/ul>","protected":false},"featured_media":2409,"comment_status":"closed","ping_status":"closed","template":"","meta":{"_acf_changed":false},"market":[],"product_brand":[],"product_cat":[50],"product_tag":[],"class_list":{"0":"post-2408","1":"product","2":"type-product","3":"status-publish","4":"has-post-thumbnail","6":"product_cat-stand-up-pouches-wholesale","8":"first","9":"instock","10":"shipping-taxable","11":"product-type-simple"},"acf":[],"_links":{"self":[{"href":"https:\/\/www.zkprintpack.com\/fr\/wp-json\/wp\/v2\/product\/2408","targetHints":{"allow":["GET"]}}],"collection":[{"href":"https:\/\/www.zkprintpack.com\/fr\/wp-json\/wp\/v2\/product"}],"about":[{"href":"https:\/\/www.zkprintpack.com\/fr\/wp-json\/wp\/v2\/types\/product"}],"replies":[{"embeddable":true,"href":"https:\/\/www.zkprintpack.com\/fr\/wp-json\/wp\/v2\/comments?post=2408"}],"wp:featuredmedia":[{"embeddable":true,"href":"https:\/\/www.zkprintpack.com\/fr\/wp-json\/wp\/v2\/media\/2409"}],"wp:attachment":[{"href":"https:\/\/www.zkprintpack.com\/fr\/wp-json\/wp\/v2\/media?parent=2408"}],"wp:term":[{"taxonomy":"market","embeddable":true,"href":"https:\/\/www.zkprintpack.com\/fr\/wp-json\/wp\/v2\/market?post=2408"},{"taxonomy":"product_brand","embeddable":true,"href":"https:\/\/www.zkprintpack.com\/fr\/wp-json\/wp\/v2\/product_brand?post=2408"},{"taxonomy":"product_cat","embeddable":true,"href":"https:\/\/www.zkprintpack.com\/fr\/wp-json\/wp\/v2\/product_cat?post=2408"},{"taxonomy":"product_tag","embeddable":true,"href":"https:\/\/www.zkprintpack.com\/fr\/wp-json\/wp\/v2\/product_tag?post=2408"}],"curies":[{"name":"wp","href":"https:\/\/api.w.org\/{rel}","templated":true}]}}